{"id":325,"date":"2025-04-23T15:28:36","date_gmt":"2025-04-23T18:28:36","guid":{"rendered":"https:\/\/sites.uel.br\/lephe\/?page_id=325"},"modified":"2025-11-27T18:58:26","modified_gmt":"2025-11-27T21:58:26","slug":"fotografias-sedu","status":"publish","type":"page","link":"https:\/\/sites.uel.br\/lephe\/fotografias-sedu\/","title":{"rendered":"Fotografias SEDU"},"content":{"rendered":"\n<h2 class=\"wp-block-heading\">XX Semana da Educa\u00e7\u00e3o &#8211; III Congresso internacional e 30 anos do programa de p\u00f3s-gradua\u00e7\u00e3o em Educa\u00e7\u00e3o (2024)<\/h2>\n\n\n\n<h2 class=\"wp-block-heading\">XIX Semana da Educa\u00e7\u00e3o &#8211; II Congresso internacional (2022)<\/h2>\n\n\n\n<h2 class=\"wp-block-heading\">XVIII Semana da Educa\u00e7\u00e3o &#8211; I Congresso Internacional de Educa\u00e7\u00e3o (2019)<\/h2>\n\n\n\n<div class=\"wp-block-group is-layout-grid wp-container-core-group-is-layout-9649a0d9 wp-block-group-is-layout-grid\">\n<figure class=\"wp-block-image size-full\"><img loading=\"lazy\" decoding=\"async\" width=\"817\" height=\"613\" src=\"https:\/\/sites.uel.br\/lephe\/wp-content\/uploads\/2025\/11\/1000457735-edited.jpg\" alt=\"\" class=\"wp-image-597\" srcset=\"https:\/\/sites.uel.br\/lephe\/wp-content\/uploads\/2025\/11\/1000457735-edited.jpg 817w, https:\/\/sites.uel.br\/lephe\/wp-content\/uploads\/2025\/11\/1000457735-edited-300x225.jpg 300w, https:\/\/sites.uel.br\/lephe\/wp-content\/uploads\/2025\/11\/1000457735-edited-768x576.jpg 768w\" sizes=\"auto, (max-width: 817px) 100vw, 817px\" \/><\/figure>\n\n\n\n<figure class=\"wp-block-image size-large\"><img loading=\"lazy\" decoding=\"async\" width=\"1024\" height=\"768\" src=\"https:\/\/sites.uel.br\/lephe\/wp-content\/uploads\/2025\/11\/1000457736-1024x768.jpg\" alt=\"\" class=\"wp-image-596\" srcset=\"https:\/\/sites.uel.br\/lephe\/wp-content\/uploads\/2025\/11\/1000457736-1024x768.jpg 1024w, https:\/\/sites.uel.br\/lephe\/wp-content\/uploads\/2025\/11\/1000457736-300x225.jpg 300w, https:\/\/sites.uel.br\/lephe\/wp-content\/uploads\/2025\/11\/1000457736-768x576.jpg 768w, https:\/\/sites.uel.br\/lephe\/wp-content\/uploads\/2025\/11\/1000457736-1536x1152.jpg 1536w, https:\/\/sites.uel.br\/lephe\/wp-content\/uploads\/2025\/11\/1000457736.jpg 1600w\" sizes=\"auto, (max-width: 1024px) 100vw, 1024px\" \/><\/figure>\n\n\n\n<figure class=\"wp-block-image size-large\"><img loading=\"lazy\" decoding=\"async\" width=\"1024\" height=\"768\" src=\"https:\/\/sites.uel.br\/lephe\/wp-content\/uploads\/2025\/11\/1000457737-1024x768.jpg\" alt=\"\" class=\"wp-image-595\" srcset=\"https:\/\/sites.uel.br\/lephe\/wp-content\/uploads\/2025\/11\/1000457737-1024x768.jpg 1024w, https:\/\/sites.uel.br\/lephe\/wp-content\/uploads\/2025\/11\/1000457737-300x225.jpg 300w, https:\/\/sites.uel.br\/lephe\/wp-content\/uploads\/2025\/11\/1000457737-768x576.jpg 768w, https:\/\/sites.uel.br\/lephe\/wp-content\/uploads\/2025\/11\/1000457737-1536x1152.jpg 1536w, https:\/\/sites.uel.br\/lephe\/wp-content\/uploads\/2025\/11\/1000457737.jpg 1600w\" sizes=\"auto, (max-width: 1024px) 100vw, 1024px\" \/><\/figure>\n<\/div>\n\n\n\n<h2 class=\"wp-block-heading\">XVII Semana da Educa\u00e7\u00e3o \u2013 Educa\u00e7\u00e3o e Dilemas Contempor\u00e2neos (2017)<\/h2>\n\n\n\n<div class=\"wp-block-group is-layout-grid wp-container-core-group-is-layout-9649a0d9 wp-block-group-is-layout-grid\">\n<figure class=\"wp-block-image size-full\"><img loading=\"lazy\" decoding=\"async\" width=\"960\" height=\"720\" src=\"https:\/\/sites.uel.br\/lephe\/wp-content\/uploads\/2025\/08\/SEDU-2017-2.jpg\" alt=\"\" class=\"wp-image-464\" srcset=\"https:\/\/sites.uel.br\/lephe\/wp-content\/uploads\/2025\/08\/SEDU-2017-2.jpg 960w, https:\/\/sites.uel.br\/lephe\/wp-content\/uploads\/2025\/08\/SEDU-2017-2-300x225.jpg 300w, https:\/\/sites.uel.br\/lephe\/wp-content\/uploads\/2025\/08\/SEDU-2017-2-768x576.jpg 768w\" sizes=\"auto, (max-width: 960px) 100vw, 960px\" \/><\/figure>\n\n\n\n<figure class=\"wp-block-image size-full wp-container-content-69bc4bdf\"><img loading=\"lazy\" decoding=\"async\" width=\"853\" height=\"640\" src=\"https:\/\/sites.uel.br\/lephe\/wp-content\/uploads\/2025\/11\/SEDU-2017-4-edited.jpg\" alt=\"\" class=\"wp-image-564\" srcset=\"https:\/\/sites.uel.br\/lephe\/wp-content\/uploads\/2025\/11\/SEDU-2017-4-edited.jpg 853w, https:\/\/sites.uel.br\/lephe\/wp-content\/uploads\/2025\/11\/SEDU-2017-4-edited-300x225.jpg 300w, https:\/\/sites.uel.br\/lephe\/wp-content\/uploads\/2025\/11\/SEDU-2017-4-edited-768x576.jpg 768w\" sizes=\"auto, (max-width: 853px) 100vw, 853px\" \/><\/figure>\n\n\n\n<figure class=\"wp-block-image size-large\"><img loading=\"lazy\" decoding=\"async\" width=\"1428\" height=\"1070\" src=\"https:\/\/sites.uel.br\/lephe\/wp-content\/uploads\/2025\/11\/Imagem-do-WhatsApp-de-2025-04-09-as-15.57.34_a5d500ad-edited.jpg\" alt=\"\" class=\"wp-image-565\" srcset=\"https:\/\/sites.uel.br\/lephe\/wp-content\/uploads\/2025\/11\/Imagem-do-WhatsApp-de-2025-04-09-as-15.57.34_a5d500ad-edited.jpg 1428w, https:\/\/sites.uel.br\/lephe\/wp-content\/uploads\/2025\/11\/Imagem-do-WhatsApp-de-2025-04-09-as-15.57.34_a5d500ad-edited-300x225.jpg 300w, https:\/\/sites.uel.br\/lephe\/wp-content\/uploads\/2025\/11\/Imagem-do-WhatsApp-de-2025-04-09-as-15.57.34_a5d500ad-edited-1024x767.jpg 1024w, https:\/\/sites.uel.br\/lephe\/wp-content\/uploads\/2025\/11\/Imagem-do-WhatsApp-de-2025-04-09-as-15.57.34_a5d500ad-edited-768x575.jpg 768w\" sizes=\"auto, (max-width: 1428px) 100vw, 1428px\" \/><\/figure>\n\n\n\n<figure class=\"wp-block-image size-full\"><img loading=\"lazy\" decoding=\"async\" width=\"817\" height=\"613\" src=\"https:\/\/sites.uel.br\/lephe\/wp-content\/uploads\/2025\/11\/23231247_797181140454946_829493932357296363_n-edited.jpg\" alt=\"\" class=\"wp-image-566\" srcset=\"https:\/\/sites.uel.br\/lephe\/wp-content\/uploads\/2025\/11\/23231247_797181140454946_829493932357296363_n-edited.jpg 817w, https:\/\/sites.uel.br\/lephe\/wp-content\/uploads\/2025\/11\/23231247_797181140454946_829493932357296363_n-edited-300x225.jpg 300w, https:\/\/sites.uel.br\/lephe\/wp-content\/uploads\/2025\/11\/23231247_797181140454946_829493932357296363_n-edited-768x576.jpg 768w\" sizes=\"auto, (max-width: 817px) 100vw, 817px\" \/><\/figure>\n<\/div>\n\n\n\n<p><\/p>\n\n\n\n<h2 class=\"wp-block-heading\">XVI Semana da Educa\u00e7\u00e3o &#8211; Desafios atuais para a Educa\u00e7\u00e3o (2015)<\/h2>\n\n\n\n<div class=\"wp-block-group is-layout-grid wp-container-core-group-is-layout-9649a0d9 wp-block-group-is-layout-grid\">\n<figure class=\"wp-block-image size-full\"><img loading=\"lazy\" decoding=\"async\" width=\"569\" height=\"427\" src=\"https:\/\/sites.uel.br\/lephe\/wp-content\/uploads\/2025\/11\/SEDU2015-edited.jpg\" alt=\"\" class=\"wp-image-580\" srcset=\"https:\/\/sites.uel.br\/lephe\/wp-content\/uploads\/2025\/11\/SEDU2015-edited.jpg 569w, https:\/\/sites.uel.br\/lephe\/wp-content\/uploads\/2025\/11\/SEDU2015-edited-300x225.jpg 300w\" sizes=\"auto, (max-width: 569px) 100vw, 569px\" \/><\/figure>\n\n\n\n<figure class=\"wp-block-image size-full\"><img loading=\"lazy\" decoding=\"async\" width=\"572\" height=\"429\" src=\"https:\/\/sites.uel.br\/lephe\/wp-content\/uploads\/2025\/11\/SEDU-2015-edited.jpg\" alt=\"\" class=\"wp-image-581\" srcset=\"https:\/\/sites.uel.br\/lephe\/wp-content\/uploads\/2025\/11\/SEDU-2015-edited.jpg 572w, https:\/\/sites.uel.br\/lephe\/wp-content\/uploads\/2025\/11\/SEDU-2015-edited-300x225.jpg 300w\" sizes=\"auto, (max-width: 572px) 100vw, 572px\" \/><\/figure>\n\n\n\n<figure class=\"wp-block-image size-large\"><img loading=\"lazy\" decoding=\"async\" width=\"1024\" height=\"768\" src=\"https:\/\/sites.uel.br\/lephe\/wp-content\/uploads\/2025\/08\/20151020_202030-1024x768.jpg\" alt=\"\" class=\"wp-image-460\" srcset=\"https:\/\/sites.uel.br\/lephe\/wp-content\/uploads\/2025\/08\/20151020_202030-1024x768.jpg 1024w, https:\/\/sites.uel.br\/lephe\/wp-content\/uploads\/2025\/08\/20151020_202030-300x225.jpg 300w, https:\/\/sites.uel.br\/lephe\/wp-content\/uploads\/2025\/08\/20151020_202030-768x576.jpg 768w, https:\/\/sites.uel.br\/lephe\/wp-content\/uploads\/2025\/08\/20151020_202030-1536x1152.jpg 1536w, https:\/\/sites.uel.br\/lephe\/wp-content\/uploads\/2025\/08\/20151020_202030-2048x1536.jpg 2048w\" sizes=\"auto, (max-width: 1024px) 100vw, 1024px\" \/><\/figure>\n\n\n\n<figure class=\"wp-block-image size-full\"><img loading=\"lazy\" decoding=\"async\" width=\"848\" height=\"636\" src=\"https:\/\/sites.uel.br\/lephe\/wp-content\/uploads\/2025\/11\/26c26575-5ed9-4408-8db9-8b99c7a896d1-edited.jpg\" alt=\"\" class=\"wp-image-582\" srcset=\"https:\/\/sites.uel.br\/lephe\/wp-content\/uploads\/2025\/11\/26c26575-5ed9-4408-8db9-8b99c7a896d1-edited.jpg 848w, https:\/\/sites.uel.br\/lephe\/wp-content\/uploads\/2025\/11\/26c26575-5ed9-4408-8db9-8b99c7a896d1-edited-300x225.jpg 300w, https:\/\/sites.uel.br\/lephe\/wp-content\/uploads\/2025\/11\/26c26575-5ed9-4408-8db9-8b99c7a896d1-edited-768x576.jpg 768w\" sizes=\"auto, (max-width: 848px) 100vw, 848px\" \/><\/figure>\n<\/div>\n\n\n\n<p><\/p>\n\n\n\n<h2 class=\"wp-block-heading\">XIV Semana da Educa\u00e7\u00e3o &#8211; Pedagogia 50 anos (2012)<\/h2>\n\n\n\n<div class=\"wp-block-group is-layout-grid wp-container-core-group-is-layout-9649a0d9 wp-block-group-is-layout-grid\">\n<figure class=\"wp-block-image size-large\"><img loading=\"lazy\" decoding=\"async\" width=\"1024\" height=\"768\" src=\"https:\/\/sites.uel.br\/lephe\/wp-content\/uploads\/2025\/08\/Simone-031-1024x768.jpg\" alt=\"\" class=\"wp-image-455\" srcset=\"https:\/\/sites.uel.br\/lephe\/wp-content\/uploads\/2025\/08\/Simone-031-1024x768.jpg 1024w, https:\/\/sites.uel.br\/lephe\/wp-content\/uploads\/2025\/08\/Simone-031-300x225.jpg 300w, https:\/\/sites.uel.br\/lephe\/wp-content\/uploads\/2025\/08\/Simone-031-768x576.jpg 768w, https:\/\/sites.uel.br\/lephe\/wp-content\/uploads\/2025\/08\/Simone-031-1536x1152.jpg 1536w, https:\/\/sites.uel.br\/lephe\/wp-content\/uploads\/2025\/08\/Simone-031.jpg 1600w\" sizes=\"auto, (max-width: 1024px) 100vw, 1024px\" \/><\/figure>\n\n\n\n<figure class=\"wp-block-image size-full\"><img loading=\"lazy\" decoding=\"async\" width=\"815\" height=\"611\" src=\"https:\/\/sites.uel.br\/lephe\/wp-content\/uploads\/2025\/11\/Lancamento-do-livro-50-anos-de-Pedagogia-edited.jpg\" alt=\"\" class=\"wp-image-584\" srcset=\"https:\/\/sites.uel.br\/lephe\/wp-content\/uploads\/2025\/11\/Lancamento-do-livro-50-anos-de-Pedagogia-edited.jpg 815w, https:\/\/sites.uel.br\/lephe\/wp-content\/uploads\/2025\/11\/Lancamento-do-livro-50-anos-de-Pedagogia-edited-300x225.jpg 300w, https:\/\/sites.uel.br\/lephe\/wp-content\/uploads\/2025\/11\/Lancamento-do-livro-50-anos-de-Pedagogia-edited-768x576.jpg 768w\" sizes=\"auto, (max-width: 815px) 100vw, 815px\" \/><\/figure>\n<\/div>\n\n\n\n<p><\/p>\n\n\n\n<h2 class=\"wp-block-heading\">XI Semana da Educa\u00e7\u00e3o:  Hist\u00f3ria da Educa\u00e7\u00e3o (2009)<\/h2>\n\n\n\n<div class=\"wp-block-group is-layout-grid wp-container-core-group-is-layout-9649a0d9 wp-block-group-is-layout-grid\">\n<figure class=\"wp-block-image size-full\"><img loading=\"lazy\" decoding=\"async\" width=\"640\" height=\"480\" src=\"https:\/\/sites.uel.br\/lephe\/wp-content\/uploads\/2025\/08\/Semana-da-Educacao-2009.jpg\" alt=\"\" class=\"wp-image-446\" srcset=\"https:\/\/sites.uel.br\/lephe\/wp-content\/uploads\/2025\/08\/Semana-da-Educacao-2009.jpg 640w, https:\/\/sites.uel.br\/lephe\/wp-content\/uploads\/2025\/08\/Semana-da-Educacao-2009-300x225.jpg 300w\" sizes=\"auto, (max-width: 640px) 100vw, 640px\" \/><\/figure>\n\n\n\n<figure class=\"wp-block-image size-full\"><img loading=\"lazy\" decoding=\"async\" width=\"640\" height=\"480\" src=\"https:\/\/sites.uel.br\/lephe\/wp-content\/uploads\/2025\/08\/Semana-da-Educacao-2009-1.jpg\" alt=\"\" class=\"wp-image-445\" srcset=\"https:\/\/sites.uel.br\/lephe\/wp-content\/uploads\/2025\/08\/Semana-da-Educacao-2009-1.jpg 640w, https:\/\/sites.uel.br\/lephe\/wp-content\/uploads\/2025\/08\/Semana-da-Educacao-2009-1-300x225.jpg 300w\" sizes=\"auto, (max-width: 640px) 100vw, 640px\" \/><\/figure>\n<\/div>\n","protected":false},"excerpt":{"rendered":"<p>XX Semana da Educa\u00e7\u00e3o &#8211; III Congresso internacional e 30 anos do programa de p\u00f3s-gradua\u00e7\u00e3o em Educa\u00e7\u00e3o (2024) XIX Semana da Educa\u00e7\u00e3o &#8211; II Congresso internacional (2022) XVIII Semana da Educa\u00e7\u00e3o &#8211; I Congresso Internacional de Educa\u00e7\u00e3o (2019) XVII Semana da Educa\u00e7\u00e3o \u2013 Educa\u00e7\u00e3o e Dilemas Contempor\u00e2neos (2017) XVI Semana da Educa\u00e7\u00e3o &#8211; Desafios atuais [&hellip;]<\/p>\n","protected":false},"author":7,"featured_media":0,"parent":0,"menu_order":0,"comment_status":"closed","ping_status":"closed","template":"","meta":{"footnotes":""},"class_list":["post-325","page","type-page","status-publish","hentry"],"acf":[],"_links":{"self":[{"href":"https:\/\/sites.uel.br\/lephe\/wp-json\/wp\/v2\/pages\/325","targetHints":{"allow":["GET"]}}],"collection":[{"href":"https:\/\/sites.uel.br\/lephe\/wp-json\/wp\/v2\/pages"}],"about":[{"href":"https:\/\/sites.uel.br\/lephe\/wp-json\/wp\/v2\/types\/page"}],"author":[{"embeddable":true,"href":"https:\/\/sites.uel.br\/lephe\/wp-json\/wp\/v2\/users\/7"}],"replies":[{"embeddable":true,"href":"https:\/\/sites.uel.br\/lephe\/wp-json\/wp\/v2\/comments?post=325"}],"version-history":[{"count":24,"href":"https:\/\/sites.uel.br\/lephe\/wp-json\/wp\/v2\/pages\/325\/revisions"}],"predecessor-version":[{"id":644,"href":"https:\/\/sites.uel.br\/lephe\/wp-json\/wp\/v2\/pages\/325\/revisions\/644"}],"wp:attachment":[{"href":"https:\/\/sites.uel.br\/lephe\/wp-json\/wp\/v2\/media?parent=325"}],"curies":[{"name":"wp","href":"https:\/\/api.w.org\/{rel}","templated":true}]}}