{"id":231,"date":"2024-08-22T15:38:03","date_gmt":"2024-08-22T18:38:03","guid":{"rendered":"https:\/\/sites.uel.br\/lephe\/?page_id=231"},"modified":"2025-11-07T17:45:11","modified_gmt":"2025-11-07T20:45:11","slug":"livros","status":"publish","type":"page","link":"https:\/\/sites.uel.br\/lephe\/livros\/","title":{"rendered":"Livros"},"content":{"rendered":"\n<div class=\"wp-block-group is-layout-grid wp-container-core-group-is-layout-9649a0d9 wp-block-group-is-layout-grid\">\n<figure class=\"wp-block-image size-large\"><img loading=\"lazy\" decoding=\"async\" width=\"943\" height=\"943\" src=\"https:\/\/sites.uel.br\/lephe\/wp-content\/uploads\/2025\/11\/1000415611-edited.jpg\" alt=\"\" class=\"wp-image-544\" srcset=\"https:\/\/sites.uel.br\/lephe\/wp-content\/uploads\/2025\/11\/1000415611-edited.jpg 943w, https:\/\/sites.uel.br\/lephe\/wp-content\/uploads\/2025\/11\/1000415611-edited-300x300.jpg 300w, https:\/\/sites.uel.br\/lephe\/wp-content\/uploads\/2025\/11\/1000415611-edited-150x150.jpg 150w, https:\/\/sites.uel.br\/lephe\/wp-content\/uploads\/2025\/11\/1000415611-edited-768x768.jpg 768w\" sizes=\"auto, (max-width: 943px) 100vw, 943px\" \/><figcaption class=\"wp-element-caption\"><a href=\"https:\/\/sites.uel.br\/lephe\/wp-content\/uploads\/2024\/08\/50-ANOS-DA-PEDAGOGIA-1.pdf\" data-type=\"link\" data-id=\"https:\/\/sites.uel.br\/lephe\/wp-content\/uploads\/2024\/08\/50-ANOS-DA-PEDAGOGIA-1.pdf\">50 anos da Pedagogia<\/a><\/figcaption><\/figure>\n\n\n\n<figure class=\"wp-block-image size-large wp-container-content-69bc4bdf\"><img loading=\"lazy\" decoding=\"async\" width=\"1084\" height=\"1084\" src=\"https:\/\/sites.uel.br\/lephe\/wp-content\/uploads\/2025\/11\/1000415612-edited.jpg\" alt=\"\" class=\"wp-image-543\" srcset=\"https:\/\/sites.uel.br\/lephe\/wp-content\/uploads\/2025\/11\/1000415612-edited.jpg 1084w, https:\/\/sites.uel.br\/lephe\/wp-content\/uploads\/2025\/11\/1000415612-edited-300x300.jpg 300w, https:\/\/sites.uel.br\/lephe\/wp-content\/uploads\/2025\/11\/1000415612-edited-1024x1024.jpg 1024w, https:\/\/sites.uel.br\/lephe\/wp-content\/uploads\/2025\/11\/1000415612-edited-150x150.jpg 150w, https:\/\/sites.uel.br\/lephe\/wp-content\/uploads\/2025\/11\/1000415612-edited-768x768.jpg 768w\" sizes=\"auto, (max-width: 1084px) 100vw, 1084px\" \/><figcaption class=\"wp-element-caption\"><a href=\"https:\/\/sites.uel.br\/lephe\/wp-content\/uploads\/2024\/08\/A-Historia-das-instituicoes-escolares-de-Londrina-e-regiao.pdf.pdf\" data-type=\"link\" data-id=\"https:\/\/sites.uel.br\/lephe\/wp-content\/uploads\/2024\/08\/A-Historia-das-instituicoes-escolares-de-Londrina-e-regiao.pdf.pdf\">Hist\u00f3ria das institui\u00e7\u00f5es escolares de Londrina e regi\u00e3o <\/a><\/figcaption><\/figure>\n\n\n\n<figure class=\"wp-block-image size-large\"><img loading=\"lazy\" decoding=\"async\" width=\"1096\" height=\"1095\" src=\"https:\/\/sites.uel.br\/lephe\/wp-content\/uploads\/2025\/11\/1000415613-edited.jpg\" alt=\"\" class=\"wp-image-542\" srcset=\"https:\/\/sites.uel.br\/lephe\/wp-content\/uploads\/2025\/11\/1000415613-edited.jpg 1096w, https:\/\/sites.uel.br\/lephe\/wp-content\/uploads\/2025\/11\/1000415613-edited-300x300.jpg 300w, https:\/\/sites.uel.br\/lephe\/wp-content\/uploads\/2025\/11\/1000415613-edited-1024x1024.jpg 1024w, https:\/\/sites.uel.br\/lephe\/wp-content\/uploads\/2025\/11\/1000415613-edited-150x150.jpg 150w, https:\/\/sites.uel.br\/lephe\/wp-content\/uploads\/2025\/11\/1000415613-edited-768x767.jpg 768w\" sizes=\"auto, (max-width: 1096px) 100vw, 1096px\" \/><figcaption class=\"wp-element-caption\"><a href=\"https:\/\/sites.uel.br\/lephe\/wp-content\/uploads\/2025\/04\/FOTOGRAFIAS-DA-EDUCACAO-ESCOLAR-LONDRINENSE-1.pdf\" data-type=\"link\" data-id=\"https:\/\/sites.uel.br\/lephe\/wp-content\/uploads\/2025\/04\/FOTOGRAFIAS-DA-EDUCACAO-ESCOLAR-LONDRINENSE-1.pdf\">I Cat\u00e1logo do acervo museu escolar de Londrina &#8211; MEL<\/a><\/figcaption><\/figure>\n\n\n\n<figure class=\"wp-block-image size-large wp-container-content-69bc4bdf\"><img loading=\"lazy\" decoding=\"async\" width=\"1106\" height=\"1106\" src=\"https:\/\/sites.uel.br\/lephe\/wp-content\/uploads\/2025\/11\/1000415614-edited.jpg\" alt=\"\" class=\"wp-image-540\" srcset=\"https:\/\/sites.uel.br\/lephe\/wp-content\/uploads\/2025\/11\/1000415614-edited.jpg 1106w, https:\/\/sites.uel.br\/lephe\/wp-content\/uploads\/2025\/11\/1000415614-edited-300x300.jpg 300w, https:\/\/sites.uel.br\/lephe\/wp-content\/uploads\/2025\/11\/1000415614-edited-1024x1024.jpg 1024w, https:\/\/sites.uel.br\/lephe\/wp-content\/uploads\/2025\/11\/1000415614-edited-150x150.jpg 150w, https:\/\/sites.uel.br\/lephe\/wp-content\/uploads\/2025\/11\/1000415614-edited-768x768.jpg 768w\" sizes=\"auto, (max-width: 1106px) 100vw, 1106px\" \/><figcaption class=\"wp-element-caption\"><a href=\"https:\/\/sites.uel.br\/lephe\/wp-content\/uploads\/2025\/04\/FOTOGRAFIAS-DA-EDUCACAO-ESCOLAR-LONDRINENSE-02.pdf\" data-type=\"link\" data-id=\"https:\/\/sites.uel.br\/lephe\/wp-content\/uploads\/2025\/04\/FOTOGRAFIAS-DA-EDUCACAO-ESCOLAR-LONDRINENSE-02.pdf\">II Cat\u00e1logo do acervo museu escolar de Londrina &#8211; MEL<\/a><\/figcaption><\/figure>\n\n\n\n<figure class=\"wp-block-image size-large\"><img loading=\"lazy\" decoding=\"async\" width=\"1103\" height=\"1104\" src=\"https:\/\/sites.uel.br\/lephe\/wp-content\/uploads\/2025\/11\/1000415615-edited.jpg\" alt=\"\" class=\"wp-image-539\" srcset=\"https:\/\/sites.uel.br\/lephe\/wp-content\/uploads\/2025\/11\/1000415615-edited.jpg 1103w, https:\/\/sites.uel.br\/lephe\/wp-content\/uploads\/2025\/11\/1000415615-edited-300x300.jpg 300w, https:\/\/sites.uel.br\/lephe\/wp-content\/uploads\/2025\/11\/1000415615-edited-1024x1024.jpg 1024w, https:\/\/sites.uel.br\/lephe\/wp-content\/uploads\/2025\/11\/1000415615-edited-150x150.jpg 150w, https:\/\/sites.uel.br\/lephe\/wp-content\/uploads\/2025\/11\/1000415615-edited-768x769.jpg 768w\" sizes=\"auto, (max-width: 1103px) 100vw, 1103px\" \/><figcaption class=\"wp-element-caption\"><a href=\"https:\/\/sites.uel.br\/lephe\/wp-content\/uploads\/2025\/11\/catalogo-do-colegio-de-aplicacao_251107_090531.pdf\" data-type=\"link\" data-id=\"https:\/\/sites.uel.br\/lephe\/wp-content\/uploads\/2025\/11\/catalogo-do-colegio-de-aplicacao_251107_090531.pdf\">Cat\u00e1logo hist\u00f3rico do Col\u00e9gio de Aplica\u00e7\u00e3o da UEL 65 anos<\/a><\/figcaption><\/figure>\n<\/div>\n\n\n\n<p><\/p>\n\n\n\n<p><\/p>\n\n\n\n<p><\/p>\n\n\n\n<p><\/p>\n\n\n\n<p><\/p>\n","protected":false},"excerpt":{"rendered":"","protected":false},"author":7,"featured_media":0,"parent":0,"menu_order":0,"comment_status":"closed","ping_status":"closed","template":"","meta":{"footnotes":""},"class_list":["post-231","page","type-page","status-publish","hentry"],"acf":[],"_links":{"self":[{"href":"https:\/\/sites.uel.br\/lephe\/wp-json\/wp\/v2\/pages\/231","targetHints":{"allow":["GET"]}}],"collection":[{"href":"https:\/\/sites.uel.br\/lephe\/wp-json\/wp\/v2\/pages"}],"about":[{"href":"https:\/\/sites.uel.br\/lephe\/wp-json\/wp\/v2\/types\/page"}],"author":[{"embeddable":true,"href":"https:\/\/sites.uel.br\/lephe\/wp-json\/wp\/v2\/users\/7"}],"replies":[{"embeddable":true,"href":"https:\/\/sites.uel.br\/lephe\/wp-json\/wp\/v2\/comments?post=231"}],"version-history":[{"count":15,"href":"https:\/\/sites.uel.br\/lephe\/wp-json\/wp\/v2\/pages\/231\/revisions"}],"predecessor-version":[{"id":551,"href":"https:\/\/sites.uel.br\/lephe\/wp-json\/wp\/v2\/pages\/231\/revisions\/551"}],"wp:attachment":[{"href":"https:\/\/sites.uel.br\/lephe\/wp-json\/wp\/v2\/media?parent=231"}],"curies":[{"name":"wp","href":"https:\/\/api.w.org\/{rel}","templated":true}]}}