{"id":142,"date":"2024-04-18T15:07:37","date_gmt":"2024-04-18T18:07:37","guid":{"rendered":"https:\/\/sites.uel.br\/lephe\/?page_id=142"},"modified":"2025-08-12T15:32:02","modified_gmt":"2025-08-12T18:32:02","slug":"contatos","status":"publish","type":"page","link":"https:\/\/sites.uel.br\/lephe\/contatos\/","title":{"rendered":"Fale conosco"},"content":{"rendered":"\n<p><strong>E-mail:\u00a0<\/strong>lephe@uel.br<\/p>\n\n\n\n<p><strong>Hor\u00e1rio de funcionamento:<\/strong><br>Segunda a Sexta-feira<\/p>\n\n\n\n<p>Com agendamento pr\u00e9vio pelo e-mail<\/p>\n\n\n\n<p><strong>Rod. Celso Garcia Cid (PR 445), Km 380 \u2013 Campus Universit\u00e1rio<br>Caixa Postal 10.011 | CEP 86.057-970 | Londrina\/PR<\/strong><br>T\u00e9rreo do Centro de Educa\u00e7\u00e3o, Comunica\u00e7\u00e3o e Artes &#8211; CECA \/ UEL<\/p>\n\n\n\n<p><\/p>\n","protected":false},"excerpt":{"rendered":"<p>E-mail:\u00a0lephe@uel.br Hor\u00e1rio de funcionamento:Segunda a Sexta-feira Com agendamento pr\u00e9vio pelo e-mail Rod. Celso Garcia Cid (PR 445), Km 380 \u2013 Campus Universit\u00e1rioCaixa Postal 10.011 | CEP 86.057-970 | Londrina\/PRT\u00e9rreo do Centro de Educa\u00e7\u00e3o, Comunica\u00e7\u00e3o e Artes &#8211; CECA \/ UEL<\/p>\n","protected":false},"author":7,"featured_media":0,"parent":0,"menu_order":0,"comment_status":"closed","ping_status":"closed","template":"","meta":{"footnotes":""},"class_list":["post-142","page","type-page","status-publish","hentry"],"acf":[],"_links":{"self":[{"href":"https:\/\/sites.uel.br\/lephe\/wp-json\/wp\/v2\/pages\/142","targetHints":{"allow":["GET"]}}],"collection":[{"href":"https:\/\/sites.uel.br\/lephe\/wp-json\/wp\/v2\/pages"}],"about":[{"href":"https:\/\/sites.uel.br\/lephe\/wp-json\/wp\/v2\/types\/page"}],"author":[{"embeddable":true,"href":"https:\/\/sites.uel.br\/lephe\/wp-json\/wp\/v2\/users\/7"}],"replies":[{"embeddable":true,"href":"https:\/\/sites.uel.br\/lephe\/wp-json\/wp\/v2\/comments?post=142"}],"version-history":[{"count":3,"href":"https:\/\/sites.uel.br\/lephe\/wp-json\/wp\/v2\/pages\/142\/revisions"}],"predecessor-version":[{"id":443,"href":"https:\/\/sites.uel.br\/lephe\/wp-json\/wp\/v2\/pages\/142\/revisions\/443"}],"wp:attachment":[{"href":"https:\/\/sites.uel.br\/lephe\/wp-json\/wp\/v2\/media?parent=142"}],"curies":[{"name":"wp","href":"https:\/\/api.w.org\/{rel}","templated":true}]}}