{"id":140,"date":"2024-04-18T15:07:37","date_gmt":"2024-04-18T18:07:37","guid":{"rendered":"https:\/\/sites.uel.br\/lephe\/?page_id=140"},"modified":"2025-11-04T11:30:24","modified_gmt":"2025-11-04T14:30:24","slug":"anteriores","status":"publish","type":"page","link":"https:\/\/sites.uel.br\/lephe\/anteriores\/","title":{"rendered":"Atuais"},"content":{"rendered":"\n<div class=\"wp-block-columns is-layout-flex wp-container-core-columns-is-layout-9d6595d7 wp-block-columns-is-layout-flex\">\n<div class=\"wp-block-column is-layout-flow wp-block-column-is-layout-flow\" style=\"flex-basis:100%\">\n<div class=\"wp-block-group\"><div class=\"wp-block-group__inner-container is-layout-constrained wp-block-group-is-layout-constrained\">\n<div class=\"wp-block-columns is-layout-flex wp-container-core-columns-is-layout-9d6595d7 wp-block-columns-is-layout-flex\">\n<div class=\"wp-block-column is-layout-flow wp-block-column-is-layout-flow\" style=\"flex-basis:100%\">\n<div class=\"wp-block-group\"><div class=\"wp-block-group__inner-container is-layout-constrained wp-block-group-is-layout-constrained\"><div class=\"wp-block-image\">\n<figure class=\"alignleft size-full is-resized\"><img loading=\"lazy\" decoding=\"async\" width=\"490\" height=\"490\" src=\"https:\/\/sites.uel.br\/lephe\/wp-content\/uploads\/2024\/08\/MG_1239-edited.jpg\" alt=\"\" class=\"wp-image-199\" style=\"width:335px;height:auto\" srcset=\"https:\/\/sites.uel.br\/lephe\/wp-content\/uploads\/2024\/08\/MG_1239-edited.jpg 490w, https:\/\/sites.uel.br\/lephe\/wp-content\/uploads\/2024\/08\/MG_1239-edited-300x300.jpg 300w, https:\/\/sites.uel.br\/lephe\/wp-content\/uploads\/2024\/08\/MG_1239-edited-150x150.jpg 150w\" sizes=\"auto, (max-width: 490px) 100vw, 490px\" \/><\/figure>\n<\/div><\/div><\/div>\n\n\n\n<p><strong>Prof. Dr. Celso Luiz Junior<\/strong><\/p>\n\n\n\n<p>Possui Doutorado em Educa\u00e7\u00e3o: Curr\u00edculo, pela Pontif\u00edcia Universidade Cat\u00f3lica de S\u00e3o Paulo &#8211; PUC-SP (2013); Mestrado em Educa\u00e7\u00e3o pela Universidade Estadual de Maring\u00e1-PR (2008); gradua\u00e7\u00e3o: Licenciatura em Hist\u00f3ria pela Universidade Estadual de Maring\u00e1-PR (2005); T\u00eam experi\u00eancia na \u00e1rea de Forma\u00e7\u00e3o de Professores atuando na \u00e1rea de Hist\u00f3ria da Educa\u00e7\u00e3o. Chefe do Departamento de Educa\u00e7\u00e3o da Universidade Estadual de Londrina UEL. (2022-2023). <a href=\"http:\/\/lattes.cnpq.br\/7777150145160191\">http:\/\/lattes.cnpq.br\/7777150145160191<\/a><\/p>\n<\/div>\n<\/div>\n\n\n\n<div class=\"wp-block-columns is-layout-flex wp-container-core-columns-is-layout-9d6595d7 wp-block-columns-is-layout-flex\">\n<div class=\"wp-block-column is-layout-flow wp-block-column-is-layout-flow\" style=\"flex-basis:100%\">\n<div class=\"wp-block-group\"><div class=\"wp-block-group__inner-container is-layout-constrained wp-block-group-is-layout-constrained\"><div class=\"wp-block-image\">\n<figure class=\"alignleft size-full is-resized\"><img loading=\"lazy\" decoding=\"async\" width=\"640\" height=\"640\" src=\"https:\/\/sites.uel.br\/lephe\/wp-content\/uploads\/2024\/08\/marta.jpg\" alt=\"\" class=\"wp-image-215\" style=\"width:333px;height:auto\" srcset=\"https:\/\/sites.uel.br\/lephe\/wp-content\/uploads\/2024\/08\/marta.jpg 640w, https:\/\/sites.uel.br\/lephe\/wp-content\/uploads\/2024\/08\/marta-300x300.jpg 300w, https:\/\/sites.uel.br\/lephe\/wp-content\/uploads\/2024\/08\/marta-150x150.jpg 150w\" sizes=\"auto, (max-width: 640px) 100vw, 640px\" \/><\/figure>\n<\/div><\/div><\/div>\n\n\n\n<p><strong>Profa. Dra. Marta Regina Gimenez F\u00e1varo<\/strong><\/p>\n\n\n\n<p>Doutorado em Educa\u00e7\u00e3o pela Universidade do Estado do Rio de Janeiro (UERJ) \u00c1rea de Hist\u00f3ria da Educa\u00e7\u00e3o (2012-2015). Mestrado em Educa\u00e7\u00e3o pela Universidade Estadual de Campinas &#8211; UNICAMP (2005). Gradua\u00e7\u00e3o em Pedagogia (Licenciatura) pelo Centro T\u00e9cnico Educacional Superior do Oeste Paranaense &#8211; CTESOP (1993). Professora Adjunta da Universidade Estadual de Londrina &#8211; UEL , \u00c1rea de Hist\u00f3ria da Educa\u00e7\u00e3o. Tem experi\u00eancia na \u00e1rea de Educa\u00e7\u00e3o atuando principalmente nos seguintes temas: Hist\u00f3ria da Educa\u00e7\u00e3o, Hist\u00f3ria das Institui\u00e7\u00f5es Educativas, Ensino de Hist\u00f3ria da Educa\u00e7\u00e3o e Forma\u00e7\u00e3o de Professores. <a href=\"http:\/\/lattes.cnpq.br\/8428054595727741\">http:\/\/lattes.cnpq.br\/8428054595727741<\/a><\/p>\n<\/div>\n\n\n\n<div class=\"wp-block-column is-layout-flow wp-block-column-is-layout-flow\"><\/div>\n<\/div>\n\n\n\n<div class=\"wp-block-columns is-layout-flex wp-container-core-columns-is-layout-9d6595d7 wp-block-columns-is-layout-flex\">\n<div class=\"wp-block-column is-layout-flow wp-block-column-is-layout-flow\" style=\"flex-basis:100%\">\n<div class=\"wp-block-group\"><div class=\"wp-block-group__inner-container is-layout-constrained wp-block-group-is-layout-constrained\"><div class=\"wp-block-image\">\n<figure class=\"alignleft size-full is-resized\"><img loading=\"lazy\" decoding=\"async\" width=\"487\" height=\"510\" src=\"https:\/\/sites.uel.br\/lephe\/wp-content\/uploads\/2025\/08\/Imagem-do-WhatsApp-de-2025-08-12-as-14.46.10_0461bb18.jpg\" alt=\"\" class=\"wp-image-426\" style=\"width:331px;height:auto\" srcset=\"https:\/\/sites.uel.br\/lephe\/wp-content\/uploads\/2025\/08\/Imagem-do-WhatsApp-de-2025-08-12-as-14.46.10_0461bb18.jpg 487w, https:\/\/sites.uel.br\/lephe\/wp-content\/uploads\/2025\/08\/Imagem-do-WhatsApp-de-2025-08-12-as-14.46.10_0461bb18-286x300.jpg 286w\" sizes=\"auto, (max-width: 487px) 100vw, 487px\" \/><\/figure>\n<\/div><\/div><\/div>\n\n\n\n<p><strong>Prof. Dr. Rodrigo Rosa da Silva<\/strong><\/p>\n\n\n\n<p>Doutor em Educa\u00e7\u00e3o pela Universidade de S\u00e3o Paulo (2013). Mestre em Hist\u00f3ria Social do Trabalho pela Universidade Estadual de Campinas (2005). Graduado em Ci\u00eancias Sociais pela Universidade de S\u00e3o Paulo (2002) e Licenciado em Sociologia (2020). Professor Colaborador no Centro de Educa\u00e7\u00e3o, Comunica\u00e7\u00e3o e Artes da Universidade Estadual de Londrina (CECA \/ UEL), orientador no Curso de Especializa\u00e7\u00e3o em Gest\u00e3o de Ambientes de Aprendizagem (PDE\/Unicentro) e orientador de TCC na Especializa\u00e7\u00e3o em Educa\u00e7\u00e3o em Direitos Humanos (UAB-NETEL-UFABC).&nbsp; <a href=\"http:\/\/lattes.cnpq.br\/5395803545199877\">http:\/\/lattes.cnpq.br\/5395803545199877<br><\/a><\/p>\n<\/div>\n\n\n\n<div class=\"wp-block-column is-layout-flow wp-block-column-is-layout-flow\"><\/div>\n<\/div>\n\n\n\n<div class=\"wp-block-columns is-layout-flex wp-container-core-columns-is-layout-9d6595d7 wp-block-columns-is-layout-flex\">\n<div class=\"wp-block-column is-layout-flow wp-block-column-is-layout-flow\" style=\"flex-basis:100%\">\n<div class=\"wp-block-group\"><div class=\"wp-block-group__inner-container is-layout-constrained wp-block-group-is-layout-constrained\"><div class=\"wp-block-image\">\n<figure class=\"alignleft size-full is-resized\"><img loading=\"lazy\" decoding=\"async\" width=\"424\" height=\"424\" src=\"https:\/\/sites.uel.br\/lephe\/wp-content\/uploads\/2024\/08\/MG_1276-edited.jpg\" alt=\"\" class=\"wp-image-252\" style=\"width:331px;height:auto\" srcset=\"https:\/\/sites.uel.br\/lephe\/wp-content\/uploads\/2024\/08\/MG_1276-edited.jpg 424w, https:\/\/sites.uel.br\/lephe\/wp-content\/uploads\/2024\/08\/MG_1276-edited-300x300.jpg 300w, https:\/\/sites.uel.br\/lephe\/wp-content\/uploads\/2024\/08\/MG_1276-edited-150x150.jpg 150w\" sizes=\"auto, (max-width: 424px) 100vw, 424px\" \/><\/figure>\n<\/div><\/div><\/div>\n\n\n\n<p><strong>Prof. Dr. Sergio Henrique Gerelus<\/strong><\/p>\n\n\n\n<p>Possui gradua\u00e7\u00e3o em Educa\u00e7\u00e3o F\u00edsica (UEL-2001) e Pedagogia (UEM-2007), Especializa\u00e7\u00e3o em Hist\u00f3ria e Sociedade (UEM) e Mestrado em Fundamentos da Educa\u00e7\u00e3o (UEM), Doutor em Educa\u00e7\u00e3o pela Universidade Estadual de Maring\u00e1 . Atualmente \u00e9 Professor Assistente na Universidade Estadual de Londrina. Tem experi\u00eancia na \u00e1rea de educa\u00e7\u00e3o, e desenvolve atividades de ensino, pesquisa e extens\u00e3o em hist\u00f3ria de educa\u00e7\u00e3o, vinculado ao Laborat\u00f3rio de Pesquisa e Ensino em Hist\u00f3ria da Educa\u00e7\u00e3o. Desde 2018 exerce a fun\u00e7\u00e3o de Coordenador de Comunica\u00e7\u00e3o Social da Universidade Estadual de Londrina.<strong> <\/strong><a href=\"http:\/\/lattes.cnpq.br\/3139842334402325\">http:\/\/lattes.cnpq.br\/3139842334402325<\/a><\/p>\n<\/div>\n\n\n\n<div class=\"wp-block-column is-layout-flow wp-block-column-is-layout-flow\"><\/div>\n<\/div>\n\n\n\n<div class=\"wp-block-columns is-layout-flex wp-container-core-columns-is-layout-9d6595d7 wp-block-columns-is-layout-flex\">\n<div class=\"wp-block-column is-layout-flow wp-block-column-is-layout-flow\" style=\"flex-basis:100%\">\n<div class=\"wp-block-group\"><div class=\"wp-block-group__inner-container is-layout-constrained wp-block-group-is-layout-constrained\"><div class=\"wp-block-image\">\n<figure class=\"alignleft size-full is-resized\"><img loading=\"lazy\" decoding=\"async\" width=\"1200\" height=\"1200\" src=\"https:\/\/sites.uel.br\/lephe\/wp-content\/uploads\/2024\/08\/SIMONE-1-edited.jpg\" alt=\"\" class=\"wp-image-238\" style=\"width:331px;height:auto\" srcset=\"https:\/\/sites.uel.br\/lephe\/wp-content\/uploads\/2024\/08\/SIMONE-1-edited.jpg 1200w, https:\/\/sites.uel.br\/lephe\/wp-content\/uploads\/2024\/08\/SIMONE-1-edited-300x300.jpg 300w, https:\/\/sites.uel.br\/lephe\/wp-content\/uploads\/2024\/08\/SIMONE-1-edited-1024x1024.jpg 1024w, https:\/\/sites.uel.br\/lephe\/wp-content\/uploads\/2024\/08\/SIMONE-1-edited-150x150.jpg 150w, https:\/\/sites.uel.br\/lephe\/wp-content\/uploads\/2024\/08\/SIMONE-1-edited-768x768.jpg 768w\" sizes=\"auto, (max-width: 1200px) 100vw, 1200px\" \/><\/figure>\n<\/div><\/div><\/div>\n\n\n\n<p><strong>Profa. Dra. Simone Burioli<\/strong><\/p>\n\n\n\n<p>P\u00f3s-doutora em Educa\u00e7\u00e3o pela Universidade Estadual Paulista (UNESP-Araraquara, 2020), doutora em Educa\u00e7\u00e3o pela Universidade Estadual de Maring\u00e1 (UEM, 2016), mestra em Educa\u00e7\u00e3o pela Universidade Estadual de Maring\u00e1 (UEM, 2009), possui gradua\u00e7\u00e3o em Pedagogia pela Universidade Estadual de Maring\u00e1 (UEM). \u00c9 professora Associada do Departamento de Educa\u00e7\u00e3o da Universidade Estadual de Londrina (UEL 2010-Atual), na \u00e1rea de Hist\u00f3ria da Educa\u00e7\u00e3o e tamb\u00e9m professora do Programa de P\u00f3s-Gradua\u00e7\u00e3o em Educa\u00e7\u00e3o da UEL. Faz parte do Laborat\u00f3rio de Ensino e Pesquisa em Hist\u00f3ria da Educa\u00e7\u00e3o &#8211; LEPHE\/UEL e do projeto MEL &#8211; Museu Escolar de Londrina. Comiss\u00e3o de Pesquisa do Departamento de Educa\u00e7\u00e3o (2022-2024). \u00c9 L\u00edder do Grupo de Estudos e Pesquisas em Hist\u00f3ria da Educa\u00e7\u00e3o, Culturas e Pr\u00e1ticas &#8211; GEPHECP. <a href=\"http:\/\/lattes.cnpq.br\/5148385984170104\">http:\/\/lattes.cnpq.br\/5148385984170104<\/a><\/p>\n<\/div>\n\n\n\n<div class=\"wp-block-column is-layout-flow wp-block-column-is-layout-flow\"><\/div>\n<\/div>\n\n\n\n<div class=\"wp-block-columns is-layout-flex wp-container-core-columns-is-layout-9d6595d7 wp-block-columns-is-layout-flex\">\n<div class=\"wp-block-column is-layout-flow wp-block-column-is-layout-flow\" style=\"flex-basis:100%\">\n<div class=\"wp-block-group\"><div class=\"wp-block-group__inner-container is-layout-constrained wp-block-group-is-layout-constrained\"><div class=\"wp-block-image\">\n<figure class=\"alignleft size-full is-resized\"><img loading=\"lazy\" decoding=\"async\" width=\"841\" height=\"840\" src=\"https:\/\/sites.uel.br\/lephe\/wp-content\/uploads\/2024\/08\/TONY.jpg\" alt=\"\" class=\"wp-image-257\" style=\"width:333px;height:auto\" srcset=\"https:\/\/sites.uel.br\/lephe\/wp-content\/uploads\/2024\/08\/TONY.jpg 841w, https:\/\/sites.uel.br\/lephe\/wp-content\/uploads\/2024\/08\/TONY-300x300.jpg 300w, https:\/\/sites.uel.br\/lephe\/wp-content\/uploads\/2024\/08\/TONY-150x150.jpg 150w, https:\/\/sites.uel.br\/lephe\/wp-content\/uploads\/2024\/08\/TONY-768x767.jpg 768w\" sizes=\"auto, (max-width: 841px) 100vw, 841px\" \/><\/figure>\n<\/div><\/div><\/div>\n\n\n\n<p><strong>Prof. Dr. Tony Honorato<\/strong><\/p>\n\n\n\n<p>P\u00f3s-doutor em Educa\u00e7\u00e3o pela Faculdade de Filosofia e Ci\u00eancias\/FFC da Universidade Estadual Paulista (FFC\/UNESP, 2015), Doutor em Educa\u00e7\u00e3o Escolar pela Faculdade de Ci\u00eancias e Letras\/FCLAr da UNESP (2011), Mestre em Educa\u00e7\u00e3o pela Universidade Metodista de Piracicaba (UNIMEP, 2005) e Graduado em Educa\u00e7\u00e3o F\u00edsica pela Faculdade de Ci\u00eancias e Tecnologias (FCT\/UNESP (2002). Bolsista Produtividade em Pesquisa do CNPq. L\u00edder do Grupo de Pesquisa Processos Civilizadores (Diret\u00f3rio CNPq), membro do Laborat\u00f3rio de Ensino e Pesquisa em Hist\u00f3ria da Educa\u00e7\u00e3o (LEPHE\/CNPq) e membro do Grupo de Pesquisa &#8220;A sociologia figuracional de Norbert Elias&#8221; (UNIFESP\/CNPq).&nbsp; <a href=\"http:\/\/lattes.cnpq.br\/8428054595727741\">http:\/\/lattes.cnpq.br\/7101545385569249<\/a><\/p>\n<\/div>\n\n\n\n<div class=\"wp-block-column is-layout-flow wp-block-column-is-layout-flow\"><\/div>\n<\/div>\n<\/div><\/div>\n<\/div>\n<\/div>\n\n\n\n<p class=\"has-text-align-left\"><\/p>\n\n\n\n<p><\/p>\n","protected":false},"excerpt":{"rendered":"<p>Prof. Dr. Celso Luiz Junior Possui Doutorado em Educa\u00e7\u00e3o: Curr\u00edculo, pela Pontif\u00edcia Universidade Cat\u00f3lica de S\u00e3o Paulo &#8211; PUC-SP (2013); Mestrado em Educa\u00e7\u00e3o pela Universidade Estadual de Maring\u00e1-PR (2008); gradua\u00e7\u00e3o: Licenciatura em Hist\u00f3ria pela Universidade Estadual de Maring\u00e1-PR (2005); T\u00eam experi\u00eancia na \u00e1rea de Forma\u00e7\u00e3o de Professores atuando na \u00e1rea de Hist\u00f3ria da Educa\u00e7\u00e3o. Chefe [&hellip;]<\/p>\n","protected":false},"author":7,"featured_media":0,"parent":0,"menu_order":0,"comment_status":"closed","ping_status":"closed","template":"","meta":{"footnotes":""},"class_list":["post-140","page","type-page","status-publish","hentry"],"acf":[],"_links":{"self":[{"href":"https:\/\/sites.uel.br\/lephe\/wp-json\/wp\/v2\/pages\/140","targetHints":{"allow":["GET"]}}],"collection":[{"href":"https:\/\/sites.uel.br\/lephe\/wp-json\/wp\/v2\/pages"}],"about":[{"href":"https:\/\/sites.uel.br\/lephe\/wp-json\/wp\/v2\/types\/page"}],"author":[{"embeddable":true,"href":"https:\/\/sites.uel.br\/lephe\/wp-json\/wp\/v2\/users\/7"}],"replies":[{"embeddable":true,"href":"https:\/\/sites.uel.br\/lephe\/wp-json\/wp\/v2\/comments?post=140"}],"version-history":[{"count":33,"href":"https:\/\/sites.uel.br\/lephe\/wp-json\/wp\/v2\/pages\/140\/revisions"}],"predecessor-version":[{"id":492,"href":"https:\/\/sites.uel.br\/lephe\/wp-json\/wp\/v2\/pages\/140\/revisions\/492"}],"wp:attachment":[{"href":"https:\/\/sites.uel.br\/lephe\/wp-json\/wp\/v2\/media?parent=140"}],"curies":[{"name":"wp","href":"https:\/\/api.w.org\/{rel}","templated":true}]}}