{"id":63,"date":"2025-04-25T09:33:04","date_gmt":"2025-04-25T12:33:04","guid":{"rendered":"https:\/\/sites.uel.br\/ledi\/?page_id=63"},"modified":"2025-11-14T09:13:03","modified_gmt":"2025-11-14T12:13:03","slug":"eneimagem2025","status":"publish","type":"page","link":"https:\/\/sites.uel.br\/ledi\/eneimagem2025\/","title":{"rendered":"IX ENEIMAGEM VI EIEIMAGEM"},"content":{"rendered":"\n<div class=\"wp-block-columns is-layout-flex wp-container-core-columns-is-layout-9d6595d7 wp-block-columns-is-layout-flex\">\n<div class=\"wp-block-column is-layout-flow wp-block-column-is-layout-flow\" style=\"flex-basis:100%\">\n<figure class=\"wp-block-image size-large\"><a href=\"https:\/\/sites.uel.br\/ledi\/eneimagem2025\/\"><img loading=\"lazy\" decoding=\"async\" width=\"1024\" height=\"576\" src=\"https:\/\/sites.uel.br\/ledi\/wp-content\/uploads\/2025\/05\/PADRAO_16x9_25-banners-site-1024x576.jpg\" alt=\"\" class=\"wp-image-351\" srcset=\"https:\/\/sites.uel.br\/ledi\/wp-content\/uploads\/2025\/05\/PADRAO_16x9_25-banners-site-1024x576.jpg 1024w, https:\/\/sites.uel.br\/ledi\/wp-content\/uploads\/2025\/05\/PADRAO_16x9_25-banners-site-300x169.jpg 300w, https:\/\/sites.uel.br\/ledi\/wp-content\/uploads\/2025\/05\/PADRAO_16x9_25-banners-site-768x432.jpg 768w, https:\/\/sites.uel.br\/ledi\/wp-content\/uploads\/2025\/05\/PADRAO_16x9_25-banners-site-1536x864.jpg 1536w, https:\/\/sites.uel.br\/ledi\/wp-content\/uploads\/2025\/05\/PADRAO_16x9_25-banners-site.jpg 1920w\" sizes=\"auto, (max-width: 1024px) 100vw, 1024px\" \/><\/a><\/figure>\n<\/div>\n<\/div>\n\n\n\n<div style=\"height:61px\" aria-hidden=\"true\" class=\"wp-block-spacer\"><\/div>\n\n\n\n<div class=\"wp-block-columns is-layout-flex wp-container-core-columns-is-layout-9d6595d7 wp-block-columns-is-layout-flex\">\n<div class=\"wp-block-column is-layout-flow wp-block-column-is-layout-flow\">\n<div data-wp-interactive=\"core\/file\" class=\"wp-block-file\"><object data-wp-bind--hidden=\"!state.hasPdfPreview\" hidden class=\"wp-block-file__embed\" data=\"https:\/\/sites.uel.br\/ledi\/wp-content\/uploads\/2025\/11\/IX-ENEIMAGEM-Caderno-de-Resumos.pdf\" type=\"application\/pdf\" style=\"width:100%;height:600px\" aria-label=\"Incorporado de IX ENEIMAGEM - Caderno de Resumos.\"><\/object><a id=\"wp-block-file--media-199052ba-07e1-4cca-9286-74eb6dd7c923\" href=\"https:\/\/sites.uel.br\/ledi\/wp-content\/uploads\/2025\/11\/IX-ENEIMAGEM-Caderno-de-Resumos.pdf\">IX ENEIMAGEM &#8211; Caderno de Resumos<\/a><a href=\"https:\/\/sites.uel.br\/ledi\/wp-content\/uploads\/2025\/11\/IX-ENEIMAGEM-Caderno-de-Resumos.pdf\" class=\"wp-block-file__button wp-element-button\" download aria-describedby=\"wp-block-file--media-199052ba-07e1-4cca-9286-74eb6dd7c923\">Baixar<\/a><\/div>\n<\/div>\n\n\n\n<div class=\"wp-block-column is-layout-flow wp-block-column-is-layout-flow\">\n<p class=\"has-text-align-center\"><strong>Anais &#8211; em breve<\/strong><\/p>\n<\/div>\n<\/div>\n\n\n\n<div class=\"wp-block-columns is-layout-flex wp-container-core-columns-is-layout-9d6595d7 wp-block-columns-is-layout-flex\">\n<div class=\"wp-block-column is-layout-flow wp-block-column-is-layout-flow\">\n<h3 class=\"wp-block-heading has-text-align-center\"><a href=\"https:\/\/sites.uel.br\/ledi\/inscricoes\/\">Inscri\u00e7\u00f5es<\/a><\/h3>\n<\/div>\n\n\n\n<div class=\"wp-block-column is-layout-flow wp-block-column-is-layout-flow\">\n<h3 class=\"wp-block-heading has-text-align-center\"><a href=\"https:\/\/sites.uel.br\/ledi\/programacao-eneimagem2025\">Programa\u00e7\u00e3o Geral<\/a><\/h3>\n<\/div>\n\n\n\n<div class=\"wp-block-column is-layout-flow wp-block-column-is-layout-flow\">\n<h3 class=\"wp-block-heading has-text-align-center\"><a href=\"https:\/\/sites.uel.br\/ledi\/localizacao\/\" data-type=\"page\" data-id=\"87\">Sobre Londrina<\/a><\/h3>\n<\/div>\n<\/div>\n\n\n\n<div style=\"height:100px\" aria-hidden=\"true\" class=\"wp-block-spacer\"><\/div>\n\n\n\n<div class=\"wp-block-columns is-layout-flex wp-container-core-columns-is-layout-9d6595d7 wp-block-columns-is-layout-flex\">\n<div class=\"wp-block-column is-layout-flow wp-block-column-is-layout-flow\">\n<div class=\"wp-block-buttons is-content-justification-center is-layout-flex wp-container-core-buttons-is-layout-16018d1d wp-block-buttons-is-layout-flex\">\n<div class=\"wp-block-button is-style-outline is-style-outline--1\"><a class=\"wp-block-button__link wp-element-button\" href=\"https:\/\/sites.uel.br\/ledi\/eixos-tematicos\/\">Eixos Tem\u00e1ticos<\/a><\/div>\n<\/div>\n<\/div>\n\n\n\n<div class=\"wp-block-column is-layout-flow wp-block-column-is-layout-flow\">\n<div class=\"wp-block-buttons is-content-justification-center is-layout-flex wp-container-core-buttons-is-layout-16018d1d wp-block-buttons-is-layout-flex\">\n<div class=\"wp-block-button is-style-outline is-style-outline--2\"><a class=\"wp-block-button__link wp-element-button\" href=\"https:\/\/sites.uel.br\/ledi\/minicursos\/\">Minicursos<\/a><\/div>\n<\/div>\n<\/div>\n<\/div>\n\n\n\n<hr class=\"wp-block-separator has-alpha-channel-opacity\" \/>\n\n\n\n<div class=\"wp-block-buttons is-content-justification-center is-layout-flex wp-container-core-buttons-is-layout-5e6b19ed wp-block-buttons-is-layout-flex\">\n<div class=\"wp-block-button\"><a class=\"wp-block-button__link has-text-align-center wp-element-button\">Contato: ledi.eneimagem@uel.br<\/a><\/div>\n<\/div>\n\n\n\n<hr class=\"wp-block-separator has-alpha-channel-opacity\" \/>\n\n\n\n<div style=\"height:63px\" aria-hidden=\"true\" class=\"wp-block-spacer\"><\/div>\n\n\n\n<div class=\"wp-block-columns is-layout-flex wp-container-core-columns-is-layout-9d6595d7 wp-block-columns-is-layout-flex\">\n<div class=\"wp-block-column is-layout-flow wp-block-column-is-layout-flow\"><div class=\"wp-block-image\">\n<figure class=\"aligncenter size-large is-resized\"><img loading=\"lazy\" decoding=\"async\" width=\"1024\" height=\"761\" src=\"https:\/\/sites.uel.br\/ledi\/wp-content\/uploads\/2025\/05\/cropped-Ativo-3fundo-preto-scaled-1-1024x761.png\" alt=\"\" class=\"wp-image-264\" style=\"width:149px;height:auto\" srcset=\"https:\/\/sites.uel.br\/ledi\/wp-content\/uploads\/2025\/05\/cropped-Ativo-3fundo-preto-scaled-1-1024x761.png 1024w, https:\/\/sites.uel.br\/ledi\/wp-content\/uploads\/2025\/05\/cropped-Ativo-3fundo-preto-scaled-1-300x223.png 300w, https:\/\/sites.uel.br\/ledi\/wp-content\/uploads\/2025\/05\/cropped-Ativo-3fundo-preto-scaled-1-768x571.png 768w, https:\/\/sites.uel.br\/ledi\/wp-content\/uploads\/2025\/05\/cropped-Ativo-3fundo-preto-scaled-1-1536x1141.png 1536w, https:\/\/sites.uel.br\/ledi\/wp-content\/uploads\/2025\/05\/cropped-Ativo-3fundo-preto-scaled-1.png 1790w\" sizes=\"auto, (max-width: 1024px) 100vw, 1024px\" \/><\/figure>\n<\/div><\/div>\n\n\n\n<div class=\"wp-block-column is-layout-flow wp-block-column-is-layout-flow\"><div class=\"wp-block-image\">\n<figure class=\"aligncenter size-large\"><img loading=\"lazy\" decoding=\"async\" width=\"1024\" height=\"308\" src=\"https:\/\/sites.uel.br\/ledi\/wp-content\/uploads\/2025\/10\/Logo-Color-Horizontal-1024x308.jpg\" alt=\"\" class=\"wp-image-697\" srcset=\"https:\/\/sites.uel.br\/ledi\/wp-content\/uploads\/2025\/10\/Logo-Color-Horizontal-1024x308.jpg 1024w, https:\/\/sites.uel.br\/ledi\/wp-content\/uploads\/2025\/10\/Logo-Color-Horizontal-300x90.jpg 300w, https:\/\/sites.uel.br\/ledi\/wp-content\/uploads\/2025\/10\/Logo-Color-Horizontal-768x231.jpg 768w, https:\/\/sites.uel.br\/ledi\/wp-content\/uploads\/2025\/10\/Logo-Color-Horizontal-1536x461.jpg 1536w, https:\/\/sites.uel.br\/ledi\/wp-content\/uploads\/2025\/10\/Logo-Color-Horizontal-2048x615.jpg 2048w\" sizes=\"auto, (max-width: 1024px) 100vw, 1024px\" \/><\/figure>\n<\/div><\/div>\n\n\n\n<div class=\"wp-block-column is-layout-flow wp-block-column-is-layout-flow\"><div class=\"wp-block-image\">\n<figure class=\"aligncenter size-large is-resized\"><img loading=\"lazy\" decoding=\"async\" width=\"1024\" height=\"443\" src=\"https:\/\/sites.uel.br\/ledi\/wp-content\/uploads\/2025\/10\/MarcaProex-1024x443.jpg\" alt=\"\" class=\"wp-image-696\" style=\"width:194px;height:auto\" srcset=\"https:\/\/sites.uel.br\/ledi\/wp-content\/uploads\/2025\/10\/MarcaProex-1024x443.jpg 1024w, https:\/\/sites.uel.br\/ledi\/wp-content\/uploads\/2025\/10\/MarcaProex-300x130.jpg 300w, https:\/\/sites.uel.br\/ledi\/wp-content\/uploads\/2025\/10\/MarcaProex-768x332.jpg 768w, https:\/\/sites.uel.br\/ledi\/wp-content\/uploads\/2025\/10\/MarcaProex.jpg 1131w\" sizes=\"auto, (max-width: 1024px) 100vw, 1024px\" \/><\/figure>\n<\/div><\/div>\n<\/div>\n\n\n\n<div class=\"wp-block-columns is-layout-flex wp-container-core-columns-is-layout-9d6595d7 wp-block-columns-is-layout-flex\">\n<div class=\"wp-block-column is-layout-flow wp-block-column-is-layout-flow\"><div class=\"wp-block-image wp-duotone-dark-grayscale\">\n<figure class=\"aligncenter size-full is-resized\"><img loading=\"lazy\" decoding=\"async\" width=\"895\" height=\"334\" src=\"https:\/\/sites.uel.br\/ledi\/wp-content\/uploads\/2025\/10\/logo-do-museu.png\" alt=\"\" class=\"wp-image-721\" style=\"width:236px;height:auto\" srcset=\"https:\/\/sites.uel.br\/ledi\/wp-content\/uploads\/2025\/10\/logo-do-museu.png 895w, https:\/\/sites.uel.br\/ledi\/wp-content\/uploads\/2025\/10\/logo-do-museu-300x112.png 300w, https:\/\/sites.uel.br\/ledi\/wp-content\/uploads\/2025\/10\/logo-do-museu-768x287.png 768w\" sizes=\"auto, (max-width: 895px) 100vw, 895px\" \/><\/figure>\n<\/div><\/div>\n\n\n\n<div class=\"wp-block-column is-layout-flow wp-block-column-is-layout-flow\"><div class=\"wp-block-image\">\n<figure class=\"aligncenter size-large is-resized\"><img loading=\"lazy\" decoding=\"async\" width=\"1024\" height=\"1024\" src=\"https:\/\/sites.uel.br\/ledi\/wp-content\/uploads\/2025\/10\/ass_logo-H2H-preto-1024x1024.png\" alt=\"\" class=\"wp-image-720\" style=\"width:133px;height:auto\" srcset=\"https:\/\/sites.uel.br\/ledi\/wp-content\/uploads\/2025\/10\/ass_logo-H2H-preto-1024x1024.png 1024w, https:\/\/sites.uel.br\/ledi\/wp-content\/uploads\/2025\/10\/ass_logo-H2H-preto-300x300.png 300w, https:\/\/sites.uel.br\/ledi\/wp-content\/uploads\/2025\/10\/ass_logo-H2H-preto-150x150.png 150w, https:\/\/sites.uel.br\/ledi\/wp-content\/uploads\/2025\/10\/ass_logo-H2H-preto-768x768.png 768w, https:\/\/sites.uel.br\/ledi\/wp-content\/uploads\/2025\/10\/ass_logo-H2H-preto-1536x1536.png 1536w, https:\/\/sites.uel.br\/ledi\/wp-content\/uploads\/2025\/10\/ass_logo-H2H-preto.png 2000w\" sizes=\"auto, (max-width: 1024px) 100vw, 1024px\" \/><\/figure>\n<\/div><\/div>\n<\/div>\n\n\n\n<div class=\"wp-block-columns is-layout-flex wp-container-core-columns-is-layout-9d6595d7 wp-block-columns-is-layout-flex\">\n<div class=\"wp-block-column is-layout-flow wp-block-column-is-layout-flow\">\n<p class=\"has-text-align-center\">ESPECIALIZA\u00c7\u00c3O<br>EM RELIGI\u00d5ES E<br>RELIGIOSIDADES &#8211; UEL<\/p>\n<\/div>\n\n\n\n<div class=\"wp-block-column is-layout-flow wp-block-column-is-layout-flow\"><div class=\"wp-block-image\">\n<figure class=\"aligncenter size-large is-resized\"><img loading=\"lazy\" decoding=\"async\" width=\"1024\" height=\"657\" src=\"https:\/\/sites.uel.br\/ledi\/wp-content\/uploads\/2025\/10\/Araucaria-logo-nova-2023-mono-preta-1024x657.png\" alt=\"\" class=\"wp-image-683\" style=\"width:145px;height:auto\" srcset=\"https:\/\/sites.uel.br\/ledi\/wp-content\/uploads\/2025\/10\/Araucaria-logo-nova-2023-mono-preta-1024x657.png 1024w, https:\/\/sites.uel.br\/ledi\/wp-content\/uploads\/2025\/10\/Araucaria-logo-nova-2023-mono-preta-300x192.png 300w, https:\/\/sites.uel.br\/ledi\/wp-content\/uploads\/2025\/10\/Araucaria-logo-nova-2023-mono-preta-768x493.png 768w, https:\/\/sites.uel.br\/ledi\/wp-content\/uploads\/2025\/10\/Araucaria-logo-nova-2023-mono-preta.png 1300w\" sizes=\"auto, (max-width: 1024px) 100vw, 1024px\" \/><\/figure>\n<\/div><\/div>\n\n\n\n<div class=\"wp-block-column is-layout-flow wp-block-column-is-layout-flow\"><div class=\"wp-block-image\">\n<figure class=\"aligncenter size-full is-resized\"><img loading=\"lazy\" decoding=\"async\" width=\"718\" height=\"314\" src=\"https:\/\/sites.uel.br\/ledi\/wp-content\/uploads\/2025\/10\/Captura-de-Tela-2025-10-01-as-14.50.19.png\" alt=\"\" class=\"wp-image-685\" style=\"width:215px;height:auto\" srcset=\"https:\/\/sites.uel.br\/ledi\/wp-content\/uploads\/2025\/10\/Captura-de-Tela-2025-10-01-as-14.50.19.png 718w, https:\/\/sites.uel.br\/ledi\/wp-content\/uploads\/2025\/10\/Captura-de-Tela-2025-10-01-as-14.50.19-300x131.png 300w\" sizes=\"auto, (max-width: 718px) 100vw, 718px\" \/><\/figure>\n<\/div><\/div>\n<\/div>\n\n\n\n<div class=\"wp-block-columns is-layout-flex wp-container-core-columns-is-layout-9d6595d7 wp-block-columns-is-layout-flex\">\n<div class=\"wp-block-column is-layout-flow wp-block-column-is-layout-flow\"><\/div>\n\n\n\n<div class=\"wp-block-column is-layout-flow wp-block-column-is-layout-flow\"><\/div>\n\n\n\n<div class=\"wp-block-column is-layout-flow wp-block-column-is-layout-flow\"><\/div>\n<\/div>\n\n\n\n<p><\/p>\n","protected":false},"excerpt":{"rendered":"<p>Anais &#8211; em breve Inscri\u00e7\u00f5es Programa\u00e7\u00e3o Geral Sobre Londrina ESPECIALIZA\u00c7\u00c3OEM RELIGI\u00d5ES ERELIGIOSIDADES &#8211; UEL<\/p>\n","protected":false},"author":9,"featured_media":45,"parent":0,"menu_order":0,"comment_status":"closed","ping_status":"closed","template":"","meta":{"_acf_changed":false,"_themeisle_gutenberg_block_has_review":false,"footnotes":""},"class_list":["post-63","page","type-page","status-publish","has-post-thumbnail","hentry"],"acf":[],"_links":{"self":[{"href":"https:\/\/sites.uel.br\/ledi\/wp-json\/wp\/v2\/pages\/63","targetHints":{"allow":["GET"]}}],"collection":[{"href":"https:\/\/sites.uel.br\/ledi\/wp-json\/wp\/v2\/pages"}],"about":[{"href":"https:\/\/sites.uel.br\/ledi\/wp-json\/wp\/v2\/types\/page"}],"author":[{"embeddable":true,"href":"https:\/\/sites.uel.br\/ledi\/wp-json\/wp\/v2\/users\/9"}],"replies":[{"embeddable":true,"href":"https:\/\/sites.uel.br\/ledi\/wp-json\/wp\/v2\/comments?post=63"}],"version-history":[{"count":30,"href":"https:\/\/sites.uel.br\/ledi\/wp-json\/wp\/v2\/pages\/63\/revisions"}],"predecessor-version":[{"id":732,"href":"https:\/\/sites.uel.br\/ledi\/wp-json\/wp\/v2\/pages\/63\/revisions\/732"}],"wp:featuredmedia":[{"embeddable":true,"href":"https:\/\/sites.uel.br\/ledi\/wp-json\/wp\/v2\/media\/45"}],"wp:attachment":[{"href":"https:\/\/sites.uel.br\/ledi\/wp-json\/wp\/v2\/media?parent=63"}],"curies":[{"name":"wp","href":"https:\/\/api.w.org\/{rel}","templated":true}]}}