{"id":461,"date":"2025-05-16T14:03:47","date_gmt":"2025-05-16T17:03:47","guid":{"rendered":"https:\/\/sites.uel.br\/ledi\/?page_id=461"},"modified":"2025-05-16T14:11:04","modified_gmt":"2025-05-16T17:11:04","slug":"461-2","status":"publish","type":"page","link":"https:\/\/sites.uel.br\/ledi\/461-2\/","title":{"rendered":"Minicurso 8"},"content":{"rendered":"\n<div style=\"height:40px\" aria-hidden=\"true\" class=\"wp-block-spacer\"><\/div>\n\n\n\n<p class=\"has-text-align-center\"><strong>UMA LEITURA IMAG\u00c9TICA\/PO\u00c9TICA DE ELEKTRA VIVE, DE FRANK MILLER: APROXIMA\u00c7\u00d5ES E DISTANCIAMENTOS ENTRE O REAL E O IMAGIN\u00c1RIO, O SAGRADO E O PROFANO<\/strong><br><br><\/p>\n\n\n\n<p class=\"has-text-align-right\"><a href=\"http:\/\/lattes.cnpq.br\/7250018652103002\">Eloyr Pacheco<\/a><br><\/p>\n\n\n\n<p>A proposta \u00e9, ao analisar a obra de Frank Miller e Lynn Varley, instigar os participantes a exercitarem uma leitura investigativa, explorando algumas das refer\u00eancias, signos e s\u00edmbolos utilizados na HQ, procurando tamb\u00e9m entender o angelical (sagrado) e o demon\u00edaco (profano) presentes na obra e observar a sua paleta de cores, utilizada para comunicar sentimentos e sensa\u00e7\u00f5es. A partir dessa investiga\u00e7\u00e3o, mostrar o quanto uma HQ pode ser complexa e repleta de camadas e, ainda, incentivar uma produ\u00e7\u00e3o pensada, organizada e planejada, sem abrir m\u00e3o da criatividade. Indicado para estudantes de Artes Visuais, Design Gr\u00e1fico, e interessados em produzir Hist\u00f3rias em Quadrinhos. Durante os tr\u00eas encontros, num processo mentorial, ser\u00e3o analisados portf\u00f3lios e projetos em andamento.<br><\/p>\n\n\n\n<p><strong>Palavras-chave:<\/strong> Quadrinhos; HQs; Comics<br><\/p>\n\n\n\n<p><strong>Bibliografia<\/strong>:<br>ALVES, Raphael Freire; CONTANI, Miguel Luiz. O \u201cInstante Decisivo\u201d: uma est\u00e9tica an\u00e1rquica para o olhar contempor\u00e2neo. <strong>Discursos Fotogr\u00e1ficos<\/strong>, Londrina, v.4, n.4, p.127-144, 2008.<br>ECO, Umberto. <strong>Semi\u00f3tica e Filosofia da Linguagem<\/strong>; [Tradu\u00e7\u00e3o de: Mariarosaria Fabris e Jos\u00e9 Lu\u00edz Fiorin]. S\u00e9rie Fundamentos 64, Editora \u00c1tica, 1984.<br>ELIADE, Mircea. <strong>O sagrado e o profano<\/strong>; [Tradu\u00e7\u00e3o Rog\u00e9rio Fernandes]. S\u00e3o Paulo: Martins Fontes, 1992.<br>RAMOS, Paulo. <strong>A Leitura dos Quadrinhos<\/strong>. S\u00e3o Paulo: Contexto, 2009.VISALLI, Angelita Marques [Org.].<strong> Imagens Religiosas<\/strong>. Londrina: UEL, 2014.<\/p>\n","protected":false},"excerpt":{"rendered":"<p>UMA LEITURA IMAG\u00c9TICA\/PO\u00c9TICA DE ELEKTRA VIVE, DE FRANK MILLER: APROXIMA\u00c7\u00d5ES E DISTANCIAMENTOS ENTRE O REAL E O IMAGIN\u00c1RIO, O SAGRADO E O PROFANO Eloyr Pacheco A proposta \u00e9, ao analisar a obra de Frank Miller e Lynn Varley, instigar os participantes a exercitarem uma leitura investigativa, explorando algumas das refer\u00eancias, signos e s\u00edmbolos utilizados na [&hellip;]<\/p>\n","protected":false},"author":9,"featured_media":0,"parent":0,"menu_order":0,"comment_status":"closed","ping_status":"closed","template":"","meta":{"_acf_changed":false,"_themeisle_gutenberg_block_has_review":false,"footnotes":""},"class_list":["post-461","page","type-page","status-publish","hentry"],"acf":[],"_links":{"self":[{"href":"https:\/\/sites.uel.br\/ledi\/wp-json\/wp\/v2\/pages\/461","targetHints":{"allow":["GET"]}}],"collection":[{"href":"https:\/\/sites.uel.br\/ledi\/wp-json\/wp\/v2\/pages"}],"about":[{"href":"https:\/\/sites.uel.br\/ledi\/wp-json\/wp\/v2\/types\/page"}],"author":[{"embeddable":true,"href":"https:\/\/sites.uel.br\/ledi\/wp-json\/wp\/v2\/users\/9"}],"replies":[{"embeddable":true,"href":"https:\/\/sites.uel.br\/ledi\/wp-json\/wp\/v2\/comments?post=461"}],"version-history":[{"count":3,"href":"https:\/\/sites.uel.br\/ledi\/wp-json\/wp\/v2\/pages\/461\/revisions"}],"predecessor-version":[{"id":502,"href":"https:\/\/sites.uel.br\/ledi\/wp-json\/wp\/v2\/pages\/461\/revisions\/502"}],"wp:attachment":[{"href":"https:\/\/sites.uel.br\/ledi\/wp-json\/wp\/v2\/media?parent=461"}],"curies":[{"name":"wp","href":"https:\/\/api.w.org\/{rel}","templated":true}]}}