{"id":457,"date":"2025-05-16T14:02:45","date_gmt":"2025-05-16T17:02:45","guid":{"rendered":"https:\/\/sites.uel.br\/ledi\/?page_id=457"},"modified":"2025-05-16T14:10:06","modified_gmt":"2025-05-16T17:10:06","slug":"457-2","status":"publish","type":"page","link":"https:\/\/sites.uel.br\/ledi\/457-2\/","title":{"rendered":"Minicurso 6"},"content":{"rendered":"\n<div style=\"height:40px\" aria-hidden=\"true\" class=\"wp-block-spacer\"><\/div>\n\n\n\n<p class=\"has-text-align-center\"><strong> MULHERES NA FOTOGRAFIA: POL\u00cdTICAS NA (DA) IMAGEM<\/strong><br><br><\/p>\n\n\n\n<p class=\"has-text-align-right\"><a href=\"http:\/\/lattes.cnpq.br\/1878661538516489\">Fabiane Tais Muzardo<\/a><br><a href=\"http:\/\/lattes.cnpq.br\/0188077527311770\">Ruth Tain\u00e1 Aparecida Piveta<\/a><br><\/p>\n\n\n\n<p>Este minicurso problematiza o lugar das mulheres na arte, com especial aten\u00e7\u00e3o \u00e0 fotografia. Discute o lugar historicamente delimitado para o fazer art\u00edstico das mulheres, a partir das constru\u00e7\u00f5es hist\u00f3rico-sociais de presen\u00e7a\/aus\u00eancia e visibilidades\/invisibilidades. Busca-se tensionar a rela\u00e7\u00e3o sujeito-objeto no fazer art\u00edstico, pensando a imagem como discurso que comunica, provoca e produz efeitos no tecido social. Para isso, apresentaremos trajet\u00f3rias de fot\u00f3grafas, cujos trabalhos se desenvolvem na Am\u00e9rica Latina em diferentes momentos hist\u00f3ricos: o in\u00edcio e o fim do s\u00e9culo XX.&nbsp; As fotografias de Tina Modotti sobre o cotidiano de mulheres, arte, cooperativas e escolas no M\u00e9xico, em meados de 1920, nos permitem pensar sobre uma realidade que extrapola as fronteiras nacionais mexicanas e evidenciam a vida e luta de diferentes sujeitos hist\u00f3ricos e grupos marginalizados. Al\u00e9m disso nos conta dos enfrentamentos vividos por ela enquanto mulher, fot\u00f3grafa e de classe baixa em um ambiente predominantemente masculino. Fernanda Magalh\u00e3es, por sua vez, nas d\u00e9cadas finais do s\u00e9culo, interroga, em suas produ\u00e7\u00f5es, os padr\u00f5es normativos nos quais a exist\u00eancia de mulheres \u00e9 localizada. Desde a afirma\u00e7\u00e3o da diferen\u00e7a corporal e da visibilidade de corpos em sua pot\u00eancia de singulariza\u00e7\u00e3o, provoca os regimes de visualidade que operam no cerceamento da diferen\u00e7a. Nossa an\u00e1lise de baseia em autores como Susan Sontag, Linda Nochlin, Didi-Huberman e Jacques Ranci\u00e8re, em uma perspectiva que visa o di\u00e1logo entre \u00e1reas como Hist\u00f3ria, Psicologia e Arte.<\/p>\n","protected":false},"excerpt":{"rendered":"<p>MULHERES NA FOTOGRAFIA: POL\u00cdTICAS NA (DA) IMAGEM Fabiane Tais MuzardoRuth Tain\u00e1 Aparecida Piveta Este minicurso problematiza o lugar das mulheres na arte, com especial aten\u00e7\u00e3o \u00e0 fotografia. Discute o lugar historicamente delimitado para o fazer art\u00edstico das mulheres, a partir das constru\u00e7\u00f5es hist\u00f3rico-sociais de presen\u00e7a\/aus\u00eancia e visibilidades\/invisibilidades. Busca-se tensionar a rela\u00e7\u00e3o sujeito-objeto no fazer art\u00edstico, [&hellip;]<\/p>\n","protected":false},"author":9,"featured_media":0,"parent":0,"menu_order":0,"comment_status":"closed","ping_status":"closed","template":"","meta":{"_acf_changed":false,"_themeisle_gutenberg_block_has_review":false,"footnotes":""},"class_list":["post-457","page","type-page","status-publish","hentry"],"acf":[],"_links":{"self":[{"href":"https:\/\/sites.uel.br\/ledi\/wp-json\/wp\/v2\/pages\/457","targetHints":{"allow":["GET"]}}],"collection":[{"href":"https:\/\/sites.uel.br\/ledi\/wp-json\/wp\/v2\/pages"}],"about":[{"href":"https:\/\/sites.uel.br\/ledi\/wp-json\/wp\/v2\/types\/page"}],"author":[{"embeddable":true,"href":"https:\/\/sites.uel.br\/ledi\/wp-json\/wp\/v2\/users\/9"}],"replies":[{"embeddable":true,"href":"https:\/\/sites.uel.br\/ledi\/wp-json\/wp\/v2\/comments?post=457"}],"version-history":[{"count":3,"href":"https:\/\/sites.uel.br\/ledi\/wp-json\/wp\/v2\/pages\/457\/revisions"}],"predecessor-version":[{"id":500,"href":"https:\/\/sites.uel.br\/ledi\/wp-json\/wp\/v2\/pages\/457\/revisions\/500"}],"wp:attachment":[{"href":"https:\/\/sites.uel.br\/ledi\/wp-json\/wp\/v2\/media?parent=457"}],"curies":[{"name":"wp","href":"https:\/\/api.w.org\/{rel}","templated":true}]}}