{"id":455,"date":"2025-05-16T14:02:04","date_gmt":"2025-05-16T17:02:04","guid":{"rendered":"https:\/\/sites.uel.br\/ledi\/?page_id=455"},"modified":"2025-05-16T14:09:18","modified_gmt":"2025-05-16T17:09:18","slug":"455-2","status":"publish","type":"page","link":"https:\/\/sites.uel.br\/ledi\/455-2\/","title":{"rendered":"Minicurso 5"},"content":{"rendered":"\n<div style=\"height:40px\" aria-hidden=\"true\" class=\"wp-block-spacer\"><\/div>\n\n\n\n<p class=\"has-text-align-center\"><strong>QUADRINHOS ALTERNATIVOS OU QUADRINHOS COMO ALTERNATIVA: EXPLORANDO A AUTORALIDADE DOS QUADRINHOS EXPERIMENTAIS<\/strong><br><br><\/p>\n\n\n\n<p class=\"has-text-align-right\"><a href=\"http:\/\/lattes.cnpq.br\/9777239310528500\">Valter do Carmo Moreira<\/a><br><a href=\"http:\/\/lattes.cnpq.br\/0255389136929057\">Guilherme Lima Bruno E Silveira<\/a><br><\/p>\n\n\n\n<p class=\"has-text-align-left\">A oficina &amp;quot;Quadrinhos alternativos ou quadrinhos como alternativa: Explorando a autoralidade dos quadrinhos experimentais&amp;quot; prop\u00f5e uma imers\u00e3o te\u00f3rico-pr\u00e1tica na linguagem das hist\u00f3rias em quadrinhos, com o objetivo de desconstruir hierarquias entre texto e imagem e promover a reeduca\u00e7\u00e3o do olhar e estimular a produ\u00e7\u00e3o art\u00edstica autoral, transformando leitores passivos em criadores ativos. Ao longo dos tr\u00eas encontros, ser\u00e3o apresentadas as ferramentas fundamentais da linguagem quadrin\u00edstica dentro de uma concep\u00e7\u00e3o est\u00e9tica, cr\u00edtica e expressiva, explorando sua rela\u00e7\u00e3o com a arte, a pol\u00edtica e a cultura contempor\u00e2nea, al\u00e9m de trabalhar refer\u00eancias hist\u00f3ricas e t\u00e9cnicas para estimular a produ\u00e7\u00e3o gr\u00e1fica dos alunos. Destinada a estudantes de Artes Visuais, Design, Comunica\u00e7\u00e3o e interessados de outras \u00e1reas, a oficina combina an\u00e1lise te\u00f3rica com exerc\u00edcios pr\u00e1ticos, incentivando a cria\u00e7\u00e3o de HQs que reflitam as viv\u00eancias e perspectivas dos participantes. Com foco no processo criativo e na valoriza\u00e7\u00e3o da produ\u00e7\u00e3o subjetiva de cada participante, a oficina busca ampliar o debate e a produ\u00e7\u00e3o de quadrinhos no \u00e2mbito universit\u00e1rio, ampliando repert\u00f3rios art\u00edsticos e fomentando a circula\u00e7\u00e3o cultural na universidade e para al\u00e9m dela.<\/p>\n\n\n\n<p><\/p>\n","protected":false},"excerpt":{"rendered":"<p>QUADRINHOS ALTERNATIVOS OU QUADRINHOS COMO ALTERNATIVA: EXPLORANDO A AUTORALIDADE DOS QUADRINHOS EXPERIMENTAIS Valter do Carmo MoreiraGuilherme Lima Bruno E Silveira A oficina &amp;quot;Quadrinhos alternativos ou quadrinhos como alternativa: Explorando a autoralidade dos quadrinhos experimentais&amp;quot; prop\u00f5e uma imers\u00e3o te\u00f3rico-pr\u00e1tica na linguagem das hist\u00f3rias em quadrinhos, com o objetivo de desconstruir hierarquias entre texto e imagem e [&hellip;]<\/p>\n","protected":false},"author":9,"featured_media":0,"parent":0,"menu_order":0,"comment_status":"closed","ping_status":"closed","template":"","meta":{"_acf_changed":false,"_themeisle_gutenberg_block_has_review":false,"footnotes":""},"class_list":["post-455","page","type-page","status-publish","hentry"],"acf":[],"_links":{"self":[{"href":"https:\/\/sites.uel.br\/ledi\/wp-json\/wp\/v2\/pages\/455","targetHints":{"allow":["GET"]}}],"collection":[{"href":"https:\/\/sites.uel.br\/ledi\/wp-json\/wp\/v2\/pages"}],"about":[{"href":"https:\/\/sites.uel.br\/ledi\/wp-json\/wp\/v2\/types\/page"}],"author":[{"embeddable":true,"href":"https:\/\/sites.uel.br\/ledi\/wp-json\/wp\/v2\/users\/9"}],"replies":[{"embeddable":true,"href":"https:\/\/sites.uel.br\/ledi\/wp-json\/wp\/v2\/comments?post=455"}],"version-history":[{"count":4,"href":"https:\/\/sites.uel.br\/ledi\/wp-json\/wp\/v2\/pages\/455\/revisions"}],"predecessor-version":[{"id":499,"href":"https:\/\/sites.uel.br\/ledi\/wp-json\/wp\/v2\/pages\/455\/revisions\/499"}],"wp:attachment":[{"href":"https:\/\/sites.uel.br\/ledi\/wp-json\/wp\/v2\/media?parent=455"}],"curies":[{"name":"wp","href":"https:\/\/api.w.org\/{rel}","templated":true}]}}