{"id":32,"date":"2025-04-24T10:47:34","date_gmt":"2025-04-24T13:47:34","guid":{"rendered":"https:\/\/sites.uel.br\/ledi\/?page_id=32"},"modified":"2025-08-18T11:01:19","modified_gmt":"2025-08-18T14:01:19","slug":"sobre","status":"publish","type":"page","link":"https:\/\/sites.uel.br\/ledi\/sobre\/","title":{"rendered":"Sobre"},"content":{"rendered":"\n<div style=\"height:46px\" aria-hidden=\"true\" class=\"wp-block-spacer\"><\/div>\n\n\n\n<p>O Laborat\u00f3rio de Estudos dos Dom\u00ednios da Imagem (LEDI), projeto criado em&nbsp;2006,&nbsp;tem&nbsp;o objetivo de promover a integra\u00e7\u00e3o entre professores(as), alunos(as) e comunidade externa, atrav\u00e9s do tema da IMAGEM.&nbsp;Trata-se de um projeto integrado, ou seja, desenvolve atividades de pesquisa, ensino e extens\u00e3o.&nbsp;<\/p>\n\n\n\n<p>Nosso Laborat\u00f3rio fomenta o desenvolvimento da pesquisa a partir da imagem enquanto objeto de estudo; a elabora\u00e7\u00e3o de&nbsp;produ\u00e7\u00e3o de material escrito e audiovisual&nbsp;(livros, v\u00eddeos e exposi\u00e7\u00f5es) voltados para o Ensino Fundamental,&nbsp;M\u00e9dio&nbsp;e comunidade externa; a realiza\u00e7\u00e3o de oficinas nas escolas municipais e estaduais; o estudo em grupos de trabalhos&nbsp;problematizando a imagem como fonte e\/ou objeto;&nbsp;organiza\u00e7\u00e3o do evento bianual, de car\u00e1ter internacional denominado ENEIMAGEM\/EIEMAGEM.<\/p>\n\n\n\n<div style=\"height:46px\" aria-hidden=\"true\" class=\"wp-block-spacer\"><\/div>\n\n\n<div class=\"wp-block-image is-style-rounded wp-duotone-unset-1\">\n<figure class=\"aligncenter size-large is-resized\"><img loading=\"lazy\" decoding=\"async\" width=\"1024\" height=\"1024\" src=\"https:\/\/sites.uel.br\/ledi\/wp-content\/uploads\/2025\/05\/Ativo-3fundo-preto-1024x1024.png\" alt=\"\" class=\"wp-image-263\" style=\"width:270px;height:auto\" srcset=\"https:\/\/sites.uel.br\/ledi\/wp-content\/uploads\/2025\/05\/Ativo-3fundo-preto-1024x1024.png 1024w, https:\/\/sites.uel.br\/ledi\/wp-content\/uploads\/2025\/05\/Ativo-3fundo-preto-300x300.png 300w, https:\/\/sites.uel.br\/ledi\/wp-content\/uploads\/2025\/05\/Ativo-3fundo-preto-150x150.png 150w, https:\/\/sites.uel.br\/ledi\/wp-content\/uploads\/2025\/05\/Ativo-3fundo-preto-768x768.png 768w, https:\/\/sites.uel.br\/ledi\/wp-content\/uploads\/2025\/05\/Ativo-3fundo-preto-1536x1536.png 1536w, https:\/\/sites.uel.br\/ledi\/wp-content\/uploads\/2025\/05\/Ativo-3fundo-preto-2048x2048.png 2048w\" sizes=\"auto, (max-width: 1024px) 100vw, 1024px\" \/><\/figure>\n<\/div>\n\n\n<div style=\"height:46px\" aria-hidden=\"true\" class=\"wp-block-spacer\"><\/div>\n\n\n\n<p><strong>Equipe 2025 &#8211; <\/strong>Corpo Docente<\/p>\n\n\n\n<div class=\"wp-block-columns is-layout-flex wp-container-core-columns-is-layout-9d6595d7 wp-block-columns-is-layout-flex\">\n<div class=\"wp-block-column is-layout-flow wp-block-column-is-layout-flow\" style=\"flex-basis:66.66%\">\n<ul class=\"wp-block-list\">\n<li><strong>Prof\u00aa Dra. Angelita Marques Visalli (UEL)<\/strong><br>Coordenadora<br>e-mail: visalli@uel.br<br><a href=\"https:\/\/buscatextual.cnpq.br\/buscatextual\/visualizacv.do?metodo=apresentar&amp;id=K4728106U3\">Link Lattes<\/a><\/li>\n<\/ul>\n\n\n\n<ul class=\"wp-block-list\">\n<li><strong>Prof\u00aa. Dra. Ana Helo\u00edsa Molina (UEL)<\/strong><br>e-mail: ahmolina@uel.br<br><a href=\"https:\/\/buscatextual.cnpq.br\/buscatextual\/visualizacv.do?metodo=apresentar&amp;id=K4791344Z0\">Link Lattes<\/a><\/li>\n<\/ul>\n\n\n\n<ul class=\"wp-block-list\">\n<li>Prof. Dr. Andre Camargo Lopes (SEEP\/PR)<br><a href=\"https:\/\/buscatextual.cnpq.br\/buscatextual\/visualizacv.do?metodo=apresentar&amp;id=K4518457H9\">Link Lattes<\/a><\/li>\n<\/ul>\n\n\n\n<ul class=\"wp-block-list\">\n<li>Prof. Dr. Carlos Alberto Sampaio (UNESP)<br><a href=\"https:\/\/buscatextual.cnpq.br\/buscatextual\/visualizacv.do?metodo=apresentar&amp;id=K4723404Y7\">Link Lattes<\/a><\/li>\n<\/ul>\n\n\n\n<ul class=\"wp-block-list\">\n<li>Prof\u00aa. Dra. Edm\u00e9ia  Aparecida Ribeiro (UEL)<br>e-mail: edmeialondrina@uel.br<br><a href=\"https:\/\/buscatextual.cnpq.br\/buscatextual\/visualizacv.do?metodo=apresentar&amp;id=K4791199J4\">Link Lattes<\/a><\/li>\n<\/ul>\n\n\n\n<ul class=\"wp-block-list\">\n<li>Prof\u00aa. Dra. Pamela Wanessa Godoi (UEL)<br>e-mail: pamelawanessa@uel.br<br>Link Lattes<\/li>\n<\/ul>\n\n\n\n<ul class=\"wp-block-list\">\n<li>Prof\u00aa. Dra. Priscilla Perrud Silva (UEL)<br>e-mail: llaperrud@uel.br<br><a href=\"https:\/\/buscatextual.cnpq.br\/buscatextual\/visualizacv.do?metodo=apresentar&amp;id=K4471389T0\">Link Lattes<\/a><\/li>\n<\/ul>\n\n\n\n<ul class=\"wp-block-list\">\n<li>Prof. Dr. Rog\u00e9rio Ivano (UEL)<br>e-mail: hiwano@uel.br<br><a href=\"https:\/\/buscatextual.cnpq.br\/buscatextual\/visualizacv.do?metodo=apresentar&amp;id=K4706055A2\">Link Lattes<\/a><\/li>\n<\/ul>\n\n\n\n<p><br><br><\/p>\n<\/div>\n<\/div>\n\n\n\n<div class=\"wp-block-columns is-layout-flex wp-container-core-columns-is-layout-9d6595d7 wp-block-columns-is-layout-flex\">\n<div class=\"wp-block-column is-layout-flow wp-block-column-is-layout-flow\" style=\"flex-basis:66.66%\"><\/div>\n<\/div>\n\n\n\n<div style=\"height:46px\" aria-hidden=\"true\" class=\"wp-block-spacer\"><\/div>\n\n\n\n<p><\/p>\n","protected":false},"excerpt":{"rendered":"<p>O Laborat\u00f3rio de Estudos dos Dom\u00ednios da Imagem (LEDI), projeto criado em&nbsp;2006,&nbsp;tem&nbsp;o objetivo de promover a integra\u00e7\u00e3o entre professores(as), alunos(as) e comunidade externa, atrav\u00e9s do tema da IMAGEM.&nbsp;Trata-se de um projeto integrado, ou seja, desenvolve atividades de pesquisa, ensino e extens\u00e3o.&nbsp; Nosso Laborat\u00f3rio fomenta o desenvolvimento da pesquisa a partir da imagem enquanto objeto de [&hellip;]<\/p>\n","protected":false},"author":9,"featured_media":0,"parent":0,"menu_order":0,"comment_status":"closed","ping_status":"closed","template":"","meta":{"_acf_changed":false,"_themeisle_gutenberg_block_has_review":false,"footnotes":""},"class_list":["post-32","page","type-page","status-publish","hentry"],"acf":[],"_links":{"self":[{"href":"https:\/\/sites.uel.br\/ledi\/wp-json\/wp\/v2\/pages\/32","targetHints":{"allow":["GET"]}}],"collection":[{"href":"https:\/\/sites.uel.br\/ledi\/wp-json\/wp\/v2\/pages"}],"about":[{"href":"https:\/\/sites.uel.br\/ledi\/wp-json\/wp\/v2\/types\/page"}],"author":[{"embeddable":true,"href":"https:\/\/sites.uel.br\/ledi\/wp-json\/wp\/v2\/users\/9"}],"replies":[{"embeddable":true,"href":"https:\/\/sites.uel.br\/ledi\/wp-json\/wp\/v2\/comments?post=32"}],"version-history":[{"count":47,"href":"https:\/\/sites.uel.br\/ledi\/wp-json\/wp\/v2\/pages\/32\/revisions"}],"predecessor-version":[{"id":666,"href":"https:\/\/sites.uel.br\/ledi\/wp-json\/wp\/v2\/pages\/32\/revisions\/666"}],"wp:attachment":[{"href":"https:\/\/sites.uel.br\/ledi\/wp-json\/wp\/v2\/media?parent=32"}],"curies":[{"name":"wp","href":"https:\/\/api.w.org\/{rel}","templated":true}]}}