{"id":186,"date":"2025-05-07T13:57:51","date_gmt":"2025-05-07T16:57:51","guid":{"rendered":"https:\/\/sites.uel.br\/ledi\/?page_id=186"},"modified":"2025-05-15T13:09:58","modified_gmt":"2025-05-15T16:09:58","slug":"imaginarios-sociais","status":"publish","type":"page","link":"https:\/\/sites.uel.br\/ledi\/imaginarios-sociais\/","title":{"rendered":"IMAGIN\u00c1RIOS SOCIAIS"},"content":{"rendered":"\n<div style=\"height:100px\" aria-hidden=\"true\" class=\"wp-block-spacer\"><\/div>\n\n\n\n<p>O Grupo de Trabalho de Imagin\u00e1rios Sociais re\u00fane pesquisadores que abordam quest\u00f5es contempor\u00e2neas da cultura midi\u00e1tica, das novas tecnologias, da sociedade de consumo e da pol\u00edtica a partir das perspectivas do imagin\u00e1rio e da imagina\u00e7\u00e3o social, das pr\u00e1ticas e representa\u00e7\u00f5es, da constru\u00e7\u00e3o social da realidade, da cria\u00e7\u00e3o de pap\u00e9is e m\u00e1scaras sociais, do poder simb\u00f3lico, das mitologias contempor\u00e2neas e da produ\u00e7\u00e3o de sentido nas m\u00eddias nas atuais configura\u00e7\u00f5es da sociedade do espet\u00e1culo.<\/p>\n\n\n\n<p><strong>Coordena\u00e7\u00e3o<\/strong>: Prof. <a href=\"http:\/\/lattes.cnpq.br\/3458784367523009\">Dr. Alberto Carlos Augusto Klein <\/a>; <a href=\"http:\/\/lattes.cnpq.br\/5565508488791214\">Prof. Dr.<strong>&nbsp;<\/strong>Andre Azevedo Da Fonseca<\/a> e <a href=\"http:\/\/lattes.cnpq.br\/2778413245735367\">Prof. Dr.Hertz Wendell de Camargo<\/a><\/p>\n\n\n\n<p><strong>Imagem:<\/strong>&nbsp;Jim Merithew<\/p>\n","protected":false},"excerpt":{"rendered":"<p>O Grupo de Trabalho de Imagin\u00e1rios Sociais re\u00fane pesquisadores que abordam quest\u00f5es contempor\u00e2neas da cultura midi\u00e1tica, das novas tecnologias, da sociedade de consumo e da pol\u00edtica a partir das perspectivas do imagin\u00e1rio e da imagina\u00e7\u00e3o social, das pr\u00e1ticas e representa\u00e7\u00f5es, da constru\u00e7\u00e3o social da realidade, da cria\u00e7\u00e3o de pap\u00e9is e m\u00e1scaras sociais, do poder simb\u00f3lico, [&hellip;]<\/p>\n","protected":false},"author":9,"featured_media":0,"parent":0,"menu_order":0,"comment_status":"closed","ping_status":"closed","template":"","meta":{"_acf_changed":false,"_themeisle_gutenberg_block_has_review":false,"footnotes":""},"class_list":["post-186","page","type-page","status-publish","hentry"],"acf":[],"_links":{"self":[{"href":"https:\/\/sites.uel.br\/ledi\/wp-json\/wp\/v2\/pages\/186","targetHints":{"allow":["GET"]}}],"collection":[{"href":"https:\/\/sites.uel.br\/ledi\/wp-json\/wp\/v2\/pages"}],"about":[{"href":"https:\/\/sites.uel.br\/ledi\/wp-json\/wp\/v2\/types\/page"}],"author":[{"embeddable":true,"href":"https:\/\/sites.uel.br\/ledi\/wp-json\/wp\/v2\/users\/9"}],"replies":[{"embeddable":true,"href":"https:\/\/sites.uel.br\/ledi\/wp-json\/wp\/v2\/comments?post=186"}],"version-history":[{"count":6,"href":"https:\/\/sites.uel.br\/ledi\/wp-json\/wp\/v2\/pages\/186\/revisions"}],"predecessor-version":[{"id":437,"href":"https:\/\/sites.uel.br\/ledi\/wp-json\/wp\/v2\/pages\/186\/revisions\/437"}],"wp:attachment":[{"href":"https:\/\/sites.uel.br\/ledi\/wp-json\/wp\/v2\/media?parent=186"}],"curies":[{"name":"wp","href":"https:\/\/api.w.org\/{rel}","templated":true}]}}