{"id":184,"date":"2025-05-07T13:56:07","date_gmt":"2025-05-07T16:56:07","guid":{"rendered":"https:\/\/sites.uel.br\/ledi\/?page_id=184"},"modified":"2025-05-15T13:10:25","modified_gmt":"2025-05-15T16:10:25","slug":"oriente-imagem-e-representacoes","status":"publish","type":"page","link":"https:\/\/sites.uel.br\/ledi\/oriente-imagem-e-representacoes\/","title":{"rendered":"ORIENTE, IMAGEM E REPRESENTA\u00c7\u00d5ES"},"content":{"rendered":"\n<div style=\"height:100px\" aria-hidden=\"true\" class=\"wp-block-spacer\"><\/div>\n\n\n\n<p>Lidar com o Oriente \u00e9 um assunto complexo, na medida em que h\u00e1 diversas vari\u00e1veis em foco. O que o conceito engloba? O Oriente M\u00e9dio, o Oriente ou o Leste Asi\u00e1tico? Eles podem ser pensados no interior de uma mesma matriz explicativa? O Oriente pode ser pensado em seus pr\u00f3prios termos ou \u00e9 fruto da constru\u00e7\u00e3o de representa\u00e7\u00f5es \u2013 muitas delas imag\u00e9ticas \u2013 do pr\u00f3prio Ocidente? Refletir sobre ele implica pensar apenas nas regi\u00f5es de origem ou nos processos de dissemina\u00e7\u00e3o de sua cultura ao redor do planeta? O simp\u00f3sio tem\u00e1tico aqui proposto tem o objetivo de congregar pesquisadores e pesquisas em torno desse objeto difuso, articulando-o \u00e0s discuss\u00f5es em torno da visualidade.<br><\/p>\n\n\n\n<p><strong>Coordena\u00e7\u00e3o<\/strong>: <a href=\"http:\/\/lattes.cnpq.br\/1798165095642353\">Prof. Dr. Richard Shimada Andr\u00e9<\/a> e <a href=\"http:\/\/lattes.cnpq.br\/5522886687937141\">Prof. Dr. Jos\u00e9 Rodolfo Vieira<\/a><\/p>\n\n\n\n<p><\/p>\n\n\n\n<p><strong>Imagem:<\/strong>&nbsp;Acervo pessoal Richard Shimada Andr\u00e9<\/p>\n","protected":false},"excerpt":{"rendered":"<p>Lidar com o Oriente \u00e9 um assunto complexo, na medida em que h\u00e1 diversas vari\u00e1veis em foco. O que o conceito engloba? O Oriente M\u00e9dio, o Oriente ou o Leste Asi\u00e1tico? Eles podem ser pensados no interior de uma mesma matriz explicativa? O Oriente pode ser pensado em seus pr\u00f3prios termos ou \u00e9 fruto da [&hellip;]<\/p>\n","protected":false},"author":9,"featured_media":0,"parent":0,"menu_order":0,"comment_status":"closed","ping_status":"closed","template":"","meta":{"_acf_changed":false,"_themeisle_gutenberg_block_has_review":false,"footnotes":""},"class_list":["post-184","page","type-page","status-publish","hentry"],"acf":[],"_links":{"self":[{"href":"https:\/\/sites.uel.br\/ledi\/wp-json\/wp\/v2\/pages\/184","targetHints":{"allow":["GET"]}}],"collection":[{"href":"https:\/\/sites.uel.br\/ledi\/wp-json\/wp\/v2\/pages"}],"about":[{"href":"https:\/\/sites.uel.br\/ledi\/wp-json\/wp\/v2\/types\/page"}],"author":[{"embeddable":true,"href":"https:\/\/sites.uel.br\/ledi\/wp-json\/wp\/v2\/users\/9"}],"replies":[{"embeddable":true,"href":"https:\/\/sites.uel.br\/ledi\/wp-json\/wp\/v2\/comments?post=184"}],"version-history":[{"count":5,"href":"https:\/\/sites.uel.br\/ledi\/wp-json\/wp\/v2\/pages\/184\/revisions"}],"predecessor-version":[{"id":438,"href":"https:\/\/sites.uel.br\/ledi\/wp-json\/wp\/v2\/pages\/184\/revisions\/438"}],"wp:attachment":[{"href":"https:\/\/sites.uel.br\/ledi\/wp-json\/wp\/v2\/media?parent=184"}],"curies":[{"name":"wp","href":"https:\/\/api.w.org\/{rel}","templated":true}]}}