{"id":178,"date":"2025-05-12T09:13:46","date_gmt":"2025-05-12T12:13:46","guid":{"rendered":"https:\/\/sites.uel.br\/ledi\/?page_id=178"},"modified":"2025-05-15T13:11:51","modified_gmt":"2025-05-15T16:11:51","slug":"politica","status":"publish","type":"page","link":"https:\/\/sites.uel.br\/ledi\/politica\/","title":{"rendered":"POL\u00cdTICA"},"content":{"rendered":"\n<div style=\"height:100px\" aria-hidden=\"true\" class=\"wp-block-spacer\"><\/div>\n\n\n\n<p>As rela\u00e7\u00f5es entre imagem e pol\u00edtica t\u00eam se tornado uma das vertentes que mais vem crescendo nas distintas disciplinas das Ci\u00eancias Humanas nas \u00faltimas d\u00e9cadas. A partir de uma hist\u00f3ria pol\u00edtica renovada e n\u00e3o se limitando aos estudos relacionados ao Estado, investigadores v\u00eam produzido ricas e instigadoras pesquisas nas distintas \u00e1reas tais como m\u00eddia, propaganda, arte, fotografia e cinema. Este eixo tem\u00e1tico se prop\u00f5e a ser um espa\u00e7o de debate e reflex\u00e3o de pesquisas vinculadas a esses estudos.<\/p>\n\n\n\n<p><strong>Coordena\u00e7\u00e3o<\/strong>: <a href=\"http:\/\/lattes.cnpq.br\/5158189443784737\">Prof. Dr. Carlos Alberto Sampaio<\/a><\/p>\n\n\n\n<p><\/p>\n","protected":false},"excerpt":{"rendered":"<p>As rela\u00e7\u00f5es entre imagem e pol\u00edtica t\u00eam se tornado uma das vertentes que mais vem crescendo nas distintas disciplinas das Ci\u00eancias Humanas nas \u00faltimas d\u00e9cadas. A partir de uma hist\u00f3ria pol\u00edtica renovada e n\u00e3o se limitando aos estudos relacionados ao Estado, investigadores v\u00eam produzido ricas e instigadoras pesquisas nas distintas \u00e1reas tais como m\u00eddia, propaganda, [&hellip;]<\/p>\n","protected":false},"author":9,"featured_media":0,"parent":0,"menu_order":0,"comment_status":"closed","ping_status":"closed","template":"","meta":{"_acf_changed":false,"_themeisle_gutenberg_block_has_review":false,"footnotes":""},"class_list":["post-178","page","type-page","status-publish","hentry"],"acf":[],"_links":{"self":[{"href":"https:\/\/sites.uel.br\/ledi\/wp-json\/wp\/v2\/pages\/178","targetHints":{"allow":["GET"]}}],"collection":[{"href":"https:\/\/sites.uel.br\/ledi\/wp-json\/wp\/v2\/pages"}],"about":[{"href":"https:\/\/sites.uel.br\/ledi\/wp-json\/wp\/v2\/types\/page"}],"author":[{"embeddable":true,"href":"https:\/\/sites.uel.br\/ledi\/wp-json\/wp\/v2\/users\/9"}],"replies":[{"embeddable":true,"href":"https:\/\/sites.uel.br\/ledi\/wp-json\/wp\/v2\/comments?post=178"}],"version-history":[{"count":5,"href":"https:\/\/sites.uel.br\/ledi\/wp-json\/wp\/v2\/pages\/178\/revisions"}],"predecessor-version":[{"id":441,"href":"https:\/\/sites.uel.br\/ledi\/wp-json\/wp\/v2\/pages\/178\/revisions\/441"}],"wp:attachment":[{"href":"https:\/\/sites.uel.br\/ledi\/wp-json\/wp\/v2\/media?parent=178"}],"curies":[{"name":"wp","href":"https:\/\/api.w.org\/{rel}","templated":true}]}}