{"id":173,"date":"2025-05-07T13:50:41","date_gmt":"2025-05-07T16:50:41","guid":{"rendered":"https:\/\/sites.uel.br\/ledi\/?page_id=173"},"modified":"2025-05-15T13:06:22","modified_gmt":"2025-05-15T16:06:22","slug":"cinema-e-tempo-social","status":"publish","type":"page","link":"https:\/\/sites.uel.br\/ledi\/cinema-e-tempo-social\/","title":{"rendered":"CINEMA E TEMPO SOCIAL"},"content":{"rendered":"\n<div style=\"height:100px\" aria-hidden=\"true\" class=\"wp-block-spacer\"><\/div>\n\n\n\n<p>Neste ano em que o filme brasileiro \u201cAinda estou aqui\u201d foi premiado mundo afora, o cinema novamente usa sua linguagem para contar uma hist\u00f3ria inacabada da nossa sociedade. \u00c9 essa rela\u00e7\u00e3o entre um passado ainda bruto e um futuro \u00e0 espera, mediado pela presen\u00e7a do presente cinematogr\u00e1fico, que este ST procura enfatizar. Do tempo inacabado, visto da janela projetada pela tela do cinema, nos chega uma voz muda? Ou uma grita, uma cacofonia de sentidos?<\/p>\n\n\n\n<p><strong>Coordena\u00e7\u00e3o<\/strong>: <a href=\"http:\/\/lattes.cnpq.br\/4542495182971122\">Prof. Dr. Rog\u00e9rio Ivano<\/a><\/p>\n\n\n\n<p><\/p>\n\n\n\n<p><strong>Imagem:<\/strong>\u00a0<a href=\"https:\/\/arquivosdaditadura.com.br\/documento\/galeria\/os-documentos-rubens-paiva#pagina-1\">https:\/\/arquivosdaditadura.com.br\/documento\/galeria\/os-documentos-rubens-paiva#pagina-1<\/a><\/p>\n","protected":false},"excerpt":{"rendered":"<p>Neste ano em que o filme brasileiro \u201cAinda estou aqui\u201d foi premiado mundo afora, o cinema novamente usa sua linguagem para contar uma hist\u00f3ria inacabada da nossa sociedade. \u00c9 essa rela\u00e7\u00e3o entre um passado ainda bruto e um futuro \u00e0 espera, mediado pela presen\u00e7a do presente cinematogr\u00e1fico, que este ST procura enfatizar. Do tempo inacabado, [&hellip;]<\/p>\n","protected":false},"author":9,"featured_media":0,"parent":0,"menu_order":0,"comment_status":"closed","ping_status":"closed","template":"","meta":{"_acf_changed":false,"_themeisle_gutenberg_block_has_review":false,"footnotes":""},"class_list":["post-173","page","type-page","status-publish","hentry"],"acf":[],"_links":{"self":[{"href":"https:\/\/sites.uel.br\/ledi\/wp-json\/wp\/v2\/pages\/173","targetHints":{"allow":["GET"]}}],"collection":[{"href":"https:\/\/sites.uel.br\/ledi\/wp-json\/wp\/v2\/pages"}],"about":[{"href":"https:\/\/sites.uel.br\/ledi\/wp-json\/wp\/v2\/types\/page"}],"author":[{"embeddable":true,"href":"https:\/\/sites.uel.br\/ledi\/wp-json\/wp\/v2\/users\/9"}],"replies":[{"embeddable":true,"href":"https:\/\/sites.uel.br\/ledi\/wp-json\/wp\/v2\/comments?post=173"}],"version-history":[{"count":5,"href":"https:\/\/sites.uel.br\/ledi\/wp-json\/wp\/v2\/pages\/173\/revisions"}],"predecessor-version":[{"id":431,"href":"https:\/\/sites.uel.br\/ledi\/wp-json\/wp\/v2\/pages\/173\/revisions\/431"}],"wp:attachment":[{"href":"https:\/\/sites.uel.br\/ledi\/wp-json\/wp\/v2\/media?parent=173"}],"curies":[{"name":"wp","href":"https:\/\/api.w.org\/{rel}","templated":true}]}}