{"id":171,"date":"2025-05-07T13:49:52","date_gmt":"2025-05-07T16:49:52","guid":{"rendered":"https:\/\/sites.uel.br\/ledi\/?page_id=171"},"modified":"2025-05-15T13:07:11","modified_gmt":"2025-05-15T16:07:11","slug":"estudo-de-genero-e-historia-das-mulheres","status":"publish","type":"page","link":"https:\/\/sites.uel.br\/ledi\/estudo-de-genero-e-historia-das-mulheres\/","title":{"rendered":"ESTUDO DE G\u00caNERO E HIST\u00d3RIA DAS MULHERES"},"content":{"rendered":"\n<div style=\"height:100px\" aria-hidden=\"true\" class=\"wp-block-spacer\"><\/div>\n\n\n\n<p>Este eixo tem\u00e1tico contempla trabalhos de diversas \u00e1reas do conhecimento que tematizem G\u00eanero e\/ou Hist\u00f3ria das Mulheres. Ser\u00e3o aceitos trabalhos que se vinculam aos estudos da mulher &#8211; que t\u00eam como eixo tornar vis\u00edveis aquelas que sempre foram invisibilizadas -, e os estudos a partir da perspectiva de g\u00eanero e das novas pol\u00edticas de g\u00eanero.<\/p>\n\n\n\n<p><strong>Coordena\u00e7\u00e3o<\/strong>: <a href=\"http:\/\/lattes.cnpq.br\/5132804060560336\">Profa. Dra. Edm\u00e9ia Ribeiro<\/a><\/p>\n\n\n\n<p><br><\/p>\n","protected":false},"excerpt":{"rendered":"<p>Este eixo tem\u00e1tico contempla trabalhos de diversas \u00e1reas do conhecimento que tematizem G\u00eanero e\/ou Hist\u00f3ria das Mulheres. Ser\u00e3o aceitos trabalhos que se vinculam aos estudos da mulher &#8211; que t\u00eam como eixo tornar vis\u00edveis aquelas que sempre foram invisibilizadas -, e os estudos a partir da perspectiva de g\u00eanero e das novas pol\u00edticas de g\u00eanero. [&hellip;]<\/p>\n","protected":false},"author":9,"featured_media":0,"parent":0,"menu_order":0,"comment_status":"closed","ping_status":"closed","template":"","meta":{"_acf_changed":false,"_themeisle_gutenberg_block_has_review":false,"footnotes":""},"class_list":["post-171","page","type-page","status-publish","hentry"],"acf":[],"_links":{"self":[{"href":"https:\/\/sites.uel.br\/ledi\/wp-json\/wp\/v2\/pages\/171","targetHints":{"allow":["GET"]}}],"collection":[{"href":"https:\/\/sites.uel.br\/ledi\/wp-json\/wp\/v2\/pages"}],"about":[{"href":"https:\/\/sites.uel.br\/ledi\/wp-json\/wp\/v2\/types\/page"}],"author":[{"embeddable":true,"href":"https:\/\/sites.uel.br\/ledi\/wp-json\/wp\/v2\/users\/9"}],"replies":[{"embeddable":true,"href":"https:\/\/sites.uel.br\/ledi\/wp-json\/wp\/v2\/comments?post=171"}],"version-history":[{"count":5,"href":"https:\/\/sites.uel.br\/ledi\/wp-json\/wp\/v2\/pages\/171\/revisions"}],"predecessor-version":[{"id":433,"href":"https:\/\/sites.uel.br\/ledi\/wp-json\/wp\/v2\/pages\/171\/revisions\/433"}],"wp:attachment":[{"href":"https:\/\/sites.uel.br\/ledi\/wp-json\/wp\/v2\/media?parent=171"}],"curies":[{"name":"wp","href":"https:\/\/api.w.org\/{rel}","templated":true}]}}