{"id":169,"date":"2025-05-15T10:39:11","date_gmt":"2025-05-15T13:39:11","guid":{"rendered":"https:\/\/sites.uel.br\/ledi\/?page_id=169"},"modified":"2025-05-16T13:55:36","modified_gmt":"2025-05-16T16:55:36","slug":"paisagem-espaco-e-construcao","status":"publish","type":"page","link":"https:\/\/sites.uel.br\/ledi\/paisagem-espaco-e-construcao\/","title":{"rendered":"PAISAGEM, ESPA\u00c7O E CONSTRU\u00c7\u00c3O"},"content":{"rendered":"\n<div style=\"height:100px\" aria-hidden=\"true\" class=\"wp-block-spacer\"><\/div>\n\n\n\n<p>Paisagem \u00e9 um termo poliss\u00eamico. Surge na Europa, no renascimento, como denomina\u00e7\u00e3o de um g\u00eanero de pintura e, no s\u00e9culo XIX, \u00e9 apropriado pela Geografia e transvertido numa categoria cient\u00edfica. De representa\u00e7\u00e3o de uma vista se transforma na pr\u00f3pria concretude percebida. Hoje s\u00e3o in\u00fameras as defini\u00e7\u00f5es de paisagem fixadas pela geografia, hist\u00f3ria, antropologia, pelas artes e pelo senso comum. Tamb\u00e9m s\u00e3o v\u00e1rios os tipos de paisagem a que remetemos, a natural, cultural, olfativa, imaginada e memorizada. Propomos agrupar neste eixo tem\u00e1tico pesquisas que discutam a paisagem nos seus mais diversos enfoques, seja como percep\u00e7\u00e3o, seja como materialidade, seja campo, seja cidade.<br>Paisagem \u00e9 um termo poliss\u00eamico. Surge na Europa, no renascimento, como denomina\u00e7\u00e3o de um g\u00eanero de pintura e, no s\u00e9culo XIX, \u00e9 apropriado pela Geografia e transvertido numa categoria cient\u00edfica. De representa\u00e7\u00e3o de uma vista se transforma na pr\u00f3pria concretude percebida. Hoje s\u00e3o in\u00fameras as defini\u00e7\u00f5es de paisagem fixadas pela geografia, hist\u00f3ria, antropologia, pelas artes e pelo senso comum. Tamb\u00e9m s\u00e3o v\u00e1rios os tipos de paisagem a que remetemos, a natural, cultural, olfativa, imaginada e memorizada. Propomos agrupar neste eixo tem\u00e1tico pesquisas que discutam a paisagem nos seus mais diversos enfoques, seja como percep\u00e7\u00e3o, seja como materialidade, seja campo, seja cidade.<\/p>\n\n\n\n<p><strong>Coordena\u00e7\u00e3o<\/strong>: <a href=\"http:\/\/lattes.cnpq.br\/1966745656154021\">Profa. Dra. Dora Shellard Corr\u00eaa<\/a><\/p>\n\n\n\n<p><strong>Imagem:<\/strong> Plinio Silveira Correa, Monte Roraima, 2018.<\/p>\n","protected":false},"excerpt":{"rendered":"<p>Paisagem \u00e9 um termo poliss\u00eamico. Surge na Europa, no renascimento, como denomina\u00e7\u00e3o de um g\u00eanero de pintura e, no s\u00e9culo XIX, \u00e9 apropriado pela Geografia e transvertido numa categoria cient\u00edfica. De representa\u00e7\u00e3o de uma vista se transforma na pr\u00f3pria concretude percebida. Hoje s\u00e3o in\u00fameras as defini\u00e7\u00f5es de paisagem fixadas pela geografia, hist\u00f3ria, antropologia, pelas artes [&hellip;]<\/p>\n","protected":false},"author":9,"featured_media":0,"parent":0,"menu_order":0,"comment_status":"closed","ping_status":"closed","template":"","meta":{"_acf_changed":false,"_themeisle_gutenberg_block_has_review":false,"footnotes":""},"class_list":["post-169","page","type-page","status-publish","hentry"],"acf":[],"_links":{"self":[{"href":"https:\/\/sites.uel.br\/ledi\/wp-json\/wp\/v2\/pages\/169","targetHints":{"allow":["GET"]}}],"collection":[{"href":"https:\/\/sites.uel.br\/ledi\/wp-json\/wp\/v2\/pages"}],"about":[{"href":"https:\/\/sites.uel.br\/ledi\/wp-json\/wp\/v2\/types\/page"}],"author":[{"embeddable":true,"href":"https:\/\/sites.uel.br\/ledi\/wp-json\/wp\/v2\/users\/9"}],"replies":[{"embeddable":true,"href":"https:\/\/sites.uel.br\/ledi\/wp-json\/wp\/v2\/comments?post=169"}],"version-history":[{"count":5,"href":"https:\/\/sites.uel.br\/ledi\/wp-json\/wp\/v2\/pages\/169\/revisions"}],"predecessor-version":[{"id":478,"href":"https:\/\/sites.uel.br\/ledi\/wp-json\/wp\/v2\/pages\/169\/revisions\/478"}],"wp:attachment":[{"href":"https:\/\/sites.uel.br\/ledi\/wp-json\/wp\/v2\/media?parent=169"}],"curies":[{"name":"wp","href":"https:\/\/api.w.org\/{rel}","templated":true}]}}