{"id":167,"date":"2025-05-12T09:03:03","date_gmt":"2025-05-12T12:03:03","guid":{"rendered":"https:\/\/sites.uel.br\/ledi\/?page_id=167"},"modified":"2025-05-16T13:54:34","modified_gmt":"2025-05-16T16:54:34","slug":"imagem-e-educacao","status":"publish","type":"page","link":"https:\/\/sites.uel.br\/ledi\/imagem-e-educacao\/","title":{"rendered":"IMAGEM E EDUCA\u00c7\u00c3O"},"content":{"rendered":"\n<div style=\"height:100px\" aria-hidden=\"true\" class=\"wp-block-spacer\"><\/div>\n\n\n\n<p>Este eixo tem como finalidade promover reflex\u00f5es acerca da imagem como parte essencial da forma\u00e7\u00e3o humana. Tendo como fundamento esse princ\u00edpio, entende-se as representa\u00e7\u00f5es visuais sob a multiplicidade de pr\u00e1ticas educativas em diferentes tempos hist\u00f3ricos. Assim, os usos da iconografia se desdobram sob as mais diversas possibilidades e suportes (pinturas, fotografias, grafite etc). A partir da variedade de formas e abordagens, \u00e9 sempre poss\u00edvel a apropria\u00e7\u00e3o educativa, porque as imagens tem essa inten\u00e7\u00e3o ou porque elas podem possibilitar conhecimento sobre o passado.<br><\/p>\n\n\n\n<p><strong>Coordena\u00e7\u00e3o<\/strong>: <a href=\"http:\/\/lattes.cnpq.br\/7525108577501517\">Profa Dra Terezinha Oliveira<\/a> e <a href=\"http:\/\/lattes.cnpq.br\/7589708901294641\">Profa Dra Meire Aparecida L\u00f3de Nunes<\/a><\/p>\n\n\n\n<p><strong>Imagem: <\/strong>Miniatura italiana que retrata uma aula universit\u00e1ria durante o Medievo, s\u00e9c. XIV. Biblioteca Municipal de Cambrai. Autor desconhecido.<strong><br><\/strong><\/p>\n\n\n\n<p><\/p>\n","protected":false},"excerpt":{"rendered":"<p>Este eixo tem como finalidade promover reflex\u00f5es acerca da imagem como parte essencial da forma\u00e7\u00e3o humana. Tendo como fundamento esse princ\u00edpio, entende-se as representa\u00e7\u00f5es visuais sob a multiplicidade de pr\u00e1ticas educativas em diferentes tempos hist\u00f3ricos. Assim, os usos da iconografia se desdobram sob as mais diversas possibilidades e suportes (pinturas, fotografias, grafite etc). A partir [&hellip;]<\/p>\n","protected":false},"author":9,"featured_media":0,"parent":0,"menu_order":0,"comment_status":"closed","ping_status":"closed","template":"","meta":{"_acf_changed":false,"_themeisle_gutenberg_block_has_review":false,"footnotes":""},"class_list":["post-167","page","type-page","status-publish","hentry"],"acf":[],"_links":{"self":[{"href":"https:\/\/sites.uel.br\/ledi\/wp-json\/wp\/v2\/pages\/167","targetHints":{"allow":["GET"]}}],"collection":[{"href":"https:\/\/sites.uel.br\/ledi\/wp-json\/wp\/v2\/pages"}],"about":[{"href":"https:\/\/sites.uel.br\/ledi\/wp-json\/wp\/v2\/types\/page"}],"author":[{"embeddable":true,"href":"https:\/\/sites.uel.br\/ledi\/wp-json\/wp\/v2\/users\/9"}],"replies":[{"embeddable":true,"href":"https:\/\/sites.uel.br\/ledi\/wp-json\/wp\/v2\/comments?post=167"}],"version-history":[{"count":5,"href":"https:\/\/sites.uel.br\/ledi\/wp-json\/wp\/v2\/pages\/167\/revisions"}],"predecessor-version":[{"id":477,"href":"https:\/\/sites.uel.br\/ledi\/wp-json\/wp\/v2\/pages\/167\/revisions\/477"}],"wp:attachment":[{"href":"https:\/\/sites.uel.br\/ledi\/wp-json\/wp\/v2\/media?parent=167"}],"curies":[{"name":"wp","href":"https:\/\/api.w.org\/{rel}","templated":true}]}}