{"id":165,"date":"2025-05-13T14:15:56","date_gmt":"2025-05-13T17:15:56","guid":{"rendered":"https:\/\/sites.uel.br\/ledi\/?page_id=165"},"modified":"2025-05-15T13:06:49","modified_gmt":"2025-05-15T16:06:49","slug":"cultura-digital","status":"publish","type":"page","link":"https:\/\/sites.uel.br\/ledi\/cultura-digital\/","title":{"rendered":"CULTURA DIGITAL"},"content":{"rendered":"\n<div style=\"height:100px\" aria-hidden=\"true\" class=\"wp-block-spacer\"><\/div>\n\n\n\n<p>Este eixo prop\u00f5e discutir a rela\u00e7\u00e3o entre a cultura digital e a produ\u00e7\u00e3o e a circula\u00e7\u00e3o do conhecimento hist\u00f3rico. Ser\u00e3o acolhidas reflex\u00f5es te\u00f3ricas e historiogr\u00e1ficas sobre intelig\u00eancia artificial, governan\u00e7a da internet, desinforma\u00e7\u00e3o, a emerg\u00eancia de novas fontes hist\u00f3ricas em ambientes digitais e novas formas de media\u00e7\u00e3o da hist\u00f3ria em um campo cada vez mais p\u00fablico. Interessa-nos, sobretudo, a interface entre cultura digital e hist\u00f3ria p\u00fablica, considerando os modos contempor\u00e2neos de narrar, disputar e experienciar o passado.<\/p>\n\n\n\n<p><strong>Coordena\u00e7\u00e3o<\/strong>: <a href=\"http:\/\/lattes.cnpq.br\/6065557882134228\">Profa. Dra. Maria Renata da Cruz Duran<\/a><\/p>\n\n\n\n<p><\/p>\n","protected":false},"excerpt":{"rendered":"<p>Este eixo prop\u00f5e discutir a rela\u00e7\u00e3o entre a cultura digital e a produ\u00e7\u00e3o e a circula\u00e7\u00e3o do conhecimento hist\u00f3rico. Ser\u00e3o acolhidas reflex\u00f5es te\u00f3ricas e historiogr\u00e1ficas sobre intelig\u00eancia artificial, governan\u00e7a da internet, desinforma\u00e7\u00e3o, a emerg\u00eancia de novas fontes hist\u00f3ricas em ambientes digitais e novas formas de media\u00e7\u00e3o da hist\u00f3ria em um campo cada vez mais p\u00fablico. [&hellip;]<\/p>\n","protected":false},"author":9,"featured_media":0,"parent":0,"menu_order":0,"comment_status":"closed","ping_status":"closed","template":"","meta":{"_acf_changed":false,"_themeisle_gutenberg_block_has_review":false,"footnotes":""},"class_list":["post-165","page","type-page","status-publish","hentry"],"acf":[],"_links":{"self":[{"href":"https:\/\/sites.uel.br\/ledi\/wp-json\/wp\/v2\/pages\/165","targetHints":{"allow":["GET"]}}],"collection":[{"href":"https:\/\/sites.uel.br\/ledi\/wp-json\/wp\/v2\/pages"}],"about":[{"href":"https:\/\/sites.uel.br\/ledi\/wp-json\/wp\/v2\/types\/page"}],"author":[{"embeddable":true,"href":"https:\/\/sites.uel.br\/ledi\/wp-json\/wp\/v2\/users\/9"}],"replies":[{"embeddable":true,"href":"https:\/\/sites.uel.br\/ledi\/wp-json\/wp\/v2\/comments?post=165"}],"version-history":[{"count":5,"href":"https:\/\/sites.uel.br\/ledi\/wp-json\/wp\/v2\/pages\/165\/revisions"}],"predecessor-version":[{"id":432,"href":"https:\/\/sites.uel.br\/ledi\/wp-json\/wp\/v2\/pages\/165\/revisions\/432"}],"wp:attachment":[{"href":"https:\/\/sites.uel.br\/ledi\/wp-json\/wp\/v2\/media?parent=165"}],"curies":[{"name":"wp","href":"https:\/\/api.w.org\/{rel}","templated":true}]}}