{"id":163,"date":"2025-05-15T10:38:09","date_gmt":"2025-05-15T13:38:09","guid":{"rendered":"https:\/\/sites.uel.br\/ledi\/?page_id=163"},"modified":"2025-05-15T13:05:51","modified_gmt":"2025-05-15T16:05:51","slug":"arte","status":"publish","type":"page","link":"https:\/\/sites.uel.br\/ledi\/arte\/","title":{"rendered":"ARTE"},"content":{"rendered":"\n<div style=\"height:100px\" aria-hidden=\"true\" class=\"wp-block-spacer\"><\/div>\n\n\n\n<p>Este Simp\u00f3sio Tem\u00e1tico tem por objetivo discutir a intertextualidade e as interconex\u00f5es entre as artes. A designa\u00e7\u00e3o do termo Arte vem do latim <em>Ars<\/em> e significa habilidade. \u00c9 definida como uma atividade que manifesta a est\u00e9tica visual desenvolvida por artistas em uma po\u00e9tica que expressa suas emo\u00e7\u00f5es, suas mem\u00f3rias, sua hist\u00f3ria e sua cultura imersa em um tempo e um espa\u00e7o localizado.<\/p>\n\n\n\n<p><strong>Coordena\u00e7\u00e3o<\/strong>: <a href=\"http:\/\/lattes.cnpq.br\/1271244921847471\">Profa. Dra. Ana Heloisa Molina<\/a> e <a href=\"http:\/\/lattes.cnpq.br\/6227140439303123\">Profa. Dra. Priscilla Perrud<\/a><\/p>\n\n\n\n<p><\/p>\n\n\n\n<p><\/p>\n","protected":false},"excerpt":{"rendered":"<p>Este Simp\u00f3sio Tem\u00e1tico tem por objetivo discutir a intertextualidade e as interconex\u00f5es entre as artes. A designa\u00e7\u00e3o do termo Arte vem do latim Ars e significa habilidade. \u00c9 definida como uma atividade que manifesta a est\u00e9tica visual desenvolvida por artistas em uma po\u00e9tica que expressa suas emo\u00e7\u00f5es, suas mem\u00f3rias, sua hist\u00f3ria e sua cultura imersa [&hellip;]<\/p>\n","protected":false},"author":9,"featured_media":0,"parent":0,"menu_order":0,"comment_status":"closed","ping_status":"closed","template":"","meta":{"_acf_changed":false,"_themeisle_gutenberg_block_has_review":false,"footnotes":""},"class_list":["post-163","page","type-page","status-publish","hentry"],"acf":[],"_links":{"self":[{"href":"https:\/\/sites.uel.br\/ledi\/wp-json\/wp\/v2\/pages\/163","targetHints":{"allow":["GET"]}}],"collection":[{"href":"https:\/\/sites.uel.br\/ledi\/wp-json\/wp\/v2\/pages"}],"about":[{"href":"https:\/\/sites.uel.br\/ledi\/wp-json\/wp\/v2\/types\/page"}],"author":[{"embeddable":true,"href":"https:\/\/sites.uel.br\/ledi\/wp-json\/wp\/v2\/users\/9"}],"replies":[{"embeddable":true,"href":"https:\/\/sites.uel.br\/ledi\/wp-json\/wp\/v2\/comments?post=163"}],"version-history":[{"count":8,"href":"https:\/\/sites.uel.br\/ledi\/wp-json\/wp\/v2\/pages\/163\/revisions"}],"predecessor-version":[{"id":430,"href":"https:\/\/sites.uel.br\/ledi\/wp-json\/wp\/v2\/pages\/163\/revisions\/430"}],"wp:attachment":[{"href":"https:\/\/sites.uel.br\/ledi\/wp-json\/wp\/v2\/media?parent=163"}],"curies":[{"name":"wp","href":"https:\/\/api.w.org\/{rel}","templated":true}]}}