{"id":144,"date":"2025-04-28T16:23:23","date_gmt":"2025-04-28T19:23:23","guid":{"rendered":"https:\/\/sites.uel.br\/ledi\/?page_id=144"},"modified":"2025-05-15T13:09:38","modified_gmt":"2025-05-15T16:09:38","slug":"imagem-e-expressao-religiosa","status":"publish","type":"page","link":"https:\/\/sites.uel.br\/ledi\/imagem-e-expressao-religiosa\/","title":{"rendered":"IMAGEM E EXPRESS\u00c3O RELIGIOSA"},"content":{"rendered":"\n<div style=\"height:100px\" aria-hidden=\"true\" class=\"wp-block-spacer\"><\/div>\n\n\n\n<p>O eixo abrange o amplo entendimento da percep\u00e7\u00e3o sobre a imagem \u2013 <em>imago<\/em>. Entendemos que as imagens possuem, todas, uma forte conex\u00e3o com o sentido de assimila\u00e7\u00e3o e perda, realiza\u00e7\u00e3o e refer\u00eancia. As imagens religiosas s\u00e3o entendidas, aqui, n\u00e3o somente como aquelas associadas ao culto, mas as que se apresentam ou se adaptam a usos ou identifica\u00e7\u00e3o com o universo religioso.<\/p>\n\n\n\n<p><strong>Coordenadora:<\/strong>&nbsp;Profa.&nbsp;<a href=\"http:\/\/buscatextual.cnpq.br\/buscatextual\/visualizacv.do?id=K4728106U3\">Dra. Angelita Marques Visalli<\/a><\/p>\n\n\n\n<p><\/p>\n\n\n\n<p><strong>Imagem:<\/strong>&nbsp;Mestre Ata\u00edde (1762-1830).&nbsp;<strong>Anjos<\/strong>. 1801-1812. Igreja de S\u00e3o Francisco. Ouro&nbsp;Preto, Minas Gerais. (Detalhe)<\/p>\n","protected":false},"excerpt":{"rendered":"<p>O eixo abrange o amplo entendimento da percep\u00e7\u00e3o sobre a imagem \u2013 imago. Entendemos que as imagens possuem, todas, uma forte conex\u00e3o com o sentido de assimila\u00e7\u00e3o e perda, realiza\u00e7\u00e3o e refer\u00eancia. As imagens religiosas s\u00e3o entendidas, aqui, n\u00e3o somente como aquelas associadas ao culto, mas as que se apresentam ou se adaptam a usos [&hellip;]<\/p>\n","protected":false},"author":9,"featured_media":146,"parent":0,"menu_order":0,"comment_status":"closed","ping_status":"closed","template":"","meta":{"_acf_changed":false,"_themeisle_gutenberg_block_has_review":false,"footnotes":""},"class_list":["post-144","page","type-page","status-publish","has-post-thumbnail","hentry"],"acf":[],"_links":{"self":[{"href":"https:\/\/sites.uel.br\/ledi\/wp-json\/wp\/v2\/pages\/144","targetHints":{"allow":["GET"]}}],"collection":[{"href":"https:\/\/sites.uel.br\/ledi\/wp-json\/wp\/v2\/pages"}],"about":[{"href":"https:\/\/sites.uel.br\/ledi\/wp-json\/wp\/v2\/types\/page"}],"author":[{"embeddable":true,"href":"https:\/\/sites.uel.br\/ledi\/wp-json\/wp\/v2\/users\/9"}],"replies":[{"embeddable":true,"href":"https:\/\/sites.uel.br\/ledi\/wp-json\/wp\/v2\/comments?post=144"}],"version-history":[{"count":6,"href":"https:\/\/sites.uel.br\/ledi\/wp-json\/wp\/v2\/pages\/144\/revisions"}],"predecessor-version":[{"id":436,"href":"https:\/\/sites.uel.br\/ledi\/wp-json\/wp\/v2\/pages\/144\/revisions\/436"}],"wp:featuredmedia":[{"embeddable":true,"href":"https:\/\/sites.uel.br\/ledi\/wp-json\/wp\/v2\/media\/146"}],"wp:attachment":[{"href":"https:\/\/sites.uel.br\/ledi\/wp-json\/wp\/v2\/media?parent=144"}],"curies":[{"name":"wp","href":"https:\/\/api.w.org\/{rel}","templated":true}]}}