{"id":124,"date":"2025-04-28T15:48:50","date_gmt":"2025-04-28T18:48:50","guid":{"rendered":"https:\/\/sites.uel.br\/ledi\/?page_id=124"},"modified":"2025-11-14T09:13:25","modified_gmt":"2025-11-14T12:13:25","slug":"eixos-tematicos","status":"publish","type":"page","link":"https:\/\/sites.uel.br\/ledi\/eixos-tematicos\/","title":{"rendered":"Eixos Tem\u00e1ticos"},"content":{"rendered":"\n<div style=\"height:100px\" aria-hidden=\"true\" class=\"wp-block-spacer\"><\/div>\n\n\n\n<p class=\"has-text-align-center\">Programa\u00e7\u00e3o dos Eixos Tem\u00e1ticos &#8211; Geral<\/p>\n\n\n\n<div data-wp-interactive=\"core\/file\" class=\"wp-block-file\"><object data-wp-bind--hidden=\"!state.hasPdfPreview\" hidden class=\"wp-block-file__embed\" data=\"https:\/\/sites.uel.br\/ledi\/wp-content\/uploads\/2025\/10\/CADERNO-DE-PROGRAMACAO-IX-ENEIMAGEM-3.pdf\" type=\"application\/pdf\" style=\"width:100%;height:490px\" aria-label=\"Incorporado de CADERNO DE PROGRAMAC\u0327A\u0303O - IX ENEIMAGEM (3).\"><\/object><a id=\"wp-block-file--media-ea682e40-65d3-483a-a679-cc591d5e3996\" href=\"https:\/\/sites.uel.br\/ledi\/wp-content\/uploads\/2025\/10\/CADERNO-DE-PROGRAMACAO-IX-ENEIMAGEM-3.pdf\">CADERNO DE PROGRAMAC\u0327A\u0303O &#8211; IX ENEIMAGEM (3)<\/a><a href=\"https:\/\/sites.uel.br\/ledi\/wp-content\/uploads\/2025\/10\/CADERNO-DE-PROGRAMACAO-IX-ENEIMAGEM-3.pdf\" class=\"wp-block-file__button wp-element-button\" download aria-describedby=\"wp-block-file--media-ea682e40-65d3-483a-a679-cc591d5e3996\">Baixar<\/a><\/div>\n\n\n\n<div style=\"height:100px\" aria-hidden=\"true\" class=\"wp-block-spacer\"><\/div>\n\n\n\n<p class=\"has-text-align-center\"><a href=\"https:\/\/sites.uel.br\/ledi\/eneimagem2025\/\" data-type=\"page\" data-id=\"63\">CADERNO DE RESUMOS<\/a><\/p>\n\n\n\n<div style=\"height:100px\" aria-hidden=\"true\" class=\"wp-block-spacer\"><\/div>\n\n\n\n<div class=\"wp-block-columns is-layout-flex wp-container-core-columns-is-layout-9d6595d7 wp-block-columns-is-layout-flex\">\n<div class=\"wp-block-column is-layout-flow wp-block-column-is-layout-flow\">\n<figure class=\"wp-block-image size-large\"><a href=\"https:\/\/sites.uel.br\/ledi\/arte\/\"><img loading=\"lazy\" decoding=\"async\" width=\"1024\" height=\"585\" src=\"https:\/\/sites.uel.br\/ledi\/wp-content\/uploads\/2025\/05\/eixo_arte-1-1024x585.jpg\" alt=\"\" class=\"wp-image-417\" srcset=\"https:\/\/sites.uel.br\/ledi\/wp-content\/uploads\/2025\/05\/eixo_arte-1-1024x585.jpg 1024w, https:\/\/sites.uel.br\/ledi\/wp-content\/uploads\/2025\/05\/eixo_arte-1-300x171.jpg 300w, https:\/\/sites.uel.br\/ledi\/wp-content\/uploads\/2025\/05\/eixo_arte-1-768x439.jpg 768w, https:\/\/sites.uel.br\/ledi\/wp-content\/uploads\/2025\/05\/eixo_arte-1-1536x878.jpg 1536w, https:\/\/sites.uel.br\/ledi\/wp-content\/uploads\/2025\/05\/eixo_arte-1.jpg 1920w\" sizes=\"auto, (max-width: 1024px) 100vw, 1024px\" \/><\/a><\/figure>\n<\/div>\n\n\n\n<div class=\"wp-block-column is-layout-flow wp-block-column-is-layout-flow\">\n<figure class=\"wp-block-image size-large\"><a href=\"https:\/\/sites.uel.br\/ledi\/cinema-e-tempo-social\/\"><img loading=\"lazy\" decoding=\"async\" width=\"1024\" height=\"585\" src=\"https:\/\/sites.uel.br\/ledi\/wp-content\/uploads\/2025\/05\/eixo_cinema-1024x585.jpg\" alt=\"\" class=\"wp-image-418\" srcset=\"https:\/\/sites.uel.br\/ledi\/wp-content\/uploads\/2025\/05\/eixo_cinema-1024x585.jpg 1024w, https:\/\/sites.uel.br\/ledi\/wp-content\/uploads\/2025\/05\/eixo_cinema-300x171.jpg 300w, https:\/\/sites.uel.br\/ledi\/wp-content\/uploads\/2025\/05\/eixo_cinema-768x439.jpg 768w, https:\/\/sites.uel.br\/ledi\/wp-content\/uploads\/2025\/05\/eixo_cinema-1536x878.jpg 1536w, https:\/\/sites.uel.br\/ledi\/wp-content\/uploads\/2025\/05\/eixo_cinema.jpg 1920w\" sizes=\"auto, (max-width: 1024px) 100vw, 1024px\" \/><\/a><\/figure>\n<\/div>\n\n\n\n<div class=\"wp-block-column is-layout-flow wp-block-column-is-layout-flow\">\n<figure class=\"wp-block-image size-large\"><a href=\"https:\/\/sites.uel.br\/ledi\/cultura-digital\/\"><img loading=\"lazy\" decoding=\"async\" width=\"1024\" height=\"585\" src=\"https:\/\/sites.uel.br\/ledi\/wp-content\/uploads\/2025\/05\/eixo_digital-1024x585.jpg\" alt=\"\" class=\"wp-image-419\" srcset=\"https:\/\/sites.uel.br\/ledi\/wp-content\/uploads\/2025\/05\/eixo_digital-1024x585.jpg 1024w, https:\/\/sites.uel.br\/ledi\/wp-content\/uploads\/2025\/05\/eixo_digital-300x171.jpg 300w, https:\/\/sites.uel.br\/ledi\/wp-content\/uploads\/2025\/05\/eixo_digital-768x439.jpg 768w, https:\/\/sites.uel.br\/ledi\/wp-content\/uploads\/2025\/05\/eixo_digital-1536x878.jpg 1536w, https:\/\/sites.uel.br\/ledi\/wp-content\/uploads\/2025\/05\/eixo_digital.jpg 1920w\" sizes=\"auto, (max-width: 1024px) 100vw, 1024px\" \/><\/a><\/figure>\n<\/div>\n<\/div>\n\n\n\n<div class=\"wp-block-columns is-layout-flex wp-container-core-columns-is-layout-9d6595d7 wp-block-columns-is-layout-flex\">\n<div class=\"wp-block-column is-layout-flow wp-block-column-is-layout-flow\">\n<figure class=\"wp-block-image size-large\"><a href=\"https:\/\/sites.uel.br\/ledi\/estudo-de-genero-e-historia-das-mulheres\/\"><img loading=\"lazy\" decoding=\"async\" width=\"1024\" height=\"585\" src=\"https:\/\/sites.uel.br\/ledi\/wp-content\/uploads\/2025\/05\/eixo_corposgenero-1024x585.jpg\" alt=\"\" class=\"wp-image-420\" srcset=\"https:\/\/sites.uel.br\/ledi\/wp-content\/uploads\/2025\/05\/eixo_corposgenero-1024x585.jpg 1024w, https:\/\/sites.uel.br\/ledi\/wp-content\/uploads\/2025\/05\/eixo_corposgenero-300x171.jpg 300w, https:\/\/sites.uel.br\/ledi\/wp-content\/uploads\/2025\/05\/eixo_corposgenero-768x439.jpg 768w, https:\/\/sites.uel.br\/ledi\/wp-content\/uploads\/2025\/05\/eixo_corposgenero-1536x878.jpg 1536w, https:\/\/sites.uel.br\/ledi\/wp-content\/uploads\/2025\/05\/eixo_corposgenero.jpg 1920w\" sizes=\"auto, (max-width: 1024px) 100vw, 1024px\" \/><\/a><\/figure>\n<\/div>\n\n\n\n<div class=\"wp-block-column is-layout-flow wp-block-column-is-layout-flow\">\n<figure class=\"wp-block-image size-large\"><a href=\"https:\/\/sites.uel.br\/ledi\/humor-e-imagem\/\"><img loading=\"lazy\" decoding=\"async\" width=\"1024\" height=\"585\" src=\"https:\/\/sites.uel.br\/ledi\/wp-content\/uploads\/2025\/05\/eixo_humor-1024x585.jpg\" alt=\"\" class=\"wp-image-421\" srcset=\"https:\/\/sites.uel.br\/ledi\/wp-content\/uploads\/2025\/05\/eixo_humor-1024x585.jpg 1024w, https:\/\/sites.uel.br\/ledi\/wp-content\/uploads\/2025\/05\/eixo_humor-300x171.jpg 300w, https:\/\/sites.uel.br\/ledi\/wp-content\/uploads\/2025\/05\/eixo_humor-768x439.jpg 768w, https:\/\/sites.uel.br\/ledi\/wp-content\/uploads\/2025\/05\/eixo_humor-1536x878.jpg 1536w, https:\/\/sites.uel.br\/ledi\/wp-content\/uploads\/2025\/05\/eixo_humor.jpg 1920w\" sizes=\"auto, (max-width: 1024px) 100vw, 1024px\" \/><\/a><\/figure>\n<\/div>\n\n\n\n<div class=\"wp-block-column is-layout-flow wp-block-column-is-layout-flow\">\n<figure class=\"wp-block-image size-large\"><a href=\"https:\/\/sites.uel.br\/ledi\/imagem-e-educacao\/\"><img loading=\"lazy\" decoding=\"async\" width=\"1024\" height=\"585\" src=\"https:\/\/sites.uel.br\/ledi\/wp-content\/uploads\/2025\/05\/eixo_IMAGEM-ED-1024x585.jpg\" alt=\"\" class=\"wp-image-422\" srcset=\"https:\/\/sites.uel.br\/ledi\/wp-content\/uploads\/2025\/05\/eixo_IMAGEM-ED-1024x585.jpg 1024w, https:\/\/sites.uel.br\/ledi\/wp-content\/uploads\/2025\/05\/eixo_IMAGEM-ED-300x171.jpg 300w, https:\/\/sites.uel.br\/ledi\/wp-content\/uploads\/2025\/05\/eixo_IMAGEM-ED-768x439.jpg 768w, https:\/\/sites.uel.br\/ledi\/wp-content\/uploads\/2025\/05\/eixo_IMAGEM-ED-1536x878.jpg 1536w, https:\/\/sites.uel.br\/ledi\/wp-content\/uploads\/2025\/05\/eixo_IMAGEM-ED.jpg 1920w\" sizes=\"auto, (max-width: 1024px) 100vw, 1024px\" \/><\/a><\/figure>\n<\/div>\n<\/div>\n\n\n\n<div class=\"wp-block-columns is-layout-flex wp-container-core-columns-is-layout-9d6595d7 wp-block-columns-is-layout-flex\">\n<div class=\"wp-block-column is-layout-flow wp-block-column-is-layout-flow\">\n<figure class=\"wp-block-image size-large\"><a href=\"https:\/\/sites.uel.br\/ledi\/imagem-e-expressao-religiosa\/\"><img loading=\"lazy\" decoding=\"async\" width=\"1024\" height=\"585\" src=\"https:\/\/sites.uel.br\/ledi\/wp-content\/uploads\/2025\/05\/eixo_imagemreligios-1024x585.jpg\" alt=\"\" class=\"wp-image-423\" srcset=\"https:\/\/sites.uel.br\/ledi\/wp-content\/uploads\/2025\/05\/eixo_imagemreligios-1024x585.jpg 1024w, https:\/\/sites.uel.br\/ledi\/wp-content\/uploads\/2025\/05\/eixo_imagemreligios-300x171.jpg 300w, https:\/\/sites.uel.br\/ledi\/wp-content\/uploads\/2025\/05\/eixo_imagemreligios-768x439.jpg 768w, https:\/\/sites.uel.br\/ledi\/wp-content\/uploads\/2025\/05\/eixo_imagemreligios-1536x878.jpg 1536w, https:\/\/sites.uel.br\/ledi\/wp-content\/uploads\/2025\/05\/eixo_imagemreligios.jpg 1920w\" sizes=\"auto, (max-width: 1024px) 100vw, 1024px\" \/><\/a><\/figure>\n<\/div>\n\n\n\n<div class=\"wp-block-column is-layout-flow wp-block-column-is-layout-flow\">\n<figure class=\"wp-block-image size-large\"><a href=\"https:\/\/sites.uel.br\/ledi\/imaginarios-sociais\/\"><img loading=\"lazy\" decoding=\"async\" width=\"1024\" height=\"585\" src=\"https:\/\/sites.uel.br\/ledi\/wp-content\/uploads\/2025\/05\/eixo_imaginario-1024x585.jpg\" alt=\"\" class=\"wp-image-424\" srcset=\"https:\/\/sites.uel.br\/ledi\/wp-content\/uploads\/2025\/05\/eixo_imaginario-1024x585.jpg 1024w, https:\/\/sites.uel.br\/ledi\/wp-content\/uploads\/2025\/05\/eixo_imaginario-300x171.jpg 300w, https:\/\/sites.uel.br\/ledi\/wp-content\/uploads\/2025\/05\/eixo_imaginario-768x439.jpg 768w, https:\/\/sites.uel.br\/ledi\/wp-content\/uploads\/2025\/05\/eixo_imaginario-1536x878.jpg 1536w, https:\/\/sites.uel.br\/ledi\/wp-content\/uploads\/2025\/05\/eixo_imaginario.jpg 1920w\" sizes=\"auto, (max-width: 1024px) 100vw, 1024px\" \/><\/a><\/figure>\n<\/div>\n\n\n\n<div class=\"wp-block-column is-layout-flow wp-block-column-is-layout-flow\">\n<figure class=\"wp-block-image size-large\"><a href=\"https:\/\/sites.uel.br\/ledi\/oriente-imagem-e-representacoes\/\"><img loading=\"lazy\" decoding=\"async\" width=\"1024\" height=\"585\" src=\"https:\/\/sites.uel.br\/ledi\/wp-content\/uploads\/2025\/05\/eixo_oriente-1024x585.jpg\" alt=\"\" class=\"wp-image-425\" srcset=\"https:\/\/sites.uel.br\/ledi\/wp-content\/uploads\/2025\/05\/eixo_oriente-1024x585.jpg 1024w, https:\/\/sites.uel.br\/ledi\/wp-content\/uploads\/2025\/05\/eixo_oriente-300x171.jpg 300w, https:\/\/sites.uel.br\/ledi\/wp-content\/uploads\/2025\/05\/eixo_oriente-768x439.jpg 768w, https:\/\/sites.uel.br\/ledi\/wp-content\/uploads\/2025\/05\/eixo_oriente-1536x878.jpg 1536w, https:\/\/sites.uel.br\/ledi\/wp-content\/uploads\/2025\/05\/eixo_oriente.jpg 1920w\" sizes=\"auto, (max-width: 1024px) 100vw, 1024px\" \/><\/a><\/figure>\n<\/div>\n<\/div>\n\n\n\n<div class=\"wp-block-columns is-layout-flex wp-container-core-columns-is-layout-9d6595d7 wp-block-columns-is-layout-flex\">\n<div class=\"wp-block-column is-layout-flow wp-block-column-is-layout-flow\">\n<figure class=\"wp-block-image size-large\"><a href=\"https:\/\/sites.uel.br\/ledi\/paisagem-espaco-e-construcao\/\"><img loading=\"lazy\" decoding=\"async\" width=\"1024\" height=\"585\" src=\"https:\/\/sites.uel.br\/ledi\/wp-content\/uploads\/2025\/05\/eixo_paisagem-1024x585.jpg\" alt=\"\" class=\"wp-image-426\" srcset=\"https:\/\/sites.uel.br\/ledi\/wp-content\/uploads\/2025\/05\/eixo_paisagem-1024x585.jpg 1024w, https:\/\/sites.uel.br\/ledi\/wp-content\/uploads\/2025\/05\/eixo_paisagem-300x171.jpg 300w, https:\/\/sites.uel.br\/ledi\/wp-content\/uploads\/2025\/05\/eixo_paisagem-768x439.jpg 768w, https:\/\/sites.uel.br\/ledi\/wp-content\/uploads\/2025\/05\/eixo_paisagem-1536x878.jpg 1536w, https:\/\/sites.uel.br\/ledi\/wp-content\/uploads\/2025\/05\/eixo_paisagem.jpg 1920w\" sizes=\"auto, (max-width: 1024px) 100vw, 1024px\" \/><\/a><\/figure>\n<\/div>\n\n\n\n<div class=\"wp-block-column is-layout-flow wp-block-column-is-layout-flow\">\n<figure class=\"wp-block-image size-large\"><a href=\"https:\/\/sites.uel.br\/ledi\/patrimonio-cultural\/\"><img loading=\"lazy\" decoding=\"async\" width=\"1024\" height=\"585\" src=\"https:\/\/sites.uel.br\/ledi\/wp-content\/uploads\/2025\/05\/eixo_patrimonio-1024x585.jpg\" alt=\"\" class=\"wp-image-511\" srcset=\"https:\/\/sites.uel.br\/ledi\/wp-content\/uploads\/2025\/05\/eixo_patrimonio-1024x585.jpg 1024w, https:\/\/sites.uel.br\/ledi\/wp-content\/uploads\/2025\/05\/eixo_patrimonio-300x171.jpg 300w, https:\/\/sites.uel.br\/ledi\/wp-content\/uploads\/2025\/05\/eixo_patrimonio-768x439.jpg 768w, https:\/\/sites.uel.br\/ledi\/wp-content\/uploads\/2025\/05\/eixo_patrimonio-1536x878.jpg 1536w, https:\/\/sites.uel.br\/ledi\/wp-content\/uploads\/2025\/05\/eixo_patrimonio.jpg 1920w\" sizes=\"auto, (max-width: 1024px) 100vw, 1024px\" \/><\/a><\/figure>\n<\/div>\n\n\n\n<div class=\"wp-block-column is-layout-flow wp-block-column-is-layout-flow\">\n<figure class=\"wp-block-image size-large\"><a href=\"https:\/\/sites.uel.br\/ledi\/politica\/\"><img loading=\"lazy\" decoding=\"async\" width=\"1024\" height=\"585\" src=\"https:\/\/sites.uel.br\/ledi\/wp-content\/uploads\/2025\/05\/eixo_politica-1024x585.jpg\" alt=\"\" class=\"wp-image-427\" srcset=\"https:\/\/sites.uel.br\/ledi\/wp-content\/uploads\/2025\/05\/eixo_politica-1024x585.jpg 1024w, https:\/\/sites.uel.br\/ledi\/wp-content\/uploads\/2025\/05\/eixo_politica-300x171.jpg 300w, https:\/\/sites.uel.br\/ledi\/wp-content\/uploads\/2025\/05\/eixo_politica-768x439.jpg 768w, https:\/\/sites.uel.br\/ledi\/wp-content\/uploads\/2025\/05\/eixo_politica-1536x878.jpg 1536w, https:\/\/sites.uel.br\/ledi\/wp-content\/uploads\/2025\/05\/eixo_politica.jpg 1920w\" sizes=\"auto, (max-width: 1024px) 100vw, 1024px\" \/><\/a><\/figure>\n<\/div>\n<\/div>\n\n\n\n<div class=\"wp-block-columns is-layout-flex wp-container-core-columns-is-layout-9d6595d7 wp-block-columns-is-layout-flex\">\n<div class=\"wp-block-column is-layout-flow wp-block-column-is-layout-flow\">\n<figure class=\"wp-block-image size-large\"><a href=\"https:\/\/sites.uel.br\/ledi\/publicidade-moda-e-consumo\/\"><img loading=\"lazy\" decoding=\"async\" width=\"1024\" height=\"585\" src=\"https:\/\/sites.uel.br\/ledi\/wp-content\/uploads\/2025\/05\/eixo_modaconsumo-1-1024x585.jpg\" alt=\"\" class=\"wp-image-428\" srcset=\"https:\/\/sites.uel.br\/ledi\/wp-content\/uploads\/2025\/05\/eixo_modaconsumo-1-1024x585.jpg 1024w, https:\/\/sites.uel.br\/ledi\/wp-content\/uploads\/2025\/05\/eixo_modaconsumo-1-300x171.jpg 300w, https:\/\/sites.uel.br\/ledi\/wp-content\/uploads\/2025\/05\/eixo_modaconsumo-1-768x439.jpg 768w, https:\/\/sites.uel.br\/ledi\/wp-content\/uploads\/2025\/05\/eixo_modaconsumo-1-1536x878.jpg 1536w, https:\/\/sites.uel.br\/ledi\/wp-content\/uploads\/2025\/05\/eixo_modaconsumo-1.jpg 1920w\" sizes=\"auto, (max-width: 1024px) 100vw, 1024px\" \/><\/a><\/figure>\n<\/div>\n\n\n\n<div class=\"wp-block-column is-layout-flow wp-block-column-is-layout-flow\"><\/div>\n\n\n\n<div class=\"wp-block-column is-layout-flow wp-block-column-is-layout-flow\"><\/div>\n<\/div>\n\n\n\n<div style=\"height:100px\" aria-hidden=\"true\" class=\"wp-block-spacer\"><\/div>\n\n\n\n<p><\/p>\n","protected":false},"excerpt":{"rendered":"<p>Programa\u00e7\u00e3o dos Eixos Tem\u00e1ticos &#8211; Geral CADERNO DE RESUMOS<\/p>\n","protected":false},"author":9,"featured_media":0,"parent":0,"menu_order":0,"comment_status":"closed","ping_status":"closed","template":"","meta":{"_acf_changed":false,"_themeisle_gutenberg_block_has_review":false,"footnotes":""},"class_list":["post-124","page","type-page","status-publish","hentry"],"acf":[],"_links":{"self":[{"href":"https:\/\/sites.uel.br\/ledi\/wp-json\/wp\/v2\/pages\/124","targetHints":{"allow":["GET"]}}],"collection":[{"href":"https:\/\/sites.uel.br\/ledi\/wp-json\/wp\/v2\/pages"}],"about":[{"href":"https:\/\/sites.uel.br\/ledi\/wp-json\/wp\/v2\/types\/page"}],"author":[{"embeddable":true,"href":"https:\/\/sites.uel.br\/ledi\/wp-json\/wp\/v2\/users\/9"}],"replies":[{"embeddable":true,"href":"https:\/\/sites.uel.br\/ledi\/wp-json\/wp\/v2\/comments?post=124"}],"version-history":[{"count":39,"href":"https:\/\/sites.uel.br\/ledi\/wp-json\/wp\/v2\/pages\/124\/revisions"}],"predecessor-version":[{"id":733,"href":"https:\/\/sites.uel.br\/ledi\/wp-json\/wp\/v2\/pages\/124\/revisions\/733"}],"wp:attachment":[{"href":"https:\/\/sites.uel.br\/ledi\/wp-json\/wp\/v2\/media?parent=124"}],"curies":[{"name":"wp","href":"https:\/\/api.w.org\/{rel}","templated":true}]}}