{"id":359,"date":"2023-09-09T19:38:18","date_gmt":"2023-09-09T22:38:18","guid":{"rendered":"https:\/\/sites.uel.br\/leafro\/?page_id=359"},"modified":"2023-09-10T01:28:45","modified_gmt":"2023-09-10T04:28:45","slug":"2010-2016","status":"publish","type":"page","link":"https:\/\/sites.uel.br\/leafro\/2010-2016\/","title":{"rendered":"2010-2016"},"content":{"rendered":"\n<p class=\"has-medium-font-size\"><strong>ATIVIDADES\/CURSOS DE 2010<\/strong><\/p>\n\n\n\n<p class=\"has-text-align-center has-verde-color has-text-color\"><strong>Curso de Forma\u00e7\u00e3o Continuada em Rela\u00e7\u00f5es \u00c9tnico-raciais e Cultura Afro-brasileira e Africana &#8211; NRE JACAREZINHO.<\/strong><\/p>\n\n\n\n<p class=\"has-text-align-center\"><strong>P\u00fablico alvo:<\/strong>&nbsp;Professores da Rede Estadual e Municipal de Educa\u00e7\u00e3o de Jacarezinho e Regi\u00e3o.&nbsp;<\/p>\n\n\n\n<p class=\"has-text-align-center\"><strong>Data:<\/strong>&nbsp;23\/Outubro\/2010<\/p>\n\n\n\n<p class=\"has-text-align-center\"><strong>Local:<\/strong>&nbsp;FAFIJA, Rua Pe. Melo, 1200<\/p>\n\n\n\n<p class=\"has-text-align-center\"><strong>Hor\u00e1rio:<\/strong>&nbsp;08h as 18h&nbsp;<\/p>\n\n\n\n<p class=\"has-text-align-center has-verde-color has-text-color\"><strong>Curso de Forma\u00e7\u00e3o Continuada em Rela\u00e7\u00f5es \u00c9tnico-raciais e Cultura Afro-brasileira e Africana &#8211; NRE LONDRINA<\/strong><\/p>\n\n\n\n<p class=\"has-text-align-center\"><strong>P\u00fablico alvo:<\/strong>&nbsp;Professores da Rede Estadual de Educa\u00e7\u00e3o de Londrina e Regi\u00e3o<\/p>\n\n\n\n<p class=\"has-text-align-center\"><strong>Data:<\/strong>&nbsp;18\/Setembro\/2010&nbsp;<\/p>\n\n\n\n<p><\/p>\n\n\n\n<p class=\"has-medium-font-size\"><strong>ATIVIDADES\/CURSOS DE 2012<\/strong><\/p>\n\n\n\n<p class=\"has-text-align-center has-verde-color has-text-color\"><strong>Estudos Afro-brasileiros e Africanos &#8211; experi\u00eancias de implementa\u00e7\u00e3o da lei 10639\/03.<\/strong><\/p>\n\n\n\n<p class=\"has-text-align-center\"><strong>P\u00fablico alvo:<\/strong>&nbsp;Professores e estudantes<\/p>\n\n\n\n<p class=\"has-text-align-center\"><strong>Data:<\/strong>&nbsp;18 de outubro de 2012<\/p>\n\n\n\n<p class=\"has-text-align-center\"><strong>Hor\u00e1rio:<\/strong>&nbsp;8h &#8211; 12h<\/p>\n\n\n\n<p><\/p>\n\n\n\n<p class=\"has-medium-font-size\"><strong>ATIVIDADES\/CURSOS DE 2013<\/strong><\/p>\n\n\n\n<p class=\"has-text-align-center has-verde-color has-text-color\"><strong>SEMANA NACIONAL DA CONSCI\u00caNCIA NEGRA &#8211; Y\u00e1 Mukumby: A Cultura Negra como express\u00e3o de luta e de vida<\/strong><strong>&nbsp;<\/strong><\/p>\n\n\n\n<p class=\"has-text-align-center\"><strong>(1\u00ba dia)<\/strong>&nbsp;<strong>A Lei 10.639\/03<\/strong><\/p>\n\n\n\n<p class=\"has-text-align-center\"><strong>Data:<\/strong>&nbsp;11 de novembro de 2013<\/p>\n\n\n\n<p class=\"has-text-align-center\"><strong>Hor\u00e1rio:<\/strong>&nbsp;8h &#8211; Confer\u00eancia: Os Direitos Humanos e o Combate ao Racismo<\/p>\n\n\n\n<p class=\"has-text-align-center\">&nbsp; &nbsp; &nbsp; &nbsp; &nbsp; &nbsp;14h &#8211; Oficinas: Teoria e pr\u00e1tica da Lei 10.639\/03<\/p>\n\n\n\n<p class=\"has-text-align-center\">&nbsp; &nbsp; &nbsp; &nbsp; &nbsp; &nbsp;19h &#8211; Mesa Redonda: A Lei 10.639\/03 nas escolas: Os desafios para a efetiva implanta\u00e7\u00e3o&nbsp;<\/p>\n\n\n\n<p class=\"has-text-align-center\"><strong>Local:<\/strong>&nbsp;Audit\u00f3rio do CCH &#8211; UEL&nbsp;<\/p>\n\n\n<div class=\"wp-block-image\">\n<figure class=\"aligncenter size-full is-resized\"><img loading=\"lazy\" decoding=\"async\" src=\"https:\/\/sites.uel.br\/leafro\/wp-content\/uploads\/2023\/09\/semana-nacional-da-consciencia-negra.bmp\" alt=\"\" class=\"wp-image-383\" style=\"width:678px;height:481px\" width=\"678\" height=\"481\" srcset=\"https:\/\/sites.uel.br\/leafro\/wp-content\/uploads\/2023\/09\/semana-nacional-da-consciencia-negra.bmp 908w, https:\/\/sites.uel.br\/leafro\/wp-content\/uploads\/2023\/09\/semana-nacional-da-consciencia-negra-300x213.jpg 300w, https:\/\/sites.uel.br\/leafro\/wp-content\/uploads\/2023\/09\/semana-nacional-da-consciencia-negra-768x545.jpg 768w\" sizes=\"auto, (max-width: 678px) 100vw, 678px\" \/><\/figure>\n<\/div>\n\n\n<p class=\"has-text-align-center has-verde-color has-text-color\"><strong>Sa\u00fade P\u00fablica e Racismo Institucional: Racismo e Sa\u00fade da Popula\u00e7\u00e3o Negra<\/strong><\/p>\n\n\n\n<p class=\"has-text-align-center\"><strong>P\u00fablico alvo:<\/strong>&nbsp;Profissionais da sa\u00fade p\u00fablica de Londrina, estudantes de gradua\u00e7\u00e3o e de p\u00f3s-gradua\u00e7\u00e2o.<\/p>\n\n\n<div class=\"wp-block-image\">\n<figure class=\"aligncenter size-large is-resized\"><img loading=\"lazy\" decoding=\"async\" src=\"https:\/\/sites.uel.br\/leafro\/wp-content\/uploads\/2023\/09\/Folder-Saude-Publica_Pagina_1-1024x726.jpg\" alt=\"\" class=\"wp-image-384\" style=\"width:678px;height:481px\" width=\"678\" height=\"481\" srcset=\"https:\/\/sites.uel.br\/leafro\/wp-content\/uploads\/2023\/09\/Folder-Saude-Publica_Pagina_1-1024x726.jpg 1024w, https:\/\/sites.uel.br\/leafro\/wp-content\/uploads\/2023\/09\/Folder-Saude-Publica_Pagina_1-300x213.jpg 300w, https:\/\/sites.uel.br\/leafro\/wp-content\/uploads\/2023\/09\/Folder-Saude-Publica_Pagina_1-768x545.jpg 768w, https:\/\/sites.uel.br\/leafro\/wp-content\/uploads\/2023\/09\/Folder-Saude-Publica_Pagina_1-1536x1090.jpg 1536w, https:\/\/sites.uel.br\/leafro\/wp-content\/uploads\/2023\/09\/Folder-Saude-Publica_Pagina_1-2048x1453.jpg 2048w\" sizes=\"auto, (max-width: 678px) 100vw, 678px\" \/><\/figure>\n<\/div>\n\n\n<p class=\"has-text-align-center has-verde-color has-text-color\"><strong>A Seguran\u00e7a P\u00fablica e o Racismo Institucional: Encontro com Agentes da Seguran\u00e7a P\u00fablica de Londrina<\/strong><\/p>\n\n\n\n<p class=\"has-text-align-center\"><strong>P\u00fablico alvo:<\/strong>&nbsp;Agentes da seguran\u00e7a p\u00fablica de Londrina (Pol\u00edcia Militar, Civil e Guarda Municipal)<\/p>\n\n\n<div class=\"wp-block-image\">\n<figure class=\"aligncenter size-full is-resized\"><img loading=\"lazy\" decoding=\"async\" src=\"https:\/\/sites.uel.br\/leafro\/wp-content\/uploads\/2023\/09\/seguranca-publica-e-rascismo-institucional.bmp\" alt=\"\" class=\"wp-image-385\" style=\"width:694px;height:480px\" width=\"694\" height=\"480\" srcset=\"https:\/\/sites.uel.br\/leafro\/wp-content\/uploads\/2023\/09\/seguranca-publica-e-rascismo-institucional.bmp 931w, https:\/\/sites.uel.br\/leafro\/wp-content\/uploads\/2023\/09\/seguranca-publica-e-rascismo-institucional-300x208.jpg 300w, https:\/\/sites.uel.br\/leafro\/wp-content\/uploads\/2023\/09\/seguranca-publica-e-rascismo-institucional-768x531.jpg 768w\" sizes=\"auto, (max-width: 694px) 100vw, 694px\" \/><\/figure>\n<\/div>\n\n\n<p class=\"has-text-align-center has-verde-color has-text-color\"><strong>10 anos da Lei 10639\/03: balan\u00e7os e perspectivas.<\/strong><\/p>\n\n\n\n<p class=\"has-text-align-center\"><strong>P\u00fablico alvo:<\/strong>&nbsp;Diretores das escolas estaduais e municipais de Londrina<\/p>\n\n\n<div class=\"wp-block-image\">\n<figure class=\"aligncenter size-full is-resized\"><img loading=\"lazy\" decoding=\"async\" src=\"https:\/\/sites.uel.br\/leafro\/wp-content\/uploads\/2023\/09\/folder-10-anos-da-lei-10.639.bmp\" alt=\"\" class=\"wp-image-386\" style=\"width:680px;height:453px\" width=\"680\" height=\"453\" srcset=\"https:\/\/sites.uel.br\/leafro\/wp-content\/uploads\/2023\/09\/folder-10-anos-da-lei-10.639.bmp 900w, https:\/\/sites.uel.br\/leafro\/wp-content\/uploads\/2023\/09\/folder-10-anos-da-lei-10.639-300x200.jpg 300w, https:\/\/sites.uel.br\/leafro\/wp-content\/uploads\/2023\/09\/folder-10-anos-da-lei-10.639-768x512.jpg 768w\" sizes=\"auto, (max-width: 680px) 100vw, 680px\" \/><\/figure>\n<\/div>\n\n\n<p class=\"has-text-align-center has-verde-color has-text-color\"><strong>\u00c1frica: novas aproxima\u00e7\u00f5es, novos sujeitos, velhos clich\u00eas.<\/strong><\/p>\n\n\n\n<p class=\"has-text-align-center\"><strong>P\u00fablico alvo:<\/strong>&nbsp;Estudantes de gradua\u00e7\u00e3o e de p\u00f3s-gradua\u00e7\u00e3o<\/p>\n\n\n\n<p class=\"has-text-align-center\"><strong>Data:<\/strong>&nbsp;21 de mar\u00e7o de 2013<\/p>\n\n\n\n<p class=\"has-text-align-center\"><strong>Hor\u00e1rio:<\/strong>&nbsp;14h30 \u00e0s 17h<\/p>\n\n\n\n<p><\/p>\n\n\n\n<p class=\"has-medium-font-size\"><strong>ATIVIDADES\/CURSOS DE 2014<\/strong><\/p>\n\n\n\n<p class=\"has-text-align-center has-verde-color has-text-color\"><strong>Semana da Consci\u00eancia Negra &#8211; Presen\u00e7a Negra em Londrina: 80 anos de hist\u00f3ria(s)<\/strong><\/p>\n\n\n<div class=\"wp-block-image\">\n<figure class=\"aligncenter size-large is-resized\"><img loading=\"lazy\" decoding=\"async\" src=\"https:\/\/sites.uel.br\/leafro\/wp-content\/uploads\/2023\/09\/Cartaz-Semana-da-Consciencia-Negra-Conferencia-1-1024x727.jpg\" alt=\"\" class=\"wp-image-389\" style=\"width:749px;height:532px\" width=\"749\" height=\"532\" srcset=\"https:\/\/sites.uel.br\/leafro\/wp-content\/uploads\/2023\/09\/Cartaz-Semana-da-Consciencia-Negra-Conferencia-1-1024x727.jpg 1024w, https:\/\/sites.uel.br\/leafro\/wp-content\/uploads\/2023\/09\/Cartaz-Semana-da-Consciencia-Negra-Conferencia-1-300x213.jpg 300w, https:\/\/sites.uel.br\/leafro\/wp-content\/uploads\/2023\/09\/Cartaz-Semana-da-Consciencia-Negra-Conferencia-1-768x545.jpg 768w, https:\/\/sites.uel.br\/leafro\/wp-content\/uploads\/2023\/09\/Cartaz-Semana-da-Consciencia-Negra-Conferencia-1-1536x1090.jpg 1536w, https:\/\/sites.uel.br\/leafro\/wp-content\/uploads\/2023\/09\/Cartaz-Semana-da-Consciencia-Negra-Conferencia-1.jpg 1687w\" sizes=\"auto, (max-width: 749px) 100vw, 749px\" \/><\/figure>\n<\/div>\n\n<div class=\"wp-block-image\">\n<figure class=\"aligncenter size-large is-resized\"><img loading=\"lazy\" decoding=\"async\" src=\"https:\/\/sites.uel.br\/leafro\/wp-content\/uploads\/2023\/09\/Folder-Semana-da-Consciencia-Negra-2014-frente-2-1024x702.jpg\" alt=\"\" class=\"wp-image-392\" style=\"width:739px;height:507px\" width=\"739\" height=\"507\" srcset=\"https:\/\/sites.uel.br\/leafro\/wp-content\/uploads\/2023\/09\/Folder-Semana-da-Consciencia-Negra-2014-frente-2-1024x702.jpg 1024w, https:\/\/sites.uel.br\/leafro\/wp-content\/uploads\/2023\/09\/Folder-Semana-da-Consciencia-Negra-2014-frente-2-300x206.jpg 300w, https:\/\/sites.uel.br\/leafro\/wp-content\/uploads\/2023\/09\/Folder-Semana-da-Consciencia-Negra-2014-frente-2-768x527.jpg 768w, https:\/\/sites.uel.br\/leafro\/wp-content\/uploads\/2023\/09\/Folder-Semana-da-Consciencia-Negra-2014-frente-2-1536x1053.jpg 1536w, https:\/\/sites.uel.br\/leafro\/wp-content\/uploads\/2023\/09\/Folder-Semana-da-Consciencia-Negra-2014-frente-2-2048x1404.jpg 2048w\" sizes=\"auto, (max-width: 739px) 100vw, 739px\" \/><\/figure>\n<\/div>\n\n<div class=\"wp-block-image\">\n<figure class=\"aligncenter size-large is-resized\"><img loading=\"lazy\" decoding=\"async\" src=\"https:\/\/sites.uel.br\/leafro\/wp-content\/uploads\/2023\/09\/Cartaz-Semana-da-Consciencia-Negra-lancamento-de-livro-s-1024x817.jpg\" alt=\"\" class=\"wp-image-391\" style=\"width:763px;height:609px\" width=\"763\" height=\"609\" srcset=\"https:\/\/sites.uel.br\/leafro\/wp-content\/uploads\/2023\/09\/Cartaz-Semana-da-Consciencia-Negra-lancamento-de-livro-s-1024x817.jpg 1024w, https:\/\/sites.uel.br\/leafro\/wp-content\/uploads\/2023\/09\/Cartaz-Semana-da-Consciencia-Negra-lancamento-de-livro-s-300x239.jpg 300w, https:\/\/sites.uel.br\/leafro\/wp-content\/uploads\/2023\/09\/Cartaz-Semana-da-Consciencia-Negra-lancamento-de-livro-s-768x613.jpg 768w, https:\/\/sites.uel.br\/leafro\/wp-content\/uploads\/2023\/09\/Cartaz-Semana-da-Consciencia-Negra-lancamento-de-livro-s.jpg 1530w\" sizes=\"auto, (max-width: 763px) 100vw, 763px\" \/><\/figure>\n<\/div>\n\n\n<p><\/p>\n\n\n\n<p class=\"has-text-align-center has-verde-color has-text-color\"><strong>I SEMIN\u00c1RIO DE ARTICULA\u00c7\u00c3O DAS A\u00c7\u00d5ES AFIRMATIVAS NO ESTADODO PARAN\u00c1<\/strong><\/p>\n\n\n<div class=\"wp-block-image\">\n<figure class=\"aligncenter size-full is-resized\"><img loading=\"lazy\" decoding=\"async\" src=\"https:\/\/sites.uel.br\/leafro\/wp-content\/uploads\/2023\/09\/Evento-AAs.jpg\" alt=\"\" class=\"wp-image-393\" style=\"width:465px;height:658px\" width=\"465\" height=\"658\" srcset=\"https:\/\/sites.uel.br\/leafro\/wp-content\/uploads\/2023\/09\/Evento-AAs.jpg 679w, https:\/\/sites.uel.br\/leafro\/wp-content\/uploads\/2023\/09\/Evento-AAs-212x300.jpg 212w\" sizes=\"auto, (max-width: 465px) 100vw, 465px\" \/><\/figure>\n<\/div>\n\n<div class=\"wp-block-image\">\n<figure class=\"aligncenter size-full is-resized\"><img loading=\"lazy\" decoding=\"async\" src=\"https:\/\/sites.uel.br\/leafro\/wp-content\/uploads\/2023\/09\/folder-AAs1.jpg\" alt=\"\" class=\"wp-image-394\" style=\"width:714px;height:505px\" width=\"714\" height=\"505\" srcset=\"https:\/\/sites.uel.br\/leafro\/wp-content\/uploads\/2023\/09\/folder-AAs1.jpg 960w, https:\/\/sites.uel.br\/leafro\/wp-content\/uploads\/2023\/09\/folder-AAs1-300x212.jpg 300w, https:\/\/sites.uel.br\/leafro\/wp-content\/uploads\/2023\/09\/folder-AAs1-768x543.jpg 768w\" sizes=\"auto, (max-width: 714px) 100vw, 714px\" \/><\/figure>\n<\/div>\n\n\n<p><\/p>\n\n\n\n<p class=\"has-medium-font-size\"><strong>ATIVIDADES\/CURSOS DE 2015<\/strong><\/p>\n\n\n\n<p class=\"has-text-align-center has-verde-color has-text-color\"><strong>M\u00eas da Consci\u00eancia Negra: As A\u00e7\u00f5es Afirmativas e as Pol\u00edticas de Acesso e Perman\u00eancia<\/strong><\/p>\n\n\n<div class=\"wp-block-image\">\n<figure class=\"aligncenter size-full is-resized\"><img loading=\"lazy\" decoding=\"async\" src=\"https:\/\/sites.uel.br\/leafro\/wp-content\/uploads\/2023\/09\/20-de-novembro-2014-1.jpg\" alt=\"\" class=\"wp-image-396\" style=\"width:485px;height:686px\" width=\"485\" height=\"686\" srcset=\"https:\/\/sites.uel.br\/leafro\/wp-content\/uploads\/2023\/09\/20-de-novembro-2014-1.jpg 679w, https:\/\/sites.uel.br\/leafro\/wp-content\/uploads\/2023\/09\/20-de-novembro-2014-1-212x300.jpg 212w\" sizes=\"auto, (max-width: 485px) 100vw, 485px\" \/><\/figure>\n<\/div>\n\n<div class=\"wp-block-image\">\n<figure class=\"aligncenter size-full is-resized\"><img loading=\"lazy\" decoding=\"async\" src=\"https:\/\/sites.uel.br\/leafro\/wp-content\/uploads\/2023\/09\/20-de-novembro-2014.jpg\" alt=\"\" class=\"wp-image-397\" style=\"width:472px;height:676px\" width=\"472\" height=\"676\" srcset=\"https:\/\/sites.uel.br\/leafro\/wp-content\/uploads\/2023\/09\/20-de-novembro-2014.jpg 670w, https:\/\/sites.uel.br\/leafro\/wp-content\/uploads\/2023\/09\/20-de-novembro-2014-209x300.jpg 209w\" sizes=\"auto, (max-width: 472px) 100vw, 472px\" \/><\/figure>\n<\/div>\n\n\n<p class=\"has-text-align-center has-verde-color has-text-color\"><strong>Curso de Forma\u00e7\u00e3o: Continuada Estudos e Cultura Afro-Brasileiros<\/strong><\/p>\n\n\n<div class=\"wp-block-image\">\n<figure class=\"aligncenter size-full is-resized\"><img loading=\"lazy\" decoding=\"async\" src=\"https:\/\/sites.uel.br\/leafro\/wp-content\/uploads\/2023\/09\/sitee0000.png\" alt=\"\" class=\"wp-image-407\" style=\"width:473px;height:786px\" width=\"473\" height=\"786\" \/><\/figure>\n<\/div>\n\n<div class=\"wp-block-image\">\n<figure class=\"aligncenter size-large is-resized\"><img loading=\"lazy\" decoding=\"async\" src=\"https:\/\/sites.uel.br\/leafro\/wp-content\/uploads\/2023\/09\/Folder-Curso-de-FormaAsectApoundo-Continuada-Cultura-Afro-Brasi_leira-f-rente-1024x735.jpg\" alt=\"\" class=\"wp-image-399\" style=\"width:717px;height:515px\" width=\"717\" height=\"515\" srcset=\"https:\/\/sites.uel.br\/leafro\/wp-content\/uploads\/2023\/09\/Folder-Curso-de-FormaAsectApoundo-Continuada-Cultura-Afro-Brasi_leira-f-rente-1024x735.jpg 1024w, https:\/\/sites.uel.br\/leafro\/wp-content\/uploads\/2023\/09\/Folder-Curso-de-FormaAsectApoundo-Continuada-Cultura-Afro-Brasi_leira-f-rente-300x215.jpg 300w, https:\/\/sites.uel.br\/leafro\/wp-content\/uploads\/2023\/09\/Folder-Curso-de-FormaAsectApoundo-Continuada-Cultura-Afro-Brasi_leira-f-rente-768x551.jpg 768w, https:\/\/sites.uel.br\/leafro\/wp-content\/uploads\/2023\/09\/Folder-Curso-de-FormaAsectApoundo-Continuada-Cultura-Afro-Brasi_leira-f-rente-1536x1102.jpg 1536w, https:\/\/sites.uel.br\/leafro\/wp-content\/uploads\/2023\/09\/Folder-Curso-de-FormaAsectApoundo-Continuada-Cultura-Afro-Brasi_leira-f-rente-2048x1469.jpg 2048w\" sizes=\"auto, (max-width: 717px) 100vw, 717px\" \/><\/figure>\n<\/div>\n\n\n<p><\/p>\n\n\n\n<p class=\"has-medium-font-size\"><strong>ATIVIDADES\/CURSOS DE 2016<\/strong><\/p>\n\n\n\n<p class=\"has-text-align-center has-verde-color has-text-color\"><strong>III Encontro de NEABs Regi\u00e3o Sul<\/strong><strong>\u00a0<\/strong><\/p>\n\n\n<div class=\"wp-block-image\">\n<figure class=\"aligncenter size-full is-resized\"><img loading=\"lazy\" decoding=\"async\" src=\"https:\/\/sites.uel.br\/leafro\/wp-content\/uploads\/2023\/09\/cataz-NEAB-sul.jpg\" alt=\"\" class=\"wp-image-402\" style=\"width:517px;height:728px\" width=\"517\" height=\"728\" srcset=\"https:\/\/sites.uel.br\/leafro\/wp-content\/uploads\/2023\/09\/cataz-NEAB-sul.jpg 682w, https:\/\/sites.uel.br\/leafro\/wp-content\/uploads\/2023\/09\/cataz-NEAB-sul-213x300.jpg 213w\" sizes=\"auto, (max-width: 517px) 100vw, 517px\" \/><\/figure>\n<\/div>\n\n<div class=\"wp-block-image\">\n<figure class=\"aligncenter size-full is-resized\"><img loading=\"lazy\" decoding=\"async\" src=\"https:\/\/sites.uel.br\/leafro\/wp-content\/uploads\/2023\/09\/download-2.png\" alt=\"\" class=\"wp-image-404\" style=\"width:304px;height:373px\" width=\"304\" height=\"373\" srcset=\"https:\/\/sites.uel.br\/leafro\/wp-content\/uploads\/2023\/09\/download-2.png 300w, https:\/\/sites.uel.br\/leafro\/wp-content\/uploads\/2023\/09\/download-2-245x300.png 245w\" sizes=\"auto, (max-width: 304px) 100vw, 304px\" \/><\/figure>\n<\/div>","protected":false},"excerpt":{"rendered":"<p>ATIVIDADES\/CURSOS DE 2010 Curso de Forma\u00e7\u00e3o Continuada em Rela\u00e7\u00f5es \u00c9tnico-raciais e Cultura Afro-brasileira e Africana &#8211; NRE JACAREZINHO. P\u00fablico alvo:&nbsp;Professores da Rede Estadual e Municipal de Educa\u00e7\u00e3o de Jacarezinho e Regi\u00e3o.&nbsp; Data:&nbsp;23\/Outubro\/2010 Local:&nbsp;FAFIJA, Rua Pe. Melo, 1200 Hor\u00e1rio:&nbsp;08h as 18h&nbsp; Curso de Forma\u00e7\u00e3o Continuada em Rela\u00e7\u00f5es \u00c9tnico-raciais e Cultura Afro-brasileira e Africana &#8211; NRE LONDRINA [&hellip;]<\/p>\n","protected":false},"author":7,"featured_media":0,"parent":0,"menu_order":0,"comment_status":"closed","ping_status":"closed","template":"","meta":{"footnotes":""},"class_list":["post-359","page","type-page","status-publish","hentry"],"acf":[],"_links":{"self":[{"href":"https:\/\/sites.uel.br\/leafro\/wp-json\/wp\/v2\/pages\/359","targetHints":{"allow":["GET"]}}],"collection":[{"href":"https:\/\/sites.uel.br\/leafro\/wp-json\/wp\/v2\/pages"}],"about":[{"href":"https:\/\/sites.uel.br\/leafro\/wp-json\/wp\/v2\/types\/page"}],"author":[{"embeddable":true,"href":"https:\/\/sites.uel.br\/leafro\/wp-json\/wp\/v2\/users\/7"}],"replies":[{"embeddable":true,"href":"https:\/\/sites.uel.br\/leafro\/wp-json\/wp\/v2\/comments?post=359"}],"version-history":[{"count":6,"href":"https:\/\/sites.uel.br\/leafro\/wp-json\/wp\/v2\/pages\/359\/revisions"}],"predecessor-version":[{"id":408,"href":"https:\/\/sites.uel.br\/leafro\/wp-json\/wp\/v2\/pages\/359\/revisions\/408"}],"wp:attachment":[{"href":"https:\/\/sites.uel.br\/leafro\/wp-json\/wp\/v2\/media?parent=359"}],"curies":[{"name":"wp","href":"https:\/\/api.w.org\/{rel}","templated":true}]}}