{"id":354,"date":"2023-09-09T19:38:18","date_gmt":"2023-09-09T22:38:18","guid":{"rendered":"https:\/\/sites.uel.br\/leafro\/?page_id=354"},"modified":"2024-07-18T14:50:31","modified_gmt":"2024-07-18T17:50:31","slug":"2023-atual","status":"publish","type":"page","link":"https:\/\/sites.uel.br\/leafro\/2023-atual\/","title":{"rendered":"2023-Atual"},"content":{"rendered":"\n<div class=\"wp-block-file\"><a id=\"wp-block-file--media-09f7a905-9707-40d7-8ff3-54a3d50e8a62\" href=\"https:\/\/sites.uel.br\/leafro\/wp-content\/uploads\/2024\/01\/Acoes-afirmativas-e-producao-intelectual-Projeto-Abdias-do-Nascimento.pdf\" target=\"_blank\" rel=\"noreferrer noopener\">A\u00e7\u00f5es afirmativas e produ\u00e7\u00e3o intelectual &#8211; Projeto Abdias do Nascimento<\/a><a href=\"https:\/\/sites.uel.br\/leafro\/wp-content\/uploads\/2024\/01\/Acoes-afirmativas-e-producao-intelectual-Projeto-Abdias-do-Nascimento.pdf\" class=\"wp-block-file__button wp-element-button\" download aria-describedby=\"wp-block-file--media-09f7a905-9707-40d7-8ff3-54a3d50e8a62\">Baixar<\/a><\/div>\n\n\n\n<p><\/p>\n","protected":false},"excerpt":{"rendered":"","protected":false},"author":7,"featured_media":0,"parent":0,"menu_order":0,"comment_status":"closed","ping_status":"closed","template":"","meta":{"footnotes":""},"class_list":["post-354","page","type-page","status-publish","hentry"],"acf":[],"_links":{"self":[{"href":"https:\/\/sites.uel.br\/leafro\/wp-json\/wp\/v2\/pages\/354","targetHints":{"allow":["GET"]}}],"collection":[{"href":"https:\/\/sites.uel.br\/leafro\/wp-json\/wp\/v2\/pages"}],"about":[{"href":"https:\/\/sites.uel.br\/leafro\/wp-json\/wp\/v2\/types\/page"}],"author":[{"embeddable":true,"href":"https:\/\/sites.uel.br\/leafro\/wp-json\/wp\/v2\/users\/7"}],"replies":[{"embeddable":true,"href":"https:\/\/sites.uel.br\/leafro\/wp-json\/wp\/v2\/comments?post=354"}],"version-history":[{"count":4,"href":"https:\/\/sites.uel.br\/leafro\/wp-json\/wp\/v2\/pages\/354\/revisions"}],"predecessor-version":[{"id":1239,"href":"https:\/\/sites.uel.br\/leafro\/wp-json\/wp\/v2\/pages\/354\/revisions\/1239"}],"wp:attachment":[{"href":"https:\/\/sites.uel.br\/leafro\/wp-json\/wp\/v2\/media?parent=354"}],"curies":[{"name":"wp","href":"https:\/\/api.w.org\/{rel}","templated":true}]}}