{"id":33,"date":"2023-04-20T09:05:24","date_gmt":"2023-04-20T12:05:24","guid":{"rendered":"https:\/\/sites.uel.br\/leafro\/?page_id=33"},"modified":"2024-07-04T19:29:24","modified_gmt":"2024-07-04T22:29:24","slug":"videos","status":"publish","type":"page","link":"https:\/\/sites.uel.br\/leafro\/videos\/","title":{"rendered":"V\u00eddeos"},"content":{"rendered":"\n<p class=\"has-text-align-center has-verde-escuro-color has-text-color has-link-color wp-elements-4e603eeafa2742188a47982a6ab7af49\"><a href=\"https:\/\/www.youtube.com\/hashtag\/cotasparanegr\"><strong>#COTASPARANEGR<\/strong><\/a><a href=\"https:\/\/www.youtube.com\/hashtag\/s\"><strong>#S<\/strong><\/a>&nbsp;Cotas para negros\/as &#8211; SoU_Ci\u00eancia<\/p>\n\n\n\n<figure class=\"wp-block-embed is-type-video is-provider-youtube wp-block-embed-youtube wp-embed-aspect-16-9 wp-has-aspect-ratio\"><div class=\"wp-block-embed__wrapper\">\n<iframe loading=\"lazy\" title=\"#COTASPARANEGR#S Cotas para negros\/as - SoU_Ci\u00eancia\" width=\"500\" height=\"281\" src=\"https:\/\/www.youtube.com\/embed\/jP6SdJwhwUs?feature=oembed\" frameborder=\"0\" allow=\"accelerometer; autoplay; clipboard-write; encrypted-media; gyroscope; picture-in-picture; web-share\" referrerpolicy=\"strict-origin-when-cross-origin\" allowfullscreen><\/iframe>\n<\/div><\/figure>\n\n\n\n<hr class=\"wp-block-separator has-alpha-channel-opacity\" \/>\n\n\n\n<p class=\"has-text-align-center has-verde-color has-text-color has-medium-font-size\"><a href=\"https:\/\/www.youtube.com\/hashtag\/universidadeparatod\">#UniversidadeparaTod<\/a><a href=\"https:\/\/www.youtube.com\/hashtag\/s\">#s<\/a>&nbsp;&#8211;<strong> O impacto das a\u00e7\u00f5es afirmativas no ensino superior p\u00fablico<\/strong><\/p>\n\n\n\n<p class=\"has-text-align-center has-small-font-size\"><em>A Lei de Cotas publicada em 2013, al\u00e9m de garantir maior justi\u00e7a na forma\u00e7\u00e3o acad\u00eamica, promovendo uma universidade mais diversa, tem provocado mudan\u00e7a significativa na vida de milhares de pessoas negras e de suas fam\u00edlias, beneficiando toda a sociedade. Confira no v\u00eddeo mais detalhes sobre o tema e os depoimentos de estudantes que tiveram as vidas impactadas pela lei.<\/em><\/p>\n\n\n\n<figure class=\"wp-block-embed is-type-video is-provider-youtube wp-block-embed-youtube wp-embed-aspect-16-9 wp-has-aspect-ratio\"><div class=\"wp-block-embed__wrapper\">\n<iframe loading=\"lazy\" title=\"#UniversidadeparaTod#s - O impacto das a\u00e7\u00f5es afirmativas no ensino superior p\u00fablico\" width=\"500\" height=\"281\" src=\"https:\/\/www.youtube.com\/embed\/YgEwbruRD6M?feature=oembed\" frameborder=\"0\" allow=\"accelerometer; autoplay; clipboard-write; encrypted-media; gyroscope; picture-in-picture; web-share\" referrerpolicy=\"strict-origin-when-cross-origin\" allowfullscreen><\/iframe>\n<\/div><\/figure>\n\n\n\n<hr class=\"wp-block-separator has-alpha-channel-opacity\" \/>\n\n\n\n<p class=\"has-text-align-center has-verde-color has-text-color has-medium-font-size\"><strong>Cotas na UEL: universidade para todos<\/strong><\/p>\n\n\n\n<p class=\"has-text-align-center has-small-font-size\"><em>V\u00eddeo que narra a trajet\u00f3ria de lutas pelas cotas para negros na Universidade Estadual de Londrina.<\/em><\/p>\n\n\n\n<figure class=\"wp-block-embed is-type-video is-provider-youtube wp-block-embed-youtube wp-embed-aspect-16-9 wp-has-aspect-ratio\"><div class=\"wp-block-embed__wrapper\">\n<iframe loading=\"lazy\" title=\"Cotas na UEL: universidade para todos\" width=\"500\" height=\"281\" src=\"https:\/\/www.youtube.com\/embed\/zJpXG1s_SbM?feature=oembed\" frameborder=\"0\" allow=\"accelerometer; autoplay; clipboard-write; encrypted-media; gyroscope; picture-in-picture; web-share\" referrerpolicy=\"strict-origin-when-cross-origin\" allowfullscreen><\/iframe>\n<\/div><\/figure>\n\n\n\n<hr class=\"wp-block-separator has-alpha-channel-opacity\" \/>\n\n\n\n<p class=\"has-text-align-center has-verde-color has-text-color has-medium-font-size\"><strong>Iniciativa para la Erradicaci\u00f3n del Racismo en Educaci\u00f3n Superior &#8211; Maria Nilza da Silva<\/strong><\/p>\n\n\n\n<p class=\"has-text-align-center has-small-font-size\"><em>V\u00eddeo produzido para o evento Iniciativa para la Erradicaci\u00f3n del Racismo en Educaci\u00f3n Superior realizado pela C\u00e1tedra Unesco.<\/em><\/p>\n\n\n\n<figure class=\"wp-block-embed is-type-video is-provider-youtube wp-block-embed-youtube wp-embed-aspect-16-9 wp-has-aspect-ratio\"><div class=\"wp-block-embed__wrapper\">\n<iframe loading=\"lazy\" title=\"Iniciativa para la Erradicaci\u00f3n del Racismo en Educaci\u00f3n Superior - Maria Nilza da Silva\" width=\"500\" height=\"281\" src=\"https:\/\/www.youtube.com\/embed\/aR2hw8UDwB4?feature=oembed\" frameborder=\"0\" allow=\"accelerometer; autoplay; clipboard-write; encrypted-media; gyroscope; picture-in-picture; web-share\" referrerpolicy=\"strict-origin-when-cross-origin\" allowfullscreen><\/iframe>\n<\/div><\/figure>\n\n\n\n<hr class=\"wp-block-separator has-alpha-channel-opacity\" \/>\n\n\n\n<p class=\"has-text-align-center has-verde-color has-text-color has-medium-font-size\"><strong>Iniciativa para la Erradicaci\u00f3n del Racismo en Educaci\u00f3n Superior &#8211; Mariana Panta<\/strong><\/p>\n\n\n\n<p class=\"has-text-align-center has-small-font-size\"><em>V\u00eddeo produzido para o evento Iniciativa para la Erradicaci\u00f3n del Racismo en Educaci\u00f3n Superior realizado pela C\u00e1tedra Unesco.<\/em><\/p>\n\n\n\n<figure class=\"wp-block-embed is-type-video is-provider-youtube wp-block-embed-youtube wp-embed-aspect-16-9 wp-has-aspect-ratio\"><div class=\"wp-block-embed__wrapper\">\n<iframe loading=\"lazy\" title=\"Iniciativa para la Erradicaci\u00f3n del Racismo en Educaci\u00f3n Superior - Mariana Panta\" width=\"500\" height=\"281\" src=\"https:\/\/www.youtube.com\/embed\/53luE3P-ePY?feature=oembed\" frameborder=\"0\" allow=\"accelerometer; autoplay; clipboard-write; encrypted-media; gyroscope; picture-in-picture; web-share\" referrerpolicy=\"strict-origin-when-cross-origin\" allowfullscreen><\/iframe>\n<\/div><\/figure>\n\n\n\n<hr class=\"wp-block-separator has-alpha-channel-opacity\" \/>\n\n\n\n<p class=\"has-text-align-center has-verde-color has-text-color has-medium-font-size\"><strong><strong>Tudo o que voc\u00ea gostaria de saber sobre macumba e nunca teve coragem de perguntar<\/strong><\/strong><\/p>\n\n\n\n<p class=\"has-text-align-center has-small-font-size\"><em>V\u00eddeo produzido pela Vila Cultural Alma Brasil para o Pr\u00eamio Gri\u00f4 na Escola e na TV, sobre a mestre Gri\u00f4 Y\u00e1 Mukumby.<\/em><\/p>\n\n\n\n<figure class=\"wp-block-embed is-type-video is-provider-youtube wp-block-embed-youtube wp-embed-aspect-16-9 wp-has-aspect-ratio\"><div class=\"wp-block-embed__wrapper\">\n<iframe loading=\"lazy\" title=\"Tudo o que voc\u00ea gostaria de saber sobre macumba e nunca teve coragem de perguntar\" width=\"500\" height=\"281\" src=\"https:\/\/www.youtube.com\/embed\/IompIMkV1SM?feature=oembed\" frameborder=\"0\" allow=\"accelerometer; autoplay; clipboard-write; encrypted-media; gyroscope; picture-in-picture; web-share\" referrerpolicy=\"strict-origin-when-cross-origin\" allowfullscreen><\/iframe>\n<\/div><\/figure>\n\n\n\n<hr class=\"wp-block-separator has-alpha-channel-opacity\" \/>\n\n\n\n<p class=\"has-text-align-center has-verde-color has-text-color has-medium-font-size\"><strong>1 em 500 mil? Y\u00e1 Mukumby<\/strong><\/p>\n\n\n\n<p class=\"has-text-align-center has-small-font-size\"><em>Epis\u00f3dio da s\u00e9rie &#8220;1 em 500 mil&#8221; produzido pelo Jornal de Londrina GRPCOM que traz Y\u00e1 Mukumby para falar sobre o candombl\u00e9 e tamb\u00e9m sobre a luta do Movimento Negro nos \u00faltimos tempos.<\/em><\/p>\n\n\n\n<figure class=\"wp-block-embed is-type-video is-provider-youtube wp-block-embed-youtube wp-embed-aspect-16-9 wp-has-aspect-ratio\"><div class=\"wp-block-embed__wrapper\">\n<iframe loading=\"lazy\" title=\"1 em 500 mil: Ya Mukumby\" width=\"500\" height=\"281\" src=\"https:\/\/www.youtube.com\/embed\/jzBmnc1DvQ8?start=14&#038;feature=oembed\" frameborder=\"0\" allow=\"accelerometer; autoplay; clipboard-write; encrypted-media; gyroscope; picture-in-picture; web-share\" referrerpolicy=\"strict-origin-when-cross-origin\" allowfullscreen><\/iframe>\n<\/div><\/figure>\n\n\n\n<hr class=\"wp-block-separator has-alpha-channel-opacity\" \/>\n\n\n\n<p class=\"has-text-align-center has-verde-color has-text-color has-medium-font-size\"><strong>Document\u00e1rio Desconstruindo<\/strong><\/p>\n\n\n\n<p class=\"has-text-align-center has-small-font-size\"><em>Document\u00e1rio sobre identidade e aceita\u00e7\u00e3o.<\/em><\/p>\n\n\n\n<figure class=\"wp-block-embed is-type-video is-provider-youtube wp-block-embed-youtube wp-embed-aspect-16-9 wp-has-aspect-ratio\"><div class=\"wp-block-embed__wrapper\">\n<iframe loading=\"lazy\" title=\"Document\u00e1rio Desconstruindo\" width=\"500\" height=\"281\" src=\"https:\/\/www.youtube.com\/embed\/mWgn2S3Ugb8?start=34&#038;feature=oembed\" frameborder=\"0\" allow=\"accelerometer; autoplay; clipboard-write; encrypted-media; gyroscope; picture-in-picture; web-share\" referrerpolicy=\"strict-origin-when-cross-origin\" allowfullscreen><\/iframe>\n<\/div><\/figure>\n\n\n\n<hr class=\"wp-block-separator has-alpha-channel-opacity\" \/>\n\n\n\n<p class=\"has-text-align-center has-verde-color has-text-color has-medium-font-size\"><strong><strong>10 Anos da Lei 10.639\/03 e das a\u00e7\u00f5es afirmativas no Brasil<\/strong><\/strong><\/p>\n\n\n\n<p class=\"has-text-align-center has-small-font-size\"><em>Entrevista dada pela Professora Doutora Maria Nilza da Silva (UEL) ao N\u00facleo de Estudos Interdisciplinares Afro-brasileiros &#8211; NEIAB\/UEM em 26\/03\/2013.<\/em><\/p>\n\n\n\n<figure class=\"wp-block-embed is-type-video is-provider-youtube wp-block-embed-youtube wp-embed-aspect-4-3 wp-has-aspect-ratio\"><div class=\"wp-block-embed__wrapper\">\n<iframe loading=\"lazy\" title=\"NEIAB-UEM ( Entrevista professora doutora Maria Nilza da Silva )\" width=\"500\" height=\"375\" src=\"https:\/\/www.youtube.com\/embed\/EZJWHUpKMUE?feature=oembed\" frameborder=\"0\" allow=\"accelerometer; autoplay; clipboard-write; encrypted-media; gyroscope; picture-in-picture; web-share\" referrerpolicy=\"strict-origin-when-cross-origin\" allowfullscreen><\/iframe>\n<\/div><\/figure>\n\n\n\n<hr class=\"wp-block-separator has-alpha-channel-opacity\" \/>\n\n\n\n<p class=\"has-text-align-center has-verde-color has-text-color has-medium-font-size\"><strong>A venda dos pretos<\/strong><\/p>\n\n\n\n<figure class=\"wp-block-embed is-type-video is-provider-youtube wp-block-embed-youtube wp-embed-aspect-16-9 wp-has-aspect-ratio\"><div class=\"wp-block-embed__wrapper\">\n<iframe loading=\"lazy\" title=\"Livro narra trajet\u00f3ria de migrante negra em Londrina\" width=\"500\" height=\"281\" src=\"https:\/\/www.youtube.com\/embed\/i7u6kke7QBQ?feature=oembed\" frameborder=\"0\" allow=\"accelerometer; autoplay; clipboard-write; encrypted-media; gyroscope; picture-in-picture; web-share\" referrerpolicy=\"strict-origin-when-cross-origin\" allowfullscreen><\/iframe>\n<\/div><\/figure>\n\n\n\n<hr class=\"wp-block-separator has-alpha-channel-opacity\" \/>\n\n\n\n<p class=\"has-text-align-center has-verde-color has-text-color has-link-color has-medium-font-size wp-elements-7fd5ea5d313c1d02b0867607375be5c8\"><strong>Brava gente<\/strong>: o canto dos esquecidos (Quilombos do Paran\u00e1)<\/p>\n\n\n\n<figure class=\"wp-block-embed is-type-video is-provider-youtube wp-block-embed-youtube wp-embed-aspect-4-3 wp-has-aspect-ratio\"><div class=\"wp-block-embed__wrapper\">\n<iframe loading=\"lazy\" title=\"Brava gente: o canto dos esquecidos (Quilombos do Paran\u00e1)\" width=\"500\" height=\"375\" src=\"https:\/\/www.youtube.com\/embed\/FZtX1oFvpW0?feature=oembed\" frameborder=\"0\" allow=\"accelerometer; autoplay; clipboard-write; encrypted-media; gyroscope; picture-in-picture; web-share\" referrerpolicy=\"strict-origin-when-cross-origin\" allowfullscreen><\/iframe>\n<\/div><\/figure>\n","protected":false},"excerpt":{"rendered":"<p>#COTASPARANEGR#S&nbsp;Cotas para negros\/as &#8211; SoU_Ci\u00eancia #UniversidadeparaTod#s&nbsp;&#8211; O impacto das a\u00e7\u00f5es afirmativas no ensino superior p\u00fablico A Lei de Cotas publicada em 2013, al\u00e9m de garantir maior justi\u00e7a na forma\u00e7\u00e3o acad\u00eamica, promovendo uma universidade mais diversa, tem provocado mudan\u00e7a significativa na vida de milhares de pessoas negras e de suas fam\u00edlias, beneficiando toda a sociedade. Confira [&hellip;]<\/p>\n","protected":false},"author":7,"featured_media":0,"parent":0,"menu_order":0,"comment_status":"closed","ping_status":"closed","template":"","meta":{"footnotes":""},"class_list":["post-33","page","type-page","status-publish","hentry"],"acf":[],"_links":{"self":[{"href":"https:\/\/sites.uel.br\/leafro\/wp-json\/wp\/v2\/pages\/33","targetHints":{"allow":["GET"]}}],"collection":[{"href":"https:\/\/sites.uel.br\/leafro\/wp-json\/wp\/v2\/pages"}],"about":[{"href":"https:\/\/sites.uel.br\/leafro\/wp-json\/wp\/v2\/types\/page"}],"author":[{"embeddable":true,"href":"https:\/\/sites.uel.br\/leafro\/wp-json\/wp\/v2\/users\/7"}],"replies":[{"embeddable":true,"href":"https:\/\/sites.uel.br\/leafro\/wp-json\/wp\/v2\/comments?post=33"}],"version-history":[{"count":22,"href":"https:\/\/sites.uel.br\/leafro\/wp-json\/wp\/v2\/pages\/33\/revisions"}],"predecessor-version":[{"id":1203,"href":"https:\/\/sites.uel.br\/leafro\/wp-json\/wp\/v2\/pages\/33\/revisions\/1203"}],"wp:attachment":[{"href":"https:\/\/sites.uel.br\/leafro\/wp-json\/wp\/v2\/media?parent=33"}],"curies":[{"name":"wp","href":"https:\/\/api.w.org\/{rel}","templated":true}]}}