{"id":31,"date":"2023-04-20T09:05:24","date_gmt":"2023-04-20T12:05:24","guid":{"rendered":"https:\/\/sites.uel.br\/leafro\/?page_id=31"},"modified":"2024-05-01T17:24:15","modified_gmt":"2024-05-01T20:24:15","slug":"livros","status":"publish","type":"page","link":"https:\/\/sites.uel.br\/leafro\/livros\/","title":{"rendered":"Livros"},"content":{"rendered":"\n<figure class=\"wp-block-pullquote has-small-font-size\"><blockquote><p>As pesquisas realizadas pelo Laborat\u00f3rio de Estudos Afro-Brasileiros e Africanos da UEL deram origem \u00e0 \u201c<em>Cole\u00e7\u00e3o Presen\u00e7a Negra em Londrina<\/em>\u201d, cujo objetivo \u00e9 contribuir para uma educa\u00e7\u00e3o antirracista por meio da reconstitui\u00e7\u00e3o da hist\u00f3ria do munic\u00edpio sob outros prismas. A Cole\u00e7\u00e3o \u00e9 composta por quatro biografias de personalidades negras que marcaram a trajet\u00f3ria da cidade, as quais s\u00e3o: <em>Y\u00e1 Mukumby: A vida de Vilma Santos de Oliveira<\/em> (2010\/2013), O Doutor Preto Justiniano Cl\u00edmaco da Silva: A Presen\u00e7a Negra Pioneira em Londrina (2010\/2014), <em>Negro em Movimento: A trajet\u00f3ria de Doutor Oscar do Nascimento<\/em> (2014) e <em>Dona Izolina e a Venda dos Pretos: Solidariedade e Resist\u00eancia<\/em> (2016), respectivamente. Al\u00e9m das biografias, foram produzidos pelo LEAFRO, os livros: <em>Territ\u00f3rio e Segrega\u00e7\u00e3o Urbana: O lugar da popula\u00e7\u00e3o negra na cidade <\/em>(2014), <em>Dona Vilma<\/em>: <em>Cultura Negra como Express\u00e3o de Luta e Vida<\/em> (2014). <em>Casa Dona Vilma &#8211; Y\u00e1 Mukumby<\/em>: <em>Mem\u00f3rias e Lutas pelas A\u00e7\u00f5es Afirmativas<\/em> (2019).<\/p><\/blockquote><\/figure>\n\n\n\n<figure class=\"wp-block-image size-large is-resized\"><img loading=\"lazy\" decoding=\"async\" width=\"1018\" height=\"1024\" src=\"https:\/\/sites.uel.br\/leafro\/wp-content\/uploads\/2023\/04\/Capa-Ya-Mukumby-a-vida-de-Vilma-Santos-de-Olveira-2-1018x1024.jpg\" alt=\"\" class=\"wp-image-117\" style=\"width:544px;height:547px\" srcset=\"https:\/\/sites.uel.br\/leafro\/wp-content\/uploads\/2023\/04\/Capa-Ya-Mukumby-a-vida-de-Vilma-Santos-de-Olveira-2-1018x1024.jpg 1018w, https:\/\/sites.uel.br\/leafro\/wp-content\/uploads\/2023\/04\/Capa-Ya-Mukumby-a-vida-de-Vilma-Santos-de-Olveira-2-298x300.jpg 298w, https:\/\/sites.uel.br\/leafro\/wp-content\/uploads\/2023\/04\/Capa-Ya-Mukumby-a-vida-de-Vilma-Santos-de-Olveira-2-150x150.jpg 150w, https:\/\/sites.uel.br\/leafro\/wp-content\/uploads\/2023\/04\/Capa-Ya-Mukumby-a-vida-de-Vilma-Santos-de-Olveira-2-768x773.jpg 768w, https:\/\/sites.uel.br\/leafro\/wp-content\/uploads\/2023\/04\/Capa-Ya-Mukumby-a-vida-de-Vilma-Santos-de-Olveira-2.jpg 1181w\" sizes=\"auto, (max-width: 1018px) 100vw, 1018px\" \/><\/figure>\n\n\n\n<div class=\"wp-block-file\"><a id=\"wp-block-file--media-fac6aca2-9d26-4a1e-a0b3-0ad0594e022f\" href=\"https:\/\/sites.uel.br\/leafro\/wp-content\/uploads\/2023\/05\/Ya-Mukumby-2.-ed.-revisada-e-ampliada.pdf\" target=\"_blank\" rel=\"noreferrer noopener\">Y\u00e1 Mukumby: a vida de Vilma Santos de Oliveira<\/a><a href=\"https:\/\/sites.uel.br\/leafro\/wp-content\/uploads\/2023\/05\/Ya-Mukumby-2.-ed.-revisada-e-ampliada.pdf\" class=\"wp-block-file__button wp-element-button\" download aria-describedby=\"wp-block-file--media-fac6aca2-9d26-4a1e-a0b3-0ad0594e022f\">Baixar<\/a><\/div>\n\n\n\n<figure class=\"wp-block-image size-full is-resized\"><img loading=\"lazy\" decoding=\"async\" width=\"264\" height=\"369\" src=\"https:\/\/sites.uel.br\/leafro\/wp-content\/uploads\/2024\/05\/Capa-Dona-Vilma-Cultura-Negra-Como-Expressao-de-Luta-e-Vida-2.bmp\" alt=\"\" class=\"wp-image-1188\" style=\"width:415px;height:auto\" srcset=\"https:\/\/sites.uel.br\/leafro\/wp-content\/uploads\/2024\/05\/Capa-Dona-Vilma-Cultura-Negra-Como-Expressao-de-Luta-e-Vida-2.bmp 264w, https:\/\/sites.uel.br\/leafro\/wp-content\/uploads\/2024\/05\/Capa-Dona-Vilma-Cultura-Negra-Como-Expressao-de-Luta-e-Vida-2-215x300.jpg 215w\" sizes=\"auto, (max-width: 264px) 100vw, 264px\" \/><\/figure>\n\n\n\n<div class=\"wp-block-file\"><a id=\"wp-block-file--media-64cfa6d6-e157-4ea3-b4dd-d81fe853f996\" href=\"https:\/\/sites.uel.br\/leafro\/wp-content\/uploads\/2024\/05\/Dona-Vilma-Cultura-Negra-Como-Expressao-de-Luta-e-Vida-grafica-03.11.pdf\" target=\"_blank\" rel=\"noreferrer noopener\">Dona Vilma &#8211; cultura negra como express\u00e3o de luta e vida<\/a><a href=\"https:\/\/sites.uel.br\/leafro\/wp-content\/uploads\/2024\/05\/Dona-Vilma-Cultura-Negra-Como-Expressao-de-Luta-e-Vida-grafica-03.11.pdf\" class=\"wp-block-file__button wp-element-button\" download aria-describedby=\"wp-block-file--media-64cfa6d6-e157-4ea3-b4dd-d81fe853f996\">Baixar<\/a><\/div>\n\n\n\n<figure class=\"wp-block-image size-large is-resized\"><img loading=\"lazy\" decoding=\"async\" width=\"1024\" height=\"1024\" src=\"https:\/\/sites.uel.br\/leafro\/wp-content\/uploads\/2023\/04\/Capa-O-Doutor-Preto-Justiniano-Climaco-da-Silva-1ed-1-1024x1024.jpg\" alt=\"\" class=\"wp-image-127\" style=\"width:555px;height:555px\" srcset=\"https:\/\/sites.uel.br\/leafro\/wp-content\/uploads\/2023\/04\/Capa-O-Doutor-Preto-Justiniano-Climaco-da-Silva-1ed-1-1024x1024.jpg 1024w, https:\/\/sites.uel.br\/leafro\/wp-content\/uploads\/2023\/04\/Capa-O-Doutor-Preto-Justiniano-Climaco-da-Silva-1ed-1-300x300.jpg 300w, https:\/\/sites.uel.br\/leafro\/wp-content\/uploads\/2023\/04\/Capa-O-Doutor-Preto-Justiniano-Climaco-da-Silva-1ed-1-150x150.jpg 150w, https:\/\/sites.uel.br\/leafro\/wp-content\/uploads\/2023\/04\/Capa-O-Doutor-Preto-Justiniano-Climaco-da-Silva-1ed-1-768x768.jpg 768w, https:\/\/sites.uel.br\/leafro\/wp-content\/uploads\/2023\/04\/Capa-O-Doutor-Preto-Justiniano-Climaco-da-Silva-1ed-1.jpg 1181w\" sizes=\"auto, (max-width: 1024px) 100vw, 1024px\" \/><\/figure>\n\n\n\n<div class=\"wp-block-file\"><a id=\"wp-block-file--media-727ef9f1-9d7b-4658-af49-6ff05a3c92c9\" href=\"https:\/\/sites.uel.br\/leafro\/wp-content\/uploads\/2023\/05\/Justiniano-Climaco-1-ed.pdf\" target=\"_blank\" rel=\"noreferrer noopener\">Justiniano Cl\u00edmaco da Silva: a presen\u00e7a negra pioneira em Londrina<\/a><a href=\"https:\/\/sites.uel.br\/leafro\/wp-content\/uploads\/2023\/05\/Justiniano-Climaco-1-ed.pdf\" class=\"wp-block-file__button wp-element-button\" download aria-describedby=\"wp-block-file--media-727ef9f1-9d7b-4658-af49-6ff05a3c92c9\">Baixar<\/a><\/div>\n\n\n\n<figure class=\"wp-block-image size-large is-resized\"><img loading=\"lazy\" decoding=\"async\" width=\"1016\" height=\"1024\" src=\"https:\/\/sites.uel.br\/leafro\/wp-content\/uploads\/2023\/04\/Capa-Dr.-Oscar-Negro-em-movimento-1016x1024.jpg\" alt=\"\" class=\"wp-image-129\" style=\"width:544px;height:548px\" srcset=\"https:\/\/sites.uel.br\/leafro\/wp-content\/uploads\/2023\/04\/Capa-Dr.-Oscar-Negro-em-movimento-1016x1024.jpg 1016w, https:\/\/sites.uel.br\/leafro\/wp-content\/uploads\/2023\/04\/Capa-Dr.-Oscar-Negro-em-movimento-298x300.jpg 298w, https:\/\/sites.uel.br\/leafro\/wp-content\/uploads\/2023\/04\/Capa-Dr.-Oscar-Negro-em-movimento-150x150.jpg 150w, https:\/\/sites.uel.br\/leafro\/wp-content\/uploads\/2023\/04\/Capa-Dr.-Oscar-Negro-em-movimento-768x774.jpg 768w, https:\/\/sites.uel.br\/leafro\/wp-content\/uploads\/2023\/04\/Capa-Dr.-Oscar-Negro-em-movimento-1524x1536.jpg 1524w, https:\/\/sites.uel.br\/leafro\/wp-content\/uploads\/2023\/04\/Capa-Dr.-Oscar-Negro-em-movimento.jpg 1595w\" sizes=\"auto, (max-width: 1016px) 100vw, 1016px\" \/><\/figure>\n\n\n\n<div class=\"wp-block-file\"><a id=\"wp-block-file--media-1600a846-4495-406e-b24d-fd2f10ec27cf\" href=\"https:\/\/sites.uel.br\/leafro\/wp-content\/uploads\/2023\/05\/Dr.-Oscar-Negro-em-movimento-30.06.pdf\" target=\"_blank\" rel=\"noreferrer noopener\">Negro em movimento: a trajet\u00f3ria de Doutor Oscar do Nascimento<\/a><a href=\"https:\/\/sites.uel.br\/leafro\/wp-content\/uploads\/2023\/05\/Dr.-Oscar-Negro-em-movimento-30.06.pdf\" class=\"wp-block-file__button wp-element-button\" download aria-describedby=\"wp-block-file--media-1600a846-4495-406e-b24d-fd2f10ec27cf\">Baixar<\/a><\/div>\n\n\n\n<figure class=\"wp-block-image size-large is-resized\"><img loading=\"lazy\" decoding=\"async\" width=\"1000\" height=\"1024\" src=\"https:\/\/sites.uel.br\/leafro\/wp-content\/uploads\/2023\/04\/Capa-Venda-dos-Pretos-1000x1024.jpg\" alt=\"\" class=\"wp-image-132\" style=\"width:513px;height:526px\" srcset=\"https:\/\/sites.uel.br\/leafro\/wp-content\/uploads\/2023\/04\/Capa-Venda-dos-Pretos-1000x1024.jpg 1000w, https:\/\/sites.uel.br\/leafro\/wp-content\/uploads\/2023\/04\/Capa-Venda-dos-Pretos-293x300.jpg 293w, https:\/\/sites.uel.br\/leafro\/wp-content\/uploads\/2023\/04\/Capa-Venda-dos-Pretos-768x787.jpg 768w, https:\/\/sites.uel.br\/leafro\/wp-content\/uploads\/2023\/04\/Capa-Venda-dos-Pretos-1500x1536.jpg 1500w, https:\/\/sites.uel.br\/leafro\/wp-content\/uploads\/2023\/04\/Capa-Venda-dos-Pretos-1999x2048.jpg 1999w\" sizes=\"auto, (max-width: 1000px) 100vw, 1000px\" \/><\/figure>\n\n\n\n<div class=\"wp-block-file\"><a id=\"wp-block-file--media-f2620739-9ab7-430b-ac43-33cecb25394d\" href=\"https:\/\/sites.uel.br\/leafro\/wp-content\/uploads\/2023\/04\/Venda-dos-pretos.pdf\" target=\"_blank\" rel=\"noreferrer noopener\">Dona Izolina e a Venda dos Pretos<\/a><a href=\"https:\/\/sites.uel.br\/leafro\/wp-content\/uploads\/2023\/04\/Venda-dos-pretos.pdf\" class=\"wp-block-file__button wp-element-button\" download aria-describedby=\"wp-block-file--media-f2620739-9ab7-430b-ac43-33cecb25394d\">Baixar<\/a><\/div>\n\n\n\n<figure class=\"wp-block-image size-large is-resized\"><img loading=\"lazy\" decoding=\"async\" width=\"1024\" height=\"787\" src=\"https:\/\/sites.uel.br\/leafro\/wp-content\/uploads\/2023\/04\/casa-1024x787.jpg\" alt=\"\" class=\"wp-image-121\" style=\"width:545px;height:419px\" srcset=\"https:\/\/sites.uel.br\/leafro\/wp-content\/uploads\/2023\/04\/casa-1024x787.jpg 1024w, https:\/\/sites.uel.br\/leafro\/wp-content\/uploads\/2023\/04\/casa-300x231.jpg 300w, https:\/\/sites.uel.br\/leafro\/wp-content\/uploads\/2023\/04\/casa-768x590.jpg 768w, https:\/\/sites.uel.br\/leafro\/wp-content\/uploads\/2023\/04\/casa.jpg 1154w\" sizes=\"auto, (max-width: 1024px) 100vw, 1024px\" \/><\/figure>\n\n\n\n<div class=\"wp-block-file\"><a id=\"wp-block-file--media-ad0406ca-6be2-46ab-8239-dc3aa6ee2199\" href=\"https:\/\/sites.uel.br\/leafro\/wp-content\/uploads\/2023\/05\/A-Casa-Dona-Vilma_SITE.pdf\" target=\"_blank\" rel=\"noreferrer noopener\">A casa Dona Vilma<\/a><a href=\"https:\/\/sites.uel.br\/leafro\/wp-content\/uploads\/2023\/05\/A-Casa-Dona-Vilma_SITE.pdf\" class=\"wp-block-file__button wp-element-button\" download aria-describedby=\"wp-block-file--media-ad0406ca-6be2-46ab-8239-dc3aa6ee2199\">Baixar<\/a><\/div>\n\n\n\n<figure class=\"wp-block-image size-full is-resized\"><img loading=\"lazy\" decoding=\"async\" width=\"444\" height=\"642\" src=\"https:\/\/sites.uel.br\/leafro\/wp-content\/uploads\/2023\/04\/Capa-front-Territorio-e-Segregacao-Urbana.jpg\" alt=\"\" class=\"wp-image-135\" style=\"width:390px;height:564px\" srcset=\"https:\/\/sites.uel.br\/leafro\/wp-content\/uploads\/2023\/04\/Capa-front-Territorio-e-Segregacao-Urbana.jpg 444w, https:\/\/sites.uel.br\/leafro\/wp-content\/uploads\/2023\/04\/Capa-front-Territorio-e-Segregacao-Urbana-207x300.jpg 207w\" sizes=\"auto, (max-width: 444px) 100vw, 444px\" \/><\/figure>\n\n\n\n<div class=\"wp-block-file\"><a id=\"wp-block-file--media-37588a15-fee1-4d7e-b010-7a28abe61d83\" href=\"https:\/\/sites.uel.br\/leafro\/wp-content\/uploads\/2023\/04\/Territorio-e-Segregacao-Urbana-Grafica.pdf\" target=\"_blank\" rel=\"noreferrer noopener\">Territ\u00f3rio e segrega\u00e7\u00e3o urbana<\/a><a href=\"https:\/\/sites.uel.br\/leafro\/wp-content\/uploads\/2023\/04\/Territorio-e-Segregacao-Urbana-Grafica.pdf\" class=\"wp-block-file__button wp-element-button\" download aria-describedby=\"wp-block-file--media-37588a15-fee1-4d7e-b010-7a28abe61d83\">Baixar<\/a><\/div>\n\n\n\n<figure class=\"wp-block-image size-full is-resized\"><img loading=\"lazy\" decoding=\"async\" width=\"655\" height=\"948\" src=\"https:\/\/sites.uel.br\/leafro\/wp-content\/uploads\/2023\/04\/Capa-O-negro-na-universidade-2.png\" alt=\"\" class=\"wp-image-139\" style=\"width:393px;height:569px\" srcset=\"https:\/\/sites.uel.br\/leafro\/wp-content\/uploads\/2023\/04\/Capa-O-negro-na-universidade-2.png 655w, https:\/\/sites.uel.br\/leafro\/wp-content\/uploads\/2023\/04\/Capa-O-negro-na-universidade-2-207x300.png 207w\" sizes=\"auto, (max-width: 655px) 100vw, 655px\" \/><\/figure>\n\n\n\n<div class=\"wp-block-file\"><a id=\"wp-block-file--media-a13189a3-e643-45c4-b33c-623510c34ad7\" href=\"https:\/\/sites.uel.br\/leafro\/wp-content\/uploads\/2023\/04\/O-negro-na-universidade-o-direito-a-inclusao.pdf\" target=\"_blank\" rel=\"noreferrer noopener\">O negro na universidade: o direito \u00e0 inclus\u00e3o<\/a><a href=\"https:\/\/sites.uel.br\/leafro\/wp-content\/uploads\/2023\/04\/O-negro-na-universidade-o-direito-a-inclusao.pdf\" class=\"wp-block-file__button wp-element-button\" download aria-describedby=\"wp-block-file--media-a13189a3-e643-45c4-b33c-623510c34ad7\">Baixar<\/a><\/div>\n\n\n\n<figure class=\"wp-block-image size-full is-resized\"><img loading=\"lazy\" decoding=\"async\" width=\"677\" height=\"980\" src=\"https:\/\/sites.uel.br\/leafro\/wp-content\/uploads\/2023\/04\/Capa-Nem-para-todos-e-a-cidade.jpg\" alt=\"\" class=\"wp-image-142\" style=\"width:398px;height:576px\" srcset=\"https:\/\/sites.uel.br\/leafro\/wp-content\/uploads\/2023\/04\/Capa-Nem-para-todos-e-a-cidade.jpg 677w, https:\/\/sites.uel.br\/leafro\/wp-content\/uploads\/2023\/04\/Capa-Nem-para-todos-e-a-cidade-207x300.jpg 207w\" sizes=\"auto, (max-width: 677px) 100vw, 677px\" \/><\/figure>\n\n\n\n<div class=\"wp-block-file\"><a id=\"wp-block-file--media-848e4d2d-2f98-45c1-bff0-579a20681e87\" href=\"https:\/\/sites.uel.br\/leafro\/wp-content\/uploads\/2023\/04\/Nem-para-todos-e-a-cidade.pdf\" target=\"_blank\" rel=\"noreferrer noopener\">Nem para todos \u00e9 a cidade<\/a><a href=\"https:\/\/sites.uel.br\/leafro\/wp-content\/uploads\/2023\/04\/Nem-para-todos-e-a-cidade.pdf\" class=\"wp-block-file__button wp-element-button\" download aria-describedby=\"wp-block-file--media-848e4d2d-2f98-45c1-bff0-579a20681e87\">Baixar<\/a><\/div>\n\n\n\n<figure class=\"wp-block-image size-full is-resized\"><img loading=\"lazy\" decoding=\"async\" width=\"675\" height=\"1000\" src=\"https:\/\/sites.uel.br\/leafro\/wp-content\/uploads\/2023\/09\/81kxlyFZxRL._AC_UF10001000_QL80_.jpg\" alt=\"\" class=\"wp-image-273\" style=\"width:395px;height:585px\" srcset=\"https:\/\/sites.uel.br\/leafro\/wp-content\/uploads\/2023\/09\/81kxlyFZxRL._AC_UF10001000_QL80_.jpg 675w, https:\/\/sites.uel.br\/leafro\/wp-content\/uploads\/2023\/09\/81kxlyFZxRL._AC_UF10001000_QL80_-203x300.jpg 203w\" sizes=\"auto, (max-width: 675px) 100vw, 675px\" \/><\/figure>\n\n\n\n<div class=\"wp-block-file\"><a id=\"wp-block-file--media-6ed50073-aec6-4ba2-8b51-5ff9bd036b63\" href=\"https:\/\/sites.uel.br\/leafro\/wp-content\/uploads\/2023\/09\/O-espelho-quebrado-da-branquitude_compressed-1-1.pdf\" target=\"_blank\" rel=\"noreferrer noopener\">O espelho quebrado da branquitude<\/a><a href=\"https:\/\/sites.uel.br\/leafro\/wp-content\/uploads\/2023\/09\/O-espelho-quebrado-da-branquitude_compressed-1-1.pdf\" class=\"wp-block-file__button wp-element-button\" download aria-describedby=\"wp-block-file--media-6ed50073-aec6-4ba2-8b51-5ff9bd036b63\">Baixar<\/a><\/div>\n\n\n\n<figure class=\"wp-block-image size-full is-resized\"><img loading=\"lazy\" decoding=\"async\" width=\"523\" height=\"762\" src=\"https:\/\/sites.uel.br\/leafro\/wp-content\/uploads\/2023\/09\/devaa.png\" alt=\"\" class=\"wp-image-277\" style=\"width:405px;height:590px\" srcset=\"https:\/\/sites.uel.br\/leafro\/wp-content\/uploads\/2023\/09\/devaa.png 523w, https:\/\/sites.uel.br\/leafro\/wp-content\/uploads\/2023\/09\/devaa-206x300.png 206w\" sizes=\"auto, (max-width: 523px) 100vw, 523px\" \/><\/figure>\n\n\n\n<div class=\"wp-block-file\"><a id=\"wp-block-file--media-b58b690d-6a74-45ea-b9f0-d24ee9ac6693\" href=\"https:\/\/sites.uel.br\/leafro\/wp-content\/uploads\/2023\/09\/Processos_de_identidade_relacoes_etnico_raciais_e_religiosas_LIVRO-2.pdf\" target=\"_blank\" rel=\"noreferrer noopener\">Processos de identidade, rela\u00e7\u00f5es \u00e9tnico-raciais e rela\u00e7\u00f5es religiosas<\/a><a href=\"https:\/\/sites.uel.br\/leafro\/wp-content\/uploads\/2023\/09\/Processos_de_identidade_relacoes_etnico_raciais_e_religiosas_LIVRO-2.pdf\" class=\"wp-block-file__button wp-element-button\" download aria-describedby=\"wp-block-file--media-b58b690d-6a74-45ea-b9f0-d24ee9ac6693\">Baixar<\/a><\/div>\n","protected":false},"excerpt":{"rendered":"<p>As pesquisas realizadas pelo Laborat\u00f3rio de Estudos Afro-Brasileiros e Africanos da UEL deram origem \u00e0 \u201cCole\u00e7\u00e3o Presen\u00e7a Negra em Londrina\u201d, cujo objetivo \u00e9 contribuir para uma educa\u00e7\u00e3o antirracista por meio da reconstitui\u00e7\u00e3o da hist\u00f3ria do munic\u00edpio sob outros prismas. A Cole\u00e7\u00e3o \u00e9 composta por quatro biografias de personalidades negras que marcaram a trajet\u00f3ria da cidade, [&hellip;]<\/p>\n","protected":false},"author":7,"featured_media":0,"parent":0,"menu_order":0,"comment_status":"closed","ping_status":"closed","template":"","meta":{"footnotes":""},"class_list":["post-31","page","type-page","status-publish","hentry"],"acf":[],"_links":{"self":[{"href":"https:\/\/sites.uel.br\/leafro\/wp-json\/wp\/v2\/pages\/31","targetHints":{"allow":["GET"]}}],"collection":[{"href":"https:\/\/sites.uel.br\/leafro\/wp-json\/wp\/v2\/pages"}],"about":[{"href":"https:\/\/sites.uel.br\/leafro\/wp-json\/wp\/v2\/types\/page"}],"author":[{"embeddable":true,"href":"https:\/\/sites.uel.br\/leafro\/wp-json\/wp\/v2\/users\/7"}],"replies":[{"embeddable":true,"href":"https:\/\/sites.uel.br\/leafro\/wp-json\/wp\/v2\/comments?post=31"}],"version-history":[{"count":32,"href":"https:\/\/sites.uel.br\/leafro\/wp-json\/wp\/v2\/pages\/31\/revisions"}],"predecessor-version":[{"id":1190,"href":"https:\/\/sites.uel.br\/leafro\/wp-json\/wp\/v2\/pages\/31\/revisions\/1190"}],"wp:attachment":[{"href":"https:\/\/sites.uel.br\/leafro\/wp-json\/wp\/v2\/media?parent=31"}],"curies":[{"name":"wp","href":"https:\/\/api.w.org\/{rel}","templated":true}]}}