{"id":29,"date":"2023-04-20T09:05:24","date_gmt":"2023-04-20T12:05:24","guid":{"rendered":"https:\/\/sites.uel.br\/leafro\/?page_id=29"},"modified":"2026-02-25T11:11:15","modified_gmt":"2026-02-25T14:11:15","slug":"quem-somos","status":"publish","type":"page","link":"https:\/\/sites.uel.br\/leafro\/quem-somos\/","title":{"rendered":""},"content":{"rendered":"\n<div class=\"wp-block-group is-nowrap is-layout-flex wp-container-core-group-is-layout-ad2f72ca wp-block-group-is-layout-flex\">\n<div class=\"wp-block-columns is-layout-flex wp-container-core-columns-is-layout-9d6595d7 wp-block-columns-is-layout-flex\">\n<div class=\"wp-block-column is-layout-flow wp-block-column-is-layout-flow\" style=\"flex-basis:100%\">\n<div class=\"wp-block-group alignwide\"><div class=\"wp-block-group__inner-container is-layout-constrained wp-block-group-is-layout-constrained\">\n<div class=\"wp-block-group alignwide\"><div class=\"wp-block-group__inner-container is-layout-constrained wp-block-group-is-layout-constrained\"><\/div><\/div>\n<\/div><\/div>\n\n\n\n<p><strong>COORDENA\u00c7\u00c3O<\/strong><\/p>\n\n\n\n<p class=\"has-text-align-left\"><img loading=\"lazy\" decoding=\"async\" width=\"712\" height=\"958\" class=\"wp-image-160\" style=\"width: 150px\" src=\"https:\/\/sites.uel.br\/leafro\/wp-content\/uploads\/2023\/04\/f2b53b03-c536-4380-9c66-ce97662e82ab.jpg\" alt=\"\" srcset=\"https:\/\/sites.uel.br\/leafro\/wp-content\/uploads\/2023\/04\/f2b53b03-c536-4380-9c66-ce97662e82ab.jpg 712w, https:\/\/sites.uel.br\/leafro\/wp-content\/uploads\/2023\/04\/f2b53b03-c536-4380-9c66-ce97662e82ab-223x300.jpg 223w\" sizes=\"auto, (max-width: 712px) 100vw, 712px\" \/><\/p>\n\n\n\n<p><strong>Maria Nilza da Silva<\/strong><\/p>\n\n\n\n<p>Professora Titular de Sociologia \u2013 Departamento de Ci\u00eancias Sociais (UEL). P\u00f3s-Doutora em Ci\u00eancias Sociais pela \u00c9cole des Hautes \u00c9tudes en Sciences Sociales \u2013 EHESS-Paris. Pesquisadora do Centro de Estudos Sociedade, Universidade e Ci\u00eancia \u2013 SoU_Ci\u00eancia. Atua nos seguintes temas&nbsp; Sociologia das&nbsp; rela\u00e7\u00f5es \u00e9tnico-raciais, Imigrac\u00e3o, Sociabilidade, Popula\u00e7\u00f5es negras, Pol\u00edticas de A\u00e7\u00e3o Afirmativa.<\/p>\n\n\n\n<p>Lattes: <a rel=\"noreferrer noopener\" href=\"http:\/\/lattes.cnpq.br\/2994707153442186\" target=\"_blank\">http:\/\/lattes.cnpq.br\/2994707153442186<\/a><\/p>\n\n\n\n<p><strong>PROFESSORES COLABORADORES\/AS<\/strong> <strong>&#8211; UEL<\/strong><\/p>\n\n\n\n<p><img loading=\"lazy\" decoding=\"async\" width=\"656\" height=\"908\" class=\"wp-image-99\" style=\"width: 150px\" src=\"https:\/\/sites.uel.br\/leafro\/wp-content\/uploads\/2023\/04\/fee2c2d4-fd5e-4404-a9e9-fa5d5fbd51fe-1.jpg\" alt=\"\" srcset=\"https:\/\/sites.uel.br\/leafro\/wp-content\/uploads\/2023\/04\/fee2c2d4-fd5e-4404-a9e9-fa5d5fbd51fe-1.jpg 656w, https:\/\/sites.uel.br\/leafro\/wp-content\/uploads\/2023\/04\/fee2c2d4-fd5e-4404-a9e9-fa5d5fbd51fe-1-217x300.jpg 217w\" sizes=\"auto, (max-width: 656px) 100vw, 656px\" \/><\/p>\n\n\n\n<p><strong>Alexsandro Eleot\u00e9rio Pereira de Souza<\/strong><\/p>\n\n\n\n<p>Doutor em Ci\u00eancias Sociais (UNESP) e Pol\u00edtica Social (UEL). Docente do Departamento de Ci\u00eancias Sociais da UEL. Atuando principalmente nos seguintes temas: Racismo, Territ\u00f3rio, Sociabilidade, Identidade, Justi\u00e7a Social, Popula\u00e7\u00f5es negras, Pol\u00edticas de A\u00e7\u00e3o Afirmativa, Sociologia das rela\u00e7\u00f5es \u00e9tnico-raciais e hierarquias raciais e desigualdades dur\u00e1veis.<\/p>\n\n\n\n<p>Lattes:&nbsp;<a href=\"http:\/\/lattes.cnpq.br\/1862505342160072\" target=\"_blank\" rel=\"noreferrer noopener\">http:\/\/lattes.cnpq.br\/1862505342160072<\/a><\/p>\n\n\n\n<p><img loading=\"lazy\" decoding=\"async\" width=\"718\" height=\"1178\" class=\"wp-image-98\" style=\"width: 150px\" src=\"https:\/\/sites.uel.br\/leafro\/wp-content\/uploads\/2023\/04\/b4fe9438-4b25-4155-9dc4-20b98f04498f.jpg\" alt=\"\" srcset=\"https:\/\/sites.uel.br\/leafro\/wp-content\/uploads\/2023\/04\/b4fe9438-4b25-4155-9dc4-20b98f04498f.jpg 718w, https:\/\/sites.uel.br\/leafro\/wp-content\/uploads\/2023\/04\/b4fe9438-4b25-4155-9dc4-20b98f04498f-183x300.jpg 183w, https:\/\/sites.uel.br\/leafro\/wp-content\/uploads\/2023\/04\/b4fe9438-4b25-4155-9dc4-20b98f04498f-624x1024.jpg 624w\" sizes=\"auto, (max-width: 718px) 100vw, 718px\" \/><\/p>\n\n\n\n<p><strong>Mariana Aparecida dos Santos Panta<\/strong><\/p>\n\n\n\n<p>Doutora em Ci\u00eancias Sociais pela Universidade Estadual Paulista &#8211; UNESP\/Mar\u00edlia (2018), com a realiza\u00e7\u00e3o de Est\u00e1gio de Doutoramento no Centro de Estudos Sociais da Universidade de Coimbra. Realizou Est\u00e1gio P\u00f3s-Doutoral junto ao Programa de P\u00f3s-Gradua\u00e7\u00e3o em Sociologia da UEL, com bolsa concedida pela CAPES (2019-2021). Atuou como Professora Substituta do Departamento de Sociologia da Universidade de Bras\u00edlia &#8211; UnB (2022-2023). Atualmente \u00e9 Professora Colaboradora do Departamento de Ci\u00eancias Sociais da UEL. Tem experi\u00eancia nos seguintes campos de investiga\u00e7\u00e3o: Sociologia das Rela\u00e7\u00f5es \u00c9tnico-Raciais, Racismo, Educa\u00e7\u00e3o Antirracista, Sociologia Urbana, Segrega\u00e7\u00e3o Urbana e Racial, Pol\u00edticas P\u00fablicas, Trajet\u00f3rias de Personalidades Negras e Pensamento Decolonial.<\/p>\n\n\n\n<p>Lattes:&nbsp;<a href=\"http:\/\/lattes.cnpq.br\/1563910977768814\" target=\"_blank\" rel=\"noreferrer noopener\">http:\/\/lattes.cnpq.br\/1563910977768814<\/a><\/p>\n\n\n\n<p><img loading=\"lazy\" decoding=\"async\" width=\"461\" height=\"458\" class=\"wp-image-163\" style=\"width: 150px\" src=\"https:\/\/sites.uel.br\/leafro\/wp-content\/uploads\/2023\/04\/WhatsApp-Image-2023-04-26-at-18.41.54.jpeg\" alt=\"\" srcset=\"https:\/\/sites.uel.br\/leafro\/wp-content\/uploads\/2023\/04\/WhatsApp-Image-2023-04-26-at-18.41.54.jpeg 461w, https:\/\/sites.uel.br\/leafro\/wp-content\/uploads\/2023\/04\/WhatsApp-Image-2023-04-26-at-18.41.54-300x298.jpeg 300w, https:\/\/sites.uel.br\/leafro\/wp-content\/uploads\/2023\/04\/WhatsApp-Image-2023-04-26-at-18.41.54-150x150.jpeg 150w\" sizes=\"auto, (max-width: 461px) 100vw, 461px\" \/><\/p>\n\n\n\n<p><strong>Rosivaldo Pellegrini<\/strong><\/p>\n\n\n\n<p>Doutor em Educa\u00e7\u00e3o na Universidade Estadual de Campinas (Unicamp), com projeto sobre rela\u00e7\u00f5es de trabalho nas empresas. Mestre em sociologia pela Universidade Estadual Paulista &#8211; Campus de Araraquara &#8211; (Unesp). Docente do Departamento de Ci\u00eancias Sociais da UEL. Dedica-se a estudos sobre o mundo do trabalho e racismo. Fez parte do projeto Pro-Ranti, UEL, com Dona Vilma. Participou do NEAB em projetos de pesquisa e extens\u00e3o.<\/p>\n\n\n\n<p>Lattes: <a rel=\"noreferrer noopener\" href=\"http:\/\/lattes.cnpq.br\/3859280480147399\" target=\"_blank\">http:\/\/lattes.cnpq.br\/3859280480147399<\/a><\/p>\n\n\n\n<p><strong>DOUTORANDAS\/OS<\/strong><\/p>\n\n\n\n<figure class=\"wp-block-image size-full is-resized\"><img loading=\"lazy\" decoding=\"async\" width=\"640\" height=\"640\" src=\"https:\/\/sites.uel.br\/leafro\/wp-content\/uploads\/2023\/05\/46ee1f9b-f888-41b2-a600-45acef100ad8.jpg\" alt=\"\" class=\"wp-image-233\" style=\"width:181px;height:181px\" srcset=\"https:\/\/sites.uel.br\/leafro\/wp-content\/uploads\/2023\/05\/46ee1f9b-f888-41b2-a600-45acef100ad8.jpg 640w, https:\/\/sites.uel.br\/leafro\/wp-content\/uploads\/2023\/05\/46ee1f9b-f888-41b2-a600-45acef100ad8-300x300.jpg 300w, https:\/\/sites.uel.br\/leafro\/wp-content\/uploads\/2023\/05\/46ee1f9b-f888-41b2-a600-45acef100ad8-150x150.jpg 150w\" sizes=\"auto, (max-width: 640px) 100vw, 640px\" \/><\/figure>\n\n\n\n<p><strong>Clodoaldo Porto Filho<\/strong><\/p>\n\n\n\n<p>Doutorado em Sociologia pela UEL. Tem experi\u00eancia na \u00e1rea de Psicologia, Servi\u00e7o Social, Pol\u00edticas Sociais, atuando principalmente com os seguintes temas: pol\u00edticas p\u00fablicas, adolescentes em conflito com a lei, pessoas em situa\u00e7\u00e3o de rua e racismo.<\/p>\n\n\n\n<p>Lattes: <a href=\"http:\/\/lattes.cnpq.br\/2449850988726404\" target=\"_blank\" rel=\"noreferrer noopener\">http:\/\/lattes.cnpq.br\/2449850988726404<\/a> <\/p>\n\n\n\n<p><img loading=\"lazy\" decoding=\"async\" width=\"1150\" height=\"1599\" class=\"wp-image-101\" style=\"width: 150px\" src=\"https:\/\/sites.uel.br\/leafro\/wp-content\/uploads\/2023\/04\/92475b7c-f2c1-49bc-a3ae-e48edda38cbe-1.jpg\" alt=\"\" srcset=\"https:\/\/sites.uel.br\/leafro\/wp-content\/uploads\/2023\/04\/92475b7c-f2c1-49bc-a3ae-e48edda38cbe-1.jpg 1150w, https:\/\/sites.uel.br\/leafro\/wp-content\/uploads\/2023\/04\/92475b7c-f2c1-49bc-a3ae-e48edda38cbe-1-216x300.jpg 216w, https:\/\/sites.uel.br\/leafro\/wp-content\/uploads\/2023\/04\/92475b7c-f2c1-49bc-a3ae-e48edda38cbe-1-736x1024.jpg 736w, https:\/\/sites.uel.br\/leafro\/wp-content\/uploads\/2023\/04\/92475b7c-f2c1-49bc-a3ae-e48edda38cbe-1-768x1068.jpg 768w, https:\/\/sites.uel.br\/leafro\/wp-content\/uploads\/2023\/04\/92475b7c-f2c1-49bc-a3ae-e48edda38cbe-1-1105x1536.jpg 1105w\" sizes=\"auto, (max-width: 1150px) 100vw, 1150px\" \/><\/p>\n\n\n\n<p><strong>Iarinma de Morais Paula<\/strong><\/p>\n\n\n\n<p>Doutoranda em Sociologia (UEL). Tem pesquisas desenvolvidas sobre comunidades tradicionais, especificamente comunidades quilombolas e de pescadores, conflitos sociais e territ\u00f3rio.<\/p>\n\n\n\n<p>Lattes:&nbsp;<a href=\"http:\/\/lattes.cnpq.br\/4076401125907846\" target=\"_blank\" rel=\"noreferrer noopener\">http:\/\/lattes.cnpq.br\/4076401125907846<\/a><\/p>\n<\/div>\n<\/div>\n\n\n\n<p><\/p>\n<\/div>\n\n\n\n<p><img loading=\"lazy\" decoding=\"async\" width=\"720\" height=\"615\" class=\"wp-image-105\" style=\"width: 150px\" src=\"https:\/\/sites.uel.br\/leafro\/wp-content\/uploads\/2023\/04\/b882f280-8934-44cf-9f8d-349346285fe5-1.jpg\" alt=\"\" srcset=\"https:\/\/sites.uel.br\/leafro\/wp-content\/uploads\/2023\/04\/b882f280-8934-44cf-9f8d-349346285fe5-1.jpg 720w, https:\/\/sites.uel.br\/leafro\/wp-content\/uploads\/2023\/04\/b882f280-8934-44cf-9f8d-349346285fe5-1-300x256.jpg 300w\" sizes=\"auto, (max-width: 720px) 100vw, 720px\" \/><\/p>\n\n\n\n<p><strong>Gabriel Gustavo dos Santos<\/strong><\/p>\n\n\n\n<p>Doutorando em Sociologia (UEL). Graduado em Letras Portugu\u00eas\/Espanhol (UENP). Dedica-se ao campo de estudos das rela\u00e7\u00f5es raciais, com foco em temas como: intera\u00e7\u00e3o social entre grupos racializados dentro do contexto universit\u00e1rio e branquitude.<\/p>\n\n\n\n<p>Lattes:&nbsp;<a href=\"http:\/\/lattes.cnpq.br\/7478896619252611\" target=\"_blank\" rel=\"noreferrer noopener\">http:\/\/lattes.cnpq.br\/7478896619252611<\/a><\/p>\n\n\n\n<figure class=\"wp-block-image is-resized\"><img loading=\"lazy\" decoding=\"async\" width=\"540\" height=\"539\" src=\"https:\/\/sites.uel.br\/leafro\/wp-content\/uploads\/2025\/03\/servletrecuperafoto-2.jpg\" alt=\"\" class=\"wp-image-1362\" style=\"width:184px;height:auto\" srcset=\"https:\/\/sites.uel.br\/leafro\/wp-content\/uploads\/2025\/03\/servletrecuperafoto-2.jpg 540w, https:\/\/sites.uel.br\/leafro\/wp-content\/uploads\/2025\/03\/servletrecuperafoto-2-300x300.jpg 300w, https:\/\/sites.uel.br\/leafro\/wp-content\/uploads\/2025\/03\/servletrecuperafoto-2-150x150.jpg 150w\" sizes=\"auto, (max-width: 540px) 100vw, 540px\" \/><\/figure>\n\n\n\n<p><strong>Lucas Luis Jesus da Silva<\/strong><\/p>\n\n\n\n<p>Doutorando em Sociologia (UEL). Tem experi\u00eancia nos seguintes temas: Ensino Religioso, educa\u00e7\u00e3o, politica, religi\u00e3o e Estado-laico, juventude negra.<\/p>\n\n\n\n<p>Lattes: <a href=\"http:\/\/lattes.cnpq.br\/2241373348063013\">http:\/\/lattes.cnpq.br\/2241373348063013<\/a><\/p>\n\n\n\n<figure class=\"wp-block-image is-resized\"><img loading=\"lazy\" decoding=\"async\" width=\"706\" height=\"1024\" src=\"https:\/\/sites.uel.br\/leafro\/wp-content\/uploads\/2025\/03\/servletrecuperafoto-3-706x1024.jpg\" alt=\"\" class=\"wp-image-1363\" style=\"width:165px;height:auto\" srcset=\"https:\/\/sites.uel.br\/leafro\/wp-content\/uploads\/2025\/03\/servletrecuperafoto-3-706x1024.jpg 706w, https:\/\/sites.uel.br\/leafro\/wp-content\/uploads\/2025\/03\/servletrecuperafoto-3-207x300.jpg 207w, https:\/\/sites.uel.br\/leafro\/wp-content\/uploads\/2025\/03\/servletrecuperafoto-3-768x1113.jpg 768w, https:\/\/sites.uel.br\/leafro\/wp-content\/uploads\/2025\/03\/servletrecuperafoto-3.jpg 994w\" sizes=\"auto, (max-width: 706px) 100vw, 706px\" \/><\/figure>\n\n\n\n<p><strong>Mariane Val\u00e9rio de Paula<\/strong><\/p>\n\n\n\n<p>Doutoranda em Sociologia (UEL). Tem experi\u00eancia nos seguintes temas: tran\u00e7as, identidade e lei 10.639.<\/p>\n\n\n\n<p>Lattes: <a href=\"http:\/\/lattes.cnpq.br\/9005795587341940\">http:\/\/lattes.cnpq.br\/9005795587341940<\/a><\/p>\n\n\n\n<p><strong>MESTRANDOS\/AS<\/strong><\/p>\n\n\n\n<p><img loading=\"lazy\" decoding=\"async\" width=\"1458\" height=\"1600\" class=\"wp-image-94\" style=\"width: 150px\" src=\"https:\/\/sites.uel.br\/leafro\/wp-content\/uploads\/2023\/04\/3fce137d-4973-453b-b7df-8fe6dcdfdc1c-1.jpg\" alt=\"\" srcset=\"https:\/\/sites.uel.br\/leafro\/wp-content\/uploads\/2023\/04\/3fce137d-4973-453b-b7df-8fe6dcdfdc1c-1.jpg 1458w, https:\/\/sites.uel.br\/leafro\/wp-content\/uploads\/2023\/04\/3fce137d-4973-453b-b7df-8fe6dcdfdc1c-1-273x300.jpg 273w, https:\/\/sites.uel.br\/leafro\/wp-content\/uploads\/2023\/04\/3fce137d-4973-453b-b7df-8fe6dcdfdc1c-1-933x1024.jpg 933w, https:\/\/sites.uel.br\/leafro\/wp-content\/uploads\/2023\/04\/3fce137d-4973-453b-b7df-8fe6dcdfdc1c-1-768x843.jpg 768w, https:\/\/sites.uel.br\/leafro\/wp-content\/uploads\/2023\/04\/3fce137d-4973-453b-b7df-8fe6dcdfdc1c-1-1400x1536.jpg 1400w\" sizes=\"auto, (max-width: 1458px) 100vw, 1458px\" \/><\/p>\n\n\n\n<p><strong>Fernanda Trajano<\/strong> <strong>da Silva<\/strong><\/p>\n\n\n\n<p>Mestranda em Sociologia na Universidade Estadual de Londrina (UEL) com projeto de pesquisa sobre a constru\u00e7\u00e3o da identidade racial de pessoas negras. Bacharela e Licenciada em Ci\u00eancias Sociais tamb\u00e9m pela Universidade Estadual de Londrina (UEL). Se ocupa de estudos sobre as rela\u00e7\u00f5es \u00e9tnico-raciais voltados \u00e0s quest\u00f5es de negritude.<\/p>\n\n\n\n<p>Lattes: <a rel=\"noreferrer noopener\" href=\"http:\/\/lattes.cnpq.br\/1828793625031577\" target=\"_blank\">http:\/\/lattes.cnpq.br\/1828793625031577<\/a><\/p>\n\n\n\n<figure class=\"wp-block-image is-resized\"><img loading=\"lazy\" decoding=\"async\" width=\"768\" height=\"1024\" src=\"https:\/\/sites.uel.br\/leafro\/wp-content\/uploads\/2025\/03\/image-7.png\" alt=\"\" class=\"wp-image-1359\" style=\"width:161px;height:auto\" srcset=\"https:\/\/sites.uel.br\/leafro\/wp-content\/uploads\/2025\/03\/image-7.png 768w, https:\/\/sites.uel.br\/leafro\/wp-content\/uploads\/2025\/03\/image-7-225x300.png 225w\" sizes=\"auto, (max-width: 768px) 100vw, 768px\" \/><\/figure>\n\n\n\n<p><strong>La\u00eds Caetano Lira<\/strong>&nbsp;<\/p>\n\n\n\n<p>Mestranda em Sociologia pela Universidade Estadual de Londrina (UEL). Pesquisa acerca da perman\u00eancia de estudantes negros na P\u00f3s-Gradua\u00e7\u00e3o.<\/p>\n\n\n\n<p>Lattes: <a href=\"http:\/\/lattes.cnpq.br\/1014003873096781\">http:\/\/lattes.cnpq.br\/1014003873096781<\/a><\/p>\n\n\n\n<figure class=\"wp-block-image is-resized\"><img loading=\"lazy\" decoding=\"async\" width=\"282\" height=\"300\" src=\"https:\/\/sites.uel.br\/leafro\/wp-content\/uploads\/2025\/03\/image-8.png\" alt=\"\" class=\"wp-image-1360\" style=\"width:175px;height:auto\" \/><\/figure>\n\n\n\n<p><strong>Duana Eduarda Elias Silva<\/strong>&nbsp;<\/p>\n\n\n\n<p>Mestranda em Sociologia pela Universidade Estadual de Maring\u00e1 (UEM). Pesquisa sobre trajet\u00f3ria de pesquisadoras negras na P\u00f3s-Gradua\u00e7\u00e3o.<\/p>\n\n\n\n<p>Lattes: <a href=\"http:\/\/lattes.cnpq.br\/9458743626631468\">http:\/\/lattes.cnpq.br\/9458743626631468<\/a><\/p>\n\n\n\n<p><strong>Vinicius Paes Landim da Silva<\/strong><\/p>\n\n\n\n<p>Mestrando em Sociologia pela UEL. Tem experi\u00eancia com &nbsp;Teoria Pol\u00edtica e Direito Constitucional, em especial nas quest\u00f5es que envolvem o pacto federativo, poder pol\u00edtico, processo legislativo e tributa\u00e7\u00e3o.<\/p>\n\n\n\n<p>Lattes: <a href=\"http:\/\/lattes.cnpq.br\/6013106752301788\">http:\/\/lattes.cnpq.br\/6013106752301788<\/a><\/p>\n\n\n\n<p><strong>COLABORADORAS\/ES<\/strong><\/p>\n\n\n\n<p><img loading=\"lazy\" decoding=\"async\" width=\"640\" height=\"640\" class=\"wp-image-102\" style=\"width: 150px\" src=\"https:\/\/sites.uel.br\/leafro\/wp-content\/uploads\/2023\/04\/e34d54ed-a587-4d71-95e0-1d42219fec45.jpg\" alt=\"\" srcset=\"https:\/\/sites.uel.br\/leafro\/wp-content\/uploads\/2023\/04\/e34d54ed-a587-4d71-95e0-1d42219fec45.jpg 640w, https:\/\/sites.uel.br\/leafro\/wp-content\/uploads\/2023\/04\/e34d54ed-a587-4d71-95e0-1d42219fec45-300x300.jpg 300w, https:\/\/sites.uel.br\/leafro\/wp-content\/uploads\/2023\/04\/e34d54ed-a587-4d71-95e0-1d42219fec45-150x150.jpg 150w\" sizes=\"auto, (max-width: 640px) 100vw, 640px\" \/><\/p>\n\n\n\n<p><strong>Adevanir Aparecida Pinheiro<\/strong><\/p>\n\n\n\n<p>P\u00f3s-Doutorado em Ci\u00eancias Sociais (UEL). Doutora e mestre em Ci\u00eancias Sociais (UNISINOS). Especialista em Ra\u00edzes de Fam\u00edlias Negras de Minas Gerais e Norte do Paran\u00e1 (UNISINOS). Graduada em Servi\u00e7o Social (UNIVALI\/UNISINOS).<\/p>\n\n\n\n<p>Lattes: <a rel=\"noreferrer noopener\" href=\"http:\/\/lattes.cnpq.br\/9451790031915888\" target=\"_blank\">http:\/\/lattes.cnpq.br\/9451790031915888<\/a><\/p>\n\n\n\n<p><img loading=\"lazy\" decoding=\"async\" width=\"1171\" height=\"1600\" class=\"wp-image-106\" style=\"width: 150px\" src=\"https:\/\/sites.uel.br\/leafro\/wp-content\/uploads\/2023\/04\/18c956d1-f1a3-41e3-8021-e66f054ca765-1.jpg\" alt=\"\" srcset=\"https:\/\/sites.uel.br\/leafro\/wp-content\/uploads\/2023\/04\/18c956d1-f1a3-41e3-8021-e66f054ca765-1.jpg 1171w, https:\/\/sites.uel.br\/leafro\/wp-content\/uploads\/2023\/04\/18c956d1-f1a3-41e3-8021-e66f054ca765-1-220x300.jpg 220w, https:\/\/sites.uel.br\/leafro\/wp-content\/uploads\/2023\/04\/18c956d1-f1a3-41e3-8021-e66f054ca765-1-749x1024.jpg 749w, https:\/\/sites.uel.br\/leafro\/wp-content\/uploads\/2023\/04\/18c956d1-f1a3-41e3-8021-e66f054ca765-1-768x1049.jpg 768w, https:\/\/sites.uel.br\/leafro\/wp-content\/uploads\/2023\/04\/18c956d1-f1a3-41e3-8021-e66f054ca765-1-1124x1536.jpg 1124w\" sizes=\"auto, (max-width: 1171px) 100vw, 1171px\" \/><\/p>\n\n\n\n<p><strong>N\u00edkolas Gustavo Pallisser Silva<\/strong><\/p>\n\n\n\n<p>Doutorando em Sociologia pelo Programa de P\u00f3s-Gradua\u00e7\u00e3o em Sociologia da Universidade Federal de S\u00e3o Carlos, com bolsa CAPES. Mestre em Sociologia pelo mesmo programa (2019), com bolsa do CNPq. Graduado em Ci\u00eancias Sociais (Licenciatura e Bacharelado) pela Universidade Estadual de Londrina (2016). \u00c9 membro do grupo de estudos &#8220;Transnacionalismo Negro e Di\u00e1spora Africana e tem atuado principalmente com os seguintes temas: Intelectuais e Transnacionalismo Negro; Estudos P\u00f3s-Coloniais; A\u00e7\u00f5es Afirmativas; Estudos da Di\u00e1spora Africana; Pensamento Social Brasileiro.<\/p>\n\n\n\n<p>Lattes: <a rel=\"noreferrer noopener\" href=\"http:\/\/lattes.cnpq.br\/5185937737395138\" target=\"_blank\">http:\/\/lattes.cnpq.br\/5185937737395138<\/a><\/p>\n","protected":false},"excerpt":{"rendered":"<p>COORDENA\u00c7\u00c3O Maria Nilza da Silva Professora Titular de Sociologia \u2013 Departamento de Ci\u00eancias Sociais (UEL). P\u00f3s-Doutora em Ci\u00eancias Sociais pela \u00c9cole des Hautes \u00c9tudes en Sciences Sociales \u2013 EHESS-Paris. Pesquisadora do Centro de Estudos Sociedade, Universidade e Ci\u00eancia \u2013 SoU_Ci\u00eancia. Atua nos seguintes temas&nbsp; Sociologia das&nbsp; rela\u00e7\u00f5es \u00e9tnico-raciais, Imigrac\u00e3o, Sociabilidade, Popula\u00e7\u00f5es negras, Pol\u00edticas de A\u00e7\u00e3o [&hellip;]<\/p>\n","protected":false},"author":7,"featured_media":0,"parent":0,"menu_order":0,"comment_status":"closed","ping_status":"closed","template":"","meta":{"footnotes":""},"class_list":["post-29","page","type-page","status-publish","hentry"],"acf":[],"_links":{"self":[{"href":"https:\/\/sites.uel.br\/leafro\/wp-json\/wp\/v2\/pages\/29","targetHints":{"allow":["GET"]}}],"collection":[{"href":"https:\/\/sites.uel.br\/leafro\/wp-json\/wp\/v2\/pages"}],"about":[{"href":"https:\/\/sites.uel.br\/leafro\/wp-json\/wp\/v2\/types\/page"}],"author":[{"embeddable":true,"href":"https:\/\/sites.uel.br\/leafro\/wp-json\/wp\/v2\/users\/7"}],"replies":[{"embeddable":true,"href":"https:\/\/sites.uel.br\/leafro\/wp-json\/wp\/v2\/comments?post=29"}],"version-history":[{"count":38,"href":"https:\/\/sites.uel.br\/leafro\/wp-json\/wp\/v2\/pages\/29\/revisions"}],"predecessor-version":[{"id":1454,"href":"https:\/\/sites.uel.br\/leafro\/wp-json\/wp\/v2\/pages\/29\/revisions\/1454"}],"wp:attachment":[{"href":"https:\/\/sites.uel.br\/leafro\/wp-json\/wp\/v2\/media?parent=29"}],"curies":[{"name":"wp","href":"https:\/\/api.w.org\/{rel}","templated":true}]}}