{"id":23,"date":"2023-04-20T09:05:24","date_gmt":"2023-04-20T12:05:24","guid":{"rendered":"https:\/\/sites.uel.br\/leafro\/?page_id=23"},"modified":"2023-05-04T21:19:27","modified_gmt":"2023-05-05T00:19:27","slug":"projetos","status":"publish","type":"page","link":"https:\/\/sites.uel.br\/leafro\/projetos\/","title":{"rendered":"Atividades"},"content":{"rendered":"\n<p>O <strong>LEAFRO<\/strong> desde o ano 2000 realiza a\u00e7\u00f5es, como pesquisa, atividades de ensino e extens\u00e3o com o objetivo de conhecer, promover o reconhecimento e a valoriza\u00e7\u00e3o da hist\u00f3ria, mem\u00f3ria e cultura da popula\u00e7\u00e3o negra e africana, assim como a difus\u00e3o da sua realidade social. A partir de 2004 tem como principal instrumento a Lei Federal 10.639\/03.<\/p>\n\n\n\n<p><\/p>\n","protected":false},"excerpt":{"rendered":"<p>O LEAFRO desde o ano 2000 realiza a\u00e7\u00f5es, como pesquisa, atividades de ensino e extens\u00e3o com o objetivo de conhecer, promover o reconhecimento e a valoriza\u00e7\u00e3o da hist\u00f3ria, mem\u00f3ria e cultura da popula\u00e7\u00e3o negra e africana, assim como a difus\u00e3o da sua realidade social. A partir de 2004 tem como principal instrumento a Lei Federal [&hellip;]<\/p>\n","protected":false},"author":7,"featured_media":0,"parent":0,"menu_order":0,"comment_status":"closed","ping_status":"closed","template":"","meta":{"footnotes":""},"class_list":["post-23","page","type-page","status-publish","hentry"],"acf":[],"_links":{"self":[{"href":"https:\/\/sites.uel.br\/leafro\/wp-json\/wp\/v2\/pages\/23","targetHints":{"allow":["GET"]}}],"collection":[{"href":"https:\/\/sites.uel.br\/leafro\/wp-json\/wp\/v2\/pages"}],"about":[{"href":"https:\/\/sites.uel.br\/leafro\/wp-json\/wp\/v2\/types\/page"}],"author":[{"embeddable":true,"href":"https:\/\/sites.uel.br\/leafro\/wp-json\/wp\/v2\/users\/7"}],"replies":[{"embeddable":true,"href":"https:\/\/sites.uel.br\/leafro\/wp-json\/wp\/v2\/comments?post=23"}],"version-history":[{"count":7,"href":"https:\/\/sites.uel.br\/leafro\/wp-json\/wp\/v2\/pages\/23\/revisions"}],"predecessor-version":[{"id":210,"href":"https:\/\/sites.uel.br\/leafro\/wp-json\/wp\/v2\/pages\/23\/revisions\/210"}],"wp:attachment":[{"href":"https:\/\/sites.uel.br\/leafro\/wp-json\/wp\/v2\/media?parent=23"}],"curies":[{"name":"wp","href":"https:\/\/api.w.org\/{rel}","templated":true}]}}