{"id":1432,"date":"2026-02-09T20:50:28","date_gmt":"2026-02-09T23:50:28","guid":{"rendered":"https:\/\/sites.uel.br\/leafro\/?page_id=1432"},"modified":"2026-03-03T22:53:47","modified_gmt":"2026-03-04T01:53:47","slug":"edital-abdias-do-nascimento-2026","status":"publish","type":"page","link":"https:\/\/sites.uel.br\/leafro\/edital-abdias-do-nascimento-2026\/","title":{"rendered":"Edital Abdias do Nascimento 2026"},"content":{"rendered":"\n\n\n<p class=\"has-verde-escuro-color has-text-color has-link-color wp-elements-d8b9646a0766d1ccfc59339474be7228\"><strong>Projeto da UEL aprovado pelo Programa de Desenvolvimento Acad\u00eamico Abdias Nascimento seleciona bolsistas de p\u00f3s-doutorado:<\/strong><\/p>\n\n\n\n<div class=\"wp-block-file\"><a id=\"wp-block-file--media-6b967124-e86c-43ed-bbf9-ed3bc1358327\" href=\"https:\/\/sites.uel.br\/leafro\/wp-content\/uploads\/2026\/02\/Edital_Pos_Doutorado_n_01_26.pdf\">Edital Abdias \u2013 P\u00f3s-doutorado &#8211; 2026<\/a><a href=\"https:\/\/sites.uel.br\/leafro\/wp-content\/uploads\/2026\/02\/Edital_Pos_Doutorado_n_01_26.pdf\" class=\"wp-block-file__button wp-element-button\" download aria-describedby=\"wp-block-file--media-6b967124-e86c-43ed-bbf9-ed3bc1358327\">Baixar<\/a><\/div>\n\n\n\n<div class=\"wp-block-file\"><a id=\"wp-block-file--media-52443a7f-b364-4f62-9c1d-5764bb567328\" href=\"https:\/\/sites.uel.br\/leafro\/wp-content\/uploads\/2026\/02\/EDITAL-ABDIAS-UEL-No-02_2026_prorroga_prazo.pdf\">Retifica\u00e7\u00e3o &#8211; Edital Abdias &#8211; Prorroga\u00e7\u00e3o do prazo das inscri\u00e7\u00f5es<\/a><a href=\"https:\/\/sites.uel.br\/leafro\/wp-content\/uploads\/2026\/02\/EDITAL-ABDIAS-UEL-No-02_2026_prorroga_prazo.pdf\" class=\"wp-block-file__button wp-element-button\" download aria-describedby=\"wp-block-file--media-52443a7f-b364-4f62-9c1d-5764bb567328\">Baixar<\/a><\/div>\n\n\n\n<div class=\"wp-block-file\"><a id=\"wp-block-file--media-c892ac52-1030-44f7-b3a6-4d4015e0125d\" href=\"https:\/\/sites.uel.br\/leafro\/wp-content\/uploads\/2026\/02\/Edital_Homologacao_2026.pdf\">Edital de homologa\u00e7\u00e3o das inscri\u00e7\u00f5es<\/a><a href=\"https:\/\/sites.uel.br\/leafro\/wp-content\/uploads\/2026\/02\/Edital_Homologacao_2026.pdf\" class=\"wp-block-file__button wp-element-button\" download aria-describedby=\"wp-block-file--media-c892ac52-1030-44f7-b3a6-4d4015e0125d\">Baixar<\/a><\/div>\n\n\n\n<div class=\"wp-block-file\"><a id=\"wp-block-file--media-57f077de-d3f3-4e6b-a062-8c9451836acd\" href=\"https:\/\/sites.uel.br\/leafro\/wp-content\/uploads\/2026\/02\/Abdias_ENTREVISTAS_2026.pdf\">Edital de convoca\u00e7\u00e3o para entrevistas<\/a><a href=\"https:\/\/sites.uel.br\/leafro\/wp-content\/uploads\/2026\/02\/Abdias_ENTREVISTAS_2026.pdf\" class=\"wp-block-file__button wp-element-button\" download aria-describedby=\"wp-block-file--media-57f077de-d3f3-4e6b-a062-8c9451836acd\">Baixar<\/a><\/div>\n\n\n\n<p class=\"Baixar has-small-font-size\" id=\"Baixar\"><a href=\"https:\/\/pos.uel.br\/ppgsoc\/wp-content\/uploads\/2026\/03\/Abdias_05-2026.pdf\">Retifica\u00e7\u00e3o &#8211; Edital Abdias n\u00ba 05\/2026<\/a> <\/p>\n\n\n\n<p class=\"has-small-font-size\"><a href=\"https:\/\/pos.uel.br\/ppgsoc\/wp-content\/uploads\/2026\/03\/Edital06-2026_Abdias_Resultado_POSDOC_2026.pdf\">Resultado final &#8211; Edital Abdias n\u00ba 06\/2026<\/a> <\/p>\n\n\n\n<p><\/p>\n\n\n\n<p><\/p>\n","protected":false},"excerpt":{"rendered":"<p>Projeto da UEL aprovado pelo Programa de Desenvolvimento Acad\u00eamico Abdias Nascimento seleciona bolsistas de p\u00f3s-doutorado: Retifica\u00e7\u00e3o &#8211; Edital Abdias n\u00ba 05\/2026 Resultado final &#8211; Edital Abdias n\u00ba 06\/2026<\/p>\n","protected":false},"author":7,"featured_media":0,"parent":0,"menu_order":0,"comment_status":"closed","ping_status":"closed","template":"","meta":{"footnotes":"[]"},"class_list":["post-1432","page","type-page","status-publish","hentry"],"acf":[],"_links":{"self":[{"href":"https:\/\/sites.uel.br\/leafro\/wp-json\/wp\/v2\/pages\/1432","targetHints":{"allow":["GET"]}}],"collection":[{"href":"https:\/\/sites.uel.br\/leafro\/wp-json\/wp\/v2\/pages"}],"about":[{"href":"https:\/\/sites.uel.br\/leafro\/wp-json\/wp\/v2\/types\/page"}],"author":[{"embeddable":true,"href":"https:\/\/sites.uel.br\/leafro\/wp-json\/wp\/v2\/users\/7"}],"replies":[{"embeddable":true,"href":"https:\/\/sites.uel.br\/leafro\/wp-json\/wp\/v2\/comments?post=1432"}],"version-history":[{"count":10,"href":"https:\/\/sites.uel.br\/leafro\/wp-json\/wp\/v2\/pages\/1432\/revisions"}],"predecessor-version":[{"id":1482,"href":"https:\/\/sites.uel.br\/leafro\/wp-json\/wp\/v2\/pages\/1432\/revisions\/1482"}],"wp:attachment":[{"href":"https:\/\/sites.uel.br\/leafro\/wp-json\/wp\/v2\/media?parent=1432"}],"curies":[{"name":"wp","href":"https:\/\/api.w.org\/{rel}","templated":true}]}}