{"id":1387,"date":"2025-08-18T11:48:01","date_gmt":"2025-08-18T14:48:01","guid":{"rendered":"https:\/\/sites.uel.br\/leafro\/?page_id=1387"},"modified":"2025-09-05T08:10:50","modified_gmt":"2025-09-05T11:10:50","slug":"edital-abdias-do-nascimento-2025","status":"publish","type":"page","link":"https:\/\/sites.uel.br\/leafro\/edital-abdias-do-nascimento-2025\/","title":{"rendered":"Edital Abdias do Nascimento 2025"},"content":{"rendered":"\n<figure class=\"wp-block-image size-large\"><img loading=\"lazy\" decoding=\"async\" width=\"1024\" height=\"177\" src=\"https:\/\/sites.uel.br\/leafro\/wp-content\/uploads\/2025\/08\/image-1024x177.png\" alt=\"\" class=\"wp-image-1391\" srcset=\"https:\/\/sites.uel.br\/leafro\/wp-content\/uploads\/2025\/08\/image-1024x177.png 1024w, https:\/\/sites.uel.br\/leafro\/wp-content\/uploads\/2025\/08\/image-300x52.png 300w, https:\/\/sites.uel.br\/leafro\/wp-content\/uploads\/2025\/08\/image-768x133.png 768w, https:\/\/sites.uel.br\/leafro\/wp-content\/uploads\/2025\/08\/image.png 1235w\" sizes=\"auto, (max-width: 1024px) 100vw, 1024px\" \/><\/figure>\n\n\n\n<p><\/p>\n\n\n\n<p class=\"has-verde-escuro-color has-text-color has-link-color wp-elements-54bdcb204eac9da5207638e1a1b4a553\">Projeto da UEL aprovado pelo Programa de Desenvolvimento Acad\u00eamico Abdias Nascimento seleciona bolsistas de p\u00f3s-doutorado:<\/p>\n\n\n\n<div class=\"wp-block-file\"><a id=\"wp-block-file--media-6401f358-02b9-4902-912c-1ff60c17931c\" href=\"https:\/\/sites.uel.br\/leafro\/wp-content\/uploads\/2025\/08\/Edital_Abdias_Pos_Doutorado_final_13_08_25-1-1.pdf\" target=\"_blank\" rel=\"noreferrer noopener\">Edital Abdias 2025<\/a><a href=\"https:\/\/sites.uel.br\/leafro\/wp-content\/uploads\/2025\/08\/Edital_Abdias_Pos_Doutorado_final_13_08_25-1-1.pdf\" class=\"wp-block-file__button wp-element-button\" download aria-describedby=\"wp-block-file--media-6401f358-02b9-4902-912c-1ff60c17931c\">Baixar<\/a><\/div>\n\n\n\n<div class=\"wp-block-file\"><a id=\"wp-block-file--media-70d30f9b-0189-4cef-b943-2cd4667c078b\" href=\"https:\/\/sites.uel.br\/leafro\/wp-content\/uploads\/2025\/09\/edital-24-abdias-ppgsoc-uel.pdf\" target=\"_blank\" rel=\"noreferrer noopener\">Edital Abdias \u2013 Homologa\u00e7\u00e3o das inscri\u00e7\u00f5es \u2013 Bolsas de P\u00f3s-Doutorado<\/a><a href=\"https:\/\/sites.uel.br\/leafro\/wp-content\/uploads\/2025\/09\/edital-24-abdias-ppgsoc-uel.pdf\" class=\"wp-block-file__button wp-element-button\" download aria-describedby=\"wp-block-file--media-70d30f9b-0189-4cef-b943-2cd4667c078b\">Baixar<\/a><\/div>\n\n\n\n<div class=\"wp-block-file\"><a id=\"wp-block-file--media-6fedaeae-f135-4c67-9eab-77b8dd5db4e9\" href=\"https:\/\/sites.uel.br\/leafro\/wp-content\/uploads\/2025\/09\/edital-26-abdias.pdf\" target=\"_blank\" rel=\"noreferrer noopener\">Resultado final das inscri\u00e7\u00f5es homologadas<\/a><a href=\"https:\/\/sites.uel.br\/leafro\/wp-content\/uploads\/2025\/09\/edital-26-abdias.pdf\" class=\"wp-block-file__button wp-element-button\" download aria-describedby=\"wp-block-file--media-6fedaeae-f135-4c67-9eab-77b8dd5db4e9\">Baixar<\/a><\/div>\n\n\n\n<div class=\"wp-block-file\"><a id=\"wp-block-file--media-be13c2eb-3673-4038-8737-07981a892c6f\" href=\"https:\/\/sites.uel.br\/leafro\/wp-content\/uploads\/2025\/09\/edital-27-abdias.pdf\" target=\"_blank\" rel=\"noreferrer noopener\">Edital Abdias \u2013 Convoca\u00e7\u00e3o para as entrevistas \u2013 P\u00f3s-doutorado<\/a><a href=\"https:\/\/sites.uel.br\/leafro\/wp-content\/uploads\/2025\/09\/edital-27-abdias.pdf\" class=\"wp-block-file__button wp-element-button\" download aria-describedby=\"wp-block-file--media-be13c2eb-3673-4038-8737-07981a892c6f\">Baixar<\/a><\/div>\n\n\n\n<div class=\"wp-block-group is-nowrap is-layout-flex wp-container-core-group-is-layout-ad2f72ca wp-block-group-is-layout-flex\">\n<div class=\"wp-block-file\"><a id=\"wp-block-file--media-25397018-94d9-4fa2-b4d5-560cb6491e68\" href=\"https:\/\/sites.uel.br\/leafro\/wp-content\/uploads\/2025\/09\/edital-abdias-pos-doc-resultado-final.pdf\">Resultado final<\/a><a href=\"https:\/\/sites.uel.br\/leafro\/wp-content\/uploads\/2025\/09\/edital-abdias-pos-doc-resultado-final.pdf\" class=\"wp-block-file__button wp-element-button\" download aria-describedby=\"wp-block-file--media-25397018-94d9-4fa2-b4d5-560cb6491e68\">Baixar<\/a><\/div>\n<\/div>\n","protected":false},"excerpt":{"rendered":"<p>Projeto da UEL aprovado pelo Programa de Desenvolvimento Acad\u00eamico Abdias Nascimento seleciona bolsistas de p\u00f3s-doutorado:<\/p>\n","protected":false},"author":7,"featured_media":0,"parent":0,"menu_order":0,"comment_status":"closed","ping_status":"closed","template":"","meta":{"footnotes":""},"class_list":["post-1387","page","type-page","status-publish","hentry"],"acf":[],"_links":{"self":[{"href":"https:\/\/sites.uel.br\/leafro\/wp-json\/wp\/v2\/pages\/1387","targetHints":{"allow":["GET"]}}],"collection":[{"href":"https:\/\/sites.uel.br\/leafro\/wp-json\/wp\/v2\/pages"}],"about":[{"href":"https:\/\/sites.uel.br\/leafro\/wp-json\/wp\/v2\/types\/page"}],"author":[{"embeddable":true,"href":"https:\/\/sites.uel.br\/leafro\/wp-json\/wp\/v2\/users\/7"}],"replies":[{"embeddable":true,"href":"https:\/\/sites.uel.br\/leafro\/wp-json\/wp\/v2\/comments?post=1387"}],"version-history":[{"count":15,"href":"https:\/\/sites.uel.br\/leafro\/wp-json\/wp\/v2\/pages\/1387\/revisions"}],"predecessor-version":[{"id":1418,"href":"https:\/\/sites.uel.br\/leafro\/wp-json\/wp\/v2\/pages\/1387\/revisions\/1418"}],"wp:attachment":[{"href":"https:\/\/sites.uel.br\/leafro\/wp-json\/wp\/v2\/media?parent=1387"}],"curies":[{"name":"wp","href":"https:\/\/api.w.org\/{rel}","templated":true}]}}