{"id":1371,"date":"2025-05-21T09:45:27","date_gmt":"2025-05-21T12:45:27","guid":{"rendered":"https:\/\/sites.uel.br\/leafro\/?page_id=1371"},"modified":"2025-10-22T14:12:29","modified_gmt":"2025-10-22T17:12:29","slug":"acao-afirmativa-na-educacao-superior-conquistas-e-desafios","status":"publish","type":"page","link":"https:\/\/sites.uel.br\/leafro\/acao-afirmativa-na-educacao-superior-conquistas-e-desafios\/","title":{"rendered":"A\u00e7\u00e3o Afirmativa na Educa\u00e7\u00e3o Superior: conquistas e desafios"},"content":{"rendered":"\n<p><strong>Link para inscri\u00e7\u00f5es no evento:<\/strong> <a href=\"https:\/\/www.sistemasweb.uel.br\/index.php?contents=system\/insc\/index.php&amp;pagina=view\/inscricoes\/seleciona_evento.php&amp;cod_evento=10488\">https:\/\/www.sistemasweb.uel.br\/index.php?contents=system\/insc\/index.php&amp;pagina=view\/inscricoes\/seleciona_evento.php&amp;cod_evento=10488<\/a><\/p>\n\n\n\n<figure class=\"wp-block-image size-large\"><img loading=\"lazy\" decoding=\"async\" width=\"724\" height=\"1024\" src=\"https:\/\/sites.uel.br\/leafro\/wp-content\/uploads\/2025\/10\/image-724x1024.png\" alt=\"\" class=\"wp-image-1424\" srcset=\"https:\/\/sites.uel.br\/leafro\/wp-content\/uploads\/2025\/10\/image-724x1024.png 724w, https:\/\/sites.uel.br\/leafro\/wp-content\/uploads\/2025\/10\/image-212x300.png 212w, https:\/\/sites.uel.br\/leafro\/wp-content\/uploads\/2025\/10\/image-768x1086.png 768w, https:\/\/sites.uel.br\/leafro\/wp-content\/uploads\/2025\/10\/image.png 1086w\" sizes=\"auto, (max-width: 724px) 100vw, 724px\" \/><\/figure>\n","protected":false},"excerpt":{"rendered":"<p>Link para inscri\u00e7\u00f5es no evento: https:\/\/www.sistemasweb.uel.br\/index.php?contents=system\/insc\/index.php&amp;pagina=view\/inscricoes\/seleciona_evento.php&amp;cod_evento=10488<\/p>\n","protected":false},"author":7,"featured_media":0,"parent":0,"menu_order":0,"comment_status":"closed","ping_status":"closed","template":"","meta":{"footnotes":""},"class_list":["post-1371","page","type-page","status-publish","hentry"],"acf":[],"_links":{"self":[{"href":"https:\/\/sites.uel.br\/leafro\/wp-json\/wp\/v2\/pages\/1371","targetHints":{"allow":["GET"]}}],"collection":[{"href":"https:\/\/sites.uel.br\/leafro\/wp-json\/wp\/v2\/pages"}],"about":[{"href":"https:\/\/sites.uel.br\/leafro\/wp-json\/wp\/v2\/types\/page"}],"author":[{"embeddable":true,"href":"https:\/\/sites.uel.br\/leafro\/wp-json\/wp\/v2\/users\/7"}],"replies":[{"embeddable":true,"href":"https:\/\/sites.uel.br\/leafro\/wp-json\/wp\/v2\/comments?post=1371"}],"version-history":[{"count":3,"href":"https:\/\/sites.uel.br\/leafro\/wp-json\/wp\/v2\/pages\/1371\/revisions"}],"predecessor-version":[{"id":1425,"href":"https:\/\/sites.uel.br\/leafro\/wp-json\/wp\/v2\/pages\/1371\/revisions\/1425"}],"wp:attachment":[{"href":"https:\/\/sites.uel.br\/leafro\/wp-json\/wp\/v2\/media?parent=1371"}],"curies":[{"name":"wp","href":"https:\/\/api.w.org\/{rel}","templated":true}]}}