{"id":1251,"date":"2024-10-04T06:16:56","date_gmt":"2024-10-04T09:16:56","guid":{"rendered":"https:\/\/sites.uel.br\/leafro\/?page_id=1251"},"modified":"2025-03-10T00:37:52","modified_gmt":"2025-03-10T03:37:52","slug":"apresentacao-2","status":"publish","type":"page","link":"https:\/\/sites.uel.br\/leafro\/apresentacao-2\/","title":{"rendered":"Apresenta\u00e7\u00e3o"},"content":{"rendered":"\n<p class=\"has-text-align-left\">O projeto <strong>A\u00e7\u00f5es Afirmativas e Produ\u00e7\u00e3o Intelectual: As IES Estaduais das Regi\u00f5es Sul e Sudeste<\/strong>, alocado no Programa de P\u00f3s-Gradua\u00e7\u00e3o em Sociologia da UEL, contemplado pelo Programa de Desenvolvimento Acad\u00eamico Abdias Nascimento, no \u00e2mbito do Programa de Desenvolvimento da P\u00f3s-Gradua\u00e7\u00e3o (PDPG) &#8211; Pol\u00edticas Afirmativas e Diversidade, Edital n\u00ba 17\/2023 da CAPES, busca analisar a presen\u00e7a da popula\u00e7\u00e3o negra e ind\u00edgena na p\u00f3s-gradua\u00e7\u00e3o das universidades estaduais brasileiras da regi\u00e3o Sul e Sudeste, buscando identificar, tamb\u00e9m, suas influ\u00eancias na produ\u00e7\u00e3o de conhecimento.<\/p>\n\n\n\n<h2 class=\"wp-block-heading\">Participantes:<\/h2>\n\n\n\n<div class=\"wp-block-media-text is-stacked-on-mobile\" style=\"grid-template-columns:19% auto\"><figure class=\"wp-block-media-text__media\"><img loading=\"lazy\" decoding=\"async\" width=\"397\" height=\"362\" src=\"https:\/\/sites.uel.br\/leafro\/wp-content\/uploads\/2024\/10\/NILZA.png\" alt=\"\" class=\"wp-image-1271 size-full\" srcset=\"https:\/\/sites.uel.br\/leafro\/wp-content\/uploads\/2024\/10\/NILZA.png 397w, https:\/\/sites.uel.br\/leafro\/wp-content\/uploads\/2024\/10\/NILZA-300x274.png 300w\" sizes=\"auto, (max-width: 397px) 100vw, 397px\" \/><\/figure><div class=\"wp-block-media-text__content\">\n<p><strong>Maria Nilza da Silva<\/strong> (Coordenadora do Projeto Abdias\/UEL)<\/p>\n\n\n\n<p>Professora Titular de Sociologia \u2013 Departamento de Ci\u00eancias Sociais (UEL). P\u00f3s-Doutora em Ci\u00eancias Sociais pela \u00c9cole des Hautes \u00c9tudes en Sciences Sociales \u2013 EHESS-Paris. Pesquisadora do Centro de Estudos Sociedade, Universidade e Ci\u00eancia \u2013 SoU_Ci\u00eancia. Atua nos seguintes temas&nbsp; Sociologia das&nbsp; rela\u00e7\u00f5es \u00e9tnico-raciais, Imigrac\u00e3o, Sociabilidade, Popula\u00e7\u00f5es negras, Pol\u00edticas de A\u00e7\u00e3o Afirmativa.<\/p>\n<\/div><\/div>\n\n\n\n<p><\/p>\n\n\n\n<div class=\"wp-block-media-text is-stacked-on-mobile\" style=\"grid-template-columns:18% auto\"><figure class=\"wp-block-media-text__media\"><img loading=\"lazy\" decoding=\"async\" width=\"783\" height=\"1024\" src=\"https:\/\/sites.uel.br\/leafro\/wp-content\/uploads\/2024\/10\/501fda49-940f-4100-8a3b-ea05b6355be5-783x1024.jpg\" alt=\"\" class=\"wp-image-1261 size-full\" srcset=\"https:\/\/sites.uel.br\/leafro\/wp-content\/uploads\/2024\/10\/501fda49-940f-4100-8a3b-ea05b6355be5-783x1024.jpg 783w, https:\/\/sites.uel.br\/leafro\/wp-content\/uploads\/2024\/10\/501fda49-940f-4100-8a3b-ea05b6355be5-229x300.jpg 229w, https:\/\/sites.uel.br\/leafro\/wp-content\/uploads\/2024\/10\/501fda49-940f-4100-8a3b-ea05b6355be5-768x1005.jpg 768w, https:\/\/sites.uel.br\/leafro\/wp-content\/uploads\/2024\/10\/501fda49-940f-4100-8a3b-ea05b6355be5-1174x1536.jpg 1174w, https:\/\/sites.uel.br\/leafro\/wp-content\/uploads\/2024\/10\/501fda49-940f-4100-8a3b-ea05b6355be5.jpg 1223w\" sizes=\"auto, (max-width: 783px) 100vw, 783px\" \/><\/figure><div class=\"wp-block-media-text__content\">\n<p><strong>Maria Ang\u00e9lica Pedra Minhoto<\/strong> (colaboradora externa)<\/p>\n\n\n\n<p>\u00c9 professora associada do Departamento de Educa\u00e7\u00e3o da EFLCH-Unifesp, Campus Guarulhos. \u00c9 pesquisadora na \u00e1rea de Educa\u00e7\u00e3o, com \u00eanfase em Avalia\u00e7\u00e3o de Pol\u00edticas Educacionais, de Sistemas e Institui\u00e7\u00f5es de Ensino e coordenadora do SoU_Ci\u00eancia.<\/p>\n<\/div><\/div>\n\n\n\n<p><\/p>\n\n\n\n<div class=\"wp-block-media-text is-stacked-on-mobile\" style=\"grid-template-columns:20% auto\"><figure class=\"wp-block-media-text__media\"><img loading=\"lazy\" decoding=\"async\" width=\"640\" height=\"640\" src=\"https:\/\/sites.uel.br\/leafro\/wp-content\/uploads\/2025\/03\/image-2.png\" alt=\"\" class=\"wp-image-1347 size-full\" srcset=\"https:\/\/sites.uel.br\/leafro\/wp-content\/uploads\/2025\/03\/image-2.png 640w, https:\/\/sites.uel.br\/leafro\/wp-content\/uploads\/2025\/03\/image-2-300x300.png 300w, https:\/\/sites.uel.br\/leafro\/wp-content\/uploads\/2025\/03\/image-2-150x150.png 150w\" sizes=\"auto, (max-width: 640px) 100vw, 640px\" \/><\/figure><div class=\"wp-block-media-text__content\">\n<p><strong>Maria Alice Rezende<\/strong> (colaboradora externa)<\/p>\n\n\n\n<p>\u00c9 professora Titular da Universidade do Estado do Rio de Janeiro (UERJ). Coordenadora do N\u00facleo de Estudos Afro-brasileiros da UERJ. Tem interesse nos seguintes temas: educa\u00e7\u00e3o, pol\u00edticas p\u00fablicas, ensino superior, cidadania e cultura afro-brasileira.<\/p>\n<\/div><\/div>\n\n\n\n<p><\/p>\n\n\n\n<div class=\"wp-block-media-text is-stacked-on-mobile\" style=\"grid-template-columns:23% auto\"><figure class=\"wp-block-media-text__media\"><img loading=\"lazy\" decoding=\"async\" width=\"1024\" height=\"683\" src=\"https:\/\/sites.uel.br\/leafro\/wp-content\/uploads\/2025\/03\/image-4-1024x683.png\" alt=\"\" class=\"wp-image-1349 size-full\" srcset=\"https:\/\/sites.uel.br\/leafro\/wp-content\/uploads\/2025\/03\/image-4-1024x683.png 1024w, https:\/\/sites.uel.br\/leafro\/wp-content\/uploads\/2025\/03\/image-4-300x200.png 300w, https:\/\/sites.uel.br\/leafro\/wp-content\/uploads\/2025\/03\/image-4-768x512.png 768w, https:\/\/sites.uel.br\/leafro\/wp-content\/uploads\/2025\/03\/image-4.png 1200w\" sizes=\"auto, (max-width: 1024px) 100vw, 1024px\" \/><\/figure><div class=\"wp-block-media-text__content\">\n<p><strong>Mariv\u00e2nia Concei\u00e7\u00e3o Ara\u00fajo <\/strong>(colaboradora externa)<\/p>\n\n\n\n<p>\u00c9 professora titular da Universidade Estadual de Maring\u00e1. Tem experi\u00eancia na \u00e1rea de Antropologia, com \u00eanfase em Antropologia Urbana, atuando principalmente nos seguintes temas: Maring\u00e1, popula\u00e7\u00e3o negra, educa\u00e7\u00e3o, cotas raciais e rela\u00e7\u00f5es raciais.<\/p>\n<\/div><\/div>\n\n\n\n<p><\/p>\n\n\n\n<div class=\"wp-block-media-text is-stacked-on-mobile\" style=\"grid-template-columns:21% auto\"><figure class=\"wp-block-media-text__media\"><img loading=\"lazy\" decoding=\"async\" width=\"1000\" height=\"1000\" src=\"https:\/\/sites.uel.br\/leafro\/wp-content\/uploads\/2025\/03\/image-5.png\" alt=\"\" class=\"wp-image-1350 size-full\" srcset=\"https:\/\/sites.uel.br\/leafro\/wp-content\/uploads\/2025\/03\/image-5.png 1000w, https:\/\/sites.uel.br\/leafro\/wp-content\/uploads\/2025\/03\/image-5-300x300.png 300w, https:\/\/sites.uel.br\/leafro\/wp-content\/uploads\/2025\/03\/image-5-150x150.png 150w, https:\/\/sites.uel.br\/leafro\/wp-content\/uploads\/2025\/03\/image-5-768x768.png 768w\" sizes=\"auto, (max-width: 1000px) 100vw, 1000px\" \/><\/figure><div class=\"wp-block-media-text__content\">\n<p><strong>Ione da Silva Jovino <\/strong>(colaboradora externa)<\/p>\n\n\n\n<p>\u00c9 docente da UEPG e desde 2019 est\u00e1 como Pr\u00f3-reitora de Assuntos Estudantis da institui\u00e7\u00e3o. Trabalha com os seguintes temas: crian\u00e7a, inf\u00e2ncia e ra\u00e7a; literatura infanto-juvenil e rela\u00e7\u00f5es \u00e9tnico-raciais; educa\u00e7\u00e3o e diversidade \u00e9tnico-racial-cultural; iconografia e representa\u00e7\u00e3o; desigualdades no plano simb\u00f3lico.<\/p>\n\n\n\n<p><\/p>\n<\/div><\/div>\n\n\n\n<p><\/p>\n\n\n\n<div class=\"wp-block-media-text is-stacked-on-mobile\" style=\"grid-template-columns:19% auto\"><figure class=\"wp-block-media-text__media\"><img loading=\"lazy\" decoding=\"async\" width=\"624\" height=\"1024\" src=\"https:\/\/sites.uel.br\/leafro\/wp-content\/uploads\/2025\/03\/image-6-624x1024.png\" alt=\"\" class=\"wp-image-1354 size-full\" srcset=\"https:\/\/sites.uel.br\/leafro\/wp-content\/uploads\/2025\/03\/image-6-624x1024.png 624w, https:\/\/sites.uel.br\/leafro\/wp-content\/uploads\/2025\/03\/image-6-183x300.png 183w, https:\/\/sites.uel.br\/leafro\/wp-content\/uploads\/2025\/03\/image-6.png 718w\" sizes=\"auto, (max-width: 624px) 100vw, 624px\" \/><\/figure><div class=\"wp-block-media-text__content\">\n<p><strong>Mariana Aparecida dos Santos Panta <\/strong>(colaboradora externa)<\/p>\n\n\n\n<p>\u00c9 docente de Sociologia na Universidade Federal da Bahia (UFBA). Tem experi\u00eancia nos seguintes campos de investiga\u00e7\u00e3o: Sociologia das Rela\u00e7\u00f5es \u00c9tnico-Raciais, Racismo, Educa\u00e7\u00e3o Antirracista, Sociologia Urbana, Segrega\u00e7\u00e3o Urbana e Racial, Pol\u00edticas P\u00fablicas, Trajet\u00f3rias de Personalidades Negras e Pensamento Decolonial.<\/p>\n\n\n\n<p><\/p>\n<\/div><\/div>\n\n\n\n<p><\/p>\n\n\n\n<div class=\"wp-block-media-text is-stacked-on-mobile\" style=\"grid-template-columns:18% auto\"><figure class=\"wp-block-media-text__media\"><img loading=\"lazy\" decoding=\"async\" width=\"768\" height=\"1024\" src=\"https:\/\/sites.uel.br\/leafro\/wp-content\/uploads\/2024\/10\/7453e19e-1964-44c3-86d4-f34ef263f660-768x1024.jpg\" alt=\"\" class=\"wp-image-1266 size-full\" srcset=\"https:\/\/sites.uel.br\/leafro\/wp-content\/uploads\/2024\/10\/7453e19e-1964-44c3-86d4-f34ef263f660-768x1024.jpg 768w, https:\/\/sites.uel.br\/leafro\/wp-content\/uploads\/2024\/10\/7453e19e-1964-44c3-86d4-f34ef263f660-225x300.jpg 225w, https:\/\/sites.uel.br\/leafro\/wp-content\/uploads\/2024\/10\/7453e19e-1964-44c3-86d4-f34ef263f660.jpg 960w\" sizes=\"auto, (max-width: 768px) 100vw, 768px\" \/><\/figure><div class=\"wp-block-media-text__content\">\n<p><strong>Luciana Garcia de Mello<\/strong> (P\u00f3s-doc.)<\/p>\n\n\n\n<p>Professora adjunta da Universidade Federal do Rio Grande do Sul &#8211; UFRGS. Integra o Comit\u00ea de Pesquisa de Sociologia das Rela\u00e7\u00f5es \u00c9tnico-Raciais da Sociedade Brasileira de Sociologia. Tem experi\u00eancia na \u00e1rea de sociologia, com \u00eanfase em sociologia do racismo e sociologia do trabalho, atuando principalmente nos seguintes temas: racismo, desigualdades raciais, intersec\u00e7\u00e3o entre ra\u00e7a, classe e g\u00eanero, justi\u00e7a social.&nbsp;<\/p>\n<\/div><\/div>\n\n\n\n<p><\/p>\n\n\n\n<div class=\"wp-block-media-text is-stacked-on-mobile\" style=\"grid-template-columns:19% auto\"><figure class=\"wp-block-media-text__media\"><img loading=\"lazy\" decoding=\"async\" width=\"574\" height=\"750\" src=\"https:\/\/sites.uel.br\/leafro\/wp-content\/uploads\/2024\/10\/2fb3e352-6ea5-4981-a19a-e88f0c1faca8.jpg\" alt=\"\" class=\"wp-image-1269 size-full\" srcset=\"https:\/\/sites.uel.br\/leafro\/wp-content\/uploads\/2024\/10\/2fb3e352-6ea5-4981-a19a-e88f0c1faca8.jpg 574w, https:\/\/sites.uel.br\/leafro\/wp-content\/uploads\/2024\/10\/2fb3e352-6ea5-4981-a19a-e88f0c1faca8-230x300.jpg 230w\" sizes=\"auto, (max-width: 574px) 100vw, 574px\" \/><\/figure><div class=\"wp-block-media-text__content\">\n<p><strong>Alexsandro Eleot\u00e9rio Pereira de Souza<\/strong> (P\u00f3s-doc.)<\/p>\n\n\n\n<p>Doutor em Ci\u00eancias Sociais (UNESP) e Pol\u00edtica Social (UEL). Docente do Departamento de Ci\u00eancias Sociais da UEL. Atuando principalmente nos seguintes temas: Racismo, Territ\u00f3rio, Sociabilidade, Identidade, Justi\u00e7a Social, Popula\u00e7\u00f5es negras, Pol\u00edticas de A\u00e7\u00e3o Afirmativa, Sociologia das rela\u00e7\u00f5es \u00e9tnico-raciais e hierarquias raciais e desigualdades dur\u00e1veis.<\/p>\n\n\n\n<p><\/p>\n<\/div><\/div>\n\n\n\n<p><\/p>\n\n\n\n<div class=\"wp-block-media-text is-stacked-on-mobile\" style=\"grid-template-columns:18% auto\"><figure class=\"wp-block-media-text__media\"><img loading=\"lazy\" decoding=\"async\" width=\"720\" height=\"615\" src=\"https:\/\/sites.uel.br\/leafro\/wp-content\/uploads\/2023\/04\/b882f280-8934-44cf-9f8d-349346285fe5-1.jpg\" alt=\"\" class=\"wp-image-105 size-full\" srcset=\"https:\/\/sites.uel.br\/leafro\/wp-content\/uploads\/2023\/04\/b882f280-8934-44cf-9f8d-349346285fe5-1.jpg 720w, https:\/\/sites.uel.br\/leafro\/wp-content\/uploads\/2023\/04\/b882f280-8934-44cf-9f8d-349346285fe5-1-300x256.jpg 300w\" sizes=\"auto, (max-width: 720px) 100vw, 720px\" \/><\/figure><div class=\"wp-block-media-text__content\">\n<p><strong>Gabriel Gustavo dos Santos <\/strong>(doutorando)<\/p>\n\n\n\n<p>Doutorando em Sociologia pela Universidade Estadual de Londrina (UEL). Pesquisa sobre branquitude na universidade.<\/p>\n<\/div><\/div>\n\n\n\n<p><\/p>\n\n\n\n<div class=\"wp-block-media-text is-stacked-on-mobile\" style=\"grid-template-columns:19% auto\"><figure class=\"wp-block-media-text__media\"><img loading=\"lazy\" decoding=\"async\" width=\"768\" height=\"1024\" src=\"https:\/\/sites.uel.br\/leafro\/wp-content\/uploads\/2024\/10\/WhatsApp-Image-2024-10-04-at-06.23.26-768x1024.jpeg\" alt=\"\" class=\"wp-image-1337 size-full\" srcset=\"https:\/\/sites.uel.br\/leafro\/wp-content\/uploads\/2024\/10\/WhatsApp-Image-2024-10-04-at-06.23.26-768x1024.jpeg 768w, https:\/\/sites.uel.br\/leafro\/wp-content\/uploads\/2024\/10\/WhatsApp-Image-2024-10-04-at-06.23.26-225x300.jpeg 225w, https:\/\/sites.uel.br\/leafro\/wp-content\/uploads\/2024\/10\/WhatsApp-Image-2024-10-04-at-06.23.26.jpeg 1025w\" sizes=\"auto, (max-width: 768px) 100vw, 768px\" \/><\/figure><div class=\"wp-block-media-text__content\">\n<p><strong>La\u00eds Caetano Lira<\/strong> (mestranda)<\/p>\n\n\n\n<p>Mestranda em Sociologia pela Universidade Estadual de Londrina (UEL). Pesquisa acerca da perman\u00eancia de estudantes negros na P\u00f3s-Gradua\u00e7\u00e3o.<\/p>\n<\/div><\/div>\n\n\n\n<p><\/p>\n\n\n\n<div class=\"wp-block-media-text is-stacked-on-mobile\" style=\"grid-template-columns:19% auto\"><figure class=\"wp-block-media-text__media\"><img loading=\"lazy\" decoding=\"async\" width=\"411\" height=\"437\" src=\"https:\/\/sites.uel.br\/leafro\/wp-content\/uploads\/2025\/03\/servletrecuperafoto.jpg\" alt=\"\" class=\"wp-image-1345 size-full\" srcset=\"https:\/\/sites.uel.br\/leafro\/wp-content\/uploads\/2025\/03\/servletrecuperafoto.jpg 411w, https:\/\/sites.uel.br\/leafro\/wp-content\/uploads\/2025\/03\/servletrecuperafoto-282x300.jpg 282w\" sizes=\"auto, (max-width: 411px) 100vw, 411px\" \/><\/figure><div class=\"wp-block-media-text__content\">\n<p><strong>Duana Eduarda Elias Silva<\/strong> (mestranda)<\/p>\n\n\n\n<p>Mestranda em Sociologia pela Universidade Estadual de Maring\u00e1 (UEM). Pesquisa sobre trajet\u00f3ria de pesquisadoras negras na P\u00f3s-Gradua\u00e7\u00e3o.<\/p>\n<\/div><\/div>\n\n\n\n<p><\/p>\n","protected":false},"excerpt":{"rendered":"<p>O projeto A\u00e7\u00f5es Afirmativas e Produ\u00e7\u00e3o Intelectual: As IES Estaduais das Regi\u00f5es Sul e Sudeste, alocado no Programa de P\u00f3s-Gradua\u00e7\u00e3o em Sociologia da UEL, contemplado pelo Programa de Desenvolvimento Acad\u00eamico Abdias Nascimento, no \u00e2mbito do Programa de Desenvolvimento da P\u00f3s-Gradua\u00e7\u00e3o (PDPG) &#8211; Pol\u00edticas Afirmativas e Diversidade, Edital n\u00ba 17\/2023 da CAPES, busca analisar a presen\u00e7a [&hellip;]<\/p>\n","protected":false},"author":7,"featured_media":0,"parent":0,"menu_order":0,"comment_status":"closed","ping_status":"closed","template":"","meta":{"footnotes":""},"class_list":["post-1251","page","type-page","status-publish","hentry"],"acf":[],"_links":{"self":[{"href":"https:\/\/sites.uel.br\/leafro\/wp-json\/wp\/v2\/pages\/1251","targetHints":{"allow":["GET"]}}],"collection":[{"href":"https:\/\/sites.uel.br\/leafro\/wp-json\/wp\/v2\/pages"}],"about":[{"href":"https:\/\/sites.uel.br\/leafro\/wp-json\/wp\/v2\/types\/page"}],"author":[{"embeddable":true,"href":"https:\/\/sites.uel.br\/leafro\/wp-json\/wp\/v2\/users\/7"}],"replies":[{"embeddable":true,"href":"https:\/\/sites.uel.br\/leafro\/wp-json\/wp\/v2\/comments?post=1251"}],"version-history":[{"count":20,"href":"https:\/\/sites.uel.br\/leafro\/wp-json\/wp\/v2\/pages\/1251\/revisions"}],"predecessor-version":[{"id":1357,"href":"https:\/\/sites.uel.br\/leafro\/wp-json\/wp\/v2\/pages\/1251\/revisions\/1357"}],"wp:attachment":[{"href":"https:\/\/sites.uel.br\/leafro\/wp-json\/wp\/v2\/media?parent=1251"}],"curies":[{"name":"wp","href":"https:\/\/api.w.org\/{rel}","templated":true}]}}