{"id":1247,"date":"2024-10-04T06:10:46","date_gmt":"2024-10-04T09:10:46","guid":{"rendered":"https:\/\/sites.uel.br\/leafro\/?page_id=1247"},"modified":"2024-10-08T09:57:42","modified_gmt":"2024-10-08T12:57:42","slug":"referencias","status":"publish","type":"page","link":"https:\/\/sites.uel.br\/leafro\/referencias\/","title":{"rendered":"Refer\u00eancias"},"content":{"rendered":"\n<ul class=\"wp-block-list\">\n<li>Silva, Maria Nilza. Minhoto, Maria Ang\u00e9lica Pedra. Santos, Gabriel Gustavo. Dias, Andr\u00e9 Luiz Vieira.<strong> Cotas para a popula\u00e7\u00e3o negra nas universidades estaduais brasileiras:<\/strong> da precariedade dos dados aos novos desafios. Dispon\u00edvel em: &lt;<a href=\"https:\/\/repositorio.unifesp.br\/items\/104564cb-1ef4-4167-9a3c-8f5c1fde1537\">https:\/\/repositorio.unifesp.br\/items\/104564cb-1ef4-4167-9a3c-8f5c1fde1537<\/a>&gt;. Acesso em: 02 de out. 2024.<\/li>\n\n\n\n<li>Silva, Maria Nilza. Santos, Gabriel Gustavo. Felipe, Delton Aparecido. Panta, Mariana Aparecida dos Santos. Marques, Sonia do Santos. Filho, Clodoaldo Porto. O combate ao racismo na educa\u00e7\u00e3o superior: a experi\u00eancia dos NEAB\u2019s das universidades estaduais do Paran\u00e1. <strong>TELLUS (UCDB)<\/strong>, v. 52, p. 105-131, 2024. Dispon\u00edvel em: &lt;<a href=\"https:\/\/www.tellus.ucdb.br\/tellus\/article\/view\/972\/904\">https:\/\/www.tellus.ucdb.br\/tellus\/article\/view\/972\/904<\/a>&gt;. Acesso em: 02 de out. 2024.<\/li>\n<\/ul>\n","protected":false},"excerpt":{"rendered":"","protected":false},"author":7,"featured_media":0,"parent":0,"menu_order":0,"comment_status":"closed","ping_status":"closed","template":"","meta":{"footnotes":""},"class_list":["post-1247","page","type-page","status-publish","hentry"],"acf":[],"_links":{"self":[{"href":"https:\/\/sites.uel.br\/leafro\/wp-json\/wp\/v2\/pages\/1247","targetHints":{"allow":["GET"]}}],"collection":[{"href":"https:\/\/sites.uel.br\/leafro\/wp-json\/wp\/v2\/pages"}],"about":[{"href":"https:\/\/sites.uel.br\/leafro\/wp-json\/wp\/v2\/types\/page"}],"author":[{"embeddable":true,"href":"https:\/\/sites.uel.br\/leafro\/wp-json\/wp\/v2\/users\/7"}],"replies":[{"embeddable":true,"href":"https:\/\/sites.uel.br\/leafro\/wp-json\/wp\/v2\/comments?post=1247"}],"version-history":[{"count":5,"href":"https:\/\/sites.uel.br\/leafro\/wp-json\/wp\/v2\/pages\/1247\/revisions"}],"predecessor-version":[{"id":1330,"href":"https:\/\/sites.uel.br\/leafro\/wp-json\/wp\/v2\/pages\/1247\/revisions\/1330"}],"wp:attachment":[{"href":"https:\/\/sites.uel.br\/leafro\/wp-json\/wp\/v2\/media?parent=1247"}],"curies":[{"name":"wp","href":"https:\/\/api.w.org\/{rel}","templated":true}]}}