{"id":1150,"date":"2024-02-01T11:22:12","date_gmt":"2024-02-01T14:22:12","guid":{"rendered":"https:\/\/sites.uel.br\/leafro\/?page_id=1150"},"modified":"2024-03-01T14:49:34","modified_gmt":"2024-03-01T17:49:34","slug":"edital-abdias-do-nascimento-2024","status":"publish","type":"page","link":"https:\/\/sites.uel.br\/leafro\/edital-abdias-do-nascimento-2024\/","title":{"rendered":"Edital Abdias do Nascimento 2024"},"content":{"rendered":"\n<figure class=\"wp-block-image size-large\"><img loading=\"lazy\" decoding=\"async\" width=\"1024\" height=\"200\" src=\"https:\/\/sites.uel.br\/leafro\/wp-content\/uploads\/2024\/02\/Design-sem-nome-2-1024x200.png\" alt=\"\" class=\"wp-image-1158\" srcset=\"https:\/\/sites.uel.br\/leafro\/wp-content\/uploads\/2024\/02\/Design-sem-nome-2-1024x200.png 1024w, https:\/\/sites.uel.br\/leafro\/wp-content\/uploads\/2024\/02\/Design-sem-nome-2-300x59.png 300w, https:\/\/sites.uel.br\/leafro\/wp-content\/uploads\/2024\/02\/Design-sem-nome-2-768x150.png 768w, https:\/\/sites.uel.br\/leafro\/wp-content\/uploads\/2024\/02\/Design-sem-nome-2-1536x300.png 1536w, https:\/\/sites.uel.br\/leafro\/wp-content\/uploads\/2024\/02\/Design-sem-nome-2.png 1570w\" sizes=\"auto, (max-width: 1024px) 100vw, 1024px\" \/><\/figure>\n\n\n\n<p class=\"has-verde-escuro-color has-text-color has-link-color wp-elements-54bdcb204eac9da5207638e1a1b4a553\">Projeto da UEL aprovado pelo Programa de Desenvolvimento Acad\u00eamico Abdias Nascimento seleciona bolsistas de p\u00f3s-doutorado:<\/p>\n\n\n\n<div class=\"wp-block-file\"><a id=\"wp-block-file--media-a01ab053-8d82-4fd0-af8d-d58ff6fb3a99\" href=\"https:\/\/sites.uel.br\/leafro\/wp-content\/uploads\/2024\/02\/Edital_Abdias_Pos_Doutorado_Fev1-2.pdf\" target=\"_blank\" rel=\"noreferrer noopener\">Edital Abdias &#8211; P\u00f3s-doutorado<\/a><a href=\"https:\/\/sites.uel.br\/leafro\/wp-content\/uploads\/2024\/02\/Edital_Abdias_Pos_Doutorado_Fev1-2.pdf\" class=\"wp-block-file__button wp-element-button\" download aria-describedby=\"wp-block-file--media-a01ab053-8d82-4fd0-af8d-d58ff6fb3a99\">Baixar<\/a><\/div>\n\n\n\n<div class=\"wp-block-file\"><a id=\"wp-block-file--media-8867ed29-7678-4311-bbab-3c2d31ef0b44\" href=\"https:\/\/sites.uel.br\/leafro\/wp-content\/uploads\/2024\/02\/Edital_homologacao_ABDIAS_UEL_POS_DOC.pdf\" target=\"_blank\" rel=\"noreferrer noopener\"><a href=\"https:\/\/pos.uel.br\/ppgsoc\/wp-content\/uploads\/2024\/02\/Edital_homologacao_ABDIAS_UEL_POS_DOC.pdf\">Edital Abdias \u2013 Homologa\u00e7\u00e3o das inscri\u00e7\u00f5es \u2013 Bolsas de P\u00f3s-Doutorado <\/a><\/a><a href=\"https:\/\/sites.uel.br\/leafro\/wp-content\/uploads\/2024\/02\/Edital_homologacao_ABDIAS_UEL_POS_DOC.pdf\" class=\"wp-block-file__button wp-element-button\" download aria-describedby=\"wp-block-file--media-8867ed29-7678-4311-bbab-3c2d31ef0b44\">Baixar<\/a><\/div>\n\n\n\n<div class=\"wp-block-file\"><a id=\"wp-block-file--media-2d496e8e-e47b-45a6-8ba5-a85720b09275\" href=\"https:\/\/sites.uel.br\/leafro\/wp-content\/uploads\/2024\/02\/Edital_convocacao_entrevistas_ABDIAS_UEL_POS_DOC.pdf\" target=\"_blank\" rel=\"noreferrer noopener\">Edital Abdias &#8211; Convoca\u00e7\u00e3o para as entrevistas &#8211; P\u00f3s-doutorado<\/a><a href=\"https:\/\/sites.uel.br\/leafro\/wp-content\/uploads\/2024\/02\/Edital_convocacao_entrevistas_ABDIAS_UEL_POS_DOC.pdf\" class=\"wp-block-file__button wp-element-button\" download aria-describedby=\"wp-block-file--media-2d496e8e-e47b-45a6-8ba5-a85720b09275\">Baixar<\/a><\/div>\n\n\n\n<div class=\"wp-block-file\"><a id=\"wp-block-file--media-90c2854e-14c0-4376-8016-783f3fd13065\" href=\"https:\/\/sites.uel.br\/leafro\/wp-content\/uploads\/2024\/03\/Editais_Abdias_Resultado_POSDOC-2.pdf\" target=\"_blank\" rel=\"noreferrer noopener\">Edital Abdias &#8211; Resultado da sele\u00e7\u00e3o &#8211; Bolsas de P\u00f3s-doutorado<\/a><a href=\"https:\/\/sites.uel.br\/leafro\/wp-content\/uploads\/2024\/03\/Editais_Abdias_Resultado_POSDOC-2.pdf\" class=\"wp-block-file__button wp-element-button\" download aria-describedby=\"wp-block-file--media-90c2854e-14c0-4376-8016-783f3fd13065\">Baixar<\/a><\/div>\n\n\n\n<hr class=\"wp-block-separator has-text-color has-verde-escuro-color has-alpha-channel-opacity has-verde-escuro-background-color has-background is-style-dots\" \/>\n\n\n\n<p class=\"has-verde-escuro-color has-text-color has-link-color wp-elements-ea41e20d6dfef324e9e9dd4fa94cf483\">Projeto da UEL aprovado pelo Programa de Desenvolvimento Acad\u00eamico Abdias Nascimento seleciona bolsistas de mestrado e doutorado:<\/p>\n\n\n\n<div class=\"wp-block-file\"><a id=\"wp-block-file--media-b9201e6e-0bd4-4f80-a344-0507aa5551dd\" href=\"https:\/\/sites.uel.br\/leafro\/wp-content\/uploads\/2024\/02\/Edital-Abdias-Mestrado-e-Doutorado-1.pdf\" target=\"_blank\" rel=\"noreferrer noopener\">Edital Abdias &#8211; Mestrado e Doutorado <\/a><a href=\"https:\/\/sites.uel.br\/leafro\/wp-content\/uploads\/2024\/02\/Edital-Abdias-Mestrado-e-Doutorado-1.pdf\" class=\"wp-block-file__button wp-element-button\" download aria-describedby=\"wp-block-file--media-b9201e6e-0bd4-4f80-a344-0507aa5551dd\">Baixar<\/a><\/div>\n\n\n\n<div class=\"wp-block-file\"><a id=\"wp-block-file--media-905e0a44-75bf-4e14-b013-0e739223951c\" href=\"https:\/\/sites.uel.br\/leafro\/wp-content\/uploads\/2024\/02\/Edital_homologacao_ABDIAS_UEL_MESTRADO-E-DOUTORADO-1.pdf\" target=\"_blank\" rel=\"noreferrer noopener\"><a href=\"https:\/\/pos.uel.br\/ppgsoc\/wp-content\/uploads\/2024\/02\/Edital_homologacao_ABDIAS_UEL_MESTRADO-E-DOUTORADO.pdf\">Edital Abdias \u2013 Homologa\u00e7\u00e3o das Inscri\u00e7\u00f5es \u2013 Bolsas de Mestrado e Doutorado <\/a><\/a><a href=\"https:\/\/sites.uel.br\/leafro\/wp-content\/uploads\/2024\/02\/Edital_homologacao_ABDIAS_UEL_MESTRADO-E-DOUTORADO-1.pdf\" class=\"wp-block-file__button wp-element-button\" download aria-describedby=\"wp-block-file--media-905e0a44-75bf-4e14-b013-0e739223951c\">Baixar<\/a><\/div>\n\n\n\n<div class=\"wp-block-file\"><a id=\"wp-block-file--media-400af168-a5a1-4544-927a-3c9649de6df6\" href=\"https:\/\/sites.uel.br\/leafro\/wp-content\/uploads\/2024\/03\/Editais_Abdias_Resultado_MESTDOUT.pdf\" target=\"_blank\" rel=\"noreferrer noopener\">Edital Abdias &#8211; Resultado da sele\u00e7\u00e3o &#8211; Bolsas de Mestrado e Doutorado<\/a><a href=\"https:\/\/sites.uel.br\/leafro\/wp-content\/uploads\/2024\/03\/Editais_Abdias_Resultado_MESTDOUT.pdf\" class=\"wp-block-file__button wp-element-button\" download aria-describedby=\"wp-block-file--media-400af168-a5a1-4544-927a-3c9649de6df6\">Baixar<\/a><\/div>\n","protected":false},"excerpt":{"rendered":"<p>Projeto da UEL aprovado pelo Programa de Desenvolvimento Acad\u00eamico Abdias Nascimento seleciona bolsistas de p\u00f3s-doutorado: Projeto da UEL aprovado pelo Programa de Desenvolvimento Acad\u00eamico Abdias Nascimento seleciona bolsistas de mestrado e doutorado:<\/p>\n","protected":false},"author":7,"featured_media":0,"parent":0,"menu_order":0,"comment_status":"closed","ping_status":"closed","template":"","meta":{"footnotes":""},"class_list":["post-1150","page","type-page","status-publish","hentry"],"acf":[],"_links":{"self":[{"href":"https:\/\/sites.uel.br\/leafro\/wp-json\/wp\/v2\/pages\/1150","targetHints":{"allow":["GET"]}}],"collection":[{"href":"https:\/\/sites.uel.br\/leafro\/wp-json\/wp\/v2\/pages"}],"about":[{"href":"https:\/\/sites.uel.br\/leafro\/wp-json\/wp\/v2\/types\/page"}],"author":[{"embeddable":true,"href":"https:\/\/sites.uel.br\/leafro\/wp-json\/wp\/v2\/users\/7"}],"replies":[{"embeddable":true,"href":"https:\/\/sites.uel.br\/leafro\/wp-json\/wp\/v2\/comments?post=1150"}],"version-history":[{"count":9,"href":"https:\/\/sites.uel.br\/leafro\/wp-json\/wp\/v2\/pages\/1150\/revisions"}],"predecessor-version":[{"id":1184,"href":"https:\/\/sites.uel.br\/leafro\/wp-json\/wp\/v2\/pages\/1150\/revisions\/1184"}],"wp:attachment":[{"href":"https:\/\/sites.uel.br\/leafro\/wp-json\/wp\/v2\/media?parent=1150"}],"curies":[{"name":"wp","href":"https:\/\/api.w.org\/{rel}","templated":true}]}}