{"id":995,"date":"2025-10-20T16:46:16","date_gmt":"2025-10-20T19:46:16","guid":{"rendered":"https:\/\/sites.uel.br\/lapee\/?page_id=995"},"modified":"2025-10-27T15:59:33","modified_gmt":"2025-10-27T18:59:33","slug":"catalogo-de-jogos-e-brinquedos","status":"publish","type":"page","link":"https:\/\/sites.uel.br\/lapee\/catalogo-de-jogos-e-brinquedos\/","title":{"rendered":"Cat\u00e1logo de Jogos e Brinquedos"},"content":{"rendered":"\n<div style=\"height:24px\" aria-hidden=\"true\" class=\"wp-block-spacer\"><\/div>\n\n\n\n<p>Nossas produ\u00e7\u00f5es envolvem hist\u00f3rias, brincadeiras e jogos criados do zero ou adaptados aos nossos cursos. Veja alguns que foram desenvolvidos no nosso laborat\u00f3rio.<\/p>\n\n\n\n<div style=\"height:24px\" aria-hidden=\"true\" class=\"wp-block-spacer\"><\/div>\n\n\n\n<div class=\"wp-block-group is-layout-grid wp-container-core-group-is-layout-9649a0d9 wp-block-group-is-layout-grid\">\n<figure class=\"wp-block-image size-large\"><img loading=\"lazy\" decoding=\"async\" width=\"768\" height=\"1024\" src=\"https:\/\/sites.uel.br\/lapee\/wp-content\/uploads\/2025\/08\/IMG_8150-768x1024.jpg\" alt=\"\" class=\"wp-image-640\" srcset=\"https:\/\/sites.uel.br\/lapee\/wp-content\/uploads\/2025\/08\/IMG_8150-768x1024.jpg 768w, https:\/\/sites.uel.br\/lapee\/wp-content\/uploads\/2025\/08\/IMG_8150-225x300.jpg 225w, https:\/\/sites.uel.br\/lapee\/wp-content\/uploads\/2025\/08\/IMG_8150-1152x1536.jpg 1152w, https:\/\/sites.uel.br\/lapee\/wp-content\/uploads\/2025\/08\/IMG_8150-1536x2048.jpg 1536w, https:\/\/sites.uel.br\/lapee\/wp-content\/uploads\/2025\/08\/IMG_8150-scaled.jpg 1920w\" sizes=\"auto, (max-width: 768px) 100vw, 768px\" \/><\/figure>\n\n\n\n<figure class=\"wp-block-image size-large\"><img loading=\"lazy\" decoding=\"async\" width=\"768\" height=\"1024\" src=\"https:\/\/sites.uel.br\/lapee\/wp-content\/uploads\/2025\/08\/IMG_8181-768x1024.jpg\" alt=\"\" class=\"wp-image-642\" srcset=\"https:\/\/sites.uel.br\/lapee\/wp-content\/uploads\/2025\/08\/IMG_8181-768x1024.jpg 768w, https:\/\/sites.uel.br\/lapee\/wp-content\/uploads\/2025\/08\/IMG_8181-225x300.jpg 225w, https:\/\/sites.uel.br\/lapee\/wp-content\/uploads\/2025\/08\/IMG_8181-1152x1536.jpg 1152w, https:\/\/sites.uel.br\/lapee\/wp-content\/uploads\/2025\/08\/IMG_8181-1536x2048.jpg 1536w, https:\/\/sites.uel.br\/lapee\/wp-content\/uploads\/2025\/08\/IMG_8181-scaled.jpg 1920w\" sizes=\"auto, (max-width: 768px) 100vw, 768px\" \/><\/figure>\n\n\n\n<figure class=\"wp-block-image size-large\"><img loading=\"lazy\" decoding=\"async\" width=\"768\" height=\"1024\" src=\"https:\/\/sites.uel.br\/lapee\/wp-content\/uploads\/2025\/08\/IMG_8180-768x1024.jpg\" alt=\"\" class=\"wp-image-644\" srcset=\"https:\/\/sites.uel.br\/lapee\/wp-content\/uploads\/2025\/08\/IMG_8180-768x1024.jpg 768w, https:\/\/sites.uel.br\/lapee\/wp-content\/uploads\/2025\/08\/IMG_8180-225x300.jpg 225w, https:\/\/sites.uel.br\/lapee\/wp-content\/uploads\/2025\/08\/IMG_8180-1152x1536.jpg 1152w, https:\/\/sites.uel.br\/lapee\/wp-content\/uploads\/2025\/08\/IMG_8180-1536x2048.jpg 1536w, https:\/\/sites.uel.br\/lapee\/wp-content\/uploads\/2025\/08\/IMG_8180-scaled.jpg 1920w\" sizes=\"auto, (max-width: 768px) 100vw, 768px\" \/><\/figure>\n\n\n\n<figure class=\"wp-block-image size-large\"><img loading=\"lazy\" decoding=\"async\" width=\"768\" height=\"1024\" src=\"https:\/\/sites.uel.br\/lapee\/wp-content\/uploads\/2025\/10\/WhatsApp-Image-2025-10-20-at-16.37.59-768x1024.jpeg\" alt=\"\" class=\"wp-image-1003\" srcset=\"https:\/\/sites.uel.br\/lapee\/wp-content\/uploads\/2025\/10\/WhatsApp-Image-2025-10-20-at-16.37.59-768x1024.jpeg 768w, https:\/\/sites.uel.br\/lapee\/wp-content\/uploads\/2025\/10\/WhatsApp-Image-2025-10-20-at-16.37.59-225x300.jpeg 225w, https:\/\/sites.uel.br\/lapee\/wp-content\/uploads\/2025\/10\/WhatsApp-Image-2025-10-20-at-16.37.59-1152x1536.jpeg 1152w, https:\/\/sites.uel.br\/lapee\/wp-content\/uploads\/2025\/10\/WhatsApp-Image-2025-10-20-at-16.37.59.jpeg 1200w\" sizes=\"auto, (max-width: 768px) 100vw, 768px\" \/><\/figure>\n\n\n\n<figure class=\"wp-block-image size-large\"><img loading=\"lazy\" decoding=\"async\" width=\"768\" height=\"1024\" src=\"https:\/\/sites.uel.br\/lapee\/wp-content\/uploads\/2025\/10\/WhatsApp-Image-2025-10-20-at-16.37.56-1-768x1024.jpeg\" alt=\"\" class=\"wp-image-1002\" srcset=\"https:\/\/sites.uel.br\/lapee\/wp-content\/uploads\/2025\/10\/WhatsApp-Image-2025-10-20-at-16.37.56-1-768x1024.jpeg 768w, https:\/\/sites.uel.br\/lapee\/wp-content\/uploads\/2025\/10\/WhatsApp-Image-2025-10-20-at-16.37.56-1-225x300.jpeg 225w, https:\/\/sites.uel.br\/lapee\/wp-content\/uploads\/2025\/10\/WhatsApp-Image-2025-10-20-at-16.37.56-1-1152x1536.jpeg 1152w, https:\/\/sites.uel.br\/lapee\/wp-content\/uploads\/2025\/10\/WhatsApp-Image-2025-10-20-at-16.37.56-1.jpeg 1200w\" sizes=\"auto, (max-width: 768px) 100vw, 768px\" \/><\/figure>\n<\/div>\n\n\n\n<div style=\"height:24px\" aria-hidden=\"true\" class=\"wp-block-spacer\"><\/div>\n\n\n\n<div class=\"wp-block-group is-layout-grid wp-container-core-group-is-layout-9649a0d9 wp-block-group-is-layout-grid\">\n<figure class=\"wp-block-video\"><video height=\"2560\" style=\"aspect-ratio: 1440 \/ 2560;\" width=\"1440\" controls src=\"https:\/\/sites.uel.br\/lapee\/wp-content\/uploads\/2025\/10\/0AB6366F-DD69-4388-B865-B2BC2359BB46.mp4\"><\/video><\/figure>\n\n\n\n<figure class=\"wp-block-video\"><video height=\"2560\" style=\"aspect-ratio: 1440 \/ 2560;\" width=\"1440\" controls src=\"https:\/\/sites.uel.br\/lapee\/wp-content\/uploads\/2025\/10\/6A2793D4-5958-49A8-8961-D4549D2B2CF4.mp4\"><\/video><\/figure>\n\n\n\n<figure class=\"wp-block-video\"><video height=\"2560\" style=\"aspect-ratio: 1440 \/ 2560;\" width=\"1440\" controls src=\"https:\/\/sites.uel.br\/lapee\/wp-content\/uploads\/2025\/10\/E2AFC863-2A1C-47F5-B04D-A9BFD93098DA.mp4\"><\/video><\/figure>\n\n\n\n<figure class=\"wp-block-video\"><video height=\"2560\" style=\"aspect-ratio: 1440 \/ 2560;\" width=\"1440\" controls src=\"https:\/\/sites.uel.br\/lapee\/wp-content\/uploads\/2025\/10\/2418296A-5727-4F28-A39D-8D4B51806845.mov\"><\/video><\/figure>\n\n\n\n<figure class=\"wp-block-video\"><video height=\"480\" style=\"aspect-ratio: 848 \/ 480;\" width=\"848\" controls src=\"https:\/\/sites.uel.br\/lapee\/wp-content\/uploads\/2025\/10\/WhatsApp-Video-2025-10-20-at-16.39.20-2.mp4\" playsinline><\/video><\/figure>\n<\/div>\n\n\n\n<p><\/p>\n","protected":false},"excerpt":{"rendered":"<p>Nossas produ\u00e7\u00f5es envolvem hist\u00f3rias, brincadeiras e jogos criados do zero ou adaptados aos nossos cursos. Veja alguns que foram desenvolvidos no nosso laborat\u00f3rio.<\/p>\n","protected":false},"author":13,"featured_media":644,"parent":0,"menu_order":0,"comment_status":"closed","ping_status":"closed","template":"","meta":{"_acf_changed":false,"inline_featured_image":false,"footnotes":""},"class_list":["post-995","page","type-page","status-publish","has-post-thumbnail","hentry"],"acf":[],"_links":{"self":[{"href":"https:\/\/sites.uel.br\/lapee\/wp-json\/wp\/v2\/pages\/995","targetHints":{"allow":["GET"]}}],"collection":[{"href":"https:\/\/sites.uel.br\/lapee\/wp-json\/wp\/v2\/pages"}],"about":[{"href":"https:\/\/sites.uel.br\/lapee\/wp-json\/wp\/v2\/types\/page"}],"author":[{"embeddable":true,"href":"https:\/\/sites.uel.br\/lapee\/wp-json\/wp\/v2\/users\/13"}],"replies":[{"embeddable":true,"href":"https:\/\/sites.uel.br\/lapee\/wp-json\/wp\/v2\/comments?post=995"}],"version-history":[{"count":4,"href":"https:\/\/sites.uel.br\/lapee\/wp-json\/wp\/v2\/pages\/995\/revisions"}],"predecessor-version":[{"id":1041,"href":"https:\/\/sites.uel.br\/lapee\/wp-json\/wp\/v2\/pages\/995\/revisions\/1041"}],"wp:featuredmedia":[{"embeddable":true,"href":"https:\/\/sites.uel.br\/lapee\/wp-json\/wp\/v2\/media\/644"}],"wp:attachment":[{"href":"https:\/\/sites.uel.br\/lapee\/wp-json\/wp\/v2\/media?parent=995"}],"curies":[{"name":"wp","href":"https:\/\/api.w.org\/{rel}","templated":true}]}}