{"id":50,"date":"2023-10-05T17:51:45","date_gmt":"2023-10-05T20:51:45","guid":{"rendered":"https:\/\/sites.uel.br\/lapee\/?page_id=50"},"modified":"2025-10-20T17:25:01","modified_gmt":"2025-10-20T20:25:01","slug":"catalogo-de-livros-infantis","status":"publish","type":"page","link":"https:\/\/sites.uel.br\/lapee\/catalogo-de-livros-infantis\/","title":{"rendered":"Cat\u00e1logo de Livros Infantis"},"content":{"rendered":"\n<div style=\"height:50px\" aria-hidden=\"true\" class=\"wp-block-spacer\"><\/div>\n\n\n\n<p>Trabalhamos com hist\u00f3rias em nossos projetos. Veja os t\u00edtulos dos livros e os coment\u00e1rios das cursistas sobre as narrativas.<\/p>\n\n\n\n<div style=\"height:22px\" aria-hidden=\"true\" class=\"wp-block-spacer\"><\/div>\n\n\n\n<div class=\"wp-block-media-text has-media-on-the-right is-stacked-on-mobile\"><div class=\"wp-block-media-text__content\">\n<p>&#8220;Que hist\u00f3ria mais linda e gostosa de ler! Ensina sobre a cultura afro, ancestralidade, valores de coragem e for\u00e7a, coletividade, uni\u00e3o! Achei linda a arte do livro! Tudo bem colorido!&#8221; &#8211; Professora I.<\/p>\n\n\n\n<p>&#8220;Parab\u00e9ns a todos os protagonistas dos cursos, muito v\u00e1lido e proveitoso, estou dividindo com as colegas de trabalho.&#8221; &#8211; Professora F.D.<\/p>\n<\/div><figure class=\"wp-block-media-text__media\"><img loading=\"lazy\" decoding=\"async\" width=\"995\" height=\"558\" src=\"https:\/\/sites.uel.br\/lapee\/wp-content\/uploads\/2025\/10\/Captura-de-tela-2025-10-20-165825knl.png\" alt=\"\" class=\"wp-image-1013 size-full\" srcset=\"https:\/\/sites.uel.br\/lapee\/wp-content\/uploads\/2025\/10\/Captura-de-tela-2025-10-20-165825knl.png 995w, https:\/\/sites.uel.br\/lapee\/wp-content\/uploads\/2025\/10\/Captura-de-tela-2025-10-20-165825knl-300x168.png 300w, https:\/\/sites.uel.br\/lapee\/wp-content\/uploads\/2025\/10\/Captura-de-tela-2025-10-20-165825knl-768x431.png 768w\" sizes=\"auto, (max-width: 995px) 100vw, 995px\" \/><\/figure><\/div>\n\n\n\n<div style=\"height:68px\" aria-hidden=\"true\" class=\"wp-block-spacer\"><\/div>\n\n\n\n<div class=\"wp-block-group is-layout-grid wp-container-core-group-is-layout-9649a0d9 wp-block-group-is-layout-grid\">\n<figure class=\"wp-block-image size-large\"><img loading=\"lazy\" decoding=\"async\" width=\"768\" height=\"1024\" src=\"https:\/\/sites.uel.br\/lapee\/wp-content\/uploads\/2025\/08\/IMG_8167-768x1024.jpg\" alt=\"\" class=\"wp-image-652\" srcset=\"https:\/\/sites.uel.br\/lapee\/wp-content\/uploads\/2025\/08\/IMG_8167-768x1024.jpg 768w, https:\/\/sites.uel.br\/lapee\/wp-content\/uploads\/2025\/08\/IMG_8167-225x300.jpg 225w, https:\/\/sites.uel.br\/lapee\/wp-content\/uploads\/2025\/08\/IMG_8167-1152x1536.jpg 1152w, https:\/\/sites.uel.br\/lapee\/wp-content\/uploads\/2025\/08\/IMG_8167-1536x2048.jpg 1536w, https:\/\/sites.uel.br\/lapee\/wp-content\/uploads\/2025\/08\/IMG_8167-scaled.jpg 1920w\" sizes=\"auto, (max-width: 768px) 100vw, 768px\" \/><\/figure>\n\n\n\n<figure class=\"wp-block-image size-large\"><img loading=\"lazy\" decoding=\"async\" width=\"768\" height=\"1024\" src=\"https:\/\/sites.uel.br\/lapee\/wp-content\/uploads\/2025\/08\/IMG_8173-1-768x1024.jpg\" alt=\"\" class=\"wp-image-651\" srcset=\"https:\/\/sites.uel.br\/lapee\/wp-content\/uploads\/2025\/08\/IMG_8173-1-768x1024.jpg 768w, https:\/\/sites.uel.br\/lapee\/wp-content\/uploads\/2025\/08\/IMG_8173-1-225x300.jpg 225w, https:\/\/sites.uel.br\/lapee\/wp-content\/uploads\/2025\/08\/IMG_8173-1-1152x1536.jpg 1152w, https:\/\/sites.uel.br\/lapee\/wp-content\/uploads\/2025\/08\/IMG_8173-1-1536x2048.jpg 1536w, https:\/\/sites.uel.br\/lapee\/wp-content\/uploads\/2025\/08\/IMG_8173-1-scaled.jpg 1920w\" sizes=\"auto, (max-width: 768px) 100vw, 768px\" \/><\/figure>\n\n\n\n<figure class=\"wp-block-image size-large\"><img loading=\"lazy\" decoding=\"async\" width=\"768\" height=\"1024\" src=\"https:\/\/sites.uel.br\/lapee\/wp-content\/uploads\/2025\/08\/IMG_8177-768x1024.jpg\" alt=\"\" class=\"wp-image-643\" srcset=\"https:\/\/sites.uel.br\/lapee\/wp-content\/uploads\/2025\/08\/IMG_8177-768x1024.jpg 768w, https:\/\/sites.uel.br\/lapee\/wp-content\/uploads\/2025\/08\/IMG_8177-225x300.jpg 225w, https:\/\/sites.uel.br\/lapee\/wp-content\/uploads\/2025\/08\/IMG_8177-1152x1536.jpg 1152w, https:\/\/sites.uel.br\/lapee\/wp-content\/uploads\/2025\/08\/IMG_8177-1536x2048.jpg 1536w, https:\/\/sites.uel.br\/lapee\/wp-content\/uploads\/2025\/08\/IMG_8177-scaled.jpg 1920w\" sizes=\"auto, (max-width: 768px) 100vw, 768px\" \/><\/figure>\n\n\n\n<figure class=\"wp-block-image size-large\"><img loading=\"lazy\" decoding=\"async\" width=\"768\" height=\"1024\" src=\"https:\/\/sites.uel.br\/lapee\/wp-content\/uploads\/2025\/08\/IMG_8166-768x1024.jpg\" alt=\"\" class=\"wp-image-641\" srcset=\"https:\/\/sites.uel.br\/lapee\/wp-content\/uploads\/2025\/08\/IMG_8166-768x1024.jpg 768w, https:\/\/sites.uel.br\/lapee\/wp-content\/uploads\/2025\/08\/IMG_8166-225x300.jpg 225w, https:\/\/sites.uel.br\/lapee\/wp-content\/uploads\/2025\/08\/IMG_8166-1152x1536.jpg 1152w, https:\/\/sites.uel.br\/lapee\/wp-content\/uploads\/2025\/08\/IMG_8166-1536x2048.jpg 1536w, https:\/\/sites.uel.br\/lapee\/wp-content\/uploads\/2025\/08\/IMG_8166-scaled.jpg 1920w\" sizes=\"auto, (max-width: 768px) 100vw, 768px\" \/><\/figure>\n\n\n\n<figure class=\"wp-block-image size-large\"><img loading=\"lazy\" decoding=\"async\" width=\"768\" height=\"1024\" src=\"https:\/\/sites.uel.br\/lapee\/wp-content\/uploads\/2025\/07\/A4AA82F5-70CD-43E1-90CB-D6276AA3EC7D-768x1024.jpeg\" alt=\"\" class=\"wp-image-426\" srcset=\"https:\/\/sites.uel.br\/lapee\/wp-content\/uploads\/2025\/07\/A4AA82F5-70CD-43E1-90CB-D6276AA3EC7D-768x1024.jpeg 768w, https:\/\/sites.uel.br\/lapee\/wp-content\/uploads\/2025\/07\/A4AA82F5-70CD-43E1-90CB-D6276AA3EC7D-225x300.jpeg 225w, https:\/\/sites.uel.br\/lapee\/wp-content\/uploads\/2025\/07\/A4AA82F5-70CD-43E1-90CB-D6276AA3EC7D-1152x1536.jpeg 1152w, https:\/\/sites.uel.br\/lapee\/wp-content\/uploads\/2025\/07\/A4AA82F5-70CD-43E1-90CB-D6276AA3EC7D-1536x2048.jpeg 1536w, https:\/\/sites.uel.br\/lapee\/wp-content\/uploads\/2025\/07\/A4AA82F5-70CD-43E1-90CB-D6276AA3EC7D-scaled.jpeg 1920w\" sizes=\"auto, (max-width: 768px) 100vw, 768px\" \/><\/figure>\n<\/div>\n\n\n\n<div style=\"height:59px\" aria-hidden=\"true\" class=\"wp-block-spacer\"><\/div>\n\n\n\n<div class=\"wp-block-media-text is-stacked-on-mobile\"><figure class=\"wp-block-media-text__media\"><img loading=\"lazy\" decoding=\"async\" width=\"997\" height=\"706\" src=\"https:\/\/sites.uel.br\/lapee\/wp-content\/uploads\/2025\/10\/Captura-de-tela-2025-10-20-165231-1.png\" alt=\"\" class=\"wp-image-1011 size-full\" srcset=\"https:\/\/sites.uel.br\/lapee\/wp-content\/uploads\/2025\/10\/Captura-de-tela-2025-10-20-165231-1.png 997w, https:\/\/sites.uel.br\/lapee\/wp-content\/uploads\/2025\/10\/Captura-de-tela-2025-10-20-165231-1-300x212.png 300w, https:\/\/sites.uel.br\/lapee\/wp-content\/uploads\/2025\/10\/Captura-de-tela-2025-10-20-165231-1-768x544.png 768w\" sizes=\"auto, (max-width: 997px) 100vw, 997px\" \/><\/figure><div class=\"wp-block-media-text__content\">\n<p><strong>Coment\u00e1rios das professoras cursistas:<\/strong><\/p>\n\n\n\n<p>&#8220;Gostei muito. Bem criativo.&#8221; &#8211; Professora R.G.R<\/p>\n\n\n\n<p>&#8220;Que criatividade, simples por\u00e9m muito significativa.&#8221; &#8211; Professora S.C.<\/p>\n\n\n\n<p>&#8220;Teatro de fantoches as crian\u00e7as adoram.&#8221; &#8211; Professora R.R.<\/p>\n<\/div><\/div>\n\n\n\n<div style=\"height:26px\" aria-hidden=\"true\" class=\"wp-block-spacer\"><\/div>\n","protected":false},"excerpt":{"rendered":"<p>Trabalhamos com hist\u00f3rias em nossos projetos. Veja os t\u00edtulos dos livros e os coment\u00e1rios das cursistas sobre as narrativas. &#8220;Que hist\u00f3ria mais linda e gostosa de ler! Ensina sobre a cultura afro, ancestralidade, valores de coragem e for\u00e7a, coletividade, uni\u00e3o! Achei linda a arte do livro! Tudo bem colorido!&#8221; &#8211; Professora I. &#8220;Parab\u00e9ns a todos [&hellip;]<\/p>\n","protected":false},"author":9,"featured_media":0,"parent":0,"menu_order":0,"comment_status":"closed","ping_status":"closed","template":"","meta":{"_acf_changed":false,"inline_featured_image":false,"footnotes":""},"class_list":["post-50","page","type-page","status-publish","hentry"],"acf":[],"_links":{"self":[{"href":"https:\/\/sites.uel.br\/lapee\/wp-json\/wp\/v2\/pages\/50","targetHints":{"allow":["GET"]}}],"collection":[{"href":"https:\/\/sites.uel.br\/lapee\/wp-json\/wp\/v2\/pages"}],"about":[{"href":"https:\/\/sites.uel.br\/lapee\/wp-json\/wp\/v2\/types\/page"}],"author":[{"embeddable":true,"href":"https:\/\/sites.uel.br\/lapee\/wp-json\/wp\/v2\/users\/9"}],"replies":[{"embeddable":true,"href":"https:\/\/sites.uel.br\/lapee\/wp-json\/wp\/v2\/comments?post=50"}],"version-history":[{"count":6,"href":"https:\/\/sites.uel.br\/lapee\/wp-json\/wp\/v2\/pages\/50\/revisions"}],"predecessor-version":[{"id":1016,"href":"https:\/\/sites.uel.br\/lapee\/wp-json\/wp\/v2\/pages\/50\/revisions\/1016"}],"wp:attachment":[{"href":"https:\/\/sites.uel.br\/lapee\/wp-json\/wp\/v2\/media?parent=50"}],"curies":[{"name":"wp","href":"https:\/\/api.w.org\/{rel}","templated":true}]}}