{"id":47,"date":"2023-10-05T17:51:45","date_gmt":"2023-10-05T20:51:45","guid":{"rendered":"https:\/\/sites.uel.br\/lapee\/?page_id=47"},"modified":"2026-03-06T10:57:31","modified_gmt":"2026-03-06T13:57:31","slug":"outros-projetos","status":"publish","type":"page","link":"https:\/\/sites.uel.br\/lapee\/outros-projetos\/","title":{"rendered":"Projetos do LAPEE"},"content":{"rendered":"\n<p>Conhe\u00e7a os projetos envolvidos com o LAPEE e Parcerias:<\/p>\n\n\n\n<h2 class=\"wp-block-heading has-text-align-left\"><strong>PROJETOS DE EXTENS\u00c3O<\/strong><\/h2>\n\n\n\n<div class=\"wp-block-media-text is-stacked-on-mobile\" style=\"grid-template-columns:23% auto\"><figure class=\"wp-block-media-text__media\"><img loading=\"lazy\" decoding=\"async\" width=\"440\" height=\"440\" src=\"https:\/\/sites.uel.br\/lapee\/wp-content\/uploads\/2025\/09\/2A3B150F-D180-498B-8947-0F94D5BA4362-edited-2.png\" alt=\"\" class=\"wp-image-854 size-full\" srcset=\"https:\/\/sites.uel.br\/lapee\/wp-content\/uploads\/2025\/09\/2A3B150F-D180-498B-8947-0F94D5BA4362-edited-2.png 440w, https:\/\/sites.uel.br\/lapee\/wp-content\/uploads\/2025\/09\/2A3B150F-D180-498B-8947-0F94D5BA4362-edited-2-300x300.png 300w, https:\/\/sites.uel.br\/lapee\/wp-content\/uploads\/2025\/09\/2A3B150F-D180-498B-8947-0F94D5BA4362-edited-2-150x150.png 150w\" sizes=\"auto, (max-width: 440px) 100vw, 440px\" \/><\/figure><div class=\"wp-block-media-text__content\">\n<p><a href=\"https:\/\/buscatextual.cnpq.br\/buscatextual\/visualizacv.do?id=K4759028D3&amp;tokenCaptchar=0cAFcWeA5zt0SAPPdMSFYS3nY0XGO1GXccL1gtgiQUVFGMX8YAr2Tg2qonELoWhN8rRWjyOR9mKjya0vhIkypYc8u1cCaPQURIvp-S-Bk-LQFuFOYSXi2GKBA8kki1Kfbja9l6hJSEVLb-aTNvOKStIuA2o_xPQ3bL504cUZaQIUWtunZppjFDsMHBkheg4ivN2EwJiBqGmZTJ1nSQ-60i2vH6JU89L8M_6aEviuqe3ZqAscKx3__6MCTO2PmpSnSA0UJ1CKWRNeV6hOZ6uEG3jB9-wDys8kDS6BHeOIKw7X6BDsYK6_n8e92M-zpSO5cpatBrczRgnJ2ie7QEcj9YmC952CObi_J73OsbICoaash6Z8g0R96E6w3goJqJ63KHBvqC1lgeRSuhd8ZB9ZyGqkL7k5OZlQpQrspzJ2LweoJS0DEO0p0u5fdolrzGG-YdMQIBaxf_S5F9TkXbn3v-agCU86tX4kn3tEBmrUFhCjV8sqXPKhua0cxB4qgirizKxwW6VlupnjuGBvpsrvcgRXy5V-IlhbdmXH1K6jo9vDqaI2jYQzM0ZbmZuFXRj8Nw03UP12K-RBbgDwnP-DS_LtJCAs4UF6I_ngxX5QffGSENCjczhzMWrzTB6aBSumbMmhMi6kZ03kR2Up7b74fqbPDBCOHSR6wqmhh3VWk5VBiquc4c8974-OQh9ou55McdRklKhMWuRQlDJ1GjS-XtHkH7Y6dX_GkhVXWkDLrEZXItf20JI4KvW7DRoPqSsj3vk_sHyB-Hmctk0SR1nogYd8jQ1Ct-S6xwetyJTiehbtRzztb5NByo5Dw\" target=\"_blank\" rel=\"noreferrer noopener\"><strong>Coordenador: Prof. Dr. Jefferson Olivatto da Silva<\/strong><\/a><br><a href=\"https:\/\/buscatextual.cnpq.br\/buscatextual\/visualizacv.do?id=K4251398T6&amp;tokenCaptchar=0cAFcWeA7L6hz-yvS4qc1s_fNzUECsyvxFoU9zB8Rx4p11_N48VKhU66Q4frnSrPRJnqF1tN9zifsCFn4ygzWvdparAKpqhk1KtSbmUBzMGogA8nFr8rnApnhph8tWbHxGqDFIy6hWRRdG6_vF1G7x5F1VwznpSJqM1WMNRqPPGc9IUzOLLW2T4WJ_4hODGPnwGJX369RQPGQxDQJW-WooLBwnaDX4JqaC9btKmL6mZEiFNBq9YbvNKA7I6QjQCqi8ue3kpUMh6goC4KVXOz_OsucW1umuxi-UVrazXdwNYLiT4ENpj0pyJQ3CS5-92e5aBmmLx0eBUeWNa_fZRYiiQZDEqSHEgQS97SdYzm0EubC78WpLnqY308FldYaxLyKEEUww5tFvDpVKrpbUKpdHQ9hPfdNgfLSik_ZT3wYLsIuzn54krKNNYoHMDSS8JJDevrIYPd_cdXQqG3ChomuZ48pLI4Ny5pHFvW_2UT9CklbGLJ-UnsYReBU9ctC4QOVgDQAxnHDOcbQLlyjx-pO6-6_1zl-McUr9HOvilvFOmGvKl7jkcoyVXe4sr20vLkqU_267AQCFREGLePQZ7Ps16sVvFyWUttwtInNTt63_mFw74QprwNsXSY4jL7yyNRZQH8MBXxdG901jiMCyx53z9Mqo7Z6UpemZJePcJBY-LuWyinwuQ9ZlcEyV_gHEsPHjwqtNLoelunRRNk8_WJx8iwEzmvEIkU7_ctmew-TVol0LP_9Cl1olaIKL6baL8zpkXwQIntUQe7LGgVrRZ2x7KghoqNUnHm9oiA\" target=\"_blank\" rel=\"noreferrer noopener\"><strong>Colaboradoras: Prof. Dra. Valeria Queiroz Furtado<\/strong><\/a><br><a href=\"https:\/\/buscatextual.cnpq.br\/buscatextual\/visualizacv.do?id=K4779969A4&amp;tokenCaptchar=0cAFcWeA7_0Bd5p-G9odRkZevDc2Rt_yK4ni8wnNSDlp2_wEOogl65WlqUlCHVSe5BzPNkRXBG5Ti9b9A7wkhKsoBlBk38K1qAiPCmWg-TfL0ZJCYvxfT60Z6DgoGXWkNw6xzmqH0abZmpUdRb70awmjdZ3_YpQab2C3aPXWtiT6TkRAw_3FD8nKiXp3fS7AL-fxwu0VdCarBlVaB4h7sroO0eYKR6FmII2fB8gHWKa7XekKnxfeIBUefaw88GMe4kknJ7eUTclevZIb7da8s4ODNShhl5XUOwLRAA6D-qKR2BSgpM9zd7vCePsb93CN9HagRArWeU1DrF50-D47nExEQxx177h5WuiipvUQoo-s7BThHMiP70ULtGTx7NSAkG8i5KdKppEnP58MPspcwfjLruQcfrkpnffNTon_odpVCvAw2GJfOfERILyp2gdpDkfJ7zr1Q5-A1_OJe5vSMWsyREZ-gu36mx8r_6_xUFGlv6q-HAMdLYtzQC2Ti24jOxD_2oLdLxKhxwQ83rkgZOtBigNpUGqvxwMXBYI1lPXoSDgoCYzCvZe4YvZK2-SDrfUpl64KhNB0D0m3GvLtf_0OXviVHi4kE2YY-IGs5Q32HlPOd_gwXntBHxiXoEt8bGosk2tbdD8ZCwgu88Cm6ePpa-aGjD7r6SEtDUXVnMLm32zX55hAJUjQIv6V_cckSx_-0TWJ_iSTs5TgjMgsolVou_rPI6W3AKTQgT32_exhJjVi3_2V6nauCCDwaCw2MRLkKz2dyor06FXAet5ZWmlLdaTgXmlIYhng\" target=\"_blank\" rel=\"noreferrer noopener\"><strong>Prof. Dra. Marta Regina Furlan<\/strong><\/a><\/p>\n\n\n\n<p><a href=\"https:\/\/www.sistemasweb.uel.br\/index.php?contents=system\/prj\/pex\/index.php&amp;pagina=pex_pdf_projetoscadastrados.php&amp;p_num_ordem=02636&amp;p_link=6#\" target=\"_blank\" rel=\"noreferrer noopener\">(02636) \u2013 O protagonismo das professoras da inf\u00e2ncia e as rela\u00e7\u00f5es \u00e9tnico-raciais: proposi\u00e7\u00f5es l\u00fadicas a partir dos jogos, brinquedos, brincadeiras e hora do conto. <\/a><\/p>\n<\/div><\/div>\n\n\n\n<div style=\"height:42px\" aria-hidden=\"true\" class=\"wp-block-spacer\"><\/div>\n\n\n\n<div class=\"wp-block-media-text has-media-on-the-right is-stacked-on-mobile\" style=\"grid-template-columns:auto 23%\"><div class=\"wp-block-media-text__content\">\n<p class=\"has-text-align-right\"><strong><a href=\"https:\/\/buscatextual.cnpq.br\/buscatextual\/visualizacv.do?id=K4251398T6&amp;tokenCaptchar=0cAFcWeA7L6hz-yvS4qc1s_fNzUECsyvxFoU9zB8Rx4p11_N48VKhU66Q4frnSrPRJnqF1tN9zifsCFn4ygzWvdparAKpqhk1KtSbmUBzMGogA8nFr8rnApnhph8tWbHxGqDFIy6hWRRdG6_vF1G7x5F1VwznpSJqM1WMNRqPPGc9IUzOLLW2T4WJ_4hODGPnwGJX369RQPGQxDQJW-WooLBwnaDX4JqaC9btKmL6mZEiFNBq9YbvNKA7I6QjQCqi8ue3kpUMh6goC4KVXOz_OsucW1umuxi-UVrazXdwNYLiT4ENpj0pyJQ3CS5-92e5aBmmLx0eBUeWNa_fZRYiiQZDEqSHEgQS97SdYzm0EubC78WpLnqY308FldYaxLyKEEUww5tFvDpVKrpbUKpdHQ9hPfdNgfLSik_ZT3wYLsIuzn54krKNNYoHMDSS8JJDevrIYPd_cdXQqG3ChomuZ48pLI4Ny5pHFvW_2UT9CklbGLJ-UnsYReBU9ctC4QOVgDQAxnHDOcbQLlyjx-pO6-6_1zl-McUr9HOvilvFOmGvKl7jkcoyVXe4sr20vLkqU_267AQCFREGLePQZ7Ps16sVvFyWUttwtInNTt63_mFw74QprwNsXSY4jL7yyNRZQH8MBXxdG901jiMCyx53z9Mqo7Z6UpemZJePcJBY-LuWyinwuQ9ZlcEyV_gHEsPHjwqtNLoelunRRNk8_WJx8iwEzmvEIkU7_ctmew-TVol0LP_9Cl1olaIKL6baL8zpkXwQIntUQe7LGgVrRZ2x7KghoqNUnHm9oiA\" target=\"_blank\" rel=\"noreferrer noopener\">Coordenadora: Prof. Dra. Valeria Queiroz Furtado<\/a><\/strong><br><strong><a href=\"https:\/\/buscatextual.cnpq.br\/buscatextual\/visualizacv.do?id=K4779969A4&amp;tokenCaptchar=0cAFcWeA7_0Bd5p-G9odRkZevDc2Rt_yK4ni8wnNSDlp2_wEOogl65WlqUlCHVSe5BzPNkRXBG5Ti9b9A7wkhKsoBlBk38K1qAiPCmWg-TfL0ZJCYvxfT60Z6DgoGXWkNw6xzmqH0abZmpUdRb70awmjdZ3_YpQab2C3aPXWtiT6TkRAw_3FD8nKiXp3fS7AL-fxwu0VdCarBlVaB4h7sroO0eYKR6FmII2fB8gHWKa7XekKnxfeIBUefaw88GMe4kknJ7eUTclevZIb7da8s4ODNShhl5XUOwLRAA6D-qKR2BSgpM9zd7vCePsb93CN9HagRArWeU1DrF50-D47nExEQxx177h5WuiipvUQoo-s7BThHMiP70ULtGTx7NSAkG8i5KdKppEnP58MPspcwfjLruQcfrkpnffNTon_odpVCvAw2GJfOfERILyp2gdpDkfJ7zr1Q5-A1_OJe5vSMWsyREZ-gu36mx8r_6_xUFGlv6q-HAMdLYtzQC2Ti24jOxD_2oLdLxKhxwQ83rkgZOtBigNpUGqvxwMXBYI1lPXoSDgoCYzCvZe4YvZK2-SDrfUpl64KhNB0D0m3GvLtf_0OXviVHi4kE2YY-IGs5Q32HlPOd_gwXntBHxiXoEt8bGosk2tbdD8ZCwgu88Cm6ePpa-aGjD7r6SEtDUXVnMLm32zX55hAJUjQIv6V_cckSx_-0TWJ_iSTs5TgjMgsolVou_rPI6W3AKTQgT32_exhJjVi3_2V6nauCCDwaCw2MRLkKz2dyor06FXAet5ZWmlLdaTgXmlIYhng\" target=\"_blank\" rel=\"noreferrer noopener\">Colaboradores: Prof. Dra. Marta Regina Furlan<\/a><br><\/strong><a href=\"https:\/\/buscatextual.cnpq.br\/buscatextual\/visualizacv.do?id=K4759028D3&amp;tokenCaptchar=0cAFcWeA5zt0SAPPdMSFYS3nY0XGO1GXccL1gtgiQUVFGMX8YAr2Tg2qonELoWhN8rRWjyOR9mKjya0vhIkypYc8u1cCaPQURIvp-S-Bk-LQFuFOYSXi2GKBA8kki1Kfbja9l6hJSEVLb-aTNvOKStIuA2o_xPQ3bL504cUZaQIUWtunZppjFDsMHBkheg4ivN2EwJiBqGmZTJ1nSQ-60i2vH6JU89L8M_6aEviuqe3ZqAscKx3__6MCTO2PmpSnSA0UJ1CKWRNeV6hOZ6uEG3jB9-wDys8kDS6BHeOIKw7X6BDsYK6_n8e92M-zpSO5cpatBrczRgnJ2ie7QEcj9YmC952CObi_J73OsbICoaash6Z8g0R96E6w3goJqJ63KHBvqC1lgeRSuhd8ZB9ZyGqkL7k5OZlQpQrspzJ2LweoJS0DEO0p0u5fdolrzGG-YdMQIBaxf_S5F9TkXbn3v-agCU86tX4kn3tEBmrUFhCjV8sqXPKhua0cxB4qgirizKxwW6VlupnjuGBvpsrvcgRXy5V-IlhbdmXH1K6jo9vDqaI2jYQzM0ZbmZuFXRj8Nw03UP12K-RBbgDwnP-DS_LtJCAs4UF6I_ngxX5QffGSENCjczhzMWrzTB6aBSumbMmhMi6kZ03kR2Up7b74fqbPDBCOHSR6wqmhh3VWk5VBiquc4c8974-OQh9ou55McdRklKhMWuRQlDJ1GjS-XtHkH7Y6dX_GkhVXWkDLrEZXItf20JI4KvW7DRoPqSsj3vk_sHyB-Hmctk0SR1nogYd8jQ1Ct-S6xwetyJTiehbtRzztb5NByo5Dw\" target=\"_blank\" rel=\"noreferrer noopener\"><strong>Prof. Dr. Jefferson Olivatto da Silva<\/strong><\/a><\/p>\n\n\n\n<p class=\"has-text-align-right\"><a href=\"https:\/\/www.sistemasweb.uel.br\/index.php?contents=system\/prj\/pex\/index.php&amp;pagina=pex_pdf_projetoscadastrados.php&amp;p_num_ordem=02427&amp;p_link=6\" target=\"_blank\" rel=\"noreferrer noopener\">(02427) &#8211; Forma\u00e7\u00e3o Docente em Educa\u00e7\u00e3o Ambiental na Inf\u00e2ncia: Pr\u00e1ticas Pedag\u00f3gicas L\u00fadicas \u00e0 Luz da BNCC.<\/a><\/p>\n<\/div><figure class=\"wp-block-media-text__media\"><img loading=\"lazy\" decoding=\"async\" width=\"462\" height=\"462\" src=\"https:\/\/sites.uel.br\/lapee\/wp-content\/uploads\/2025\/09\/BA58E23E-D7C1-4272-86D0-FB8C62EC9A7F-edited-2.png\" alt=\"\" class=\"wp-image-851 size-full\" srcset=\"https:\/\/sites.uel.br\/lapee\/wp-content\/uploads\/2025\/09\/BA58E23E-D7C1-4272-86D0-FB8C62EC9A7F-edited-2.png 462w, https:\/\/sites.uel.br\/lapee\/wp-content\/uploads\/2025\/09\/BA58E23E-D7C1-4272-86D0-FB8C62EC9A7F-edited-2-300x300.png 300w, https:\/\/sites.uel.br\/lapee\/wp-content\/uploads\/2025\/09\/BA58E23E-D7C1-4272-86D0-FB8C62EC9A7F-edited-2-150x150.png 150w\" sizes=\"auto, (max-width: 462px) 100vw, 462px\" \/><\/figure><\/div>\n\n\n\n<div style=\"height:46px\" aria-hidden=\"true\" class=\"wp-block-spacer\"><\/div>\n\n\n\n<div class=\"wp-block-buttons is-content-justification-center is-layout-flex wp-container-core-buttons-is-layout-16018d1d wp-block-buttons-is-layout-flex\">\n<div class=\"wp-block-button is-style-outline is-style-outline--1\"><a class=\"wp-block-button__link wp-element-button\" href=\"https:\/\/www.instagram.com\/lapeeuel\" target=\"_blank\" rel=\"noreferrer noopener\">CONTATE-NOS PARA CONHECER OS PROJETOS<\/a><\/div>\n<\/div>\n\n\n\n<div style=\"height:46px\" aria-hidden=\"true\" class=\"wp-block-spacer\"><\/div>\n\n\n\n<h2 class=\"wp-block-heading has-text-align-left\"><strong>PROJETOS DE PESQUISA <\/strong><\/h2>\n\n\n\n<p><a href=\"https:\/\/buscatextual.cnpq.br\/buscatextual\/visualizacv.do?id=K4732616J4&amp;tokenCaptchar=0cAFcWeA7mC8JRVlSoChi-cxj_huX6u7jiahKRxpYNeVeDQBghTUzltVdmLnezRL7jhTMBNI757aiRzEsHPnTEdE4rFyJNJZVFapLg2DMB0zaIWzC3nfniQutOyB6cyI-hNsR1PH14eAvnaVF7x3y4O3Q7_v5zNo587vFwZVcvY4icKQTDgQnyykGZ_Y34tAZkk647mDstDdshp8CBNA3SeHTCisr_d7pFf399N4AYioSRYeJtgEvHMaWDCKuFilIORtPdotjaejkWPlnbijw0RYCt1hzx_5zHWBpJLOorP0fj7CnMpJEagM4tWbtqWJwfGIVBiFHd2Zt7PaXRGJhluR8tpS0VQLOzboZI_FbWuIhRYe3aKyZZHYYxjktupWqx4FYPjeggMa1P-UncSdTXeEOli_u1HBMnzoGJhXJCvFGoAi3_gG33FqkE3WVMPT87cSMxXzmAgFCvAUk0gRJ1GV8f3uGkQsuKMO31u8zWdXvWkZfTOFBZADxMIJIn9LXwMEw1yX-kGcKwSfKGFcW5DF4kX610T88e-b5e5RbgJWDGa75JOaaa6FU8_XK_gQ89A0pFAcvkM3I22CEtxQsml770PPJA-7CqqYJUHAb3UmUuy9OMcNAjgS6L68aertv93TJdy97t1T095IYSXV_YbRAPD0EMB54IOGJp4pX7K6055tK4sNeqv_w_xUPN_XGXR6g8wGbe3Gw8pKK7th2tB6Cow2ojd5eUjlW2iSptgAihQMpZ2i-u0zmyyuXUneKbnKDSToNOmVDIKJz3kyQDMqnbIC708FHtPrvLRfDi5pw-vEhtOLiz1LFtbk72Ki6E19kz-hKvX3rc\" target=\"_blank\" rel=\"noreferrer noopener\"><strong>Coordenador: Prof. Dr. Aguinaldo Moreira de Souza<\/strong><\/a><br><a href=\"https:\/\/buscatextual.cnpq.br\/buscatextual\/visualizacv.do?id=K4759028D3&amp;tokenCaptchar=0cAFcWeA5zt0SAPPdMSFYS3nY0XGO1GXccL1gtgiQUVFGMX8YAr2Tg2qonELoWhN8rRWjyOR9mKjya0vhIkypYc8u1cCaPQURIvp-S-Bk-LQFuFOYSXi2GKBA8kki1Kfbja9l6hJSEVLb-aTNvOKStIuA2o_xPQ3bL504cUZaQIUWtunZppjFDsMHBkheg4ivN2EwJiBqGmZTJ1nSQ-60i2vH6JU89L8M_6aEviuqe3ZqAscKx3__6MCTO2PmpSnSA0UJ1CKWRNeV6hOZ6uEG3jB9-wDys8kDS6BHeOIKw7X6BDsYK6_n8e92M-zpSO5cpatBrczRgnJ2ie7QEcj9YmC952CObi_J73OsbICoaash6Z8g0R96E6w3goJqJ63KHBvqC1lgeRSuhd8ZB9ZyGqkL7k5OZlQpQrspzJ2LweoJS0DEO0p0u5fdolrzGG-YdMQIBaxf_S5F9TkXbn3v-agCU86tX4kn3tEBmrUFhCjV8sqXPKhua0cxB4qgirizKxwW6VlupnjuGBvpsrvcgRXy5V-IlhbdmXH1K6jo9vDqaI2jYQzM0ZbmZuFXRj8Nw03UP12K-RBbgDwnP-DS_LtJCAs4UF6I_ngxX5QffGSENCjczhzMWrzTB6aBSumbMmhMi6kZ03kR2Up7b74fqbPDBCOHSR6wqmhh3VWk5VBiquc4c8974-OQh9ou55McdRklKhMWuRQlDJ1GjS-XtHkH7Y6dX_GkhVXWkDLrEZXItf20JI4KvW7DRoPqSsj3vk_sHyB-Hmctk0SR1nogYd8jQ1Ct-S6xwetyJTiehbtRzztb5NByo5Dw\" target=\"_blank\" rel=\"noreferrer noopener\"><strong>Colaborador: Prof. Dr. Jefferson Olivatto da Silva<\/strong><\/a><\/p>\n\n\n\n<p><a href=\"https:\/\/www.sistemasweb.uel.br\/index.php?contents=system\/prj\/pes\/index.php&amp;pagina=pes_pdf_pesquisascadastradas.php&amp;p_num_ordem=13383&amp;p_link=2\" target=\"_blank\" rel=\"noreferrer noopener\">(13383) &#8211; O corpo como princ\u00edpio \u2013 Afrografias<\/a><\/p>\n\n\n\n<div style=\"height:45px\" aria-hidden=\"true\" class=\"wp-block-spacer\"><\/div>\n\n\n\n<p><a href=\"https:\/\/buscatextual.cnpq.br\/buscatextual\/visualizacv.do?id=K4798538U3&amp;tokenCaptchar=0cAFcWeA5fkNLKUcFKseivCvVNUlVY727Vw3tkBtAxHxG25n12_B39gpb844szvEDoZvzY8iO0FAgMiVCu1YbT3XVe203Jqs1iC2LiLjVaFxsha4X_ztf2wY2eeYX19VukuAhPMUk6GNzj5sj3ijaLpLmcr-ytxJn2lr8C3JEwq94-PkfnaJOztmEaz_i1izkQRyXy4Y6ORzLQtT7ge-VDo6OqlBNNwBh0oR1s6aboFYTSoG_SuUov-w-_4o2OfYss3Avvo12MWxbNolhfJPVJ0DqO60OGjQBSWUzTOhaNhO_XFRnRawP0aBf2xfBhMAHbqOqA2heUn3jKfQI2HR3d-AHSU7yCRbGhCdLzDH1dZdmfcoV-r2nuUBU69iA-BB-O2ustYk2HkssE-Axow_srpzXUcB6l6664q5OMGkDMMAK1VPqt7zYhz8uRnD0Y0Ah9RSwvz6vB_QeQZ7AaVZRrES7tELQ6WrcpIfnFRVVR_p0DXEuMrxYo1Vrh2jUzBFN1Wju56LaVny_BMH5Bc6xtCEyrW0gAk2a8LkV_7nKDn0fjvOYlMZagXzfywi6Rml8CPbGgK5cvIRQxcccu5IwzVB0URgzLN8pZL_LMNuPu6jO3qRaBDzLTRKuWU4w2zTh6NGByLwfwQ0neYWs-ljCZUFuKU1h8lqJ3edyu8RP5hnCtk2HopC7mSrM-zgHTHzNIBtJqzwQHWXg8tWiu8eUbL0A1Zc29DBpVY2vOk6ilooUnZWIDwpZ7gfhqglDrJ8s5OOC7xlRwoq9cgo1hQdleLbDgZR2nCVfJbSGTR5B1VxQlWmQ1Ae1BrEc\" target=\"_blank\" rel=\"noreferrer noopener\"><strong>Coordenador: Prof. Dr. Wagner Roberto do Amaral<\/strong><\/a><br><a href=\"https:\/\/buscatextual.cnpq.br\/buscatextual\/visualizacv.do?id=K4700556Z0&amp;tokenCaptchar=0cAFcWeA5t_cKbR-cJ2zzxtmU0MCUcsfEHQT3vWo8K_9YEh_hQ54SR5QVThY6fO-QDmlKs5_eRejytd0oNYlnpe1_MeIRPUHiNBrYQDaJOSgOJdPIP_fi35Mb2F5lm21PmsvNkNeqUdSxkCt09SV1hmJoCSQRpBFBv-HoFIObWwtfe0wO-PZri0teM80qZfzRVxjVvAYSVTVCcpaE_1vqjp79NCfU-jO-uA3duUEfx2LNb96FrW97q7KVt6FSHecUE843wS_nhmFQgQARMWRSJa2AgyHdy4TwXZo0b1hipot7bQRobci3bUugQGwrvQEvqGiU1N0qzMLMgysWS1YWpIGyLhTO74Fmqy4AqmjZNtkuGFWjJvoabfzlIUGAKWbVLX60OcGb9gjmzvxt75ONW5xgoPxD7f-B3g-zFJko52QJljo0K2g9DGFGPhIpdaLubnNSMAvKf4k2aAFn4Mcb59Z-d5AbAigo6_5XRAIqZ9J5wRbgelx9RouVELmL-JZgOKOBD9-4ctYhU9QaqEJDY9XknILUE-UKe04Wd7PHld_Tmn7lG4dIoaBh_7GjzHvjO-CGAgfBfhYR0cILZwp6Zuz3bskENoUINN4TUW7anYeXWV8dx1Kkw8gsQhgdLZsdoDLcYNx0LUU43jcuJBfphSzv3gdgUdOi56CS1XvmDsrGYSh6d2sO09JoRGBaviyYQ5vmgL82uamv0Y3pcLGoDHgU6Hzngsh1Inn4Q9tdLKKW3kOy681RivmJBowv8oVcyJ08W_xp80EZ8Fv7IUzTxYt74efSbZRNp3BnwZabZigQQZ7eDlDTiW3CwaSVkc9jqv6wYiv8IAsoC\" target=\"_blank\" rel=\"noreferrer noopener\"><strong>Colaboradoras: Prof. Dra. Ana Cristina Paes Leme G. Cili\u00e3o Torres<\/strong><\/a><br><a href=\"https:\/\/buscatextual.cnpq.br\/buscatextual\/visualizacv.do;jsessionid=B28154A1EDE7B967B6E1419F5ADB6740.buscatextual_0\" target=\"_blank\" rel=\"noreferrer noopener\"><strong>Prof. Dra. Patr\u00edcia Vez de Lessa<\/strong><\/a><\/p>\n\n\n\n<p><a href=\"https:\/\/www.sistemasweb.uel.br\/index.php?contents=system\/prj\/pex\/index.php&amp;pagina=pex_pdf_projetoscadastrados.php&amp;p_num_ordem=02974&amp;p_link=2\" target=\"_blank\" rel=\"noreferrer noopener\">(2974) &#8211; Forma\u00e7\u00e3o Continuada Multiprofissional de Psic\u00f3logos e Assistentes Sociais na Rede Estadual de Educa\u00e7\u00e3o do Paran\u00e1<\/a><\/p>\n\n\n\n<div style=\"height:46px\" aria-hidden=\"true\" class=\"wp-block-spacer\"><\/div>\n\n\n\n<p><a href=\"https:\/\/buscatextual.cnpq.br\/buscatextual\/visualizacv.do?id=K4759028D3&amp;tokenCaptchar=0cAFcWeA5zt0SAPPdMSFYS3nY0XGO1GXccL1gtgiQUVFGMX8YAr2Tg2qonELoWhN8rRWjyOR9mKjya0vhIkypYc8u1cCaPQURIvp-S-Bk-LQFuFOYSXi2GKBA8kki1Kfbja9l6hJSEVLb-aTNvOKStIuA2o_xPQ3bL504cUZaQIUWtunZppjFDsMHBkheg4ivN2EwJiBqGmZTJ1nSQ-60i2vH6JU89L8M_6aEviuqe3ZqAscKx3__6MCTO2PmpSnSA0UJ1CKWRNeV6hOZ6uEG3jB9-wDys8kDS6BHeOIKw7X6BDsYK6_n8e92M-zpSO5cpatBrczRgnJ2ie7QEcj9YmC952CObi_J73OsbICoaash6Z8g0R96E6w3goJqJ63KHBvqC1lgeRSuhd8ZB9ZyGqkL7k5OZlQpQrspzJ2LweoJS0DEO0p0u5fdolrzGG-YdMQIBaxf_S5F9TkXbn3v-agCU86tX4kn3tEBmrUFhCjV8sqXPKhua0cxB4qgirizKxwW6VlupnjuGBvpsrvcgRXy5V-IlhbdmXH1K6jo9vDqaI2jYQzM0ZbmZuFXRj8Nw03UP12K-RBbgDwnP-DS_LtJCAs4UF6I_ngxX5QffGSENCjczhzMWrzTB6aBSumbMmhMi6kZ03kR2Up7b74fqbPDBCOHSR6wqmhh3VWk5VBiquc4c8974-OQh9ou55McdRklKhMWuRQlDJ1GjS-XtHkH7Y6dX_GkhVXWkDLrEZXItf20JI4KvW7DRoPqSsj3vk_sHyB-Hmctk0SR1nogYd8jQ1Ct-S6xwetyJTiehbtRzztb5NByo5Dw\" target=\"_blank\" rel=\"noreferrer noopener\"><strong>Coordenador: Prof. Dr. Jefferson Olivatto da Silva<\/strong><\/a><\/p>\n\n\n\n<p><a href=\"https:\/\/www.sistemasweb.uel.br\/index.php?contents=system\/prj\/pes\/index.php&amp;pagina=pes_pdf_pesquisascadastradas.php&amp;p_num_ordem=14382&amp;p_link=2\" target=\"_blank\" rel=\"noreferrer noopener\">(14382) &#8211; Media\u00e7\u00f5es entre Complexo Cultural Junguiano e Filosofia Ubuntu no Entendimento das Narrativas para Crian\u00e7as<\/a><\/p>\n\n\n\n<div style=\"height:45px\" aria-hidden=\"true\" class=\"wp-block-spacer\"><\/div>\n\n\n\n<p><a href=\"http:\/\/lattes.cnpq.br\/0448687457717277\" target=\"_blank\" rel=\"noreferrer noopener\"><strong>Coordenadora: Prof. Dra. Patr\u00edcia Vaz de Lessa<\/strong><\/a><\/p>\n\n\n\n<p><a href=\"https:\/\/www.sistemasweb.uel.br\/index.php?contents=system\/prj\/pes\/index.php&amp;pagina=pes_pdf_pesquisascadastradas.php&amp;p_num_ordem=13766&amp;p_cod_depto=02100000%20&amp;p_link=1#\" target=\"_blank\" rel=\"noreferrer noopener\">(13766) Atua\u00e7\u00e3o de Psic\u00f3logos Escolares e Educacionais no Estado do Paran\u00e1: Concep\u00e7\u00f5es, Desafios e Inova\u00e7\u00f5es nas Pol\u00edticas P\u00fablicas de Educa\u00e7\u00e3o B\u00e1sica.<\/a><\/p>\n\n\n\n<div style=\"height:41px\" aria-hidden=\"true\" class=\"wp-block-spacer\"><\/div>\n\n\n\n<div style=\"height:41px\" aria-hidden=\"true\" class=\"wp-block-spacer\"><\/div>\n\n\n\n<div class=\"wp-block-group has-background\" style=\"background-color:#e8fde7;padding-top:2em;padding-right:2em;padding-bottom:2em;padding-left:2em\"><div class=\"wp-block-group__inner-container is-layout-flow wp-block-group-is-layout-flow\">\n<p><strong><em><mark style=\"background-color:#e8fde7\" class=\"has-inline-color has-verde-escuro-color\">PARCERIAS<\/mark><\/em><\/strong><\/p>\n\n\n\n<div class=\"wp-block-media-text is-stacked-on-mobile\" style=\"grid-template-columns:18% auto\"><figure class=\"wp-block-media-text__media\"><a href=\"https:\/\/www.instagram.com\/neab.uel?igsh=eDNzbzNhM3hmeHN3\" target=\"_blank\" rel=\" noreferrer noopener\"><img loading=\"lazy\" decoding=\"async\" width=\"754\" height=\"960\" src=\"https:\/\/sites.uel.br\/lapee\/wp-content\/uploads\/2025\/10\/image.png\" alt=\"logo do NEAB em preto e branco, contorno do mapa do continente africano\" class=\"wp-image-1046 size-full\" srcset=\"https:\/\/sites.uel.br\/lapee\/wp-content\/uploads\/2025\/10\/image.png 754w, https:\/\/sites.uel.br\/lapee\/wp-content\/uploads\/2025\/10\/image-236x300.png 236w\" sizes=\"auto, (max-width: 754px) 100vw, 754px\" \/><\/a><\/figure><div class=\"wp-block-media-text__content\">\n<p>Atua\u00e7\u00f5es em conjunto com o N\u00facleo de Estudos Afro-Brasileiros (NEAB).<\/p>\n\n\n\n<p>Acesse: <a href=\"https:\/\/sites.uel.br\/neab\/\" target=\"_blank\" rel=\"noreferrer noopener\">https:\/\/sites.uel.br\/neab\/<\/a><\/p>\n<\/div><\/div>\n<\/div><\/div>\n\n\n<\/p>\n<p><!-- \/wp:post-content --><\/p>\n<p><!-- \/wp:paragraph --><\/p>","protected":false},"excerpt":{"rendered":"<p>Conhe\u00e7a os projetos envolvidos com o LAPEE e Parcerias: PROJETOS DE EXTENS\u00c3O Coordenador: Prof. Dr. Jefferson Olivatto da SilvaColaboradoras: Prof. Dra. Valeria Queiroz FurtadoProf. Dra. Marta Regina Furlan (02636) \u2013 O protagonismo das professoras da inf\u00e2ncia e as rela\u00e7\u00f5es \u00e9tnico-raciais: proposi\u00e7\u00f5es l\u00fadicas a partir dos jogos, brinquedos, brincadeiras e hora do conto. Coordenadora: Prof. Dra. [&hellip;]<\/p>\n","protected":false},"author":9,"featured_media":0,"parent":0,"menu_order":0,"comment_status":"closed","ping_status":"closed","template":"","meta":{"_acf_changed":false,"inline_featured_image":false,"footnotes":""},"class_list":["post-47","page","type-page","status-publish","hentry"],"acf":[],"_links":{"self":[{"href":"https:\/\/sites.uel.br\/lapee\/wp-json\/wp\/v2\/pages\/47","targetHints":{"allow":["GET"]}}],"collection":[{"href":"https:\/\/sites.uel.br\/lapee\/wp-json\/wp\/v2\/pages"}],"about":[{"href":"https:\/\/sites.uel.br\/lapee\/wp-json\/wp\/v2\/types\/page"}],"author":[{"embeddable":true,"href":"https:\/\/sites.uel.br\/lapee\/wp-json\/wp\/v2\/users\/9"}],"replies":[{"embeddable":true,"href":"https:\/\/sites.uel.br\/lapee\/wp-json\/wp\/v2\/comments?post=47"}],"version-history":[{"count":80,"href":"https:\/\/sites.uel.br\/lapee\/wp-json\/wp\/v2\/pages\/47\/revisions"}],"predecessor-version":[{"id":1098,"href":"https:\/\/sites.uel.br\/lapee\/wp-json\/wp\/v2\/pages\/47\/revisions\/1098"}],"wp:attachment":[{"href":"https:\/\/sites.uel.br\/lapee\/wp-json\/wp\/v2\/media?parent=47"}],"curies":[{"name":"wp","href":"https:\/\/api.w.org\/{rel}","templated":true}]}}