{"id":26,"date":"2023-10-05T17:42:21","date_gmt":"2023-10-05T20:42:21","guid":{"rendered":"https:\/\/sites.uel.br\/lapee\/?page_id=26"},"modified":"2025-09-26T15:58:13","modified_gmt":"2025-09-26T18:58:13","slug":"publicacoes","status":"publish","type":"page","link":"https:\/\/sites.uel.br\/lapee\/publicacoes\/","title":{"rendered":"Publica\u00e7\u00f5es"},"content":{"rendered":"\n<div class=\"wp-block-cover aligncenter is-light wp-duotone-unset-1\" style=\"min-height:111px;aspect-ratio:unset;\"><img loading=\"lazy\" decoding=\"async\" width=\"1024\" height=\"577\" class=\"wp-block-cover__image-background wp-image-172 size-large\" alt=\"\" src=\"https:\/\/sites.uel.br\/lapee\/wp-content\/uploads\/2023\/10\/Copia-de-Sem-nome-1-1024x577.png\" data-object-fit=\"cover\" srcset=\"https:\/\/sites.uel.br\/lapee\/wp-content\/uploads\/2023\/10\/Copia-de-Sem-nome-1-1024x577.png 1024w, https:\/\/sites.uel.br\/lapee\/wp-content\/uploads\/2023\/10\/Copia-de-Sem-nome-1-300x169.png 300w, https:\/\/sites.uel.br\/lapee\/wp-content\/uploads\/2023\/10\/Copia-de-Sem-nome-1-768x433.png 768w, https:\/\/sites.uel.br\/lapee\/wp-content\/uploads\/2023\/10\/Copia-de-Sem-nome-1-1536x865.png 1536w, https:\/\/sites.uel.br\/lapee\/wp-content\/uploads\/2023\/10\/Copia-de-Sem-nome-1.png 1640w\" sizes=\"auto, (max-width: 1024px) 100vw, 1024px\" \/><span aria-hidden=\"true\" class=\"wp-block-cover__background has-background-dim\" style=\"background-color:#f4eeea\"><\/span><div class=\"wp-block-cover__inner-container is-layout-flow wp-block-cover-is-layout-flow\">\n<p class=\"has-text-align-center has-large-font-size\"><strong>PUBLICA\u00c7\u00d5ES CIENT\u00cdFICAS<\/strong><\/p>\n<\/div><\/div>\n\n\n\n<div style=\"height:28px\" aria-hidden=\"true\" class=\"wp-block-spacer\"><\/div>\n\n\n\n<p>Conhe\u00e7a as produ\u00e7\u00f5es cient\u00edficas publicadas pelos nossos professores e colaboradores<\/p>\n\n\n\n<div style=\"height:28px\" aria-hidden=\"true\" class=\"wp-block-spacer\"><\/div>\n\n\n<form role=\"search\" method=\"get\" action=\"https:\/\/sites.uel.br\/lapee\/\" class=\"wp-block-search__button-inside wp-block-search__text-button wp-block-search\"    ><label class=\"wp-block-search__label\" for=\"wp-block-search__input-2\" >Pesquisar<\/label><div class=\"wp-block-search__inside-wrapper\" ><input class=\"wp-block-search__input\" id=\"wp-block-search__input-2\" placeholder=\"BUSQUE POR PALAVRAS NO POST. EX: RESUMO, PROF, DR\" value=\"\" type=\"search\" name=\"s\" required \/><button aria-label=\"Pesquisar\" class=\"wp-block-search__button wp-element-button\" type=\"submit\" >Pesquisar<\/button><\/div><\/form>\n\n\n<div style=\"height:28px\" aria-hidden=\"true\" class=\"wp-block-spacer\"><\/div>\n\n\n\n<p>OU<\/p>\n\n\n\n<div style=\"height:28px\" aria-hidden=\"true\" class=\"wp-block-spacer\"><\/div>\n\n\n\n<details class=\"wp-block-details is-layout-flow wp-block-details-is-layout-flow\"><summary><strong>BUSQUE POR PALAVRA-CHAVE<\/strong><\/summary><ul class=\"wp-block-categories-list wp-block-categories\">\t<li class=\"cat-item cat-item-26\"><a href=\"https:\/\/sites.uel.br\/lapee\/tag\/academico\/\">ACAD\u00caMICO<\/a>\n<\/li>\n\t<li class=\"cat-item cat-item-39\"><a href=\"https:\/\/sites.uel.br\/lapee\/tag\/africa\/\">\u00c1FRICA<\/a>\n<\/li>\n\t<li class=\"cat-item cat-item-27\"><a href=\"https:\/\/sites.uel.br\/lapee\/tag\/afro-brasileiro\/\">AFRO-BRASILEIRO<\/a>\n<\/li>\n\t<li class=\"cat-item cat-item-34\"><a href=\"https:\/\/sites.uel.br\/lapee\/tag\/afro-indigenas\/\">AFRO-IND\u00cdGENAS<\/a>\n<\/li>\n\t<li class=\"cat-item cat-item-62\"><a href=\"https:\/\/sites.uel.br\/lapee\/tag\/analise-critica\/\">AN\u00c1LISE CR\u00cdTICA<\/a>\n<\/li>\n\t<li class=\"cat-item cat-item-17\"><a href=\"https:\/\/sites.uel.br\/lapee\/tag\/bens-culturais\/\">BENS CULTURAIS<\/a>\n<\/li>\n\t<li class=\"cat-item cat-item-53\"><a href=\"https:\/\/sites.uel.br\/lapee\/tag\/brincar\/\">BRINCAR<\/a>\n<\/li>\n\t<li class=\"cat-item cat-item-72\"><a href=\"https:\/\/sites.uel.br\/lapee\/tag\/brinquedo\/\">BRINQUEDO<\/a>\n<\/li>\n\t<li class=\"cat-item cat-item-69\"><a href=\"https:\/\/sites.uel.br\/lapee\/tag\/castigo\/\">CASTIGO<\/a>\n<\/li>\n\t<li class=\"cat-item cat-item-22\"><a href=\"https:\/\/sites.uel.br\/lapee\/tag\/comunidade\/\">COMUNIDADE<\/a>\n<\/li>\n\t<li class=\"cat-item cat-item-8\"><a href=\"https:\/\/sites.uel.br\/lapee\/tag\/comunidades-tradicionais\/\">COMUNIDADES TRADICIONAIS<\/a>\n<\/li>\n\t<li class=\"cat-item cat-item-31\"><a href=\"https:\/\/sites.uel.br\/lapee\/tag\/constelacoes-de-aprendizagens\/\">CONSTELA\u00c7\u00d5ES DE APRENDIZAGENS<\/a>\n<\/li>\n\t<li class=\"cat-item cat-item-44\"><a href=\"https:\/\/sites.uel.br\/lapee\/tag\/contacao-de-historias\/\">CONTA\u00c7\u00c3O DE HIST\u00d3RIAS<\/a>\n<\/li>\n\t<li class=\"cat-item cat-item-29\"><a href=\"https:\/\/sites.uel.br\/lapee\/tag\/criancas\/\">CRIAN\u00c7AS<\/a>\n<\/li>\n\t<li class=\"cat-item cat-item-38\"><a href=\"https:\/\/sites.uel.br\/lapee\/tag\/crista\/\">CRIST\u00c3<\/a>\n<\/li>\n\t<li class=\"cat-item cat-item-35\"><a href=\"https:\/\/sites.uel.br\/lapee\/tag\/cuidado\/\">CUIDADO<\/a>\n<\/li>\n\t<li class=\"cat-item cat-item-71\"><a href=\"https:\/\/sites.uel.br\/lapee\/tag\/cultura\/\">CULTURA<\/a>\n<\/li>\n\t<li class=\"cat-item cat-item-14\"><a href=\"https:\/\/sites.uel.br\/lapee\/tag\/desigualdade\/\">DESIGUALDADE<\/a>\n<\/li>\n\t<li class=\"cat-item cat-item-24\"><a href=\"https:\/\/sites.uel.br\/lapee\/tag\/discentes-negros\/\">DISCENTES NEGROS<\/a>\n<\/li>\n\t<li class=\"cat-item cat-item-57\"><a href=\"https:\/\/sites.uel.br\/lapee\/tag\/diversidade\/\">DIVERSIDADE<\/a>\n<\/li>\n\t<li class=\"cat-item cat-item-60\"><a href=\"https:\/\/sites.uel.br\/lapee\/tag\/diversidade-geracional\/\">DIVERSIDADE GERACIONAL<\/a>\n<\/li>\n\t<li class=\"cat-item cat-item-68\"><a href=\"https:\/\/sites.uel.br\/lapee\/tag\/docente\/\">DOCENTE<\/a>\n<\/li>\n\t<li class=\"cat-item cat-item-12\"><a href=\"https:\/\/sites.uel.br\/lapee\/tag\/educacao\/\">EDUCA\u00c7\u00c3O<\/a>\n<\/li>\n\t<li class=\"cat-item cat-item-58\"><a href=\"https:\/\/sites.uel.br\/lapee\/tag\/ensino-superior\/\">ENSINO SUPERIOR<\/a>\n<\/li>\n\t<li class=\"cat-item cat-item-93\"><a href=\"https:\/\/sites.uel.br\/lapee\/tag\/epistemologia\/\">EPISTEMOLOGIA<\/a>\n<\/li>\n\t<li class=\"cat-item cat-item-84\"><a href=\"https:\/\/sites.uel.br\/lapee\/tag\/eventos\/\">EVENTOS<\/a>\n<\/li>\n\t<li class=\"cat-item cat-item-67\"><a href=\"https:\/\/sites.uel.br\/lapee\/tag\/experiencia\/\">EXPERI\u00caNCIA<\/a>\n<\/li>\n\t<li class=\"cat-item cat-item-64\"><a href=\"https:\/\/sites.uel.br\/lapee\/tag\/filme\/\">FILME<\/a>\n<\/li>\n\t<li class=\"cat-item cat-item-82\"><a href=\"https:\/\/sites.uel.br\/lapee\/tag\/filosofia\/\">FILOSOFIA<\/a>\n<\/li>\n\t<li class=\"cat-item cat-item-11\"><a href=\"https:\/\/sites.uel.br\/lapee\/tag\/formacao-de-professores\/\">FORMA\u00c7\u00c3O DE PROFESSORES<\/a>\n<\/li>\n\t<li class=\"cat-item cat-item-19\"><a href=\"https:\/\/sites.uel.br\/lapee\/tag\/genetica\/\">GEN\u00c9TICA<\/a>\n<\/li>\n\t<li class=\"cat-item cat-item-10\"><a href=\"https:\/\/sites.uel.br\/lapee\/tag\/guarani\/\">GUARANI<\/a>\n<\/li>\n\t<li class=\"cat-item cat-item-16\"><a href=\"https:\/\/sites.uel.br\/lapee\/tag\/guarapuava\/\">GUARAPUAVA<\/a>\n<\/li>\n\t<li class=\"cat-item cat-item-92\"><a href=\"https:\/\/sites.uel.br\/lapee\/tag\/historia\/\">HIST\u00d3RIA<\/a>\n<\/li>\n\t<li class=\"cat-item cat-item-37\"><a href=\"https:\/\/sites.uel.br\/lapee\/tag\/identidade\/\">IDENTIDADE<\/a>\n<\/li>\n\t<li class=\"cat-item cat-item-50\"><a href=\"https:\/\/sites.uel.br\/lapee\/tag\/infancia\/\">INF\u00c2NCIA<\/a>\n<\/li>\n\t<li class=\"cat-item cat-item-33\"><a href=\"https:\/\/sites.uel.br\/lapee\/tag\/jefferson-olivatto-da-silva\/\">JEFFERSON OLIVATTO DA SILVA<\/a>\n<\/li>\n\t<li class=\"cat-item cat-item-98\"><a href=\"https:\/\/sites.uel.br\/lapee\/tag\/jogos\/\">JOGOS<\/a>\n<\/li>\n\t<li class=\"cat-item cat-item-9\"><a href=\"https:\/\/sites.uel.br\/lapee\/tag\/kaingang\/\">KAINGANG<\/a>\n<\/li>\n\t<li class=\"cat-item cat-item-49\"><a href=\"https:\/\/sites.uel.br\/lapee\/tag\/marta-regina-furlan\/\">MARTA REGINA FURLAN<\/a>\n<\/li>\n\t<li class=\"cat-item cat-item-45\"><a href=\"https:\/\/sites.uel.br\/lapee\/tag\/materiais-reciclaveis\/\">MATERIAIS RECICL\u00c1VEIS<\/a>\n<\/li>\n\t<li class=\"cat-item cat-item-30\"><a href=\"https:\/\/sites.uel.br\/lapee\/tag\/memoria\/\">MEM\u00d3RIA<\/a>\n<\/li>\n\t<li class=\"cat-item cat-item-87\"><a href=\"https:\/\/sites.uel.br\/lapee\/tag\/palestra\/\">PALESTRA<\/a>\n<\/li>\n\t<li class=\"cat-item cat-item-91\"><a href=\"https:\/\/sites.uel.br\/lapee\/tag\/parana\/\">PARAN\u00c1<\/a>\n<\/li>\n\t<li class=\"cat-item cat-item-55\"><a href=\"https:\/\/sites.uel.br\/lapee\/tag\/pedagogia\/\">PEDAGOGIA<\/a>\n<\/li>\n\t<li class=\"cat-item cat-item-25\"><a href=\"https:\/\/sites.uel.br\/lapee\/tag\/pertencimento\/\">PERTENCIMENTO<\/a>\n<\/li>\n\t<li class=\"cat-item cat-item-20\"><a href=\"https:\/\/sites.uel.br\/lapee\/tag\/politicas-publicas\/\">POL\u00cdTICAS P\u00daBLICAS<\/a>\n<\/li>\n\t<li class=\"cat-item cat-item-54\"><a href=\"https:\/\/sites.uel.br\/lapee\/tag\/projeto-politico\/\">PROJETO POL\u00cdTICO<\/a>\n<\/li>\n\t<li class=\"cat-item cat-item-83\"><a href=\"https:\/\/sites.uel.br\/lapee\/tag\/psicologia\/\">PSICOLOGIA<\/a>\n<\/li>\n\t<li class=\"cat-item cat-item-86\"><a href=\"https:\/\/sites.uel.br\/lapee\/tag\/psicologia-analitica\/\">PSICOLOGIA ANAL\u00cdTICA<\/a>\n<\/li>\n\t<li class=\"cat-item cat-item-13\"><a href=\"https:\/\/sites.uel.br\/lapee\/tag\/psicologia-social\/\">PSICOLOGIA SOCIAL<\/a>\n<\/li>\n\t<li class=\"cat-item cat-item-32\"><a href=\"https:\/\/sites.uel.br\/lapee\/tag\/quilombolas\/\">QUILOMBOLAS<\/a>\n<\/li>\n\t<li class=\"cat-item cat-item-15\"><a href=\"https:\/\/sites.uel.br\/lapee\/tag\/raca\/\">RA\u00c7A<\/a>\n<\/li>\n\t<li class=\"cat-item cat-item-89\"><a href=\"https:\/\/sites.uel.br\/lapee\/tag\/reciclar\/\">RECICLAR<\/a>\n<\/li>\n\t<li class=\"cat-item cat-item-7\"><a href=\"https:\/\/sites.uel.br\/lapee\/tag\/relacoes-etnico-raciais\/\">RELA\u00c7\u00d5ES \u00c9TNICO-RACIAIS<\/a>\n<\/li>\n\t<li class=\"cat-item cat-item-63\"><a href=\"https:\/\/sites.uel.br\/lapee\/tag\/relacoes-sociais\/\">RELA\u00c7\u00d5ES SOCIAIS<\/a>\n<\/li>\n\t<li class=\"cat-item cat-item-66\"><a href=\"https:\/\/sites.uel.br\/lapee\/tag\/relatos\/\">RELATOS<\/a>\n<\/li>\n\t<li class=\"cat-item cat-item-42\"><a href=\"https:\/\/sites.uel.br\/lapee\/tag\/religioes\/\">RELIGI\u00d5ES<\/a>\n<\/li>\n\t<li class=\"cat-item cat-item-23\"><a href=\"https:\/\/sites.uel.br\/lapee\/tag\/saude\/\">SA\u00daDE<\/a>\n<\/li>\n\t<li class=\"cat-item cat-item-65\"><a href=\"https:\/\/sites.uel.br\/lapee\/tag\/simposio\/\">SIMP\u00d3SIO<\/a>\n<\/li>\n\t<li class=\"cat-item cat-item-46\"><a href=\"https:\/\/sites.uel.br\/lapee\/tag\/sustentabilidade\/\">SUSTENTABILIDADE<\/a>\n<\/li>\n\t<li class=\"cat-item cat-item-61\"><a href=\"https:\/\/sites.uel.br\/lapee\/tag\/tapete-vermelho\/\">TAPETE VERMELHO<\/a>\n<\/li>\n\t<li class=\"cat-item cat-item-70\"><a href=\"https:\/\/sites.uel.br\/lapee\/tag\/tecnologia\/\">TECNOLOGIA<\/a>\n<\/li>\n\t<li class=\"cat-item cat-item-85\"><a href=\"https:\/\/sites.uel.br\/lapee\/tag\/ubuntu\/\">UBUNTU<\/a>\n<\/li>\n\t<li class=\"cat-item cat-item-41\"><a href=\"https:\/\/sites.uel.br\/lapee\/tag\/umbanda\/\">UMBANDA<\/a>\n<\/li>\n\t<li class=\"cat-item cat-item-48\"><a href=\"https:\/\/sites.uel.br\/lapee\/tag\/valeria-queiroz-furtado\/\">VAL\u00c9RIA QUEIROZ FURTADO<\/a>\n<\/li>\n\t<li class=\"cat-item cat-item-36\"><a href=\"https:\/\/sites.uel.br\/lapee\/tag\/zambia\/\">Z\u00c2MBIA<\/a>\n<\/li>\n<\/ul><\/details>\n\n\n\n<details class=\"wp-block-details is-layout-flow wp-block-details-is-layout-flow\"><summary><strong>BUSQUE POR ANO OU PROFESSOR(A)<\/strong><\/summary><ul class=\"wp-block-categories-list wp-block-categories\">\t<li class=\"cat-item cat-item-97\"><a href=\"https:\/\/sites.uel.br\/lapee\/categoria\/todos-os-anos\/2009\/\">2009<\/a>\n<\/li>\n\t<li class=\"cat-item cat-item-95\"><a href=\"https:\/\/sites.uel.br\/lapee\/categoria\/todos-os-anos\/2015-todos-os-anos\/\">2015<\/a>\n<\/li>\n\t<li class=\"cat-item cat-item-96\"><a href=\"https:\/\/sites.uel.br\/lapee\/categoria\/todos-os-anos\/2016\/\">2016<\/a>\n<\/li>\n\t<li class=\"cat-item cat-item-90\"><a href=\"https:\/\/sites.uel.br\/lapee\/categoria\/todos-os-anos\/2017\/\">2017<\/a>\n<\/li>\n\t<li class=\"cat-item cat-item-56\"><a href=\"https:\/\/sites.uel.br\/lapee\/categoria\/todos-os-anos\/2019\/\">2019<\/a>\n<\/li>\n\t<li class=\"cat-item cat-item-43\"><a href=\"https:\/\/sites.uel.br\/lapee\/categoria\/todos-os-anos\/2020\/\">2020<\/a>\n<\/li>\n\t<li class=\"cat-item cat-item-40\"><a href=\"https:\/\/sites.uel.br\/lapee\/categoria\/todos-os-anos\/2021\/\">2021<\/a>\n<\/li>\n\t<li class=\"cat-item cat-item-21\"><a href=\"https:\/\/sites.uel.br\/lapee\/categoria\/todos-os-anos\/2022\/\">2022<\/a>\n<\/li>\n\t<li class=\"cat-item cat-item-18\"><a href=\"https:\/\/sites.uel.br\/lapee\/categoria\/todos-os-anos\/2023\/\">2023<\/a>\n<\/li>\n\t<li class=\"cat-item cat-item-5\"><a href=\"https:\/\/sites.uel.br\/lapee\/categoria\/todos-os-anos\/2024\/\">2024<\/a>\n<\/li>\n\t<li class=\"cat-item cat-item-47\"><a href=\"https:\/\/sites.uel.br\/lapee\/categoria\/todos-os-anos\/2025\/\">2025<\/a>\n<\/li>\n\t<li class=\"cat-item cat-item-81\"><a href=\"https:\/\/sites.uel.br\/lapee\/categoria\/eventos\/\">EVENTOS<\/a>\n<\/li>\n\t<li class=\"cat-item cat-item-88\"><a href=\"https:\/\/sites.uel.br\/lapee\/categoria\/livros\/\">LIVROS<\/a>\n<\/li>\n\t<li class=\"cat-item cat-item-78\"><a href=\"https:\/\/sites.uel.br\/lapee\/categoria\/todos-professores\/prof-dr-jefferson-olivatto-da-silva\/\">PROF. DR. JEFFERSON OLIVATTO DA SILVA<\/a>\n<\/li>\n\t<li class=\"cat-item cat-item-79\"><a href=\"https:\/\/sites.uel.br\/lapee\/categoria\/todos-professores\/profa-dra-marta-regina-furlan\/\">PROFA. DRA. MARTA REGINA FURLAN<\/a>\n<\/li>\n\t<li class=\"cat-item cat-item-80\"><a href=\"https:\/\/sites.uel.br\/lapee\/categoria\/todos-professores\/profa-dra-valeria-queiroz-furtado\/\">PROFA. DRA. VAL\u00c9RIA QUEIROZ FURTADO<\/a>\n<\/li>\n<\/ul><\/details>\n\n\n\n<details class=\"wp-block-details is-layout-flow wp-block-details-is-layout-flow\"><summary><strong>BUSQUE POR \u00daLTIMAS POSTAGENS NO SITE<\/strong><\/summary><ul class=\"wp-block-latest-posts__list aligncenter wp-block-latest-posts\"><li><a class=\"wp-block-latest-posts__post-title\" href=\"https:\/\/sites.uel.br\/lapee\/todos-professores\/profa-dra-valeria-queiroz-furtado\/2025\/10\/20\/livro-tempo-de-brincar-hora-de-aprender-valeria-queiroz-furtado-alessandra-pimentel-roberta-delatore-medeiros-e-colaboracao-de-juliana-martins-simoes\/\">LIVRO &#8211; &#8220;TEMPO DE BRINCAR, HORA DE APRENDER&#8221;, VAL\u00c9RIA QUEIROZ FURTADO, ALESSANDRA PIMENTEL, ROBERTA DELATORRE MEDEIROS E COLABORA\u00c7\u00c3O DE JULIANA MARTINS SIM\u00d5ES<\/a><\/li>\n<li><a class=\"wp-block-latest-posts__post-title\" href=\"https:\/\/sites.uel.br\/lapee\/todos-professores\/prof-dr-jefferson-olivatto-da-silva\/2025\/10\/20\/livro-o-expansionismo-catolico-na-bembalandia-prof-dr-jefferson-olivatto-da-silva\/\">LIVRO &#8211; &#8220;O EXPANSIONISMO CAT\u00d3LICO NA BEMBAL\u00c2NDIA&#8221;, PROF. DR. JEFFERSON OLIVATTO DA SILVA<\/a><\/li>\n<li><a class=\"wp-block-latest-posts__post-title\" href=\"https:\/\/sites.uel.br\/lapee\/todos-professores\/profa-dra-valeria-queiroz-furtado\/2025\/10\/20\/livro-formacao-e-acao-docente-na-infancia-revisando-teorias-construindo-novas-praticas-valeria-queiroz-furtado-luciane-guimaraes-batistella-bianchini-solange-franci-raimundo-yaegashi\/\">LIVRO &#8211; &#8220;FORMA\u00c7\u00c3O E A\u00c7\u00c3O DOCENTE NA INF\u00c2NCIA: REVISANDO TEORIAS, CONSTRUINDO NOVAS PR\u00c1TICAS&#8221;, VAL\u00c9RIA QUEIROZ FURTADO, LUCIANE GUIMAR\u00c3ES BATISTELLA BIANCHINI, SOLANGE FRANCI RAIMUNDO YAEGASHI<\/a><\/li>\n<li><a class=\"wp-block-latest-posts__post-title\" href=\"https:\/\/sites.uel.br\/lapee\/todos-professores\/prof-dr-jefferson-olivatto-da-silva\/2025\/10\/13\/livro-perspectivas-metodologicas-e-epistemologicas-em-pesquisas-educacionais-prof-dr-jefferson-olivatto-da-silva\/\">LIVRO &#8211; &#8220;PERSPECTIVAS METODOL\u00d3GICAS E EPISTEMOL\u00d3GICAS EM PESQUISAS EDUCACIONAIS&#8221;, PROF. DR. JEFFERSON OLIVATTO DA SILVA<\/a><\/li>\n<li><a class=\"wp-block-latest-posts__post-title\" href=\"https:\/\/sites.uel.br\/lapee\/todos-os-anos\/2023\/2025\/10\/13\/livros-brincar-reciclar-e-aprender-na-infancia-efetivando-praticas-pedagogicas-a-luz-da-bncc-prof-dra-valeria-queiroz-furtado-e-prof-dra-marta-regina-furlan\/\">LIVRO &#8211; &#8220;BRINCAR, RECICLAR E APRENDER NA INF\u00c2NCIA: EFETIVANDO PR\u00c1TICAS PEDAG\u00d3GICAS \u00c0 LUZ DA BNCC&#8221;, PROF. DRA. VAL\u00c9RIA QUEIROZ FURTADO E PROF DRA. MARTA REGINA FURLAN<\/a><\/li>\n<\/ul><\/details>\n\n\n\n<p><\/p>\n","protected":false},"excerpt":{"rendered":"<p>Conhe\u00e7a as produ\u00e7\u00f5es cient\u00edficas publicadas pelos nossos professores e colaboradores OU<\/p>\n","protected":false},"author":9,"featured_media":0,"parent":0,"menu_order":0,"comment_status":"closed","ping_status":"closed","template":"","meta":{"_acf_changed":false,"inline_featured_image":false,"footnotes":""},"class_list":["post-26","page","type-page","status-publish","hentry"],"acf":[],"_links":{"self":[{"href":"https:\/\/sites.uel.br\/lapee\/wp-json\/wp\/v2\/pages\/26","targetHints":{"allow":["GET"]}}],"collection":[{"href":"https:\/\/sites.uel.br\/lapee\/wp-json\/wp\/v2\/pages"}],"about":[{"href":"https:\/\/sites.uel.br\/lapee\/wp-json\/wp\/v2\/types\/page"}],"author":[{"embeddable":true,"href":"https:\/\/sites.uel.br\/lapee\/wp-json\/wp\/v2\/users\/9"}],"replies":[{"embeddable":true,"href":"https:\/\/sites.uel.br\/lapee\/wp-json\/wp\/v2\/comments?post=26"}],"version-history":[{"count":4,"href":"https:\/\/sites.uel.br\/lapee\/wp-json\/wp\/v2\/pages\/26\/revisions"}],"predecessor-version":[{"id":914,"href":"https:\/\/sites.uel.br\/lapee\/wp-json\/wp\/v2\/pages\/26\/revisions\/914"}],"wp:attachment":[{"href":"https:\/\/sites.uel.br\/lapee\/wp-json\/wp\/v2\/media?parent=26"}],"curies":[{"name":"wp","href":"https:\/\/api.w.org\/{rel}","templated":true}]}}