{"id":130,"date":"2023-10-17T19:42:09","date_gmt":"2023-10-17T22:42:09","guid":{"rendered":"https:\/\/sites.uel.br\/lapee\/?page_id=130"},"modified":"2025-08-22T11:37:49","modified_gmt":"2025-08-22T14:37:49","slug":"servicos","status":"publish","type":"page","link":"https:\/\/sites.uel.br\/lapee\/servicos\/","title":{"rendered":"Servi\u00e7os"},"content":{"rendered":"\n<p>A presta\u00e7\u00e3o de servi\u00e7os do LAPEE visa a inser\u00e7\u00e3o da <strong>Psicologia Escolar e Educacional<\/strong>, tendo como objetivo contemplar as seguintes atividades:<\/p>\n\n\n\n<ul class=\"wp-block-list\">\n<li>Projetos e Programas de <strong>Extens\u00e3o<\/strong>, Pesquisas em <strong>Ensino<\/strong> e Pesquisas para o desenvolvimento de atividades na \u00e1rea da Psicologia Escolar e Educacional;<\/li>\n<\/ul>\n\n\n\n<ul class=\"wp-block-list\">\n<li>Estudos individuais ou em grupos sobre temas dos projetos vinculados ao <strong>LAPEE-UEL<\/strong>;<\/li>\n<\/ul>\n\n\n\n<ul class=\"wp-block-list\">\n<li>Utiliza\u00e7\u00e3o dos recursos tecnol\u00f3gicos dispon\u00edveis pelo <strong>LAPEE-UEL<\/strong>;<\/li>\n<\/ul>\n\n\n\n<ul class=\"wp-block-list\">\n<li>Presta\u00e7\u00e3o de servi\u00e7os \u00e0s comunidades <strong>interna e externa<\/strong>;<\/li>\n<\/ul>\n\n\n\n<ul class=\"wp-block-list\">\n<li>Atividades de <strong>est\u00e1gio<\/strong> curricular obrigat\u00f3rio e n\u00e3o obrigat\u00f3rio de gradua\u00e7\u00e3o;<\/li>\n<\/ul>\n\n\n\n<ul class=\"wp-block-list\">\n<li><strong>Interc\u00e2mbios<\/strong> com institui\u00e7\u00f5es de ensino, pesquisa e extens\u00e3o, entes federativos nacionais e internacionais, organiza\u00e7\u00f5es da sociedade civil, entidades culturais e sociais respeitados os objetivos acad\u00eamicos, cient\u00edficos e tecnol\u00f3gicos do LAPEE-UEL.<\/li>\n<\/ul>\n\n\n\n<div class=\"wp-block-media-text is-stacked-on-mobile\" style=\"grid-template-columns:37% auto\"><figure class=\"wp-block-media-text__media\"><img loading=\"lazy\" decoding=\"async\" width=\"1024\" height=\"1024\" src=\"https:\/\/sites.uel.br\/lapee\/wp-content\/uploads\/2025\/06\/0C434A48-5684-4EFE-AA9B-F977875EEC2F-1024x1024.png\" alt=\"\" class=\"wp-image-324 size-full\" srcset=\"https:\/\/sites.uel.br\/lapee\/wp-content\/uploads\/2025\/06\/0C434A48-5684-4EFE-AA9B-F977875EEC2F-1024x1024.png 1024w, https:\/\/sites.uel.br\/lapee\/wp-content\/uploads\/2025\/06\/0C434A48-5684-4EFE-AA9B-F977875EEC2F-300x300.png 300w, https:\/\/sites.uel.br\/lapee\/wp-content\/uploads\/2025\/06\/0C434A48-5684-4EFE-AA9B-F977875EEC2F-150x150.png 150w, https:\/\/sites.uel.br\/lapee\/wp-content\/uploads\/2025\/06\/0C434A48-5684-4EFE-AA9B-F977875EEC2F-768x768.png 768w, https:\/\/sites.uel.br\/lapee\/wp-content\/uploads\/2025\/06\/0C434A48-5684-4EFE-AA9B-F977875EEC2F.png 1080w\" sizes=\"auto, (max-width: 1024px) 100vw, 1024px\" \/><\/figure><div class=\"wp-block-media-text__content\">\n<p>Caso tenha interesse em nossos servi\u00e7os e projetos vigentes, basta preencher o formul\u00e1rio abaixo v\u00e1lido para escolas de Londrina &#8211; PR e regi\u00e3o.<\/p>\n\n\n\n<div class=\"wp-block-buttons is-layout-flex wp-block-buttons-is-layout-flex\">\n<div class=\"wp-block-button is-style-outline is-style-outline--1\"><a class=\"wp-block-button__link wp-element-button\" href=\"https:\/\/near.tl\/sm\/kDtQtjntu\" target=\"_blank\" rel=\"noreferrer noopener\">FORMUL\u00c1RIO PARA CONTATO<\/a><\/div>\n<\/div>\n<\/div><\/div>\n\n\n\n<p>Para mais informa\u00e7\u00f5es, voc\u00ea pode entrar em contato pelo e-mail: <a href=\"mailto:lapee@uel.br\">lapee@uel.br<\/a><\/p>\n\n\n\n<p><\/p>\n","protected":false},"excerpt":{"rendered":"<p>A presta\u00e7\u00e3o de servi\u00e7os do LAPEE visa a inser\u00e7\u00e3o da Psicologia Escolar e Educacional, tendo como objetivo contemplar as seguintes atividades: Para mais informa\u00e7\u00f5es, voc\u00ea pode entrar em contato pelo e-mail: lapee@uel.br<\/p>\n","protected":false},"author":9,"featured_media":0,"parent":0,"menu_order":0,"comment_status":"closed","ping_status":"closed","template":"","meta":{"_acf_changed":false,"inline_featured_image":false,"footnotes":""},"class_list":["post-130","page","type-page","status-publish","hentry"],"acf":[],"_links":{"self":[{"href":"https:\/\/sites.uel.br\/lapee\/wp-json\/wp\/v2\/pages\/130","targetHints":{"allow":["GET"]}}],"collection":[{"href":"https:\/\/sites.uel.br\/lapee\/wp-json\/wp\/v2\/pages"}],"about":[{"href":"https:\/\/sites.uel.br\/lapee\/wp-json\/wp\/v2\/types\/page"}],"author":[{"embeddable":true,"href":"https:\/\/sites.uel.br\/lapee\/wp-json\/wp\/v2\/users\/9"}],"replies":[{"embeddable":true,"href":"https:\/\/sites.uel.br\/lapee\/wp-json\/wp\/v2\/comments?post=130"}],"version-history":[{"count":17,"href":"https:\/\/sites.uel.br\/lapee\/wp-json\/wp\/v2\/pages\/130\/revisions"}],"predecessor-version":[{"id":638,"href":"https:\/\/sites.uel.br\/lapee\/wp-json\/wp\/v2\/pages\/130\/revisions\/638"}],"wp:attachment":[{"href":"https:\/\/sites.uel.br\/lapee\/wp-json\/wp\/v2\/media?parent=130"}],"curies":[{"name":"wp","href":"https:\/\/api.w.org\/{rel}","templated":true}]}}