{"id":46,"date":"2023-11-07T17:51:48","date_gmt":"2023-11-07T20:51:48","guid":{"rendered":"https:\/\/sites.uel.br\/laca\/?page_id=46"},"modified":"2023-11-07T19:13:34","modified_gmt":"2023-11-07T22:13:34","slug":"infraestrutura","status":"publish","type":"page","link":"https:\/\/sites.uel.br\/laca\/infraestrutura\/","title":{"rendered":"Infraestrutura"},"content":{"rendered":"\n<p>Nossa infraestrutura possui a \u00e1rea de 100 m<sup>2<\/sup>, subdivididos em cinco laborat\u00f3rios mobiliados e climatizados:<\/p>\n\n\n\n<p>\u00b7&nbsp;LAB 1: para pesagem em ambiente com condi\u00e7\u00f5es controladas de temperatura e umidade;<\/p>\n\n\n\n<p>\u00b7&nbsp;LAB 2: para preparo de amostras com capela, bancadas e equipamentos de pequeno porte;<\/p>\n\n\n\n<p>\u00b7&nbsp;LAB 3: para desenvolvimento e preparo de amostradores para gases e material particulado;<\/p>\n\n\n\n<p>\u00b7&nbsp;LAB 4: para determina\u00e7\u00f5es cromatogr\u00e1ficas<\/p>\n\n\n\n<p>\u00b7&nbsp;LAB 5: reuni\u00f5es e biblioteca.<\/p>\n\n\n\n<p>O LACA disp\u00f5e de equipamentos para amostragem de gases e material particulado e para determina\u00e7\u00e3o de esp\u00e9cies qu\u00edmica atrav\u00e9s de t\u00e9cnicas cromatogr\u00e1ficas e espectrofotom\u00e9tricas.<\/p>\n\n\n\n<p>\u00b7&nbsp;02 Impactadores em cascata, 5 est\u00e1gios (Sioutas\/SKC)<\/p>\n\n\n\n<p>\u00b7&nbsp;02 ciclones com di\u00e2metro de corte 2,5 \u00b5m (URG)<\/p>\n\n\n\n<p>\u00b7&nbsp;02 ciclones com di\u00e2metro de corte 1,0 \u00b5m (URG)<\/p>\n\n\n\n<p>\u00b7&nbsp;02 impactadores com di\u00e2metro de corte 10,0 \u00b5m (ZUF)<\/p>\n\n\n\n<p>\u00b7&nbsp;Amostrador sequencial de 12 canais (UNIDORTMUND)<\/p>\n\n\n\n<p>\u00b7&nbsp;06 Bombas de diafragma (FANEM CAL)<\/p>\n\n\n\n<p>\u00b7&nbsp;Rot\u00e2metros de esfera de v\u00e1rios volumes (ROTA)<\/p>\n\n\n\n<p>\u00b7&nbsp;Controladores de vaz\u00e3o<\/p>\n\n\n\n<p>\u00b7&nbsp;Estufas (QUIMIS)<\/p>\n\n\n\n<p>\u00b7&nbsp;Coletor de precipita\u00e7\u00e3o (KOENIGSBERG)<\/p>\n\n\n\n<p>\u00b7&nbsp;Pluvi\u00f4metro digital (TFA)<\/p>\n\n\n\n<p>\u00b7&nbsp;Sistema para coleta de gases e part\u00edculas (STROELHEIM)<\/p>\n\n\n\n<p>\u00b7&nbsp;Ultramicrobalan\u00e7a anal\u00edtica sensibilidade 1 \u00b5g (AX26-METTLER TOLEDO)<\/p>\n\n\n\n<p>\u00b7&nbsp;Balan\u00e7a anal\u00edtica (Mark M254 A \u2013 BEL ENGINEERING)<\/p>\n\n\n\n<p>\u00b7&nbsp;Balan\u00e7a semi-anal\u00edtica (BL-3200H SHIMADZU)<\/p>\n\n\n\n<p>\u00b7&nbsp;Desumidificador (ARSEC)<\/p>\n\n\n\n<p>\u00b7&nbsp;Potenci\u00f4metro (Tec-2 TECNAL)<\/p>\n\n\n\n<p>\u00b7&nbsp;Condutiv\u00edmetro (HI 8819N HANNA)<\/p>\n\n\n\n<p>\u00b7&nbsp;Sistema de purifica\u00e7\u00e3o de \u00e1gua por osmose reversa (USF HELGA)<\/p>\n\n\n\n<p>\u00b7&nbsp;Cromat\u00f3grafo a l\u00edquido com detectores de condutividade e espectrofotom\u00e9trico (SYCAM)<\/p>\n\n\n\n<p>\u00b7&nbsp;Cromat\u00f3grafo a l\u00edquido isocr\u00e1tico com detector de arranjo de fotodiodo (SHYMADZU)<\/p>\n\n\n\n<p>\u00b7&nbsp;Cromat\u00f3grafo a l\u00edquido gradiente, sistemas de detec\u00e7\u00e3o por fluoresc\u00eancia e detector de arranjo de fotodiodos e amostrador autom\u00e1tico (DIONEX)<\/p>\n\n\n\n<p>\u00b7&nbsp;Cromat\u00f3grafo a g\u00e1s com detector de ioniza\u00e7\u00e3o de chama (GC-17A SHYMADZU)<\/p>\n\n\n\n<p>\u00b7&nbsp;Cromat\u00f3grafo a g\u00e1s com analisador de massas quadrupolo e amostrador autom\u00e1tico (FOCUS DSQ-II THERMO)<\/p>\n\n\n\n<p>\u00b7&nbsp;Espectrofot\u00f4metro UV-VIS (THERMO)<\/p>\n\n\n\n<p>\u00b7&nbsp;Analisador reflectom\u00e9trico para&nbsp;<em>backcarbon (43D &#8211; EL SMOKE STAIN)<\/em><\/p>\n\n\n\n<p>\u00b7\u00a0Esta\u00e7\u00e3o meteorol\u00f3gica com\u00a0<em>datalloger (HOBO WARE PRO, BHW-PRO3)<\/em><\/p>\n","protected":false},"excerpt":{"rendered":"<p>Nossa infraestrutura possui a \u00e1rea de 100 m2, subdivididos em cinco laborat\u00f3rios mobiliados e climatizados: \u00b7&nbsp;LAB 1: para pesagem em ambiente com condi\u00e7\u00f5es controladas de temperatura e umidade; \u00b7&nbsp;LAB 2: para preparo de amostras com capela, bancadas e equipamentos de pequeno porte; \u00b7&nbsp;LAB 3: para desenvolvimento e preparo de amostradores para gases e material particulado; [&hellip;]<\/p>\n","protected":false},"author":8,"featured_media":0,"parent":0,"menu_order":0,"comment_status":"closed","ping_status":"closed","template":"","meta":{"footnotes":""},"class_list":["post-46","page","type-page","status-publish","hentry"],"acf":[],"_links":{"self":[{"href":"https:\/\/sites.uel.br\/laca\/wp-json\/wp\/v2\/pages\/46","targetHints":{"allow":["GET"]}}],"collection":[{"href":"https:\/\/sites.uel.br\/laca\/wp-json\/wp\/v2\/pages"}],"about":[{"href":"https:\/\/sites.uel.br\/laca\/wp-json\/wp\/v2\/types\/page"}],"author":[{"embeddable":true,"href":"https:\/\/sites.uel.br\/laca\/wp-json\/wp\/v2\/users\/8"}],"replies":[{"embeddable":true,"href":"https:\/\/sites.uel.br\/laca\/wp-json\/wp\/v2\/comments?post=46"}],"version-history":[{"count":2,"href":"https:\/\/sites.uel.br\/laca\/wp-json\/wp\/v2\/pages\/46\/revisions"}],"predecessor-version":[{"id":109,"href":"https:\/\/sites.uel.br\/laca\/wp-json\/wp\/v2\/pages\/46\/revisions\/109"}],"wp:attachment":[{"href":"https:\/\/sites.uel.br\/laca\/wp-json\/wp\/v2\/media?parent=46"}],"curies":[{"name":"wp","href":"https:\/\/api.w.org\/{rel}","templated":true}]}}