{"id":45,"date":"2023-11-07T17:51:48","date_gmt":"2023-11-07T20:51:48","guid":{"rendered":"https:\/\/sites.uel.br\/laca\/?page_id=45"},"modified":"2025-05-29T19:30:54","modified_gmt":"2025-05-29T22:30:54","slug":"pesquisas","status":"publish","type":"page","link":"https:\/\/sites.uel.br\/laca\/pesquisas\/","title":{"rendered":"Pesquisas"},"content":{"rendered":"\n<p class=\"has-text-align-center\"><strong>Pesquisas realizadas pelos alunos e alunas do LACA<\/strong><\/p>\n\n\n\n<p>IMPACTO SOBRE O AMBIENTE DAS EMISS\u00d5ES PRODUZIDAS POR PROCESSOS DE COMBUST\u00c3O DE DIESEL<\/p>\n\n\n\n<p>ESTUDO SOBRE A EMISS\u00c3O E DEPOSI\u00c7\u00c3O DE AMINAS PROVENIENTES DA QUEIMA DE MISTURAS COMBUST\u00cdVEIS<\/p>\n\n\n\n<p>ESTUDO SOBRE A COMPOSI\u00c7\u00c3O ORG\u00c2NICA E INORG\u00c2NICA E O POTENCIAL OXIDATIVO DE MATERIAL PARTICULADO ATMOSF\u00c9RICO EM LOCAIS E FONTES COM CARACTER\u00cdSTICAS DISTINTAS.<\/p>\n\n\n\n<p>ESTUDO SOBRE COMPOSTOS NITROGENADOS EM AR AMBIENTE VISANDO IDENTIFICA\u00c7\u00c3O DE FONTES BIOG\u00caNICAS E ANTR\u00d3PICAS<\/p>\n\n\n\n<p>ESTUDO SOBRE EMISS\u00d5ES DE GASES E MATERIAL PARTICULADO DE DIFERENTES MISTURAS DIESEL E BIODIESEL.<\/p>\n\n\n\n<p>ESTUDO SOBRE A VARIABILIDADE TEMPORAL DE COMPOSTOS CARBON\u00cdLICOS NO AR AMBIENTE EM LONDRINA, PARAN\u00c1<\/p>\n\n\n\n<p>ESTUDO SOBRE A VARIA\u00c7\u00c3O TEMPORAL E SAZONAL DE ESP\u00c9CIES NITROGENADAS NO AR AMBIENTE EM LONDRINA, PARAN\u00c1<\/p>\n\n\n\n<p>ESTUDO SOBRE A PRESEN\u00c7A DE PESTICIDAS NO MATERIAL PARTICULADO ATMOSF\u00c9RICO FINO (MP2,5) EM LONDRINA.<\/p>\n\n\n\n<p>DESENVOLVIMENTO DE METODOLOGIA AN\u00c1LITICA PARA QUANTIFICA\u00c7\u00c3O DE MULTIRES\u00cdDUOS DE AGROT\u00d3XICOS EM \u00c1GUA SUPERFICIAIS E EFLUENTES INDUSTRIAIS POR CG-EM.<\/p>\n\n\n\n<p>DIN\u00c2MICA AMBIENTAL DE PESTICIDAS NO AR ATMOSF\u00c9RICO E EM \u00c1GUAS DE PRECIPITA\u00c7\u00c3O<\/p>\n\n\n\n<p>BLACK CARBON NO MATERIAL PARTICULADO FINO ATMOSF\u00c9RICO EM AMBIENTES INTERNO E EXTERNO. EMISS\u00d5ES PROVENIENTES DA COMBUST\u00c3O DE MISTURAS DE DIESEL\/BIODIESEL (B10, B11 E B12)<\/p>\n\n\n\n<p>DESENVOLVIMENTO DE PROCESSOS DE AMOSTRAGEM E EXTRA\u00c7\u00c3O PARA PESTICIDAS NO AR ATMOSF\u00c9RICO E EM \u00c1GUAS DE PRECIPITA\u00c7\u00c3O<\/p>\n\n\n\n<h1 class=\"wp-block-heading has-text-align-center\">PUBLICA\u00c7\u00d5ES<\/h1>\n\n\n\n<ul class=\"wp-block-list\">\n<li><a href=\"https:\/\/www.scielo.br\/j\/jbchs\/a\/VLFrcsvQcfzVhryqtgzsN9L\/?format=pdf&amp;lang=en\" data-type=\"link\" data-id=\"https:\/\/www.scielo.br\/j\/jbchs\/a\/VLFrcsvQcfzVhryqtgzsN9L\/?format=pdf&amp;lang=en\" target=\"_blank\" rel=\"noreferrer noopener\">WSOC and Its Relationship with BC, Levoglucosan and Transition Metals in the PM<sub>2.5<\/sub>&nbsp;of an Urban Area in the Amazon<\/a><\/li>\n\n\n\n<li><a href=\"https:\/\/clium.org\/index.php\/edicoes\/article\/view\/286\/223\" data-type=\"link\" data-id=\"https:\/\/clium.org\/index.php\/edicoes\/article\/view\/286\/223\" target=\"_blank\" rel=\"noreferrer noopener\">Qualidade do ar urbano durante restri\u00e7\u00f5es de mobilidade na pandemia por COVID-19 e as diretrizes globais de qualidade do ar da OMS 2021<\/a><\/li>\n\n\n\n<li><a href=\"https:\/\/conjecturas.org\/index.php\/edicoes\/article\/view\/1526\/1124\" data-type=\"link\" data-id=\"https:\/\/conjecturas.org\/index.php\/edicoes\/article\/view\/1526\/1124\" target=\"_blank\" rel=\"noreferrer noopener\">Black carbon associado ao MP<sub>1,0<\/sub>&nbsp;e MP<sub>2,5<\/sub>: comparativo em rela\u00e7\u00e3o \u00e0 combust\u00e3o de misturas biodiesel\/diesel (B5 a B12)<\/a><\/li>\n\n\n\n<li><a href=\"https:\/\/drive.google.com\/file\/d\/1QMgE0x9sgzIcf6oqsYgS61rI6E8R23dV\/view?usp=drive_link\" data-type=\"link\" data-id=\"https:\/\/drive.google.com\/file\/d\/1QMgE0x9sgzIcf6oqsYgS61rI6E8R23dV\/view?usp=drive_link\" target=\"_blank\" rel=\"noreferrer noopener\">Determina\u00e7\u00e3o cromatogr\u00e1fica de multires\u00edduos de agrot\u00f3xicos (atrazina, diuron, clorpirif\u00f3s, picoxistrobina e tebuconazol) em \u00e1guas residuais de ind\u00fastria agroqu\u00edmica<\/a><\/li>\n\n\n\n<li><a href=\"https:\/\/ojs.brazilianjournals.com.br\/ojs\/index.php\/BRJD\/article\/view\/28125\/22269\" data-type=\"link\" data-id=\"https:\/\/ojs.brazilianjournals.com.br\/ojs\/index.php\/BRJD\/article\/view\/28125\/22269\" target=\"_blank\" rel=\"noreferrer noopener\">Qualidade do ar em ambiente interno e externo em rela\u00e7\u00e3o ao material particulado grosso e fino em escola p\u00fablica<\/a><\/li>\n\n\n\n<li><a href=\"https:\/\/ojs.brazilianjournals.com.br\/ojs\/index.php\/BRJD\/article\/view\/39991\/pdf\" data-type=\"link\" data-id=\"https:\/\/ojs.brazilianjournals.com.br\/ojs\/index.php\/BRJD\/article\/view\/39991\/pdf\" target=\"_blank\" rel=\"noreferrer noopener\">Estudo sobre emiss\u00f5es de gases e material particulado de combust\u00e3o de misturas diesel e biodiesel em motogerador<\/a><\/li>\n\n\n\n<li><a href=\"https:\/\/conjecturas.org\/index.php\/edicoes\/article\/view\/294\/231\" data-type=\"link\" data-id=\"https:\/\/conjecturas.org\/index.php\/edicoes\/article\/view\/294\/231\" target=\"_blank\" rel=\"noreferrer noopener\">O impacto de medidas restritivas devido \u00e0 pandemia por COVID-19 nas concentra\u00e7\u00f5es de poluentes atmosf\u00e9ricos em cidade de m\u00e9dio porte<\/a><\/li>\n\n\n\n<li><a href=\"https:\/\/periodicos.ufpe.br\/revistas\/index.php\/rbgfe\/article\/view\/249984\/40434\" data-type=\"link\" data-id=\"https:\/\/periodicos.ufpe.br\/revistas\/index.php\/rbgfe\/article\/view\/249984\/40434\" target=\"_blank\" rel=\"noreferrer noopener\">Changes on wet deposition of major organic and inorganic ions in subtropical region of Brazil<\/a><\/li>\n\n\n\n<li><a href=\"https:\/\/www.scielo.br\/j\/qn\/a\/55Svg4fDsz9qRYhvhGw7vQh\/?format=pdf&amp;lang=pt\" data-type=\"link\" data-id=\"https:\/\/www.scielo.br\/j\/qn\/a\/55Svg4fDsz9qRYhvhGw7vQh\/?format=pdf&amp;lang=pt\" target=\"_blank\" rel=\"noreferrer noopener\">Emiss\u00f5es de Poluentes Atmosf\u00e9ricos em Condi\u00e7\u00f5es Reais de Pavimenta\u00e7\u00e3o Asf\u00e1ltica: Material Particulado, Black Carbon e Hidrocarbonetos Polic\u00edclicos Arom\u00e1ticos<\/a><\/li>\n\n\n\n<li><a href=\"https:\/\/ojs.brazilianjournals.com.br\/ojs\/index.php\/BRJD\/article\/view\/19212\/16297\" data-type=\"link\" data-id=\"https:\/\/ojs.brazilianjournals.com.br\/ojs\/index.php\/BRJD\/article\/view\/19212\/16297\" target=\"_blank\" rel=\"noreferrer noopener\">Sazonalidade do material particulado fino e black carbon no ar ambiente de Londrina\/Paran\u00e1<\/a><\/li>\n\n\n\n<li><a href=\"https:\/\/rvq.sbq.org.br\/pdf\/SolciNoPrelo\" data-type=\"link\" data-id=\"https:\/\/rvq.sbq.org.br\/pdf\/SolciNoPrelo\" target=\"_blank\" rel=\"noreferrer noopener\">Fenantreno no Ar Ambiente em Fun\u00e7\u00e3o da Adi\u00e7\u00e3o do Biodiesel ao Diesel em Motores Ciclo Diesel<\/a><\/li>\n\n\n\n<li><a href=\"https:\/\/www.scielo.br\/j\/jbchs\/a\/6jQGGzyBj3vbqPxYkLRHkXv\/?format=pdf&amp;lang=en\" data-type=\"link\" data-id=\"https:\/\/www.scielo.br\/j\/jbchs\/a\/6jQGGzyBj3vbqPxYkLRHkXv\/?format=pdf&amp;lang=en\" target=\"_blank\" rel=\"noreferrer noopener\">Black Carbon Associated to PM<sub>1.0<\/sub>&nbsp;and PM<sub>2.5<\/sub>: Mass Variation due to Combustion of Biodiesel\/Diesel Blends (B5, B6, B7 and B8)<\/a><\/li>\n\n\n\n<li><a href=\"https:\/\/rvq.sbq.org.br\/pdf\/AmadorNoPrelo\" data-type=\"link\" data-id=\"https:\/\/rvq.sbq.org.br\/pdf\/AmadorNoPrelo\" target=\"_blank\" rel=\"noreferrer noopener\">3-Hidroxi-Octadecanoato de Metila, Biomarcador de Endotoxina: Uma S\u00edntese R\u00e1pida<\/a><\/li>\n\n\n\n<li><a href=\"https:\/\/www.scielo.br\/j\/rlae\/a\/9kxbd6YhHP3q3QKBQqHx3hv\/?format=pdf&amp;lang=pt\" data-type=\"link\" data-id=\"https:\/\/www.scielo.br\/j\/rlae\/a\/9kxbd6YhHP3q3QKBQqHx3hv\/?format=pdf&amp;lang=pt\" target=\"_blank\" rel=\"noreferrer noopener\">Hidrocarbonetos polic\u00edclicos arom\u00e1ticos produzidos pela fuma\u00e7a do eletrocaut\u00e9rio e uso de equipamentos de prote\u00e7\u00e3o individual<\/a><\/li>\n\n\n\n<li><a href=\"https:\/\/aaqr.org\/articles\/aaqr-16-07-oa-0317.pdf\" data-type=\"link\" data-id=\"https:\/\/aaqr.org\/articles\/aaqr-16-07-oa-0317.pdf\" target=\"_blank\" rel=\"noreferrer noopener\">Inorganic Chemical Composition of Fine Particulates in Medium-Sized Urban Areas: A Case Study of Brazilian Cities<\/a><\/li>\n\n\n\n<li><a href=\"https:\/\/rvq-sub.sbq.org.br\/index.php\/rvq\/article\/view\/1363\/744\" data-type=\"link\" data-id=\"https:\/\/rvq-sub.sbq.org.br\/index.php\/rvq\/article\/view\/1363\/744\" target=\"_blank\" rel=\"noreferrer noopener\">Quantifica\u00e7\u00e3o de Aminas Prim\u00e1rias nas Fases gasosa e Particulada em Ar Ambiente Impactado pela Combust\u00e3o de Mistura Diesel\/Biodiesel (B5)<\/a><\/li>\n\n\n\n<li><a href=\"https:\/\/periodicos.ufms.br\/index.php\/orbital\/article\/view\/16806\/11294\" data-type=\"link\" data-id=\"https:\/\/periodicos.ufms.br\/index.php\/orbital\/article\/view\/16806\/11294\" target=\"_blank\" rel=\"noreferrer noopener\">Concentration and Size Distribution of Particulate Matter in a Broiler House Ambient Air<\/a><\/li>\n\n\n\n<li><a href=\"https:\/\/www.scielo.br\/j\/jbchs\/a\/sMTDwzHNBy3mBDxNHLpkh7b\/?format=pdf&amp;lang=en\" data-type=\"link\" data-id=\"https:\/\/www.scielo.br\/j\/jbchs\/a\/sMTDwzHNBy3mBDxNHLpkh7b\/?format=pdf&amp;lang=en\" target=\"_blank\" rel=\"noreferrer noopener\">Gas-Phase Polycyclic Aromatic Hydrocarbons in the Parking Lot Impacted by Light-Duty Vehicles Burning Gasoline and Ethanol Blends<\/a><\/li>\n\n\n\n<li><a href=\"https:\/\/periodicos.ufms.br\/index.php\/orbital\/article\/view\/17867\/12260\" data-type=\"link\" data-id=\"https:\/\/periodicos.ufms.br\/index.php\/orbital\/article\/view\/17867\/12260\" target=\"_blank\" rel=\"noreferrer noopener\">HPA e Nitro-HPA em Ambiente Semifechado Impactado por Emiss\u00e3o da Combust\u00e3o de Diesel\/Biodiesel (B5)<\/a><\/li>\n\n\n\n<li><a href=\"https:\/\/www.researchgate.net\/publication\/307704339_Caracterizacao_de_MP25_e_MP10_em_Ar_Ambiente_de_Estacionamento_Fechado_de_Estabelecimento_Comercial_em_Londrina-Parana\" data-type=\"link\" data-id=\"https:\/\/www.researchgate.net\/publication\/307704339_Caracterizacao_de_MP25_e_MP10_em_Ar_Ambiente_de_Estacionamento_Fechado_de_Estabelecimento_Comercial_em_Londrina-Parana\" target=\"_blank\" rel=\"noreferrer noopener\">Caracteriza\u00e7\u00e3o de MP<sub>2,5<\/sub>&nbsp;e MP<sub>10<\/sub>&nbsp;em Ar Ambiente de Estacionamento Fechado de Estabelecimento Comercial em Londrina-Paran\u00e1<\/a><\/li>\n\n\n\n<li><a href=\"https:\/\/pdf.sciencedirectassets.com\/313794\/1-s2.0-S1309104214X70078\/1-s2.0-S1309104215302968\/main.pdf?X-Amz-Security-Token=IQoJb3JpZ2luX2VjECIaCXVzLWVhc3QtMSJHMEUCIQCEoBQiZbJX0hQBlFlghLHy3udyPUbbnvIRfMwhAWu6LQIgaCRBAwHyVq1xVH60OWl5fZAzvSU1vhpO7UFL8%2BQG66sqsgUIehAFGgwwNTkwMDM1NDY4NjUiDMcckFTyb5B2uMmVQiqPBcbMd6MC8jk8qRo0vLK%2FEe%2FSxroeuiRqeWURFefT9SPjdBY7Tca5D6V%2BJl2%2FUrc1nauUmkIeCFnk4nYypd7HdmpOslzYrSqoWRNajISeBheUXvpG3HDskQWSRUY9gD4mNFdsGkyPcC4Uh%2FyfDRed%2FOJKc7nlyfuG3anyKeoCB7UUy7x4vDKdlY8fYDqU2hQgmRap3QYimhecJ7yBhFdlx5JkP5dyGUw6vejlkkKnw9f14uMemuXIJKah9N9EKjPe0TOACya7%2FeIhgY0zYOxgIh6MIT%2Bup55bf5eMfejn5xbTDRmRUOrx%2FkhmEqKpLzBlJ6UQ6NgNXWRPKXkc83%2FLJNdzmZA9hdmeU0EUj6ndiK%2BeRjxEEEhUXymfndV2KshS2bhX6d7LQlGtB8he7c0Vf0jlvtsZXNw1QtnTK3R7YZJwoJ%2F0er%2FS0QNgRbUGgG%2BOazKA7ZS4dLCH6ntiU2fbS5qAzHGD5u1WYhejE3Tz%2BLSKEltcUGyg3%2FuiOaNHq5bhcn7OM1%2BAVv0dlBSd8%2FSEZ9l5LVZ1VbE6ILCLd%2BP7s1m1v3LwdftcAuTDPep2NofqMDWQdDyc7KeQY4PKqZRgLcVmgW8sjJT31fdw2EupKuyit2oGw5UXXvm%2FglKVM7PnrtggL3mEsbcprBTK2OkJdD4l6ODGD%2BeHsCzFvZPM99dck77N9iUYW%2BwNCXRok9tOBIbrH1Keq3esCvsv3r1T3XYg1akNaWuk%2BauioRi%2F7sBLGb653S5kLLr0Ixs3s72JZP%2B37mo7Vbo4kv7jSZRlgfoEtdLIuEYKaY8XVz7Jy%2BrOTuuXyIBGmN8YJ5j0RpTTBdUzTFp%2FHsHtCa8e6WivoAvD4UfPCzPBTA2Zz2pn3mIwyrbUsQY6sQGQHdcSJJmCCORA9nXqeE%2BVUDZarXxyj6sOSwdVgGdTFyEMnI4%2Bg9WsStl2lSiOQkM0Vd9eb8mg4zGmox7zkfwIqZod7lX%2FEMKZKsH%2FC%2BLvsxR5VsMZ5ZOiUbgdVIh6amZCXmg3dj%2FCHO5b4LXmhtSloDcALZ6Vw2PxxOy4WOrIDu0JPqbJ7CmMDQ5vB4F84tjLe6%2B3P1Vgz454K6NEvPXZTz%2B9AZ3SP%2FbWDv0mycK2Vfs%3D&amp;X-Amz-Algorithm=AWS4-HMAC-SHA256&amp;X-Amz-Date=20240503T175000Z&amp;X-Amz-SignedHeaders=host&amp;X-Amz-Expires=300&amp;X-Amz-Credential=ASIAQ3PHCVTYWVWYH4HQ%2F20240503%2Fus-east-1%2Fs3%2Faws4_request&amp;X-Amz-Signature=63dee62ffd0e5c13c20117e7f8ec62910a5bd105af418a63015a16e590cd2881&amp;hash=9f812069563a701cf287ce2a10f746675c9c68e2051a8e0be9a3704541017d50&amp;host=68042c943591013ac2b2430a89b270f6af2c76d8dfd086a07176afe7c76c2c61&amp;pii=S1309104215302968&amp;tid=spdf-3a5b4d8a-6522-442b-842f-8d8e2e29caeb&amp;sid=d72d5a3e1d530849c04af737df78c3a2dcaegxrqa&amp;type=client&amp;tsoh=d3d3LnNjaWVuY2VkaXJlY3QuY29t&amp;ua=181d5a530b5451525456&amp;rr=87e217423b267dec&amp;cc=br\" data-type=\"link\" data-id=\"https:\/\/pdf.sciencedirectassets.com\/313794\/1-s2.0-S1309104214X70078\/1-s2.0-S1309104215302968\/main.pdf?X-Amz-Security-Token=IQoJb3JpZ2luX2VjECIaCXVzLWVhc3QtMSJHMEUCIQCEoBQiZbJX0hQBlFlghLHy3udyPUbbnvIRfMwhAWu6LQIgaCRBAwHyVq1xVH60OWl5fZAzvSU1vhpO7UFL8%2BQG66sqsgUIehAFGgwwNTkwMDM1NDY4NjUiDMcckFTyb5B2uMmVQiqPBcbMd6MC8jk8qRo0vLK%2FEe%2FSxroeuiRqeWURFefT9SPjdBY7Tca5D6V%2BJl2%2FUrc1nauUmkIeCFnk4nYypd7HdmpOslzYrSqoWRNajISeBheUXvpG3HDskQWSRUY9gD4mNFdsGkyPcC4Uh%2FyfDRed%2FOJKc7nlyfuG3anyKeoCB7UUy7x4vDKdlY8fYDqU2hQgmRap3QYimhecJ7yBhFdlx5JkP5dyGUw6vejlkkKnw9f14uMemuXIJKah9N9EKjPe0TOACya7%2FeIhgY0zYOxgIh6MIT%2Bup55bf5eMfejn5xbTDRmRUOrx%2FkhmEqKpLzBlJ6UQ6NgNXWRPKXkc83%2FLJNdzmZA9hdmeU0EUj6ndiK%2BeRjxEEEhUXymfndV2KshS2bhX6d7LQlGtB8he7c0Vf0jlvtsZXNw1QtnTK3R7YZJwoJ%2F0er%2FS0QNgRbUGgG%2BOazKA7ZS4dLCH6ntiU2fbS5qAzHGD5u1WYhejE3Tz%2BLSKEltcUGyg3%2FuiOaNHq5bhcn7OM1%2BAVv0dlBSd8%2FSEZ9l5LVZ1VbE6ILCLd%2BP7s1m1v3LwdftcAuTDPep2NofqMDWQdDyc7KeQY4PKqZRgLcVmgW8sjJT31fdw2EupKuyit2oGw5UXXvm%2FglKVM7PnrtggL3mEsbcprBTK2OkJdD4l6ODGD%2BeHsCzFvZPM99dck77N9iUYW%2BwNCXRok9tOBIbrH1Keq3esCvsv3r1T3XYg1akNaWuk%2BauioRi%2F7sBLGb653S5kLLr0Ixs3s72JZP%2B37mo7Vbo4kv7jSZRlgfoEtdLIuEYKaY8XVz7Jy%2BrOTuuXyIBGmN8YJ5j0RpTTBdUzTFp%2FHsHtCa8e6WivoAvD4UfPCzPBTA2Zz2pn3mIwyrbUsQY6sQGQHdcSJJmCCORA9nXqeE%2BVUDZarXxyj6sOSwdVgGdTFyEMnI4%2Bg9WsStl2lSiOQkM0Vd9eb8mg4zGmox7zkfwIqZod7lX%2FEMKZKsH%2FC%2BLvsxR5VsMZ5ZOiUbgdVIh6amZCXmg3dj%2FCHO5b4LXmhtSloDcALZ6Vw2PxxOy4WOrIDu0JPqbJ7CmMDQ5vB4F84tjLe6%2B3P1Vgz454K6NEvPXZTz%2B9AZ3SP%2FbWDv0mycK2Vfs%3D&amp;X-Amz-Algorithm=AWS4-HMAC-SHA256&amp;X-Amz-Date=20240503T175000Z&amp;X-Amz-SignedHeaders=host&amp;X-Amz-Expires=300&amp;X-Amz-Credential=ASIAQ3PHCVTYWVWYH4HQ%2F20240503%2Fus-east-1%2Fs3%2Faws4_request&amp;X-Amz-Signature=63dee62ffd0e5c13c20117e7f8ec62910a5bd105af418a63015a16e590cd2881&amp;hash=9f812069563a701cf287ce2a10f746675c9c68e2051a8e0be9a3704541017d50&amp;host=68042c943591013ac2b2430a89b270f6af2c76d8dfd086a07176afe7c76c2c61&amp;pii=S1309104215302968&amp;tid=spdf-3a5b4d8a-6522-442b-842f-8d8e2e29caeb&amp;sid=d72d5a3e1d530849c04af737df78c3a2dcaegxrqa&amp;type=client&amp;tsoh=d3d3LnNjaWVuY2VkaXJlY3QuY29t&amp;ua=181d5a530b5451525456&amp;rr=87e217423b267dec&amp;cc=br\" target=\"_blank\" rel=\"noreferrer noopener\">Carbonyl concentrations from sites affected by emission from different fuels and vehicles<\/a><\/li>\n\n\n\n<li><a href=\"https:\/\/www.scielo.br\/j\/jbchs\/a\/FvmqDx9shJrNZ7dCmCQcBzk\/?format=pdf&amp;lang=en\" data-type=\"link\" data-id=\"https:\/\/www.scielo.br\/j\/jbchs\/a\/FvmqDx9shJrNZ7dCmCQcBzk\/?format=pdf&amp;lang=en\" target=\"_blank\" rel=\"noreferrer noopener\">Size-Segregated Particulate Matter and Carboxylic Acids over Urban and Rural Sites in Londrina City, Brazil<\/a><\/li>\n\n\n\n<li><a href=\"https:\/\/link.springer.com\/article\/10.1007\/s10661-011-2142-3\" data-type=\"link\" data-id=\"https:\/\/link.springer.com\/article\/10.1007\/s10661-011-2142-3\" target=\"_blank\" rel=\"noreferrer noopener\">Particle emission from heavy-duty engine fuelled with blended diesel and biodiesel<\/a><\/li>\n\n\n\n<li><a href=\"https:\/\/rvq-sub.sbq.org.br\/index.php\/rvq\/article\/view\/188\/198\" data-type=\"link\" data-id=\"https:\/\/rvq-sub.sbq.org.br\/index.php\/rvq\/article\/view\/188\/198\" target=\"_blank\" rel=\"noreferrer noopener\">Poluentes Atmosf\u00e9ricos Provenientes da Queima de Combust\u00edveis F\u00f3sseis e Biocombust\u00edveis: Uma Breve Revis\u00e3o<\/a><\/li>\n\n\n\n<li><a href=\"https:\/\/www.researchgate.net\/publication\/272653629_Formaldeido_e_acetaldeido_atmosfericos_no_Campus_da_Universidade_de_Hiroshima_Japao\" data-type=\"link\" data-id=\"https:\/\/www.researchgate.net\/publication\/272653629_Formaldeido_e_acetaldeido_atmosfericos_no_Campus_da_Universidade_de_Hiroshima_Japao\" target=\"_blank\" rel=\"noreferrer noopener\">Formalde\u00eddo e acetalde\u00eddo atmosf\u00e9ricos no campus da Universidade de Hiroshima, Jap\u00e3o<\/a><\/li>\n\n\n\n<li><a href=\"https:\/\/www.researchgate.net\/publication\/327307341_Characterization_of_Surface_Waters_of_a_Tropical_Reservoir_using_UV-vis_Spectroscopy_and_Chemical_Properties\" data-type=\"link\" data-id=\"https:\/\/www.researchgate.net\/publication\/327307341_Characterization_of_Surface_Waters_of_a_Tropical_Reservoir_using_UV-vis_Spectroscopy_and_Chemical_Properties\" target=\"_blank\" rel=\"noreferrer noopener\">Characterization of Surface Waters of a Tropical Reservoir using UV-vis Spectroscopy and Chemical Properties<\/a><\/li>\n\n\n\n<li><a href=\"https:\/\/www.scielo.br\/j\/qn\/a\/F6KY9vykFkSVP9wvHR6BWLM\/?format=pdf&amp;lang=pt\" data-type=\"link\" data-id=\"https:\/\/www.scielo.br\/j\/qn\/a\/F6KY9vykFkSVP9wvHR6BWLM\/?format=pdf&amp;lang=pt\" target=\"_blank\" rel=\"noreferrer noopener\">Caracteriza\u00e7\u00e3o do MP<sub>10<\/sub>&nbsp;e MP<sub>2,5<\/sub>&nbsp;e distribui\u00e7\u00e3o por tamanho de cloreto, nitrato e sulfato em atmosfera urbana e rural de Londrina<\/a><\/li>\n\n\n\n<li><a href=\"https:\/\/www.scielo.br\/j\/jbchs\/a\/8vCm7QNtbpy3tvCqx9kW9hK\/?format=pdf&amp;lang=en\" data-type=\"link\" data-id=\"https:\/\/www.scielo.br\/j\/jbchs\/a\/8vCm7QNtbpy3tvCqx9kW9hK\/?format=pdf&amp;lang=en\" target=\"_blank\" rel=\"noreferrer noopener\">Comparison of Rural and Urban Atmospheric Aldehydes in Londrina, Brazil<\/a><\/li>\n\n\n\n<li><a href=\"https:\/\/onlinelibrary.wiley.com\/doi\/10.1002\/clen.200700015\" data-type=\"link\" data-id=\"https:\/\/onlinelibrary.wiley.com\/doi\/10.1002\/clen.200700015\" target=\"_blank\" rel=\"noreferrer noopener\">Analysis of Physical and Chemical Parameters for Discrimination of Water Origin in a Hydroelectric Reservoir<\/a><\/li>\n\n\n\n<li><a href=\"https:\/\/www.sciencedirect.com\/science\/article\/abs\/pii\/S1352231006005632\" data-type=\"link\" data-id=\"https:\/\/www.sciencedirect.com\/science\/article\/abs\/pii\/S1352231006005632\" target=\"_blank\" rel=\"noreferrer noopener\">Integrated and sequential bulk and wet-only samplings of atmospheric precipitation in Londrina, South Brazil (1998\u20132002)<\/a><\/li>\n\n\n\n<li><a href=\"https:\/\/www.jstage.jst.go.jp\/article\/analsci\/21\/3\/21_3_209\/_pdf\/-char\/en\" data-type=\"link\" data-id=\"https:\/\/www.jstage.jst.go.jp\/article\/analsci\/21\/3\/21_3_209\/_pdf\/-char\/en\" target=\"_blank\" rel=\"noreferrer noopener\">Interpretation of Seasonal Variation of Metals and Abiotic Properties in a Tropical Lake Using Multivariate Analysis and MINTEQA2 Program<\/a><\/li>\n\n\n\n<li><a href=\"https:\/\/www.limnology-journal.org\/articles\/limn\/pdf\/2005\/01\/limno200541p47.pdf\" data-type=\"link\" data-id=\"https:\/\/www.limnology-journal.org\/articles\/limn\/pdf\/2005\/01\/limno200541p47.pdf\" target=\"_blank\" rel=\"noreferrer noopener\">Determination of trace metal concentrations in a flooded tropical lake during a complete hydrological cycle<\/a><\/li>\n\n\n\n<li><a href=\"https:\/\/www.sciencedirect.com\/science\/article\/abs\/pii\/S1352231004006156\" data-type=\"link\" data-id=\"https:\/\/www.sciencedirect.com\/science\/article\/abs\/pii\/S1352231004006156\" target=\"_blank\" rel=\"noreferrer noopener\">Emission of polycyclic aromatic hydrocarbons from diesel engine in a bus station, Londrina, Brazil<\/a><\/li>\n\n\n\n<li><a href=\"https:\/\/www.uel.br\/grupos\/gfna\/E03_541.PDF\" data-type=\"link\" data-id=\"https:\/\/www.uel.br\/grupos\/gfna\/E03_541.PDF\" target=\"_blank\" rel=\"noreferrer noopener\">Aplica\u00e7\u00e3o de Fluoresc\u00eancia de Raio X na Determina\u00e7\u00e3o de Componentes Insol\u00faveis nas \u00c1guas de Precipita\u00e7\u00e3o em Regi\u00e3o Continental Subtropical<\/a><\/li>\n\n\n\n<li><a href=\"https:\/\/www.sciencedirect.com\/science\/article\/abs\/pii\/S1352231099005038\" data-type=\"link\" data-id=\"https:\/\/www.sciencedirect.com\/science\/article\/abs\/pii\/S1352231099005038\" target=\"_blank\" rel=\"noreferrer noopener\">Modelling and measurements of below cloud scavenging processes in the highly industrialised region of Cubat\u00e3o-Brazil<\/a><\/li>\n\n\n\n<li><a href=\"https:\/\/drive.google.com\/file\/d\/1dvcsnrcyfpMx1InZ8n7QoMmlNBhDVvnP\/view?usp=drive_link\" data-type=\"link\" data-id=\"https:\/\/drive.google.com\/file\/d\/1dvcsnrcyfpMx1InZ8n7QoMmlNBhDVvnP\/view?usp=drive_link\" target=\"_blank\" rel=\"noreferrer noopener\">Wet deposition of atmospheric pollutants: a case study at Serra do Mar ecosystem, SE Brazil<\/a><\/li>\n\n\n\n<li>Preliminary Analysis of Atmospheric Scavenging Processes in the Industrial Region of Cubat\u00e3o, Southeastern Brazil<\/li>\n<\/ul>\n","protected":false},"excerpt":{"rendered":"<p>Pesquisas realizadas pelos alunos e alunas do LACA IMPACTO SOBRE O AMBIENTE DAS EMISS\u00d5ES PRODUZIDAS POR PROCESSOS DE COMBUST\u00c3O DE DIESEL ESTUDO SOBRE A EMISS\u00c3O E DEPOSI\u00c7\u00c3O DE AMINAS PROVENIENTES DA QUEIMA DE MISTURAS COMBUST\u00cdVEIS ESTUDO SOBRE A COMPOSI\u00c7\u00c3O ORG\u00c2NICA E INORG\u00c2NICA E O POTENCIAL OXIDATIVO DE MATERIAL PARTICULADO ATMOSF\u00c9RICO EM LOCAIS E FONTES COM [&hellip;]<\/p>\n","protected":false},"author":8,"featured_media":0,"parent":0,"menu_order":0,"comment_status":"closed","ping_status":"closed","template":"","meta":{"footnotes":""},"class_list":["post-45","page","type-page","status-publish","hentry"],"acf":[],"_links":{"self":[{"href":"https:\/\/sites.uel.br\/laca\/wp-json\/wp\/v2\/pages\/45","targetHints":{"allow":["GET"]}}],"collection":[{"href":"https:\/\/sites.uel.br\/laca\/wp-json\/wp\/v2\/pages"}],"about":[{"href":"https:\/\/sites.uel.br\/laca\/wp-json\/wp\/v2\/types\/page"}],"author":[{"embeddable":true,"href":"https:\/\/sites.uel.br\/laca\/wp-json\/wp\/v2\/users\/8"}],"replies":[{"embeddable":true,"href":"https:\/\/sites.uel.br\/laca\/wp-json\/wp\/v2\/comments?post=45"}],"version-history":[{"count":3,"href":"https:\/\/sites.uel.br\/laca\/wp-json\/wp\/v2\/pages\/45\/revisions"}],"predecessor-version":[{"id":321,"href":"https:\/\/sites.uel.br\/laca\/wp-json\/wp\/v2\/pages\/45\/revisions\/321"}],"wp:attachment":[{"href":"https:\/\/sites.uel.br\/laca\/wp-json\/wp\/v2\/media?parent=45"}],"curies":[{"name":"wp","href":"https:\/\/api.w.org\/{rel}","templated":true}]}}