{"id":43,"date":"2023-11-07T17:51:48","date_gmt":"2023-11-07T20:51:48","guid":{"rendered":"https:\/\/sites.uel.br\/laca\/?page_id=43"},"modified":"2023-11-07T18:22:32","modified_gmt":"2023-11-07T21:22:32","slug":"inct","status":"publish","type":"page","link":"https:\/\/sites.uel.br\/laca\/inct\/","title":{"rendered":"INCT"},"content":{"rendered":"\n<p class=\"has-text-align-center\"><strong>Instituto Nacional de Ci\u00eancia e Tecnologia de Energia e Ambiente<\/strong><\/p>\n\n\n<div class=\"wp-block-image\">\n<figure class=\"aligncenter size-full is-resized\"><img loading=\"lazy\" decoding=\"async\" width=\"512\" height=\"329\" src=\"https:\/\/sites.uel.br\/laca\/wp-content\/uploads\/2023\/11\/INCT.jpg\" alt=\"\" class=\"wp-image-84\" style=\"aspect-ratio:1.5555555555555556;width:560px;height:auto\" srcset=\"https:\/\/sites.uel.br\/laca\/wp-content\/uploads\/2023\/11\/INCT.jpg 512w, https:\/\/sites.uel.br\/laca\/wp-content\/uploads\/2023\/11\/INCT-300x193.jpg 300w\" sizes=\"auto, (max-width: 512px) 100vw, 512px\" \/><\/figure>\n<\/div>\n\n\n<p>Os Institutos Nacionais de Ci\u00eancia e Tecnologia (INCT) surgiram do aprimoramento dos Institutos do Mil\u00eanio, que foi uma iniciativa do Minist\u00e9rio da Ci\u00eancia e Tecnologia executada pelo Conselho Nacional de Desenvolvimento Cient\u00edfico e Tecnol\u00f3gico, visando ampliar as op\u00e7\u00f5es de financiamento de projetos mais abrangentes e relevantes de pesquisa cient\u00edfica e de desenvolvimento tecnol\u00f3gico.<\/p>\n\n\n\n<p>Dentre suas principais finalidades, destacam-se:<\/p>\n\n\n\n<ul class=\"wp-block-list\">\n<li><strong>Pesquisa<\/strong>: caracterizada pela promo\u00e7\u00e3o de pesquisa de vanguarda e elevada qualidade, de padr\u00e3o competitivo internacional na \u00e1rea de conhecimento. O Instituto deve ser estruturado e funcionar como uma refer\u00eancia de excel\u00eancia nacional na sua \u00e1rea de atua\u00e7\u00e3o, de modo a contribuir efetivamente para o desenvolvimento nacional.<\/li>\n<\/ul>\n\n\n\n<ul class=\"wp-block-list\">\n<li><strong>Forma\u00e7\u00e3o de Recursos Humanos<\/strong>: caracterizada pela promo\u00e7\u00e3o da forma\u00e7\u00e3o de pessoal qualificado, por meio de cursos de p\u00f3s-gradua\u00e7\u00e3o e de envolvimento de estudantes de gradua\u00e7\u00e3o em pesquisas vinculadas especificamente ao projeto de desenvolvimento cient\u00edfico e\/ou tecnol\u00f3gico do Instituto, com vistas \u00e0 forma\u00e7\u00e3o de cientistas acad\u00eamicos de n\u00edvel internacional.<\/li>\n\n\n\n<li><strong>Transfer\u00eancia de Conhecimentos, tecnologias e inova\u00e7\u00f5es para a sociedade<\/strong>: caracterizada pela utiliza\u00e7\u00e3o de outros instrumentos, al\u00e9m da publica\u00e7\u00e3o cient\u00edfica. O Instituto deve ter um programa bem estruturado de educa\u00e7\u00e3o em ci\u00eancia e difus\u00e3o de conhecimento, conduzido por seus pesquisadores e pelos bolsistas a ele vinculados, focalizado preferencialmente na educa\u00e7\u00e3o cient\u00edfica da popula\u00e7\u00e3o em geral<\/li>\n\n\n\n<li><strong>Transfer\u00eancia de conhecimentos, tecnologias e inova\u00e7\u00f5es para o setor produtivo e\/ou para o setor P\u00fablico<\/strong>: espec\u00edfica para os Institutos voltados a aplica\u00e7\u00f5es da ci\u00eancia, tecnologia e inova\u00e7\u00e3o, mecanismos para a intera\u00e7\u00e3o e sinergia com o setor empresarial e\/ou com o setor p\u00fablico, treinamento de pesquisadores e t\u00e9cnicos que possam atuar nas empresas, e iniciativas que facilitem o desenvolvimento conjunto de conhecimento, produtos e processos. Deve apresentar \u00eanfase em todo o ciclo do conhecimento: do desenvolvimento de ideias a produtos comerciais, buscando a gera\u00e7\u00e3o de patentes e a inser\u00e7\u00e3o de produtos no mercado.<\/li>\n\n\n\n<li><strong>Internacionaliza\u00e7\u00e3o<\/strong>: o Instituto dever\u00e1 promover a\u00e7\u00f5es que possibilitem a intera\u00e7\u00e3o internacional com grupos de excel\u00eancia de pa\u00edses l\u00edderes na \u00e1rea de atua\u00e7\u00e3o visando n\u00e3o s\u00f3 o aumento da produ\u00e7\u00e3o cient\u00edfica e a melhoria da qualidade desta produ\u00e7\u00e3o, mas tamb\u00e9m a mobilidade de pesquisadores formados ou em forma\u00e7\u00e3o.<\/li>\n<\/ul>\n\n\n\n<p class=\"has-small-font-size\">Fonte: INCT<\/p>\n\n\n\n<div class=\"wp-block-buttons is-content-justification-center is-layout-flex wp-container-core-buttons-is-layout-16018d1d wp-block-buttons-is-layout-flex\">\n<div class=\"wp-block-button is-style-fill\"><a class=\"wp-block-button__link has-verde-claro-color has-verde-escuro-background-color has-text-color has-background wp-element-button\" href=\"http:\/\/inct.cnpq.br\" style=\"border-radius:100px\" target=\"_blank\" rel=\"noreferrer noopener\">Site oficial INCT<\/a><\/div>\n<\/div>\n","protected":false},"excerpt":{"rendered":"<p>Instituto Nacional de Ci\u00eancia e Tecnologia de Energia e Ambiente Os Institutos Nacionais de Ci\u00eancia e Tecnologia (INCT) surgiram do aprimoramento dos Institutos do Mil\u00eanio, que foi uma iniciativa do Minist\u00e9rio da Ci\u00eancia e Tecnologia executada pelo Conselho Nacional de Desenvolvimento Cient\u00edfico e Tecnol\u00f3gico, visando ampliar as op\u00e7\u00f5es de financiamento de projetos mais abrangentes e [&hellip;]<\/p>\n","protected":false},"author":8,"featured_media":0,"parent":0,"menu_order":0,"comment_status":"closed","ping_status":"closed","template":"","meta":{"footnotes":""},"class_list":["post-43","page","type-page","status-publish","hentry"],"acf":[],"_links":{"self":[{"href":"https:\/\/sites.uel.br\/laca\/wp-json\/wp\/v2\/pages\/43","targetHints":{"allow":["GET"]}}],"collection":[{"href":"https:\/\/sites.uel.br\/laca\/wp-json\/wp\/v2\/pages"}],"about":[{"href":"https:\/\/sites.uel.br\/laca\/wp-json\/wp\/v2\/types\/page"}],"author":[{"embeddable":true,"href":"https:\/\/sites.uel.br\/laca\/wp-json\/wp\/v2\/users\/8"}],"replies":[{"embeddable":true,"href":"https:\/\/sites.uel.br\/laca\/wp-json\/wp\/v2\/comments?post=43"}],"version-history":[{"count":5,"href":"https:\/\/sites.uel.br\/laca\/wp-json\/wp\/v2\/pages\/43\/revisions"}],"predecessor-version":[{"id":87,"href":"https:\/\/sites.uel.br\/laca\/wp-json\/wp\/v2\/pages\/43\/revisions\/87"}],"wp:attachment":[{"href":"https:\/\/sites.uel.br\/laca\/wp-json\/wp\/v2\/media?parent=43"}],"curies":[{"name":"wp","href":"https:\/\/api.w.org\/{rel}","templated":true}]}}