{"id":42,"date":"2023-11-07T17:51:48","date_gmt":"2023-11-07T20:51:48","guid":{"rendered":"https:\/\/sites.uel.br\/laca\/?page_id=42"},"modified":"2023-11-07T19:19:16","modified_gmt":"2023-11-07T22:19:16","slug":"servicos","status":"publish","type":"page","link":"https:\/\/sites.uel.br\/laca\/servicos\/","title":{"rendered":"Servi\u00e7os"},"content":{"rendered":"\n<p>O LACA presta servi\u00e7os aos empreendimentos ou institui\u00e7\u00f5es que desenvolvam atividades que abriguem fontes efetivas ou potencialmente poluidoras do ar ou que estejam sob o impacto de m\u00e1 qualidade do ar. <\/p>\n\n\n\n<p class=\"has-verde-claro-background-color has-background\"><strong>Nosso maior enfoque \u00e9 a amostragem e an\u00e1lises laboratoriais de poluentes atmosf\u00e9ricos.<\/strong><\/p>\n\n\n\n<p class=\"has-medium-font-size\">O LACA presta servi\u00e7os \u00e0 Promotoria P\u00fablica, j\u00e1 atendeu ao SENAI e empresas privadas como\u00a0CTE \u2013 Centro de Tecnologia de Edifica\u00e7\u00f5es no entorno do Boulevard Londrina Shopping (Marco Zero).<\/p>\n","protected":false},"excerpt":{"rendered":"<p>O LACA presta servi\u00e7os aos empreendimentos ou institui\u00e7\u00f5es que desenvolvam atividades que abriguem fontes efetivas ou potencialmente poluidoras do ar ou que estejam sob o impacto de m\u00e1 qualidade do ar. Nosso maior enfoque \u00e9 a amostragem e an\u00e1lises laboratoriais de poluentes atmosf\u00e9ricos. O LACA presta servi\u00e7os \u00e0 Promotoria P\u00fablica, j\u00e1 atendeu ao SENAI e [&hellip;]<\/p>\n","protected":false},"author":8,"featured_media":0,"parent":0,"menu_order":0,"comment_status":"closed","ping_status":"closed","template":"","meta":{"footnotes":""},"class_list":["post-42","page","type-page","status-publish","hentry"],"acf":[],"_links":{"self":[{"href":"https:\/\/sites.uel.br\/laca\/wp-json\/wp\/v2\/pages\/42","targetHints":{"allow":["GET"]}}],"collection":[{"href":"https:\/\/sites.uel.br\/laca\/wp-json\/wp\/v2\/pages"}],"about":[{"href":"https:\/\/sites.uel.br\/laca\/wp-json\/wp\/v2\/types\/page"}],"author":[{"embeddable":true,"href":"https:\/\/sites.uel.br\/laca\/wp-json\/wp\/v2\/users\/8"}],"replies":[{"embeddable":true,"href":"https:\/\/sites.uel.br\/laca\/wp-json\/wp\/v2\/comments?post=42"}],"version-history":[{"count":4,"href":"https:\/\/sites.uel.br\/laca\/wp-json\/wp\/v2\/pages\/42\/revisions"}],"predecessor-version":[{"id":112,"href":"https:\/\/sites.uel.br\/laca\/wp-json\/wp\/v2\/pages\/42\/revisions\/112"}],"wp:attachment":[{"href":"https:\/\/sites.uel.br\/laca\/wp-json\/wp\/v2\/media?parent=42"}],"curies":[{"name":"wp","href":"https:\/\/api.w.org\/{rel}","templated":true}]}}