{"id":39,"date":"2023-11-07T17:51:48","date_gmt":"2023-11-07T20:51:48","guid":{"rendered":"https:\/\/sites.uel.br\/laca\/?page_id=39"},"modified":"2023-11-07T18:05:17","modified_gmt":"2023-11-07T21:05:17","slug":"historia","status":"publish","type":"page","link":"https:\/\/sites.uel.br\/laca\/historia\/","title":{"rendered":"Hist\u00f3ria"},"content":{"rendered":"<div class=\"wp-block-image\">\n<figure class=\"aligncenter size-large is-resized\"><img loading=\"lazy\" decoding=\"async\" width=\"1024\" height=\"983\" src=\"https:\/\/sites.uel.br\/laca\/wp-content\/uploads\/2023\/11\/WhatsApp-Image-2023-06-26-at-15.25.05-1-e1699390937476-1024x983.jpeg\" alt=\"\" class=\"wp-image-77\" style=\"aspect-ratio:1.0417090539165819;width:671px;height:auto\" srcset=\"https:\/\/sites.uel.br\/laca\/wp-content\/uploads\/2023\/11\/WhatsApp-Image-2023-06-26-at-15.25.05-1-e1699390937476-1024x983.jpeg 1024w, https:\/\/sites.uel.br\/laca\/wp-content\/uploads\/2023\/11\/WhatsApp-Image-2023-06-26-at-15.25.05-1-e1699390937476-300x288.jpeg 300w, https:\/\/sites.uel.br\/laca\/wp-content\/uploads\/2023\/11\/WhatsApp-Image-2023-06-26-at-15.25.05-1-e1699390937476-768x737.jpeg 768w, https:\/\/sites.uel.br\/laca\/wp-content\/uploads\/2023\/11\/WhatsApp-Image-2023-06-26-at-15.25.05-1-e1699390937476.jpeg 1117w\" sizes=\"auto, (max-width: 1024px) 100vw, 1024px\" \/><\/figure>\n<\/div>\n\n\n<p>O projeto se iniciou como Programa de Avalia\u00e7\u00e3o dos Recursos Atmosf\u00e9ricos em Londrina, Paran\u00e1 (PARALON) e como Laborat\u00f3rio de an\u00e1lise dos componentes do ar.<\/p>\n\n\n\n<p>O PARALON foi aprovado pelo Fundo Estadual do Meio Ambiente, com recursos de R$ 101.000,00 para a constru\u00e7\u00e3o do Laborat\u00f3rio de An\u00e1lise dos Componentes do Ar (LACA), com 100 m<sup>2<\/sup>&nbsp;no Departamento de Qu\u00edmica, Centro de Ci\u00eancias Exatas da Universidade Estadual de Londrina. O PARALON foi contemplado com recursos de R$ 65.000,00 provenientes do cons\u00f3rcio FAUEL, UEL e Promotoria P\u00fablica do Meio Ambiente para a aquisi\u00e7\u00e3o de Balan\u00e7a Ultramicro, impactadores, ciclones e material de consumo. Este investimento foi resultado do reconhecimento da sociedade ao PARALON, pois entre alguns projetos no \u00e2mbito do programa destacam-se as medi\u00e7\u00f5es realizadas no terminal de \u00f4nibus urbano da cidade que vem investigando as emiss\u00f5es de combust\u00edveis em tempo real.O PARALON ainda, ap\u00f3s ser apresentado ao grupo de pesquisa liderado pelo Prof. Dr. Wolfgang Jaescke, na Universidade de Frankfurt, Alemanha, recebeu doa\u00e7\u00f5es de equipamentos para amostragem na ordem de 13.000,00 euros. Al\u00e9m do apoio financeiro destinado ao LACA\/PARALON, foram aprovados em projetos nos editais CNPq Universal e Funda\u00e7\u00e3o Arauc\u00e1ria.<\/p>\n\n\n\n<p>O LACA tem estrutura adequada para a an\u00e1lise (amostragem e determina\u00e7\u00e3o) de esp\u00e9cies atmosf\u00e9ricas, com salas climatizadas e livres de contamina\u00e7\u00e3o.<\/p>\n\n\n\n<p>O LACA \u00e9 integrante do Instituto Nacional de Energia e Ambiente (INCT de E&amp;Amb) coordenado pelo Prof. Dr. Jailson B. de Andrade. Mant\u00e9m parcerias com v\u00e1rios grupos de pesquisa a saber: Profa. Dra. P\u00e9rola de Castro Vasconcellos \u2013 IQ\/USP; Profa. Dra. Graciela Arbilla \u2013 IQ\/UFRJ; Prof. Dr. Renato Zanella \u2013 UFSM; Profa. Dra. Cristine Machado \u2013 UFAM; Profa. Dra. Vania Campos \u2013 IQ\/UFBA; Profa. Dra. Leila D. Martins \u2013 UFTPR; Prof. Dr. Thorsten Hoffman \u2013 Universidade de Mainz\/Alemanha.<\/p>\n","protected":false},"excerpt":{"rendered":"<p>O projeto se iniciou como Programa de Avalia\u00e7\u00e3o dos Recursos Atmosf\u00e9ricos em Londrina, Paran\u00e1 (PARALON) e como Laborat\u00f3rio de an\u00e1lise dos componentes do ar. O PARALON foi aprovado pelo Fundo Estadual do Meio Ambiente, com recursos de R$ 101.000,00 para a constru\u00e7\u00e3o do Laborat\u00f3rio de An\u00e1lise dos Componentes do Ar (LACA), com 100 m2&nbsp;no Departamento [&hellip;]<\/p>\n","protected":false},"author":8,"featured_media":0,"parent":0,"menu_order":0,"comment_status":"closed","ping_status":"closed","template":"","meta":{"footnotes":""},"class_list":["post-39","page","type-page","status-publish","hentry"],"acf":[],"_links":{"self":[{"href":"https:\/\/sites.uel.br\/laca\/wp-json\/wp\/v2\/pages\/39","targetHints":{"allow":["GET"]}}],"collection":[{"href":"https:\/\/sites.uel.br\/laca\/wp-json\/wp\/v2\/pages"}],"about":[{"href":"https:\/\/sites.uel.br\/laca\/wp-json\/wp\/v2\/types\/page"}],"author":[{"embeddable":true,"href":"https:\/\/sites.uel.br\/laca\/wp-json\/wp\/v2\/users\/8"}],"replies":[{"embeddable":true,"href":"https:\/\/sites.uel.br\/laca\/wp-json\/wp\/v2\/comments?post=39"}],"version-history":[{"count":5,"href":"https:\/\/sites.uel.br\/laca\/wp-json\/wp\/v2\/pages\/39\/revisions"}],"predecessor-version":[{"id":211,"href":"https:\/\/sites.uel.br\/laca\/wp-json\/wp\/v2\/pages\/39\/revisions\/211"}],"wp:attachment":[{"href":"https:\/\/sites.uel.br\/laca\/wp-json\/wp\/v2\/media?parent=39"}],"curies":[{"name":"wp","href":"https:\/\/api.w.org\/{rel}","templated":true}]}}