{"id":210,"date":"2025-05-28T16:54:39","date_gmt":"2025-05-28T19:54:39","guid":{"rendered":"https:\/\/sites.uel.br\/laca\/?page_id=210"},"modified":"2025-10-22T15:41:11","modified_gmt":"2025-10-22T18:41:11","slug":"grupo-de-pesquisa","status":"publish","type":"page","link":"https:\/\/sites.uel.br\/laca\/grupo-de-pesquisa\/","title":{"rendered":"Grupo de Pesquisa"},"content":{"rendered":"\n<div class=\"wp-block-media-text is-stacked-on-mobile\" style=\"grid-template-columns:16% auto\"><figure class=\"wp-block-media-text__media\"><img loading=\"lazy\" decoding=\"async\" width=\"197\" height=\"245\" src=\"https:\/\/sites.uel.br\/laca\/wp-content\/uploads\/2025\/05\/solci.png\" alt=\"\" class=\"wp-image-227 size-full\" \/><\/figure><div class=\"wp-block-media-text__content\">\n<p>Respons\u00e1vel pelo LACA<\/p>\n\n\n\n<p>Prof.Dra Maria Cristina Solci<\/p>\n\n\n\n<p>l<\/p>\n<\/div><\/div>\n\n\n\n<hr class=\"wp-block-separator has-alpha-channel-opacity\" \/>\n\n\n\n<div class=\"wp-block-group\"><div class=\"wp-block-group__inner-container is-layout-constrained wp-block-group-is-layout-constrained\">\n<div class=\"wp-block-media-text is-stacked-on-mobile\" style=\"grid-template-columns:15% auto\"><figure class=\"wp-block-media-text__media\"><img loading=\"lazy\" decoding=\"async\" width=\"358\" height=\"300\" src=\"https:\/\/sites.uel.br\/laca\/wp-content\/uploads\/2025\/06\/igor2.jpg\" alt=\"\" class=\"wp-image-420 size-full\" srcset=\"https:\/\/sites.uel.br\/laca\/wp-content\/uploads\/2025\/06\/igor2.jpg 358w, https:\/\/sites.uel.br\/laca\/wp-content\/uploads\/2025\/06\/igor2-300x251.jpg 300w\" sizes=\"auto, (max-width: 358px) 100vw, 358px\" \/><\/figure><div class=\"wp-block-media-text__content\">\n<p>Doutorando<\/p>\n\n\n\n<p>Igor mantovani<\/p>\n<\/div><\/div>\n\n\n\n<div class=\"wp-block-media-text is-stacked-on-mobile\" style=\"grid-template-columns:15% auto\"><figure class=\"wp-block-media-text__media\"><img loading=\"lazy\" decoding=\"async\" width=\"1024\" height=\"1024\" src=\"https:\/\/sites.uel.br\/laca\/wp-content\/uploads\/2025\/06\/thais-1024x1024.jpeg\" alt=\"\" class=\"wp-image-426 size-full\" srcset=\"https:\/\/sites.uel.br\/laca\/wp-content\/uploads\/2025\/06\/thais-1024x1024.jpeg 1024w, https:\/\/sites.uel.br\/laca\/wp-content\/uploads\/2025\/06\/thais-300x300.jpeg 300w, https:\/\/sites.uel.br\/laca\/wp-content\/uploads\/2025\/06\/thais-150x150.jpeg 150w, https:\/\/sites.uel.br\/laca\/wp-content\/uploads\/2025\/06\/thais-768x768.jpeg 768w, https:\/\/sites.uel.br\/laca\/wp-content\/uploads\/2025\/06\/thais.jpeg 1080w\" sizes=\"auto, (max-width: 1024px) 100vw, 1024px\" \/><\/figure><div class=\"wp-block-media-text__content\">\n<p>Doutoranda <\/p>\n\n\n\n<p>Thais Alves<\/p>\n<\/div><\/div>\n\n\n\n<div class=\"wp-block-media-text is-stacked-on-mobile\" style=\"grid-template-columns:16% auto\"><figure class=\"wp-block-media-text__media\"><img loading=\"lazy\" decoding=\"async\" width=\"185\" height=\"213\" src=\"https:\/\/sites.uel.br\/laca\/wp-content\/uploads\/2025\/06\/leticia.jpg\" alt=\"\" class=\"wp-image-423 size-full\" \/><\/figure><div class=\"wp-block-media-text__content\">\n<p>Doutoranda<\/p>\n\n\n\n<p>Leticia Manzato<\/p>\n<\/div><\/div>\n\n\n\n<div class=\"wp-block-media-text is-stacked-on-mobile\" style=\"grid-template-columns:16% auto\"><figure class=\"wp-block-media-text__media\"><img loading=\"lazy\" decoding=\"async\" width=\"1024\" height=\"1024\" src=\"https:\/\/sites.uel.br\/laca\/wp-content\/uploads\/2025\/05\/WhatsApp-Image-2024-10-24-at-16.25.27-1024x1024.jpeg\" alt=\"\" class=\"wp-image-252 size-full\" srcset=\"https:\/\/sites.uel.br\/laca\/wp-content\/uploads\/2025\/05\/WhatsApp-Image-2024-10-24-at-16.25.27-1024x1024.jpeg 1024w, https:\/\/sites.uel.br\/laca\/wp-content\/uploads\/2025\/05\/WhatsApp-Image-2024-10-24-at-16.25.27-300x300.jpeg 300w, https:\/\/sites.uel.br\/laca\/wp-content\/uploads\/2025\/05\/WhatsApp-Image-2024-10-24-at-16.25.27-150x150.jpeg 150w, https:\/\/sites.uel.br\/laca\/wp-content\/uploads\/2025\/05\/WhatsApp-Image-2024-10-24-at-16.25.27-768x768.jpeg 768w, https:\/\/sites.uel.br\/laca\/wp-content\/uploads\/2025\/05\/WhatsApp-Image-2024-10-24-at-16.25.27-1536x1536.jpeg 1536w, https:\/\/sites.uel.br\/laca\/wp-content\/uploads\/2025\/05\/WhatsApp-Image-2024-10-24-at-16.25.27.jpeg 1600w\" sizes=\"auto, (max-width: 1024px) 100vw, 1024px\" \/><\/figure><div class=\"wp-block-media-text__content\">\n<p>Doutorando <\/p>\n\n\n\n<p>Franke M.Teste<\/p>\n<\/div><\/div>\n\n\n\n<div class=\"wp-block-media-text is-stacked-on-mobile\" style=\"grid-template-columns:15% auto\"><figure class=\"wp-block-media-text__media\"><img loading=\"lazy\" decoding=\"async\" width=\"721\" height=\"756\" src=\"https:\/\/sites.uel.br\/laca\/wp-content\/uploads\/2025\/06\/lari.jpg\" alt=\"\" class=\"wp-image-422 size-full\" srcset=\"https:\/\/sites.uel.br\/laca\/wp-content\/uploads\/2025\/06\/lari.jpg 721w, https:\/\/sites.uel.br\/laca\/wp-content\/uploads\/2025\/06\/lari-286x300.jpg 286w\" sizes=\"auto, (max-width: 721px) 100vw, 721px\" \/><\/figure><div class=\"wp-block-media-text__content\">\n<p>Doutoranda<\/p>\n\n\n\n<p>Larissa Vieira<\/p>\n<\/div><\/div>\n<\/div><\/div>\n\n\n\n<hr class=\"wp-block-separator has-alpha-channel-opacity\" \/>\n\n\n\n<div class=\"wp-block-group\"><div class=\"wp-block-group__inner-container is-layout-constrained wp-block-group-is-layout-constrained\">\n<div class=\"wp-block-media-text is-stacked-on-mobile\" style=\"grid-template-columns:15% auto\"><figure class=\"wp-block-media-text__media\"><img loading=\"lazy\" decoding=\"async\" width=\"766\" height=\"795\" src=\"https:\/\/sites.uel.br\/laca\/wp-content\/uploads\/2025\/06\/isa.jpg\" alt=\"\" class=\"wp-image-421 size-full\" srcset=\"https:\/\/sites.uel.br\/laca\/wp-content\/uploads\/2025\/06\/isa.jpg 766w, https:\/\/sites.uel.br\/laca\/wp-content\/uploads\/2025\/06\/isa-289x300.jpg 289w\" sizes=\"auto, (max-width: 766px) 100vw, 766px\" \/><\/figure><div class=\"wp-block-media-text__content\">\n<p>Mestranda<\/p>\n\n\n\n<p>Isadora Bieleski<\/p>\n<\/div><\/div>\n\n\n\n<div class=\"wp-block-media-text is-stacked-on-mobile\" style=\"grid-template-columns:15% auto\"><figure class=\"wp-block-media-text__media\"><img loading=\"lazy\" decoding=\"async\" width=\"435\" height=\"413\" src=\"https:\/\/sites.uel.br\/laca\/wp-content\/uploads\/2025\/06\/rafa.jpg\" alt=\"\" class=\"wp-image-427 size-full\" srcset=\"https:\/\/sites.uel.br\/laca\/wp-content\/uploads\/2025\/06\/rafa.jpg 435w, https:\/\/sites.uel.br\/laca\/wp-content\/uploads\/2025\/06\/rafa-300x285.jpg 300w\" sizes=\"auto, (max-width: 435px) 100vw, 435px\" \/><\/figure><div class=\"wp-block-media-text__content\">\n<p>Mestre<\/p>\n\n\n\n<p>Rafael Leal<\/p>\n<\/div><\/div>\n\n\n\n<div class=\"wp-block-media-text is-stacked-on-mobile\" style=\"grid-template-columns:15% auto\"><figure class=\"wp-block-media-text__media\"><img loading=\"lazy\" decoding=\"async\" width=\"633\" height=\"578\" src=\"https:\/\/sites.uel.br\/laca\/wp-content\/uploads\/2025\/06\/chris.jpg\" alt=\"\" class=\"wp-image-418 size-full\" srcset=\"https:\/\/sites.uel.br\/laca\/wp-content\/uploads\/2025\/06\/chris.jpg 633w, https:\/\/sites.uel.br\/laca\/wp-content\/uploads\/2025\/06\/chris-300x274.jpg 300w\" sizes=\"auto, (max-width: 633px) 100vw, 633px\" \/><\/figure><div class=\"wp-block-media-text__content\">\n<p>Mestrando<\/p>\n\n\n\n<p>Christian Honorato<\/p>\n<\/div><\/div>\n<\/div><\/div>\n\n\n\n<hr class=\"wp-block-separator has-alpha-channel-opacity\" \/>\n\n\n\n<div class=\"wp-block-media-text is-stacked-on-mobile\" style=\"grid-template-columns:15% auto\"><figure class=\"wp-block-media-text__media\"><img loading=\"lazy\" decoding=\"async\" width=\"828\" height=\"828\" src=\"https:\/\/sites.uel.br\/laca\/wp-content\/uploads\/2025\/06\/adriele.jpeg\" alt=\"\" class=\"wp-image-417 size-full\" srcset=\"https:\/\/sites.uel.br\/laca\/wp-content\/uploads\/2025\/06\/adriele.jpeg 828w, https:\/\/sites.uel.br\/laca\/wp-content\/uploads\/2025\/06\/adriele-300x300.jpeg 300w, https:\/\/sites.uel.br\/laca\/wp-content\/uploads\/2025\/06\/adriele-150x150.jpeg 150w, https:\/\/sites.uel.br\/laca\/wp-content\/uploads\/2025\/06\/adriele-768x768.jpeg 768w\" sizes=\"auto, (max-width: 828px) 100vw, 828px\" \/><\/figure><div class=\"wp-block-media-text__content\">\n<p>Gradua\u00e7\u00e3o &#8211; TCC<\/p>\n\n\n\n<p>Adriele Stringuetti<\/p>\n<\/div><\/div>\n\n\n\n<div class=\"wp-block-media-text is-stacked-on-mobile is-vertically-aligned-center\" style=\"grid-template-columns:15% auto\"><figure class=\"wp-block-media-text__media\"><img loading=\"lazy\" decoding=\"async\" width=\"576\" height=\"1024\" src=\"https:\/\/sites.uel.br\/laca\/wp-content\/uploads\/2025\/10\/WhatsApp-Image-2025-09-12-at-18.35.08-576x1024.jpeg\" alt=\"\" class=\"wp-image-463 size-full\" srcset=\"https:\/\/sites.uel.br\/laca\/wp-content\/uploads\/2025\/10\/WhatsApp-Image-2025-09-12-at-18.35.08-576x1024.jpeg 576w, https:\/\/sites.uel.br\/laca\/wp-content\/uploads\/2025\/10\/WhatsApp-Image-2025-09-12-at-18.35.08-169x300.jpeg 169w, https:\/\/sites.uel.br\/laca\/wp-content\/uploads\/2025\/10\/WhatsApp-Image-2025-09-12-at-18.35.08.jpeg 720w\" sizes=\"auto, (max-width: 576px) 100vw, 576px\" \/><\/figure><div class=\"wp-block-media-text__content\">\n<p>Gradua\u00e7\u00e3o &#8211; TCC<\/p>\n\n\n\n<p>Mateus Dutra<\/p>\n<\/div><\/div>\n\n\n\n<p><\/p>\n","protected":false},"excerpt":{"rendered":"<p>Respons\u00e1vel pelo LACA Prof.Dra Maria Cristina Solci l Doutorando Igor mantovani Doutoranda Thais Alves Doutoranda Leticia Manzato Doutorando Franke M.Teste Doutoranda Larissa Vieira Mestranda Isadora Bieleski Mestre Rafael Leal Mestrando Christian Honorato Gradua\u00e7\u00e3o &#8211; TCC Adriele Stringuetti Gradua\u00e7\u00e3o &#8211; TCC Mateus Dutra<\/p>\n","protected":false},"author":9,"featured_media":0,"parent":0,"menu_order":0,"comment_status":"closed","ping_status":"closed","template":"","meta":{"footnotes":""},"class_list":["post-210","page","type-page","status-publish","hentry"],"acf":[],"_links":{"self":[{"href":"https:\/\/sites.uel.br\/laca\/wp-json\/wp\/v2\/pages\/210","targetHints":{"allow":["GET"]}}],"collection":[{"href":"https:\/\/sites.uel.br\/laca\/wp-json\/wp\/v2\/pages"}],"about":[{"href":"https:\/\/sites.uel.br\/laca\/wp-json\/wp\/v2\/types\/page"}],"author":[{"embeddable":true,"href":"https:\/\/sites.uel.br\/laca\/wp-json\/wp\/v2\/users\/9"}],"replies":[{"embeddable":true,"href":"https:\/\/sites.uel.br\/laca\/wp-json\/wp\/v2\/comments?post=210"}],"version-history":[{"count":9,"href":"https:\/\/sites.uel.br\/laca\/wp-json\/wp\/v2\/pages\/210\/revisions"}],"predecessor-version":[{"id":465,"href":"https:\/\/sites.uel.br\/laca\/wp-json\/wp\/v2\/pages\/210\/revisions\/465"}],"wp:attachment":[{"href":"https:\/\/sites.uel.br\/laca\/wp-json\/wp\/v2\/media?parent=210"}],"curies":[{"name":"wp","href":"https:\/\/api.w.org\/{rel}","templated":true}]}}