{"id":130,"date":"2023-11-07T20:30:44","date_gmt":"2023-11-07T23:30:44","guid":{"rendered":"https:\/\/sites.uel.br\/laca\/?page_id=130"},"modified":"2025-06-02T14:51:00","modified_gmt":"2025-06-02T17:51:00","slug":"bem-vindoa","status":"publish","type":"page","link":"https:\/\/sites.uel.br\/laca\/","title":{"rendered":"Bem vindo(a) ao LACA!"},"content":{"rendered":"<div class=\"wp-block-image\">\n<figure class=\"aligncenter size-full is-resized\"><img loading=\"lazy\" decoding=\"async\" width=\"860\" height=\"290\" src=\"https:\/\/sites.uel.br\/laca\/wp-content\/uploads\/2023\/11\/LOGO_LACA_1-removebg-preview.png\" alt=\"\" class=\"wp-image-164\" style=\"aspect-ratio:2.9594594594594597;width:638px;height:auto\" srcset=\"https:\/\/sites.uel.br\/laca\/wp-content\/uploads\/2023\/11\/LOGO_LACA_1-removebg-preview.png 860w, https:\/\/sites.uel.br\/laca\/wp-content\/uploads\/2023\/11\/LOGO_LACA_1-removebg-preview-300x101.png 300w, https:\/\/sites.uel.br\/laca\/wp-content\/uploads\/2023\/11\/LOGO_LACA_1-removebg-preview-768x259.png 768w\" sizes=\"auto, (max-width: 860px) 100vw, 860px\" \/><\/figure>\n<\/div>\n\n\n<h2 class=\"wp-block-heading has-text-align-center\">Laborat\u00f3rio de An\u00e1lises Cromatogr\u00e1ficas e Ambientais<\/h2>\n\n\n\n<p>O LACA \u00e9 especializado na an\u00e1lise dos componentes do ar e poluentes atmosf\u00e9ricos, utilizando t\u00e9cnicas avan\u00e7adas para promover sustentabilidade e preservar os recursos naturais, buscando realizar an\u00e1lises precisas e confi\u00e1veis para aumentar a conscientiza\u00e7\u00e3o sobre a qualidade do ar e educa\u00e7\u00e3o ambiental.<\/p>\n\n\n\n<div class=\"wp-block-group\" style=\"padding-top:30px;padding-right:30px;padding-bottom:30px;padding-left:30px\"><div class=\"wp-block-group__inner-container is-layout-flow wp-block-group-is-layout-flow\">\n<div class=\"wp-block-group is-nowrap is-layout-flex wp-container-core-group-is-layout-ad2f72ca wp-block-group-is-layout-flex\">\n<div class=\"wp-block-group\"><div class=\"wp-block-group__inner-container is-layout-constrained wp-block-group-is-layout-constrained\">\n<div class=\"wp-block-columns are-vertically-aligned-top is-layout-flex wp-container-core-columns-is-layout-9d6595d7 wp-block-columns-is-layout-flex\">\n<div class=\"wp-block-column is-layout-flow wp-block-column-is-layout-flow\"><ul class=\"wp-block-latest-posts__list wp-block-latest-posts has-medium-font-size\"><li><a class=\"wp-block-latest-posts__post-title\" href=\"https:\/\/sites.uel.br\/laca\/sem-categoria\/2023\/11\/07\/o-que-e-o-conama\/\">CONAMA<\/a><div class=\"wp-block-latest-posts__post-excerpt\">O QUE \u00c9 CONAMA? \u00d3rg\u00e3o criado em 1982 pela Lei n \u00ba 6.938\/81 \u2013 que estabelece a Pol\u00edtica Nacional do Meio Ambiente &#8211; o Conselho Nacional\u2026 <a class=\"wp-block-latest-posts__read-more\" href=\"https:\/\/sites.uel.br\/laca\/sem-categoria\/2023\/11\/07\/o-que-e-o-conama\/\" rel=\"noopener noreferrer\">Leia mais<span class=\"screen-reader-text\">: CONAMA<\/span><\/a><\/div><\/li>\n<\/ul>\n\n<\/div>\n<\/div>\n<\/div><\/div>\n<\/div>\n<\/div><\/div>\n\n\n\n<div class=\"wp-block-group is-nowrap is-layout-flex wp-container-core-group-is-layout-ad2f72ca wp-block-group-is-layout-flex\">\n<div class=\"wp-block-media-text is-stacked-on-mobile is-vertically-aligned-center\" style=\"font-size:8px;grid-template-columns:15% auto\"><figure class=\"wp-block-media-text__media\"><img loading=\"lazy\" decoding=\"async\" width=\"546\" height=\"545\" src=\"https:\/\/sites.uel.br\/laca\/wp-content\/uploads\/2025\/06\/lester.webp\" alt=\"\" class=\"wp-image-342 size-full\" srcset=\"https:\/\/sites.uel.br\/laca\/wp-content\/uploads\/2025\/06\/lester.webp 546w, https:\/\/sites.uel.br\/laca\/wp-content\/uploads\/2025\/06\/lester-300x300.webp 300w, https:\/\/sites.uel.br\/laca\/wp-content\/uploads\/2025\/06\/lester-150x150.webp 150w\" sizes=\"auto, (max-width: 546px) 100vw, 546px\" \/><\/figure><div class=\"wp-block-media-text__content\">\n<div class=\"wp-block-columns is-layout-flex wp-container-core-columns-is-layout-9d6595d7 wp-block-columns-is-layout-flex\">\n<div class=\"wp-block-column is-layout-flow wp-block-column-is-layout-flow\" style=\"flex-basis:100%\"><\/div>\n<\/div>\n\n\n\n<h4 class=\"wp-block-heading has-text-align-center\">&#8220;Analisar nosso ambiente nos ajuda a reconhecer a natureza global dos problemas ecol\u00f3gicos.&#8221;<\/h4>\n<\/div><\/div>\n<\/div>\n\n\n\n<p class=\"has-text-align-left\"><strong>Lester R. Brown<\/strong> &#8211; Analista Ambiental <\/p>\n\n\n\n<div class=\"wp-block-columns is-layout-flex wp-container-core-columns-is-layout-9d6595d7 wp-block-columns-is-layout-flex\">\n<div class=\"wp-block-column is-layout-flow wp-block-column-is-layout-flow\" style=\"flex-basis:100%\">\n<div class=\"wp-block-group is-layout-grid wp-container-core-group-is-layout-9649a0d9 wp-block-group-is-layout-grid\"><\/div>\n<\/div>\n<\/div>\n","protected":false},"excerpt":{"rendered":"<p>Laborat\u00f3rio de An\u00e1lises Cromatogr\u00e1ficas e Ambientais O LACA \u00e9 especializado na an\u00e1lise dos componentes do ar e poluentes atmosf\u00e9ricos, utilizando t\u00e9cnicas avan\u00e7adas para promover sustentabilidade e preservar os recursos naturais, buscando realizar an\u00e1lises precisas e confi\u00e1veis para aumentar a conscientiza\u00e7\u00e3o sobre a qualidade do ar e educa\u00e7\u00e3o ambiental. &#8220;Analisar nosso ambiente nos ajuda a reconhecer [&hellip;]<\/p>\n","protected":false},"author":8,"featured_media":270,"parent":0,"menu_order":0,"comment_status":"closed","ping_status":"closed","template":"","meta":{"footnotes":""},"class_list":["post-130","page","type-page","status-publish","has-post-thumbnail","hentry"],"acf":[],"_links":{"self":[{"href":"https:\/\/sites.uel.br\/laca\/wp-json\/wp\/v2\/pages\/130","targetHints":{"allow":["GET"]}}],"collection":[{"href":"https:\/\/sites.uel.br\/laca\/wp-json\/wp\/v2\/pages"}],"about":[{"href":"https:\/\/sites.uel.br\/laca\/wp-json\/wp\/v2\/types\/page"}],"author":[{"embeddable":true,"href":"https:\/\/sites.uel.br\/laca\/wp-json\/wp\/v2\/users\/8"}],"replies":[{"embeddable":true,"href":"https:\/\/sites.uel.br\/laca\/wp-json\/wp\/v2\/comments?post=130"}],"version-history":[{"count":45,"href":"https:\/\/sites.uel.br\/laca\/wp-json\/wp\/v2\/pages\/130\/revisions"}],"predecessor-version":[{"id":362,"href":"https:\/\/sites.uel.br\/laca\/wp-json\/wp\/v2\/pages\/130\/revisions\/362"}],"wp:featuredmedia":[{"embeddable":true,"href":"https:\/\/sites.uel.br\/laca\/wp-json\/wp\/v2\/media\/270"}],"wp:attachment":[{"href":"https:\/\/sites.uel.br\/laca\/wp-json\/wp\/v2\/media?parent=130"}],"curies":[{"name":"wp","href":"https:\/\/api.w.org\/{rel}","templated":true}]}}