{"id":123,"date":"2023-11-07T20:24:53","date_gmt":"2023-11-07T23:24:53","guid":{"rendered":"https:\/\/sites.uel.br\/laca\/?page_id=123"},"modified":"2024-04-25T19:49:54","modified_gmt":"2024-04-25T22:49:54","slug":"teses-e-dissertacoes-2","status":"publish","type":"page","link":"https:\/\/sites.uel.br\/laca\/teses-e-dissertacoes-2\/","title":{"rendered":"Teses e Disserta\u00e7\u00f5es"},"content":{"rendered":"\n<div class=\"wp-block-group\"><div class=\"wp-block-group__inner-container is-layout-constrained wp-block-group-is-layout-constrained\">\n<div class=\"wp-block-group\"><div class=\"wp-block-group__inner-container is-layout-constrained wp-block-group-is-layout-constrained\">\n<p class=\"has-text-align-center\"><strong>TESES<\/strong><\/p>\n<\/div><\/div>\n\n\n\n<ul class=\"wp-block-list\">\n<li><a href=\"http:\/\/www.bibliotecadigital.uel.br\/document\/?view=vtls000234975\" data-type=\"link\" data-id=\"http:\/\/www.bibliotecadigital.uel.br\/document\/?view=vtls000234975\">Identifica\u00e7\u00e3o de fontes e avalia\u00e7\u00e3o de risco de esp\u00e9cies org\u00e2nicas no material particulado fino em atmosfera urbana. &#8211;&nbsp;Debora Rejane Fernandes Dos Santos<\/a> \u2013 Tese &#8211; 2021<\/li>\n\n\n\n<li>Poluentes atmosf\u00e9ricos nas fases gasosa e particulada fina (MP\u00ad<sub>1,0<\/sub>&nbsp;e MP<sub>2,5<\/sub>) provenientes da combust\u00e3o de misturas biodiesel\/diesel \u2013 Carlos Roberto da Silva Junior \u2013 Tese \u2013 2018.<\/li>\n\n\n\n<li><a href=\"http:\/\/www.bibliotecadigital.uel.br\/document\/?view=vtls000219038\" target=\"_blank\" rel=\"noreferrer noopener\">Estudo sobre endotoxinas associadas ao material particulado grosso e fino em ar ambiente<\/a> \u2013 Ismael Rodrigues Amador \u2013 Tese &#8211; 2016<\/li>\n\n\n\n<li><a href=\"http:\/\/www.bibliotecadigital.uel.br\/document\/?view=vtls000207016\" data-type=\"link\" data-id=\"http:\/\/www.bibliotecadigital.uel.br\/document\/?view=vtls000207016\" target=\"_blank\" rel=\"noreferrer noopener\">Hidrocarbonetos polic\u00edclicos arom\u00e1ticos (HPA e nitro-HPA) em fase gasosa e particulada provenientes de processos de combust\u00e3o veiculares<\/a> \u2013 Fabio Cal Sabino \u2013 Tese \u2013 2015.&nbsp;&nbsp;<\/li>\n\n\n\n<li><a href=\"http:\/\/www.bibliotecadigital.uel.br\/document\/?view=vtls000191387\" target=\"_blank\" rel=\"noreferrer noopener\">Estudo da emiss\u00f5es de poluentes gasosos n\u00e3o regulamentados e distribui\u00e7\u00e3o de material particulado em ambiente impactado por atividades veiculares<\/a> \u2013 Jurandir Pereira Pinto \u2013 Tese \u2013 2014.<\/li>\n<\/ul>\n<\/div><\/div>\n\n\n\n<div class=\"wp-block-group\"><div class=\"wp-block-group__inner-container is-layout-constrained wp-block-group-is-layout-constrained\">\n<div class=\"wp-block-group\"><div class=\"wp-block-group__inner-container is-layout-constrained wp-block-group-is-layout-constrained\">\n<p class=\"has-text-align-center\"><strong>DISSERTA\u00c7\u00d5ES<\/strong><\/p>\n\n\n\n<ul class=\"wp-block-list\">\n<li>Avalia\u00e7\u00e3o de formalde\u00eddo, acetalde\u00eddo e acrole\u00edna em ambientes interno e externo impactados por emiss\u00f5es de diesel\/biodiesel (B12). &#8211; Vitor Bonilha &#8211; Disserta\u00e7\u00e3o 2021<\/li>\n\n\n\n<li><a href=\"https:\/\/conjecturas.org\/index.php\/edicoes\/article\/view\/294\/231\" data-type=\"link\" data-id=\"https:\/\/conjecturas.org\/index.php\/edicoes\/article\/view\/294\/231\" target=\"_blank\" rel=\"noreferrer noopener\">O impacto de medidas restritivas devido \u00e0 pandemia por COVID-19 nas concentra\u00e7\u00f5es de poluentes atmosf\u00e9ricos em cidade de m\u00e9dio porte<\/a> &#8211; Igor Soares Mantovani &#8211; Disserta\u00e7\u00e3o 2021<\/li>\n\n\n\n<li>Black carbon e material particulado fino atmosf\u00e9rico em ambientes interno e externo. Emiss\u00f5es provenientes da combust\u00e3o de misturas de diesel\/biodiesel (B10 a B12. 2021). &#8211; Andressa Ferreira Pimenta &#8211; Disserta\u00e7\u00e3o 2021<\/li>\n\n\n\n<li><a href=\"http:\/\/www.bibliotecadigital.uel.br\/document\/?view=vtls000235314\" data-type=\"link\" data-id=\"http:\/\/www.bibliotecadigital.uel.br\/document\/?view=vtls000235314\" target=\"_blank\" rel=\"noreferrer noopener\">A sustentabilidade da cultura bioenerg\u00e9tica da soja \u00e0 prova: os agrot\u00f3xicos no ar.<\/a> &#8211; Edson Henrique Gaspar Massi. &#8211; Disserta\u00e7\u00e3o 2021<a href=\"http:\/\/www.uel.br\/laboratorios\/lacambiental\/pages\/arquivos\/Dissertacao%20e%20teses\/Massi_Edson_HG_ME_2021.pdf\"><\/a><\/li>\n\n\n\n<li><a href=\"http:\/\/www.bibliotecadigital.uel.br\/document\/?view=vtls000235678\" data-type=\"link\" data-id=\"http:\/\/www.bibliotecadigital.uel.br\/document\/?view=vtls000235678\" target=\"_blank\" rel=\"noreferrer noopener\">Valida\u00e7\u00e3o de m\u00e9todo anal\u00edtico para determina\u00e7\u00e3o cromatogr\u00e1fica (CG-EM) de agrot\u00f3xicos em \u00e1guas residuais de ind\u00fastria qu\u00edmica.<\/a> &#8211; Sergio Marques De Lima. \u2013 Disserta\u00e7\u00e3o 2021<\/li>\n\n\n\n<li><a href=\"http:\/\/www.bibliotecadigital.uel.br\/document\/?view=vtls000224813\" data-type=\"link\" data-id=\"http:\/\/www.bibliotecadigital.uel.br\/document\/?view=vtls000224813\" target=\"_blank\" rel=\"noreferrer noopener\">Aplica\u00e7\u00e3o de tubos de difus\u00e3o denuder tubular e anular para amostragem de oz\u00f4nio troposf\u00e9rico<\/a> \u2013 Filipe Oliveira Martinez \u2013 Disserta\u00e7\u00e3o \u2013 2017<\/li>\n\n\n\n<li><a href=\"http:\/\/www.bibliotecadigital.uel.br\/document\/?view=vtls000212124\" data-type=\"link\" data-id=\"http:\/\/www.bibliotecadigital.uel.br\/document\/?view=vtls000212124\" target=\"_blank\" rel=\"noreferrer noopener\">Estudo sobre alde\u00eddo e material particulado em ar interno de f\u00e1brica de m\u00f3veis<\/a> \u2013 Janaina de Souza Moreira Costa \u2013 Disserta\u00e7\u00e3o \u2013 2016.<\/li>\n\n\n\n<li><a href=\"http:\/\/www.bibliotecadigital.uel.br\/document\/?view=vtls000206575\" data-type=\"link\" data-id=\"http:\/\/www.bibliotecadigital.uel.br\/document\/?view=vtls000206575\" target=\"_blank\" rel=\"noreferrer noopener\">Ocorr\u00eancia de \u00edons org\u00e2nicos e inorg\u00e2nicos nas precipita\u00e7\u00f5es pluviom\u00e9tricas em Londrina<\/a> \u2013 Carla Estefani Batista \u2013 Disserta\u00e7\u00e3o \u2013 2016.<\/li>\n\n\n\n<li><a href=\"https:\/\/ojs.brazilianjournals.com.br\/ojs\/index.php\/BRJD\/article\/view\/28125\/22269\" target=\"_blank\" rel=\"noreferrer noopener\">Qualidade do ar em ambiente interno e externo em rela\u00e7\u00e3o ao material particulado grosso e fino em escola p\u00fablica<\/a> \u2013 D\u00e9bora Rejane Fernandes dos Santos \u2013 Disserta\u00e7\u00e3o \u2013 2016.<\/li>\n\n\n\n<li>\u00c2nions inorg\u00e2nicos e\u00a0<em>Black Carbon<\/em>\u00a0em material particulado proveniente da combust\u00e3o de mistura dieses e biodiesel \u2013 Bruno Rodrigues de Lana Lemos \u2013 Disserta\u00e7\u00e3o \u2013 2015.<\/li>\n\n\n\n<li><a href=\"https:\/\/www.scielo.br\/j\/qn\/a\/55Svg4fDsz9qRYhvhGw7vQh\/?format=pdf&amp;lang=pt\" target=\"_blank\" rel=\"noreferrer noopener\">Emiss\u00f5es de poluentes atmosf\u00e9ricos em condi\u00e7\u00f5es reais de pavimenta\u00e7\u00e3o asf\u00e1ltica: material particulado (MP), Black Carbon (BC) e hidrocarbonetos polic\u00edclicos arom\u00e1ticos (HPA)<\/a> \u2013 Victor Pontes Piracelli \u2013 Disserta\u00e7\u00e3o \u2013 2015.\u00a0\u00a0\u00a0<\/li>\n\n\n\n<li><a href=\"http:\/\/www.bibliotecadigital.uel.br\/document\/?view=vtls000198428\" data-type=\"link\" data-id=\"http:\/\/www.bibliotecadigital.uel.br\/document\/?view=vtls000198428\" target=\"_blank\" rel=\"noreferrer noopener\">Metodologia para amostragem de oz\u00f4nio troposf\u00e9rico utilizando a t\u00e9cnica de difus\u00e3o controlada e determina\u00e7\u00e3o espectrofotom\u00e9trica<\/a> \u2013 Louren\u00e7o Henrique Bittar Vidotto \u2013 Disserta\u00e7\u00e3o \u2013 2015.<\/li>\n\n\n\n<li><a href=\"https:\/\/rvq-sub.sbq.org.br\/index.php\/rvq\/article\/view\/1363\/744\" data-type=\"link\" data-id=\"https:\/\/rvq-sub.sbq.org.br\/index.php\/rvq\/article\/view\/1363\/744\" target=\"_blank\" rel=\"noreferrer noopener\">Quantifica\u00e7\u00e3o de aminas primarias nas fases gasosa e particulada em ar ambiente impactado pela combust\u00e3o de mistura diesel\/biodiesel (B5)<\/a> \u2013 Priscila Brugin \u2013 Disserta\u00e7\u00e3o \u2013 2014.<\/li>\n\n\n\n<li><a href=\"http:\/\/www.bibliotecadigital.uel.br\/document\/?view=vtls000191459\" data-type=\"link\" data-id=\"http:\/\/www.bibliotecadigital.uel.br\/document\/?view=vtls000191459\" target=\"_blank\" rel=\"noreferrer noopener\">Caracteriza\u00e7\u00e3o do material particulado atmosf\u00e9rico (MP<sub>1,0<\/sub>\u00a0e MP<sub>2,5<\/sub>) quanto ao conte\u00fado i\u00f4nico inorg\u00e2nico em ambientes aberto e fechado<\/a> \u2013 Flavia Augusta Marquezini \u2013 Disserta\u00e7\u00e3o \u2013 2012.<\/li>\n\n\n\n<li>Emiss\u00f5es atmosf\u00e9ricas decorrentes da combust\u00e3o do diesel: alde\u00eddos e HPA \u2013 Carlos Roberto da Silva J\u00fanior \u2013 Disserta\u00e7\u00e3o \u2013 2009.<\/li>\n\n\n\n<li>Estudo sobre amostragem de NH<sub>3<\/sub>\u00a0atmosf\u00e9rico utilizando o comp\u00f3sitoo SiO<sub>2<\/sub>\/Z1O<sub>2<\/sub>\/Fosfato \u2013 Danilo Antonio Giarola \u2013 Disserta\u00e7\u00e3o \u2013 2009.<\/li>\n\n\n\n<li>Estudo sobre a presen\u00e7a de \u00e1cidos carbox\u00edlicos no material particulado atmosf\u00e9rico em ambiente urbano e rural \u2013 Adriano de Marques Freitas \u2013 Disserta\u00e7\u00e3o \u2013 2008.<\/li>\n\n\n\n<li><a href=\"http:\/\/www.bibliotecadigital.uel.br\/document\/?view=vtls000120243\" data-type=\"link\" data-id=\"http:\/\/www.bibliotecadigital.uel.br\/document\/?view=vtls000120243\" target=\"_blank\" rel=\"noreferrer noopener\">Estudo sobre emiss\u00e3o de compostos org\u00e2nicos vol\u00e1teis (COVs) em tintas imobili\u00e1rias a base de solvente e \u00e1gua<\/a> \u2013 Cleverson Jos\u00e9 Salasar \u2013 Disserta\u00e7\u00e3o \u2013 2006.\u00a0<\/li>\n<\/ul>\n<\/div><\/div>\n<\/div><\/div>\n","protected":false},"excerpt":{"rendered":"<p>TESES DISSERTA\u00c7\u00d5ES<\/p>\n","protected":false},"author":8,"featured_media":0,"parent":0,"menu_order":0,"comment_status":"closed","ping_status":"closed","template":"","meta":{"footnotes":""},"class_list":["post-123","page","type-page","status-publish","hentry"],"acf":[],"_links":{"self":[{"href":"https:\/\/sites.uel.br\/laca\/wp-json\/wp\/v2\/pages\/123","targetHints":{"allow":["GET"]}}],"collection":[{"href":"https:\/\/sites.uel.br\/laca\/wp-json\/wp\/v2\/pages"}],"about":[{"href":"https:\/\/sites.uel.br\/laca\/wp-json\/wp\/v2\/types\/page"}],"author":[{"embeddable":true,"href":"https:\/\/sites.uel.br\/laca\/wp-json\/wp\/v2\/users\/8"}],"replies":[{"embeddable":true,"href":"https:\/\/sites.uel.br\/laca\/wp-json\/wp\/v2\/comments?post=123"}],"version-history":[{"count":18,"href":"https:\/\/sites.uel.br\/laca\/wp-json\/wp\/v2\/pages\/123\/revisions"}],"predecessor-version":[{"id":191,"href":"https:\/\/sites.uel.br\/laca\/wp-json\/wp\/v2\/pages\/123\/revisions\/191"}],"wp:attachment":[{"href":"https:\/\/sites.uel.br\/laca\/wp-json\/wp\/v2\/media?parent=123"}],"curies":[{"name":"wp","href":"https:\/\/api.w.org\/{rel}","templated":true}]}}