{"id":809,"date":"2024-07-24T09:52:42","date_gmt":"2024-07-24T12:52:42","guid":{"rendered":"https:\/\/sites.uel.br\/labted\/?page_id=809"},"modified":"2026-03-09T15:13:57","modified_gmt":"2026-03-09T18:13:57","slug":"fale-conosco","status":"publish","type":"page","link":"https:\/\/sites.uel.br\/labted\/fale-conosco\/","title":{"rendered":"Fale conosco"},"content":{"rendered":"\n<figure class=\"wp-block-image size-large is-resized\"><img loading=\"lazy\" decoding=\"async\" width=\"1024\" height=\"121\" src=\"https:\/\/sites.uel.br\/labted\/wp-content\/uploads\/2024\/08\/capinha-site-LABTED-cursos-4-1024x121.png\" alt=\"\" class=\"wp-image-952\" style=\"width:1062px;height:auto\" srcset=\"https:\/\/sites.uel.br\/labted\/wp-content\/uploads\/2024\/08\/capinha-site-LABTED-cursos-4-1024x121.png 1024w, https:\/\/sites.uel.br\/labted\/wp-content\/uploads\/2024\/08\/capinha-site-LABTED-cursos-4-300x35.png 300w, https:\/\/sites.uel.br\/labted\/wp-content\/uploads\/2024\/08\/capinha-site-LABTED-cursos-4-768x91.png 768w, https:\/\/sites.uel.br\/labted\/wp-content\/uploads\/2024\/08\/capinha-site-LABTED-cursos-4-1536x181.png 1536w, https:\/\/sites.uel.br\/labted\/wp-content\/uploads\/2024\/08\/capinha-site-LABTED-cursos-4-2048x242.png 2048w\" sizes=\"auto, (max-width: 1024px) 100vw, 1024px\" \/><\/figure>\n\n\n\n<div style=\"height:100px\" aria-hidden=\"true\" class=\"wp-block-spacer\"><\/div>\n\n\n\n<div class=\"wp-block-columns is-layout-flex wp-container-core-columns-is-layout-9d6595d7 wp-block-columns-is-layout-flex\">\n<div class=\"wp-block-column is-layout-flow wp-block-column-is-layout-flow\">\n<h5 class=\"wp-block-heading has-text-align-center has-verde-escuro-color has-text-color has-link-color wp-elements-5f99c2bf943c9fd64295b259bec198be\">Contatos<\/h5>\n\n\n\n<div style=\"height:15px\" aria-hidden=\"true\" class=\"wp-block-spacer\"><\/div>\n\n\n\n<p class=\"has-text-align-center\" style=\"font-size:17px\">Secretaria Executiva: (43) 3371-4518<br>Opera\u00e7\u00e3o: (43) 3371-4528<br>Setor Educacional: (43) 3371-4548<\/p>\n\n\n\n<p class=\"has-text-align-center\" style=\"font-size:17px\">E-mail: <strong>labted@uel.br<\/strong><\/p>\n<\/div>\n\n\n\n<div class=\"wp-block-column is-layout-flow wp-block-column-is-layout-flow\">\n<h5 class=\"wp-block-heading has-text-align-center has-verde-escuro-color has-text-color has-link-color wp-elements-da477a2c6d6898c4704f4b34b3522f50\">Redes Sociais<\/h5>\n\n\n\n<div style=\"height:15px\" aria-hidden=\"true\" class=\"wp-block-spacer\"><\/div>\n\n\n\n<ul class=\"wp-block-social-links aligncenter is-layout-flex wp-block-social-links-is-layout-flex\"><li class=\"wp-social-link wp-social-link-instagram  wp-block-social-link\"><a href=\"https:\/\/www.instagram.com\/neaduel\/\" class=\"wp-block-social-link-anchor\"><svg width=\"24\" height=\"24\" viewBox=\"0 0 24 24\" version=\"1.1\" xmlns=\"http:\/\/www.w3.org\/2000\/svg\" aria-hidden=\"true\" focusable=\"false\"><path d=\"M12,4.622c2.403,0,2.688,0.009,3.637,0.052c0.877,0.04,1.354,0.187,1.671,0.31c0.42,0.163,0.72,0.358,1.035,0.673 c0.315,0.315,0.51,0.615,0.673,1.035c0.123,0.317,0.27,0.794,0.31,1.671c0.043,0.949,0.052,1.234,0.052,3.637 s-0.009,2.688-0.052,3.637c-0.04,0.877-0.187,1.354-0.31,1.671c-0.163,0.42-0.358,0.72-0.673,1.035 c-0.315,0.315-0.615,0.51-1.035,0.673c-0.317,0.123-0.794,0.27-1.671,0.31c-0.949,0.043-1.233,0.052-3.637,0.052 s-2.688-0.009-3.637-0.052c-0.877-0.04-1.354-0.187-1.671-0.31c-0.42-0.163-0.72-0.358-1.035-0.673 c-0.315-0.315-0.51-0.615-0.673-1.035c-0.123-0.317-0.27-0.794-0.31-1.671C4.631,14.688,4.622,14.403,4.622,12 s0.009-2.688,0.052-3.637c0.04-0.877,0.187-1.354,0.31-1.671c0.163-0.42,0.358-0.72,0.673-1.035 c0.315-0.315,0.615-0.51,1.035-0.673c0.317-0.123,0.794-0.27,1.671-0.31C9.312,4.631,9.597,4.622,12,4.622 M12,3 C9.556,3,9.249,3.01,8.289,3.054C7.331,3.098,6.677,3.25,6.105,3.472C5.513,3.702,5.011,4.01,4.511,4.511 c-0.5,0.5-0.808,1.002-1.038,1.594C3.25,6.677,3.098,7.331,3.054,8.289C3.01,9.249,3,9.556,3,12c0,2.444,0.01,2.751,0.054,3.711 c0.044,0.958,0.196,1.612,0.418,2.185c0.23,0.592,0.538,1.094,1.038,1.594c0.5,0.5,1.002,0.808,1.594,1.038 c0.572,0.222,1.227,0.375,2.185,0.418C9.249,20.99,9.556,21,12,21s2.751-0.01,3.711-0.054c0.958-0.044,1.612-0.196,2.185-0.418 c0.592-0.23,1.094-0.538,1.594-1.038c0.5-0.5,0.808-1.002,1.038-1.594c0.222-0.572,0.375-1.227,0.418-2.185 C20.99,14.751,21,14.444,21,12s-0.01-2.751-0.054-3.711c-0.044-0.958-0.196-1.612-0.418-2.185c-0.23-0.592-0.538-1.094-1.038-1.594 c-0.5-0.5-1.002-0.808-1.594-1.038c-0.572-0.222-1.227-0.375-2.185-0.418C14.751,3.01,14.444,3,12,3L12,3z M12,7.378 c-2.552,0-4.622,2.069-4.622,4.622S9.448,16.622,12,16.622s4.622-2.069,4.622-4.622S14.552,7.378,12,7.378z M12,15 c-1.657,0-3-1.343-3-3s1.343-3,3-3s3,1.343,3,3S13.657,15,12,15z M16.804,6.116c-0.596,0-1.08,0.484-1.08,1.08 s0.484,1.08,1.08,1.08c0.596,0,1.08-0.484,1.08-1.08S17.401,6.116,16.804,6.116z\"><\/path><\/svg><span class=\"wp-block-social-link-label screen-reader-text\">Instagram<\/span><\/a><\/li>\n\n<li class=\"wp-social-link wp-social-link-facebook  wp-block-social-link\"><a href=\"https:\/\/www.facebook.com\/NeadUEL\" class=\"wp-block-social-link-anchor\"><svg width=\"24\" height=\"24\" viewBox=\"0 0 24 24\" version=\"1.1\" xmlns=\"http:\/\/www.w3.org\/2000\/svg\" aria-hidden=\"true\" focusable=\"false\"><path d=\"M12 2C6.5 2 2 6.5 2 12c0 5 3.7 9.1 8.4 9.9v-7H7.9V12h2.5V9.8c0-2.5 1.5-3.9 3.8-3.9 1.1 0 2.2.2 2.2.2v2.5h-1.3c-1.2 0-1.6.8-1.6 1.6V12h2.8l-.4 2.9h-2.3v7C18.3 21.1 22 17 22 12c0-5.5-4.5-10-10-10z\"><\/path><\/svg><span class=\"wp-block-social-link-label screen-reader-text\">Facebook<\/span><\/a><\/li>\n\n<li class=\"wp-social-link wp-social-link-youtube  wp-block-social-link\"><a href=\"https:\/\/www.youtube.com\/channel\/UCngJdE0xuCOLkQxPUVf0TjQ\" class=\"wp-block-social-link-anchor\"><svg width=\"24\" height=\"24\" viewBox=\"0 0 24 24\" version=\"1.1\" xmlns=\"http:\/\/www.w3.org\/2000\/svg\" aria-hidden=\"true\" focusable=\"false\"><path d=\"M21.8,8.001c0,0-0.195-1.378-0.795-1.985c-0.76-0.797-1.613-0.801-2.004-0.847c-2.799-0.202-6.997-0.202-6.997-0.202 h-0.009c0,0-4.198,0-6.997,0.202C4.608,5.216,3.756,5.22,2.995,6.016C2.395,6.623,2.2,8.001,2.2,8.001S2,9.62,2,11.238v1.517 c0,1.618,0.2,3.237,0.2,3.237s0.195,1.378,0.795,1.985c0.761,0.797,1.76,0.771,2.205,0.855c1.6,0.153,6.8,0.201,6.8,0.201 s4.203-0.006,7.001-0.209c0.391-0.047,1.243-0.051,2.004-0.847c0.6-0.607,0.795-1.985,0.795-1.985s0.2-1.618,0.2-3.237v-1.517 C22,9.62,21.8,8.001,21.8,8.001z M9.935,14.594l-0.001-5.62l5.404,2.82L9.935,14.594z\"><\/path><\/svg><span class=\"wp-block-social-link-label screen-reader-text\">Youtube<\/span><\/a><\/li><\/ul>\n<\/div>\n<\/div>\n\n\n\n<div style=\"height:80px\" aria-hidden=\"true\" class=\"wp-block-spacer\"><\/div>\n\n\n\n<h5 class=\"wp-block-heading has-text-align-center has-verde-escuro-color has-text-color has-link-color wp-elements-ea222e04468bcda4a7ba73cdb5ba9edd\">Endere\u00e7o<\/h5>\n\n\n\n<div style=\"height:15px\" aria-hidden=\"true\" class=\"wp-block-spacer\"><\/div>\n\n\n\n<p class=\"has-text-align-center\" style=\"font-size:17px\"><strong>Universidade Estadual de Londrina (UEL)<\/strong><br>Rodovia Celso Garcia Cid | PR 445 Km 380<br>Campus Universit\u00e1rio | CEP 86055-900<\/p>\n\n\n\n<p class=\"has-text-align-center\" style=\"font-size:17px\"><strong>Centro de Letras e Ci\u00eancias Humanas (CLCH)<\/strong> | Bloco C | 2\u00ba andar<br>Nead \/ Labted<\/p>\n\n\n\n<div style=\"height:50px\" aria-hidden=\"true\" class=\"wp-block-spacer\"><\/div>\n\n\n<div class=\"wp-block-image\">\n<figure class=\"aligncenter size-full is-resized\"><img loading=\"lazy\" decoding=\"async\" width=\"2560\" height=\"2020\" src=\"https:\/\/sites.uel.br\/labted\/wp-content\/uploads\/2026\/03\/Mapa-UEL-Nead-CLCH.jpg-scaled.jpeg\" alt=\"\" class=\"wp-image-1264\" style=\"width:1000px\" srcset=\"https:\/\/sites.uel.br\/labted\/wp-content\/uploads\/2026\/03\/Mapa-UEL-Nead-CLCH.jpg-scaled.jpeg 2560w, https:\/\/sites.uel.br\/labted\/wp-content\/uploads\/2026\/03\/Mapa-UEL-Nead-CLCH.jpg-300x237.jpeg 300w, https:\/\/sites.uel.br\/labted\/wp-content\/uploads\/2026\/03\/Mapa-UEL-Nead-CLCH.jpg-1024x808.jpeg 1024w, https:\/\/sites.uel.br\/labted\/wp-content\/uploads\/2026\/03\/Mapa-UEL-Nead-CLCH.jpg-768x606.jpeg 768w, https:\/\/sites.uel.br\/labted\/wp-content\/uploads\/2026\/03\/Mapa-UEL-Nead-CLCH.jpg-1536x1212.jpeg 1536w, https:\/\/sites.uel.br\/labted\/wp-content\/uploads\/2026\/03\/Mapa-UEL-Nead-CLCH.jpg-2048x1616.jpeg 2048w\" sizes=\"auto, (max-width: 2560px) 100vw, 2560px\" \/><\/figure>\n<\/div>\n\n\n<div class=\"wp-block-buttons has-custom-font-size is-content-justification-center is-nowrap is-layout-flex wp-container-core-buttons-is-layout-1fb9aab6 wp-block-buttons-is-layout-flex\" style=\"font-size:20px\">\n<div class=\"wp-block-button\"><a class=\"wp-block-button__link has-cinza-claro-color has-text-color has-background has-link-color wp-element-button\" href=\"https:\/\/maps.app.goo.gl\/z8uBsbfbJzpWwWfq5\" style=\"background-color:#2a395b\" target=\"_blank\" rel=\"noreferrer noopener\"><strong>Acesse pelo Google Maps<\/strong><\/a><\/div>\n<\/div>\n\n\n\n<div style=\"height:100px\" aria-hidden=\"true\" class=\"wp-block-spacer\"><\/div>\n\n\n\n<p><\/p>\n","protected":false},"excerpt":{"rendered":"<p>Contatos Secretaria Executiva: (43) 3371-4518Opera\u00e7\u00e3o: (43) 3371-4528Setor Educacional: (43) 3371-4548 E-mail: labted@uel.br Redes Sociais Endere\u00e7o Universidade Estadual de Londrina (UEL)Rodovia Celso Garcia Cid | PR 445 Km 380Campus Universit\u00e1rio | CEP 86055-900 Centro de Letras e Ci\u00eancias Humanas (CLCH) | Bloco C | 2\u00ba andarNead \/ Labted<\/p>\n","protected":false},"author":16,"featured_media":0,"parent":0,"menu_order":0,"comment_status":"closed","ping_status":"closed","template":"","meta":{"footnotes":""},"class_list":["post-809","page","type-page","status-publish","hentry"],"acf":[],"_links":{"self":[{"href":"https:\/\/sites.uel.br\/labted\/wp-json\/wp\/v2\/pages\/809","targetHints":{"allow":["GET"]}}],"collection":[{"href":"https:\/\/sites.uel.br\/labted\/wp-json\/wp\/v2\/pages"}],"about":[{"href":"https:\/\/sites.uel.br\/labted\/wp-json\/wp\/v2\/types\/page"}],"author":[{"embeddable":true,"href":"https:\/\/sites.uel.br\/labted\/wp-json\/wp\/v2\/users\/16"}],"replies":[{"embeddable":true,"href":"https:\/\/sites.uel.br\/labted\/wp-json\/wp\/v2\/comments?post=809"}],"version-history":[{"count":33,"href":"https:\/\/sites.uel.br\/labted\/wp-json\/wp\/v2\/pages\/809\/revisions"}],"predecessor-version":[{"id":1273,"href":"https:\/\/sites.uel.br\/labted\/wp-json\/wp\/v2\/pages\/809\/revisions\/1273"}],"wp:attachment":[{"href":"https:\/\/sites.uel.br\/labted\/wp-json\/wp\/v2\/media?parent=809"}],"curies":[{"name":"wp","href":"https:\/\/api.w.org\/{rel}","templated":true}]}}