{"id":460,"date":"2024-05-15T10:06:16","date_gmt":"2024-05-15T13:06:16","guid":{"rendered":"https:\/\/sites.uel.br\/labted\/?page_id=460"},"modified":"2025-07-10T08:46:02","modified_gmt":"2025-07-10T11:46:02","slug":"cursos-de-extensao","status":"publish","type":"page","link":"https:\/\/sites.uel.br\/labted\/cursos-de-extensao\/","title":{"rendered":"Cursos de Extens\u00e3o"},"content":{"rendered":"\n<figure class=\"wp-block-image size-large is-resized\"><img loading=\"lazy\" decoding=\"async\" width=\"1024\" height=\"121\" src=\"https:\/\/sites.uel.br\/labted\/wp-content\/uploads\/2024\/08\/capinha-site-LABTED-cursos-4-1024x121.png\" alt=\"\" class=\"wp-image-952\" style=\"width:1062px;height:auto\" srcset=\"https:\/\/sites.uel.br\/labted\/wp-content\/uploads\/2024\/08\/capinha-site-LABTED-cursos-4-1024x121.png 1024w, https:\/\/sites.uel.br\/labted\/wp-content\/uploads\/2024\/08\/capinha-site-LABTED-cursos-4-300x35.png 300w, https:\/\/sites.uel.br\/labted\/wp-content\/uploads\/2024\/08\/capinha-site-LABTED-cursos-4-768x91.png 768w, https:\/\/sites.uel.br\/labted\/wp-content\/uploads\/2024\/08\/capinha-site-LABTED-cursos-4-1536x181.png 1536w, https:\/\/sites.uel.br\/labted\/wp-content\/uploads\/2024\/08\/capinha-site-LABTED-cursos-4-2048x242.png 2048w\" sizes=\"auto, (max-width: 1024px) 100vw, 1024px\" \/><\/figure>\n\n\n\n<div style=\"height:100px\" aria-hidden=\"true\" class=\"wp-block-spacer\"><\/div>\n\n\n\n<div class=\"wp-block-media-text is-stacked-on-mobile is-vertically-aligned-top\" style=\"grid-template-columns:30% auto\"><figure class=\"wp-block-media-text__media\"><img loading=\"lazy\" decoding=\"async\" width=\"819\" height=\"1024\" src=\"https:\/\/sites.uel.br\/labted\/wp-content\/uploads\/2025\/06\/LTDcomNV1-819x1024.png\" alt=\"\" class=\"wp-image-1162 size-full\" srcset=\"https:\/\/sites.uel.br\/labted\/wp-content\/uploads\/2025\/06\/LTDcomNV1-819x1024.png 819w, https:\/\/sites.uel.br\/labted\/wp-content\/uploads\/2025\/06\/LTDcomNV1-240x300.png 240w, https:\/\/sites.uel.br\/labted\/wp-content\/uploads\/2025\/06\/LTDcomNV1-768x960.png 768w, https:\/\/sites.uel.br\/labted\/wp-content\/uploads\/2025\/06\/LTDcomNV1-1229x1536.png 1229w, https:\/\/sites.uel.br\/labted\/wp-content\/uploads\/2025\/06\/LTDcomNV1.png 1620w\" sizes=\"auto, (max-width: 819px) 100vw, 819px\" \/><\/figure><div class=\"wp-block-media-text__content\">\n<h4 class=\"wp-block-heading\">Comunica\u00e7\u00e3o N\u00e3o Violenta no Ambiente de Trabalho e Gest\u00e3o de Conflitos<\/h4>\n\n\n\n<p style=\"font-size:16px\">Objetivo: Identificar a necessidade de manter continuamente uma comunica\u00e7\u00e3o n\u00e3o violenta associada \u00e0 escuta ativa com a finalidade de equilibrar os ambientes laborais e proporcionar acolhimento diante de poss\u00edveis conflitos que deterioram a sa\u00fade mental dos servidores.<\/p>\n\n\n\n<p style=\"font-size:16px\">Data de realiza\u00e7\u00e3o: Entre 14 e 18 de Julho, das 8h \u00e0s 12h<\/p>\n\n\n\n<p style=\"font-size:16px\">Local: Sala de proje\u00e7\u00e3o do Labted (142) &#8211; CLCH &#8211; Campus UEL<\/p>\n\n\n\n<p style=\"font-size:16px\">Ministrantes: Paulo S\u00e9rgio Negri<\/p>\n\n\n\n<p style=\"font-size:16px\">Investimento: R$ 50,00 (Comunidade externa) e R$ 35,00 (Comunidade interna)<\/p>\n\n\n\n<div style=\"height:50px\" aria-hidden=\"true\" class=\"wp-block-spacer\"><\/div>\n\n\n\n<div class=\"wp-block-columns is-layout-flex wp-container-core-columns-is-layout-9d6595d7 wp-block-columns-is-layout-flex\">\n<div class=\"wp-block-column is-layout-flow wp-block-column-is-layout-flow\" style=\"flex-basis:66.66%\"><div class=\"wp-block-image\">\n<figure class=\"aligncenter size-full is-resized\"><img loading=\"lazy\" decoding=\"async\" width=\"1337\" height=\"141\" src=\"https:\/\/sites.uel.br\/labted\/wp-content\/uploads\/2024\/06\/Insc.-encerradas-2.png\" alt=\"\" class=\"wp-image-691\" style=\"width:372px;height:auto\" srcset=\"https:\/\/sites.uel.br\/labted\/wp-content\/uploads\/2024\/06\/Insc.-encerradas-2.png 1337w, https:\/\/sites.uel.br\/labted\/wp-content\/uploads\/2024\/06\/Insc.-encerradas-2-300x32.png 300w, https:\/\/sites.uel.br\/labted\/wp-content\/uploads\/2024\/06\/Insc.-encerradas-2-1024x108.png 1024w, https:\/\/sites.uel.br\/labted\/wp-content\/uploads\/2024\/06\/Insc.-encerradas-2-768x81.png 768w\" sizes=\"auto, (max-width: 1337px) 100vw, 1337px\" \/><\/figure>\n<\/div><\/div>\n\n\n\n<div class=\"wp-block-column is-layout-flow wp-block-column-is-layout-flow\" style=\"flex-basis:33.33%\"><div class=\"wp-block-image\">\n<figure class=\"aligncenter size-full is-resized\"><img loading=\"lazy\" decoding=\"async\" width=\"627\" height=\"135\" src=\"https:\/\/sites.uel.br\/labted\/wp-content\/uploads\/2024\/06\/Certificado-Desativado.png\" alt=\"\" class=\"wp-image-741\" style=\"width:197px\" srcset=\"https:\/\/sites.uel.br\/labted\/wp-content\/uploads\/2024\/06\/Certificado-Desativado.png 627w, https:\/\/sites.uel.br\/labted\/wp-content\/uploads\/2024\/06\/Certificado-Desativado-300x65.png 300w\" sizes=\"auto, (max-width: 627px) 100vw, 627px\" \/><\/figure>\n<\/div><\/div>\n<\/div>\n<\/div><\/div>\n\n\n\n<div style=\"height:100px\" aria-hidden=\"true\" class=\"wp-block-spacer\"><\/div>\n\n\n\n<div class=\"wp-block-media-text is-stacked-on-mobile is-vertically-aligned-top\" style=\"grid-template-columns:30% auto\"><figure class=\"wp-block-media-text__media\"><img loading=\"lazy\" decoding=\"async\" width=\"819\" height=\"1024\" src=\"https:\/\/sites.uel.br\/labted\/wp-content\/uploads\/2025\/05\/LTDinfII-819x1024.png\" alt=\"\" class=\"wp-image-1145 size-full\" srcset=\"https:\/\/sites.uel.br\/labted\/wp-content\/uploads\/2025\/05\/LTDinfII-819x1024.png 819w, https:\/\/sites.uel.br\/labted\/wp-content\/uploads\/2025\/05\/LTDinfII-240x300.png 240w, https:\/\/sites.uel.br\/labted\/wp-content\/uploads\/2025\/05\/LTDinfII-768x960.png 768w, https:\/\/sites.uel.br\/labted\/wp-content\/uploads\/2025\/05\/LTDinfII-1229x1536.png 1229w, https:\/\/sites.uel.br\/labted\/wp-content\/uploads\/2025\/05\/LTDinfII.png 1620w\" sizes=\"auto, (max-width: 819px) 100vw, 819px\" \/><\/figure><div class=\"wp-block-media-text__content\">\n<h4 class=\"wp-block-heading\">Curso B\u00e1sico de Inform\u00e1tica &#8211; M\u00f3dulo II<\/h4>\n\n\n\n<p style=\"font-size:16px\">Objetivo: Possibilitar ao participante a aquisi\u00e7\u00e3o de ferramentas b\u00e1sicas de inform\u00e1tica para o uso acad\u00eamico.<\/p>\n\n\n\n<p style=\"font-size:16px\">Data de realiza\u00e7\u00e3o: Entre 09 e 12 de Junho, das 14h \u00e0s 18h<\/p>\n\n\n\n<p style=\"font-size:16px\">Local: Laborat\u00f3rio de Inform\u00e1tica do CLCH &#8211; Campus UEL<\/p>\n\n\n\n<p style=\"font-size:16px\">Ministrantes: Eduardo Furiati e Paulo S\u00e9rgio Negri<\/p>\n\n\n\n<p style=\"font-size:16px\">Carga hor\u00e1ria: 16 horas<\/p>\n\n\n\n<p style=\"font-size:16px\">Investimento: R$ 20,00 (Comunidade externa) e R$ 10,00 (Comunidade interna)<\/p>\n\n\n\n<div style=\"height:50px\" aria-hidden=\"true\" class=\"wp-block-spacer\"><\/div>\n\n\n\n<div class=\"wp-block-columns is-layout-flex wp-container-core-columns-is-layout-9d6595d7 wp-block-columns-is-layout-flex\">\n<div class=\"wp-block-column is-layout-flow wp-block-column-is-layout-flow\" style=\"flex-basis:66.66%\"><div class=\"wp-block-image\">\n<figure class=\"aligncenter size-large is-resized\"><img loading=\"lazy\" decoding=\"async\" width=\"1024\" height=\"108\" src=\"https:\/\/sites.uel.br\/labted\/wp-content\/uploads\/2024\/06\/Insc.-encerradas-2-1024x108.png\" alt=\"\" class=\"wp-image-691\" style=\"width:372px;height:auto\" srcset=\"https:\/\/sites.uel.br\/labted\/wp-content\/uploads\/2024\/06\/Insc.-encerradas-2-1024x108.png 1024w, https:\/\/sites.uel.br\/labted\/wp-content\/uploads\/2024\/06\/Insc.-encerradas-2-300x32.png 300w, https:\/\/sites.uel.br\/labted\/wp-content\/uploads\/2024\/06\/Insc.-encerradas-2-768x81.png 768w, https:\/\/sites.uel.br\/labted\/wp-content\/uploads\/2024\/06\/Insc.-encerradas-2.png 1337w\" sizes=\"auto, (max-width: 1024px) 100vw, 1024px\" \/><\/figure>\n<\/div><\/div>\n\n\n\n<div class=\"wp-block-column is-layout-flow wp-block-column-is-layout-flow\" style=\"flex-basis:33.33%\"><div class=\"wp-block-image\">\n<figure class=\"aligncenter size-full is-resized\"><img loading=\"lazy\" decoding=\"async\" width=\"627\" height=\"135\" src=\"https:\/\/sites.uel.br\/labted\/wp-content\/uploads\/2024\/06\/Certificado-Desativado.png\" alt=\"\" class=\"wp-image-741\" style=\"width:197px\" srcset=\"https:\/\/sites.uel.br\/labted\/wp-content\/uploads\/2024\/06\/Certificado-Desativado.png 627w, https:\/\/sites.uel.br\/labted\/wp-content\/uploads\/2024\/06\/Certificado-Desativado-300x65.png 300w\" sizes=\"auto, (max-width: 627px) 100vw, 627px\" \/><\/figure>\n<\/div><\/div>\n<\/div>\n<\/div><\/div>\n\n\n\n<div style=\"height:100px\" aria-hidden=\"true\" class=\"wp-block-spacer\"><\/div>\n\n\n\n<div class=\"wp-block-media-text is-stacked-on-mobile is-vertically-aligned-top\" style=\"grid-template-columns:30% auto\"><figure class=\"wp-block-media-text__media\"><img loading=\"lazy\" decoding=\"async\" width=\"819\" height=\"1024\" src=\"https:\/\/sites.uel.br\/labted\/wp-content\/uploads\/2025\/05\/LTDDidatk1-819x1024.png\" alt=\"\" class=\"wp-image-1144 size-full\" srcset=\"https:\/\/sites.uel.br\/labted\/wp-content\/uploads\/2025\/05\/LTDDidatk1-819x1024.png 819w, https:\/\/sites.uel.br\/labted\/wp-content\/uploads\/2025\/05\/LTDDidatk1-240x300.png 240w, https:\/\/sites.uel.br\/labted\/wp-content\/uploads\/2025\/05\/LTDDidatk1-768x960.png 768w, https:\/\/sites.uel.br\/labted\/wp-content\/uploads\/2025\/05\/LTDDidatk1-1229x1536.png 1229w, https:\/\/sites.uel.br\/labted\/wp-content\/uploads\/2025\/05\/LTDDidatk1.png 1620w\" sizes=\"auto, (max-width: 819px) 100vw, 819px\" \/><\/figure><div class=\"wp-block-media-text__content\">\n<h4 class=\"wp-block-heading\">Did\u00e1tica: Pr\u00e1tica Docente no Ensino Superior<\/h4>\n\n\n\n<p style=\"font-size:16px\">Objetivo: Fornecer aos interessados em atuar como docentes, ou mesmo aos que j\u00e1 atuam, subs\u00eddios did\u00e1ticos pedag\u00f3gicos na pr\u00e1tica em elaborar e executar a aula, compreendendo as tr\u00eas fases did\u00e1ticas (fase inicial, intermedi\u00e1ria e fase final) a partir do conceito de intencionalidade pedag\u00f3gica significativa.<\/p>\n\n\n\n<p style=\"font-size:16px\">Data de realiza\u00e7\u00e3o: Entre 03 e 26 de Junho (Aulas nos dias 03, 04, 05, 17, 18, 24, 25 e 26 de Junho) &#8211; das 8h \u00e0s 12h<\/p>\n\n\n\n<p style=\"font-size:16px\">Local: Sala de Proje\u00e7\u00e3o do Labted (n\u00ba 143) &#8211; 2\u00ba andar &#8211; CLCH &#8211; Campus UEL<\/p>\n\n\n\n<p style=\"font-size:16px\">Ministrante: Paulo S\u00e9rgio Negri<\/p>\n\n\n\n<p style=\"font-size:16px\">Carga hor\u00e1ria: 32 horas<\/p>\n\n\n\n<p style=\"font-size:16px\">Investimento: R$ 220,00 (Comunidade externa) e R$ 154,00 (Comunidade interna)<\/p>\n\n\n\n<div style=\"height:50px\" aria-hidden=\"true\" class=\"wp-block-spacer\"><\/div>\n\n\n\n<div class=\"wp-block-columns is-layout-flex wp-container-core-columns-is-layout-9d6595d7 wp-block-columns-is-layout-flex\">\n<div class=\"wp-block-column is-layout-flow wp-block-column-is-layout-flow\" style=\"flex-basis:66.66%\"><div class=\"wp-block-image\">\n<figure class=\"aligncenter size-large is-resized\"><img loading=\"lazy\" decoding=\"async\" width=\"1024\" height=\"108\" src=\"https:\/\/sites.uel.br\/labted\/wp-content\/uploads\/2024\/06\/Insc.-encerradas-2-1024x108.png\" alt=\"\" class=\"wp-image-691\" style=\"width:372px;height:auto\" srcset=\"https:\/\/sites.uel.br\/labted\/wp-content\/uploads\/2024\/06\/Insc.-encerradas-2-1024x108.png 1024w, https:\/\/sites.uel.br\/labted\/wp-content\/uploads\/2024\/06\/Insc.-encerradas-2-300x32.png 300w, https:\/\/sites.uel.br\/labted\/wp-content\/uploads\/2024\/06\/Insc.-encerradas-2-768x81.png 768w, https:\/\/sites.uel.br\/labted\/wp-content\/uploads\/2024\/06\/Insc.-encerradas-2.png 1337w\" sizes=\"auto, (max-width: 1024px) 100vw, 1024px\" \/><\/figure>\n<\/div><\/div>\n\n\n\n<div class=\"wp-block-column is-layout-flow wp-block-column-is-layout-flow\" style=\"flex-basis:33.33%\"><div class=\"wp-block-image\">\n<figure class=\"aligncenter size-full is-resized\"><img loading=\"lazy\" decoding=\"async\" width=\"627\" height=\"135\" src=\"https:\/\/sites.uel.br\/labted\/wp-content\/uploads\/2024\/06\/Certificado-Desativado.png\" alt=\"\" class=\"wp-image-741\" style=\"width:197px\" srcset=\"https:\/\/sites.uel.br\/labted\/wp-content\/uploads\/2024\/06\/Certificado-Desativado.png 627w, https:\/\/sites.uel.br\/labted\/wp-content\/uploads\/2024\/06\/Certificado-Desativado-300x65.png 300w\" sizes=\"auto, (max-width: 627px) 100vw, 627px\" \/><\/figure>\n<\/div><\/div>\n<\/div>\n<\/div><\/div>\n\n\n\n<div style=\"height:100px\" aria-hidden=\"true\" class=\"wp-block-spacer\"><\/div>\n\n\n\n<div class=\"wp-block-media-text is-stacked-on-mobile is-vertically-aligned-top\" style=\"grid-template-columns:30% auto\"><figure class=\"wp-block-media-text__media\"><img loading=\"lazy\" decoding=\"async\" width=\"819\" height=\"1024\" src=\"https:\/\/sites.uel.br\/labted\/wp-content\/uploads\/2025\/04\/LTDinformatica1-819x1024.png\" alt=\"\" class=\"wp-image-1115 size-full\" srcset=\"https:\/\/sites.uel.br\/labted\/wp-content\/uploads\/2025\/04\/LTDinformatica1-819x1024.png 819w, https:\/\/sites.uel.br\/labted\/wp-content\/uploads\/2025\/04\/LTDinformatica1-240x300.png 240w, https:\/\/sites.uel.br\/labted\/wp-content\/uploads\/2025\/04\/LTDinformatica1-768x960.png 768w, https:\/\/sites.uel.br\/labted\/wp-content\/uploads\/2025\/04\/LTDinformatica1-1229x1536.png 1229w, https:\/\/sites.uel.br\/labted\/wp-content\/uploads\/2025\/04\/LTDinformatica1.png 1620w\" sizes=\"auto, (max-width: 819px) 100vw, 819px\" \/><\/figure><div class=\"wp-block-media-text__content\">\n<h4 class=\"wp-block-heading\">Curso B\u00e1sico de Inform\u00e1tica &#8211; M\u00f3dulo I<\/h4>\n\n\n\n<p style=\"font-size:16px\">Objetivo: Possibilitar ao participante o conhecimento sobre ferramentas b\u00e1sicas de inform\u00e1tica para uso acad\u00eamico.<\/p>\n\n\n\n<p style=\"font-size:16px\">Data de realiza\u00e7\u00e3o: Entre 12 e 15 de Maio, das 14h \u00e0s 18h<\/p>\n\n\n\n<p style=\"font-size:16px\">Local: Laborat\u00f3rio de Inform\u00e1tica do CLCH &#8211; Campus UEL<\/p>\n\n\n\n<p style=\"font-size:16px\">Ministrantes: Eduardo Furiati e Paulo S\u00e9rgio Negri<\/p>\n\n\n\n<p style=\"font-size:16px\">Carga hor\u00e1ria: 16 horas<\/p>\n\n\n\n<p style=\"font-size:16px\">Investimento: R$ 20,00 (Comunidade externa) e R$ 10,00 (Comunidade interna)<\/p>\n\n\n\n<div style=\"height:50px\" aria-hidden=\"true\" class=\"wp-block-spacer\"><\/div>\n\n\n\n<div class=\"wp-block-columns is-layout-flex wp-container-core-columns-is-layout-9d6595d7 wp-block-columns-is-layout-flex\">\n<div class=\"wp-block-column is-layout-flow wp-block-column-is-layout-flow\" style=\"flex-basis:66.66%\"><div class=\"wp-block-image\">\n<figure class=\"aligncenter size-large is-resized\"><img loading=\"lazy\" decoding=\"async\" width=\"1024\" height=\"108\" src=\"https:\/\/sites.uel.br\/labted\/wp-content\/uploads\/2024\/06\/Insc.-encerradas-2-1024x108.png\" alt=\"\" class=\"wp-image-691\" style=\"width:372px;height:auto\" srcset=\"https:\/\/sites.uel.br\/labted\/wp-content\/uploads\/2024\/06\/Insc.-encerradas-2-1024x108.png 1024w, https:\/\/sites.uel.br\/labted\/wp-content\/uploads\/2024\/06\/Insc.-encerradas-2-300x32.png 300w, https:\/\/sites.uel.br\/labted\/wp-content\/uploads\/2024\/06\/Insc.-encerradas-2-768x81.png 768w, https:\/\/sites.uel.br\/labted\/wp-content\/uploads\/2024\/06\/Insc.-encerradas-2.png 1337w\" sizes=\"auto, (max-width: 1024px) 100vw, 1024px\" \/><\/figure>\n<\/div><\/div>\n\n\n\n<div class=\"wp-block-column is-layout-flow wp-block-column-is-layout-flow\" style=\"flex-basis:33.33%\"><div class=\"wp-block-image\">\n<figure class=\"aligncenter size-full is-resized\"><img loading=\"lazy\" decoding=\"async\" width=\"627\" height=\"135\" src=\"https:\/\/sites.uel.br\/labted\/wp-content\/uploads\/2024\/06\/Certificado-Desativado.png\" alt=\"\" class=\"wp-image-741\" style=\"width:197px\" srcset=\"https:\/\/sites.uel.br\/labted\/wp-content\/uploads\/2024\/06\/Certificado-Desativado.png 627w, https:\/\/sites.uel.br\/labted\/wp-content\/uploads\/2024\/06\/Certificado-Desativado-300x65.png 300w\" sizes=\"auto, (max-width: 627px) 100vw, 627px\" \/><\/figure>\n<\/div><\/div>\n<\/div>\n<\/div><\/div>\n\n\n\n<div style=\"height:100px\" aria-hidden=\"true\" class=\"wp-block-spacer\"><\/div>\n\n\n\n<div class=\"wp-block-media-text is-stacked-on-mobile is-vertically-aligned-top\" style=\"grid-template-columns:30% auto\"><figure class=\"wp-block-media-text__media\"><img loading=\"lazy\" decoding=\"async\" width=\"819\" height=\"1024\" src=\"https:\/\/sites.uel.br\/labted\/wp-content\/uploads\/2025\/04\/LTDelaborarSeminario1-819x1024.png\" alt=\"\" class=\"wp-image-1114 size-full\" srcset=\"https:\/\/sites.uel.br\/labted\/wp-content\/uploads\/2025\/04\/LTDelaborarSeminario1-819x1024.png 819w, https:\/\/sites.uel.br\/labted\/wp-content\/uploads\/2025\/04\/LTDelaborarSeminario1-240x300.png 240w, https:\/\/sites.uel.br\/labted\/wp-content\/uploads\/2025\/04\/LTDelaborarSeminario1-768x960.png 768w, https:\/\/sites.uel.br\/labted\/wp-content\/uploads\/2025\/04\/LTDelaborarSeminario1-1229x1536.png 1229w, https:\/\/sites.uel.br\/labted\/wp-content\/uploads\/2025\/04\/LTDelaborarSeminario1.png 1620w\" sizes=\"auto, (max-width: 819px) 100vw, 819px\" \/><\/figure><div class=\"wp-block-media-text__content\">\n<h4 class=\"wp-block-heading\">Elaborar e Apresentar Semin\u00e1rios Acad\u00eamicos<\/h4>\n\n\n\n<p style=\"font-size:16px\">Objetivo: Preparar os participantes para que possam elaborar e apresentar semin\u00e1rios acad\u00eamicos com t\u00e9cnica, seguran\u00e7a e organiza\u00e7\u00e3o.<\/p>\n\n\n\n<p style=\"font-size:16px\">Data de realiza\u00e7\u00e3o: Entre 05 de Maio e 05 de Junho<\/p>\n\n\n\n<p style=\"font-size:16px\">Local: A dist\u00e2ncia (ass\u00edncrono) &#8211; Ambiente Virtual via Moodle<\/p>\n\n\n\n<p style=\"font-size:16px\">Ministrante: Paulo S\u00e9rgio Negri<\/p>\n\n\n\n<p style=\"font-size:16px\">Carga hor\u00e1ria: 12 horas<\/p>\n\n\n\n<p style=\"font-size:16px\">Investimento: R$ 30,00 (Comunidade externa) e R$ 21,00 (Comunidade interna)<\/p>\n\n\n\n<div style=\"height:50px\" aria-hidden=\"true\" class=\"wp-block-spacer\"><\/div>\n\n\n\n<div class=\"wp-block-columns is-layout-flex wp-container-core-columns-is-layout-9d6595d7 wp-block-columns-is-layout-flex\">\n<div class=\"wp-block-column is-layout-flow wp-block-column-is-layout-flow\" style=\"flex-basis:66.66%\"><div class=\"wp-block-image\">\n<figure class=\"aligncenter size-full is-resized\"><img loading=\"lazy\" decoding=\"async\" width=\"1337\" height=\"141\" src=\"https:\/\/sites.uel.br\/labted\/wp-content\/uploads\/2024\/06\/Insc.-encerradas-2.png\" alt=\"\" class=\"wp-image-691\" style=\"width:372px;height:auto\" srcset=\"https:\/\/sites.uel.br\/labted\/wp-content\/uploads\/2024\/06\/Insc.-encerradas-2.png 1337w, https:\/\/sites.uel.br\/labted\/wp-content\/uploads\/2024\/06\/Insc.-encerradas-2-300x32.png 300w, https:\/\/sites.uel.br\/labted\/wp-content\/uploads\/2024\/06\/Insc.-encerradas-2-1024x108.png 1024w, https:\/\/sites.uel.br\/labted\/wp-content\/uploads\/2024\/06\/Insc.-encerradas-2-768x81.png 768w\" sizes=\"auto, (max-width: 1337px) 100vw, 1337px\" \/><\/figure>\n<\/div><\/div>\n\n\n\n<div class=\"wp-block-column is-layout-flow wp-block-column-is-layout-flow\" style=\"flex-basis:33.33%\"><div class=\"wp-block-image\">\n<figure class=\"aligncenter size-full is-resized\"><img loading=\"lazy\" decoding=\"async\" width=\"627\" height=\"135\" src=\"https:\/\/sites.uel.br\/labted\/wp-content\/uploads\/2024\/06\/Certificado-Desativado.png\" alt=\"\" class=\"wp-image-741\" style=\"width:197px\" srcset=\"https:\/\/sites.uel.br\/labted\/wp-content\/uploads\/2024\/06\/Certificado-Desativado.png 627w, https:\/\/sites.uel.br\/labted\/wp-content\/uploads\/2024\/06\/Certificado-Desativado-300x65.png 300w\" sizes=\"auto, (max-width: 627px) 100vw, 627px\" \/><\/figure>\n<\/div><\/div>\n<\/div>\n<\/div><\/div>\n\n\n\n<div style=\"height:100px\" aria-hidden=\"true\" class=\"wp-block-spacer\"><\/div>\n","protected":false},"excerpt":{"rendered":"","protected":false},"author":16,"featured_media":0,"parent":0,"menu_order":0,"comment_status":"closed","ping_status":"closed","template":"","meta":{"footnotes":""},"class_list":["post-460","page","type-page","status-publish","hentry"],"acf":[],"_links":{"self":[{"href":"https:\/\/sites.uel.br\/labted\/wp-json\/wp\/v2\/pages\/460","targetHints":{"allow":["GET"]}}],"collection":[{"href":"https:\/\/sites.uel.br\/labted\/wp-json\/wp\/v2\/pages"}],"about":[{"href":"https:\/\/sites.uel.br\/labted\/wp-json\/wp\/v2\/types\/page"}],"author":[{"embeddable":true,"href":"https:\/\/sites.uel.br\/labted\/wp-json\/wp\/v2\/users\/16"}],"replies":[{"embeddable":true,"href":"https:\/\/sites.uel.br\/labted\/wp-json\/wp\/v2\/comments?post=460"}],"version-history":[{"count":172,"href":"https:\/\/sites.uel.br\/labted\/wp-json\/wp\/v2\/pages\/460\/revisions"}],"predecessor-version":[{"id":1167,"href":"https:\/\/sites.uel.br\/labted\/wp-json\/wp\/v2\/pages\/460\/revisions\/1167"}],"wp:attachment":[{"href":"https:\/\/sites.uel.br\/labted\/wp-json\/wp\/v2\/media?parent=460"}],"curies":[{"name":"wp","href":"https:\/\/api.w.org\/{rel}","templated":true}]}}