{"id":901,"date":"2026-03-06T14:40:47","date_gmt":"2026-03-06T17:40:47","guid":{"rendered":"https:\/\/sites.uel.br\/labim\/?page_id=901"},"modified":"2026-03-11T14:50:25","modified_gmt":"2026-03-11T17:50:25","slug":"equipe","status":"publish","type":"page","link":"https:\/\/sites.uel.br\/labim\/equipe\/","title":{"rendered":"Equipe"},"content":{"rendered":"<div style=\"display:flex; flex-wrap:wrap; gap:24px; justify-content:center;\"><div style=\"text-align:center; width:180px;\"><img decoding=\"async\" src=\"https:\/\/sites.uel.br\/labim\/wp-content\/uploads\/2025\/06\/Admilton-Goncalves-de-Oliveira-Junior-1-edited.jpg\" style=\"width:150px; height:150px; object-fit:cover; border-radius:50%;\"><p><strong>Admilton Gon\u00e7alves de Oliveira J\u00fanior<\/strong><\/p><p style=\"font-size:0.85em; color:#555;\">Coordenador do LABIM<\/p><p><\/p><\/div><div style=\"text-align:center; width:180px;\"><img decoding=\"async\" src=\"https:\/\/sites.uel.br\/labim\/wp-content\/uploads\/2026\/03\/Amanda-Rodrigues_-1.jpg\" style=\"width:150px; height:150px; object-fit:cover; border-radius:50%;\"><p><strong>Amanda Rodrigues<\/strong><\/p><p style=\"font-size:0.85em; color:#555;\">Doutoranda em Ci\u00eancias de Alimentos<\/p><p><\/p><\/div><div style=\"text-align:center; width:180px;\"><img decoding=\"async\" src=\"https:\/\/sites.uel.br\/labim\/wp-content\/uploads\/2026\/03\/Angelo-Garcia_-1.png\" style=\"width:150px; height:150px; object-fit:cover; border-radius:50%;\"><p><strong>\u00c2ngelo Garcia<\/strong><\/p><p style=\"font-size:0.85em; color:#555;\">Doutorando em Microbiologia<\/p><p><\/p><\/div><div style=\"text-align:center; width:180px;\"><img decoding=\"async\" src=\"https:\/\/sites.uel.br\/labim\/wp-content\/uploads\/2026\/03\/Beatriz-Milani-dos-Santos_.jpg\" style=\"width:150px; height:150px; object-fit:cover; border-radius:50%;\"><p><strong>Beatriz Milani<\/strong><\/p><p style=\"font-size:0.85em; color:#555;\">Mestranda em Microbiologia<\/p><p><\/p><\/div><div style=\"text-align:center; width:180px;\"><img decoding=\"async\" src=\"https:\/\/sites.uel.br\/labim\/wp-content\/uploads\/2026\/03\/Bruna-Marcela-de-Lima-1-scaled.jpg\" style=\"width:150px; height:150px; object-fit:cover; border-radius:50%;\"><p><strong>Bruna Rodrigues<\/strong><\/p><p style=\"font-size:0.85em; color:#555;\">Doutoranda em Ci\u00eancias de Alimentos<\/p><p><\/p><\/div><div style=\"text-align:center; width:180px;\"><img decoding=\"async\" src=\"https:\/\/sites.uel.br\/labim\/wp-content\/uploads\/2026\/03\/WhatsApp-Image-2026-03-06-at-15.04.32.jpeg\" style=\"width:150px; height:150px; object-fit:cover; border-radius:50%;\"><p><strong>Claci Stempinhaki<\/strong><\/p><p style=\"font-size:0.85em; color:#555;\">T\u00e9cnica de Laborat\u00f3rio<\/p><p><\/p><\/div><div style=\"text-align:center; width:180px;\"><img decoding=\"async\" src=\"https:\/\/sites.uel.br\/labim\/wp-content\/uploads\/2026\/03\/Daniel-Vieira_-edited.png\" style=\"width:150px; height:150px; object-fit:cover; border-radius:50%;\"><p><strong>Daniel Vieira<\/strong><\/p><p style=\"font-size:0.85em; color:#555;\">Doutorando<\/p><p><\/p><\/div><div style=\"text-align:center; width:180px;\"><img decoding=\"async\" src=\"https:\/\/sites.uel.br\/labim\/wp-content\/uploads\/2026\/03\/Eduardo-Azevedo-Lonardoni-scaled.jpg\" style=\"width:150px; height:150px; object-fit:cover; border-radius:50%;\"><p><strong>Eduardo Lonardoni<\/strong><\/p><p style=\"font-size:0.85em; color:#555;\">Doutorando em Microbiologia<\/p><p><\/p><\/div><div style=\"text-align:center; width:180px;\"><img decoding=\"async\" src=\"https:\/\/sites.uel.br\/labim\/wp-content\/uploads\/2026\/03\/Guilherme-de-Mantova-Jose_-scaled.jpg\" style=\"width:150px; height:150px; object-fit:cover; border-radius:50%;\"><p><strong>Fauzze Guilherme<\/strong><\/p><p style=\"font-size:0.85em; color:#555;\">Doutorando em Microbiologia<\/p><p><\/p><\/div><div style=\"text-align:center; width:180px;\"><img decoding=\"async\" src=\"https:\/\/sites.uel.br\/labim\/wp-content\/uploads\/2026\/03\/Joao-Guilherme-Moraes-Machado_.jpg\" style=\"width:150px; height:150px; object-fit:cover; border-radius:50%;\"><p><strong>Jo\u00e3o Guilherme Moraes<\/strong><\/p><p style=\"font-size:0.85em; color:#555;\">Graduando em Agronomia<\/p><p><\/p><\/div><div style=\"text-align:center; width:180px;\"><img decoding=\"async\" src=\"https:\/\/sites.uel.br\/labim\/wp-content\/uploads\/2026\/03\/Joao-Henrique-Oliveira-Altieri_-scaled.jpg\" style=\"width:150px; height:150px; object-fit:cover; border-radius:50%;\"><p><strong>Jo\u00e3o Henrique Altieri<\/strong><\/p><p style=\"font-size:0.85em; color:#555;\">Graduando em Farm\u00e1cia<\/p><p><\/p><\/div><div style=\"text-align:center; width:180px;\"><img decoding=\"async\" src=\"https:\/\/sites.uel.br\/labim\/wp-content\/uploads\/2026\/03\/Joao-Paulo-Oliveira_-scaled.jpg\" style=\"width:150px; height:150px; object-fit:cover; border-radius:50%;\"><p><strong>Jo\u00e3o Paulo de Oliveira<\/strong><\/p><p style=\"font-size:0.85em; color:#555;\">Doutorando em Bioinform\u00e1tica (UTFPR\/UFPR)<\/p><p><\/p><\/div><div style=\"text-align:center; width:180px;\"><img decoding=\"async\" src=\"https:\/\/sites.uel.br\/labim\/wp-content\/uploads\/2026\/03\/Julia-Ferreira-Martinez_.jpg\" style=\"width:150px; height:150px; object-fit:cover; border-radius:50%;\"><p><strong>Julia Ferreira Martinez<\/strong><\/p><p style=\"font-size:0.85em; color:#555;\">Graduanda em Farm\u00e1cia<\/p><p><\/p><\/div><div style=\"text-align:center; width:180px;\"><img decoding=\"async\" src=\"https:\/\/sites.uel.br\/labim\/wp-content\/uploads\/2026\/03\/Leonardo_.jpg\" style=\"width:150px; height:150px; object-fit:cover; border-radius:50%;\"><p><strong>Leonardo Cardoso Alves<\/strong><\/p><p style=\"font-size:0.85em; color:#555;\">P\u00f3s-Doutorado<\/p><p><\/p><\/div><div style=\"text-align:center; width:180px;\"><img decoding=\"async\" src=\"https:\/\/sites.uel.br\/labim\/wp-content\/uploads\/2026\/03\/Lucas-Moreira-dos-Santos_.jpg\" style=\"width:150px; height:150px; object-fit:cover; border-radius:50%;\"><p><strong>Lucas Moreira<\/strong><\/p><p style=\"font-size:0.85em; color:#555;\">Mestrando em Microbiologia<\/p><p><\/p><\/div><div style=\"text-align:center; width:180px;\"><img decoding=\"async\" src=\"https:\/\/sites.uel.br\/labim\/wp-content\/uploads\/2026\/03\/Marinno-Arthur-Goncalves-do-Carmo-Silva-Berno_-1.jpg\" style=\"width:150px; height:150px; object-fit:cover; border-radius:50%;\"><p><strong>Marinno Arthur<\/strong><\/p><p style=\"font-size:0.85em; color:#555;\">Gestor de Projetos<\/p><p><\/p><\/div><div style=\"text-align:center; width:180px;\"><img decoding=\"async\" src=\"https:\/\/sites.uel.br\/labim\/wp-content\/uploads\/2026\/03\/Nathan-de-Andrade_-scaled.jpg\" style=\"width:150px; height:150px; object-fit:cover; border-radius:50%;\"><p><strong>Nathan de Andrade<\/strong><\/p><p style=\"font-size:0.85em; color:#555;\">Mestrando em Microbiologia<\/p><p><\/p><\/div><div style=\"text-align:center; width:180px;\"><img decoding=\"async\" src=\"https:\/\/sites.uel.br\/labim\/wp-content\/uploads\/2026\/03\/Nathan-Pereira-de-Oliveira-scaled.jpg\" style=\"width:150px; height:150px; object-fit:cover; border-radius:50%;\"><p><strong>Nathan Pereira de Oliveira<\/strong><\/p><p style=\"font-size:0.85em; color:#555;\">Graduando em Qu\u00edmica<\/p><p><\/p><\/div><div style=\"text-align:center; width:180px;\"><img decoding=\"async\" src=\"https:\/\/sites.uel.br\/labim\/wp-content\/uploads\/2026\/03\/Roberto-Rodrigues-Baptista-Junior--scaled.jpg\" style=\"width:150px; height:150px; object-fit:cover; border-radius:50%;\"><p><strong>Roberto Rodrigues<\/strong><\/p><p style=\"font-size:0.85em; color:#555;\">Mestrando em Ci\u00eancias de Alimentos<\/p><p><\/p><\/div><div style=\"text-align:center; width:180px;\"><img decoding=\"async\" src=\"https:\/\/sites.uel.br\/labim\/wp-content\/uploads\/2026\/03\/0fbf3394-406b-4bac-84d4-a7e0ddce2b0f-Ryan-Sozo-Cordeiro.jpeg\" style=\"width:150px; height:150px; object-fit:cover; border-radius:50%;\"><p><strong>Ryan Sozo<\/strong><\/p><p style=\"font-size:0.85em; color:#555;\">Graduando em Biologia<\/p><p><\/p><\/div><div style=\"text-align:center; width:180px;\"><img decoding=\"async\" src=\"https:\/\/sites.uel.br\/labim\/wp-content\/uploads\/2026\/03\/Santino-Silva_.jpg\" style=\"width:150px; height:150px; object-fit:cover; border-radius:50%;\"><p><strong>Santino Aleandro<\/strong><\/p><p style=\"font-size:0.85em; color:#555;\">Pesquisador de P\u00f3s-Doutoramento<\/p><p><\/p><\/div><div style=\"text-align:center; width:180px;\"><img decoding=\"async\" src=\"https:\/\/sites.uel.br\/labim\/wp-content\/uploads\/2026\/03\/Vitor-Hugo-Babujia-Felippe_.jpg\" style=\"width:150px; height:150px; object-fit:cover; border-radius:50%;\"><p><strong>Vitor Hugo Felippe<\/strong><\/p><p style=\"font-size:0.85em; color:#555;\">Graduando em Qu\u00edmica<\/p><p><\/p><\/div><\/div>\n\n\n\n<p><\/p>\n\n\n\n<p><\/p>\n\n\n\n<p>Egressos do LABIM<\/p>\n\n\n\n<p>Alex Rodrigues Lopes, Alicya Martins Bertoli, Aline Ratuchne, Allan Yukio Higashi, Ana Paula Costa Jovalente, Anne Caroline Santos K\u00fcll, Anthony Sakowski Sachetti, B\u00e1rbara Alves de Souza, Carlos Eduardo Bueno, Deborah Caroline Bessa da Silva, Giovana Camila Cordeiro Montanari, Gabriel Marques, Georgia Hirakawa, Gleice Rafaela Renunza Pires, Guilherme Gon\u00e7alves de Godoy, Guilherme Reis, Guilherme Violin, Gustavo Manoel Teixeira, Isabela Campidelli Ferreira, \u00cdtalo Gabriel Oliveira Rocha, Julia Pezarini Baptista, Larissa de Medeiros Chagas, Lucas Daniel Ver\u00edssimo, Luisa Maria Munera Porras, Maria Luiza Abreu Nicoletto,&nbsp; M\u00e1rcio de Abreu Moreira, Marcos Letaif Gaeta, Marcos Paulo Anhezini Borborema, Marcus Vinicius da Silva Rodrigues, Maria Luiza Abreu Nicoletto, Mirela Mosela, Priscila Tiemi Nakada, Rafaella Sichieri, Rosiana Bert\u00ea, Sandriele Aparecida Noriler, Thiago Fernandes<\/p>\n\n\n\n<p><\/p>\n","protected":false},"excerpt":{"rendered":"<p>Egressos do LABIM Alex Rodrigues Lopes, Alicya Martins Bertoli, Aline Ratuchne, Allan Yukio Higashi, Ana Paula Costa Jovalente, Anne Caroline Santos K\u00fcll, Anthony Sakowski Sachetti, B\u00e1rbara Alves de Souza, Carlos Eduardo Bueno, Deborah Caroline Bessa da Silva, Giovana Camila Cordeiro Montanari, Gabriel Marques, Georgia Hirakawa, Gleice Rafaela Renunza Pires, Guilherme Gon\u00e7alves de Godoy, Guilherme Reis, [&hellip;]<\/p>\n","protected":false},"author":6,"featured_media":0,"parent":0,"menu_order":0,"comment_status":"closed","ping_status":"closed","template":"","meta":{"footnotes":""},"class_list":["post-901","page","type-page","status-publish","hentry"],"acf":[],"_links":{"self":[{"href":"https:\/\/sites.uel.br\/labim\/wp-json\/wp\/v2\/pages\/901","targetHints":{"allow":["GET"]}}],"collection":[{"href":"https:\/\/sites.uel.br\/labim\/wp-json\/wp\/v2\/pages"}],"about":[{"href":"https:\/\/sites.uel.br\/labim\/wp-json\/wp\/v2\/types\/page"}],"author":[{"embeddable":true,"href":"https:\/\/sites.uel.br\/labim\/wp-json\/wp\/v2\/users\/6"}],"replies":[{"embeddable":true,"href":"https:\/\/sites.uel.br\/labim\/wp-json\/wp\/v2\/comments?post=901"}],"version-history":[{"count":7,"href":"https:\/\/sites.uel.br\/labim\/wp-json\/wp\/v2\/pages\/901\/revisions"}],"predecessor-version":[{"id":990,"href":"https:\/\/sites.uel.br\/labim\/wp-json\/wp\/v2\/pages\/901\/revisions\/990"}],"wp:attachment":[{"href":"https:\/\/sites.uel.br\/labim\/wp-json\/wp\/v2\/media?parent=901"}],"curies":[{"name":"wp","href":"https:\/\/api.w.org\/{rel}","templated":true}]}}