{"id":727,"date":"2025-11-24T13:35:28","date_gmt":"2025-11-24T16:35:28","guid":{"rendered":"https:\/\/sites.uel.br\/labim\/?page_id=727"},"modified":"2025-12-05T13:15:29","modified_gmt":"2025-12-05T16:15:29","slug":"agrobiolink2025","status":"publish","type":"page","link":"https:\/\/sites.uel.br\/labim\/agrobiolink2025\/","title":{"rendered":"AgroBioLink2025"},"content":{"rendered":"\n<div class=\"wp-block-columns is-layout-flex wp-container-core-columns-is-layout-9d6595d7 wp-block-columns-is-layout-flex\">\n<div class=\"wp-block-column is-layout-flow wp-block-column-is-layout-flow\"><\/div>\n\n\n\n<div class=\"wp-block-column is-layout-flow wp-block-column-is-layout-flow\" style=\"flex-basis:100%\">\n<figure class=\"wp-block-image size-large\"><img loading=\"lazy\" decoding=\"async\" width=\"1024\" height=\"341\" src=\"https:\/\/sites.uel.br\/labim\/wp-content\/uploads\/2025\/11\/Green-and-Grey-Bold-World-Charity-Day-Email-Header-1-1024x341.png\" alt=\"\" class=\"wp-image-784\" srcset=\"https:\/\/sites.uel.br\/labim\/wp-content\/uploads\/2025\/11\/Green-and-Grey-Bold-World-Charity-Day-Email-Header-1-1024x341.png 1024w, https:\/\/sites.uel.br\/labim\/wp-content\/uploads\/2025\/11\/Green-and-Grey-Bold-World-Charity-Day-Email-Header-1-300x100.png 300w, https:\/\/sites.uel.br\/labim\/wp-content\/uploads\/2025\/11\/Green-and-Grey-Bold-World-Charity-Day-Email-Header-1-768x256.png 768w, https:\/\/sites.uel.br\/labim\/wp-content\/uploads\/2025\/11\/Green-and-Grey-Bold-World-Charity-Day-Email-Header-1-1536x512.png 1536w, https:\/\/sites.uel.br\/labim\/wp-content\/uploads\/2025\/11\/Green-and-Grey-Bold-World-Charity-Day-Email-Header-1.png 1875w\" sizes=\"auto, (max-width: 1024px) 100vw, 1024px\" \/><\/figure>\n\n\n\n<h2 class=\"wp-block-heading\">F\u00f3rum AgroBioLink<\/h2>\n<\/div>\n<\/div>\n\n\n\n<div class=\"wp-block-group\"><div class=\"wp-block-group__inner-container is-layout-constrained wp-block-group-is-layout-constrained\">\n<div class=\"wp-block-group is-vertical is-content-justification-center is-layout-flex wp-container-core-group-is-layout-4b2eccd6 wp-block-group-is-layout-flex\">\n<figure class=\"wp-block-image size-full is-resized\"><a href=\"https:\/\/www.sistemasweb.uel.br\/index.php?contents=system\/insc\/index.php&amp;pagina=view\/inscricoes\/seleciona_evento.php&amp;cod_evento=11459\"><img loading=\"lazy\" decoding=\"async\" width=\"834\" height=\"363\" src=\"https:\/\/sites.uel.br\/labim\/wp-content\/uploads\/2025\/11\/ChatGPT-Image-26-de-nov.-de-2025-09_31_37-1.png\" alt=\"\" class=\"wp-image-842\" style=\"width:308px;height:auto\" srcset=\"https:\/\/sites.uel.br\/labim\/wp-content\/uploads\/2025\/11\/ChatGPT-Image-26-de-nov.-de-2025-09_31_37-1.png 834w, https:\/\/sites.uel.br\/labim\/wp-content\/uploads\/2025\/11\/ChatGPT-Image-26-de-nov.-de-2025-09_31_37-1-300x131.png 300w, https:\/\/sites.uel.br\/labim\/wp-content\/uploads\/2025\/11\/ChatGPT-Image-26-de-nov.-de-2025-09_31_37-1-768x334.png 768w\" sizes=\"auto, (max-width: 834px) 100vw, 834px\" \/><\/a><\/figure>\n<\/div>\n\n\n\n<p><\/p>\n\n\n\n<div class=\"wp-block-group is-vertical is-layout-flex wp-container-core-group-is-layout-8cf370e7 wp-block-group-is-layout-flex\">\n<p class=\"has-text-align-left\">O F\u00f3rum AgroBioLink 2025 tem como prop\u00f3sito promover a integra\u00e7\u00e3o entre a pesquisa acad\u00eamica e as demandas do setor produtivo, com foco nas \u00e1reas de Biotecnologia e Bioinform\u00e1tica. O evento busca discutir caminhos para fortalecer a transi\u00e7\u00e3o do conhecimento cient\u00edfico para aplica\u00e7\u00f5es reais na ind\u00fastria, ampliando a prepara\u00e7\u00e3o de pesquisadores e o potencial de impacto de suas compet\u00eancias no mercado.<\/p>\n<\/div>\n\n\n\n<p>A programa\u00e7\u00e3o do I F\u00f3rum AgroBioLink 2025 foi pensada para promover debates  sobre a integra\u00e7\u00e3o entre pesquisa cient\u00edfica, inova\u00e7\u00e3o tecnol\u00f3gica e as demandas do setor produtivo. O evento re\u00fane especialistas nacionais e internacionais, representantes da ind\u00fastria, gestores, pesquisadores e estudantes.<\/p>\n\n\n\n<p>As atividades do primeiro dia, sediadas na Universidade Estadual de Londrina, contemplam apresenta\u00e7\u00f5es de pesquisadores e profissionais reconhecidos nas \u00e1reas de Big Data, Bioinform\u00e1tica, Biotecnologia e Bioinsumos. As discuss\u00f5es abordam desde o papel do rigor cient\u00edfico nos processos de P&amp;D e sua influ\u00eancia direta na competitividade industrial, at\u00e9 a aplica\u00e7\u00e3o de biotecnologia no desenvolvimento de produtos e solu\u00e7\u00f5es biol\u00f3gicas voltadas \u00e0 agricultura.&nbsp;<\/p>\n\n\n\n<p>Tamb\u00e9m integra a programa\u00e7\u00e3o um debate sobre gest\u00e3o de projetos de pesquisa, desenvolvimento e inova\u00e7\u00e3o, destacando estrat\u00e9gias de colabora\u00e7\u00e3o entre universidades e empresas.<\/p>\n\n\n\n<p>O dia se encerra com uma mesa-redonda reunindo representantes de institui\u00e7\u00f5es p\u00fablicas, startups, empresas do setor agr\u00edcola e egressos do LABIM, dedicada a compartilhar experi\u00eancias e trajet\u00f3rias profissionais que exemplificam diferentes formas de conex\u00e3o entre forma\u00e7\u00e3o acad\u00eamica e atua\u00e7\u00e3o no mercado.<\/p>\n\n\n\n<p><\/p>\n\n\n\n<p>Confira a programa\u00e7\u00e3o completa do Evento:&nbsp;<\/p>\n\n\n\n<h2 class=\"wp-block-heading\">Dia 08 \u2013 Segunda-feira<\/h2>\n\n\n\n<p>Local: Universidade Estadual de Londrina &#8211; Anfiteatro&nbsp;Cyro&nbsp;Grossi&nbsp;(CCB) <\/p>\n\n\n\n<h3 class=\"wp-block-heading\">Manh\u00e3<\/h3>\n\n\n\n<p>8h30 \u2013 9h30<br>Palestra: \u201c An\u00e1lises de Big Data conectando Bioinform\u00e1tica, Ecologia e Biotecnologia.\u201d<br>Palestrante: Dr. Ulisses Nunes da Rocha, Department of Computational Biology and Chemistry, Helmholtz Centre for Environmental Research \u2013 UFZ, Leipzig, Alemanha<\/p>\n\n\n\n<p>9h30 \u2013 10h30<br>Palestra: \u201c Ci\u00eancia como estrat\u00e9gia: o rigor cient\u00edfico no P&amp;D e na competitividade dos bioinsumos\u201d<br>Palestrante: Me. Jo\u00e3o Paulo de Oliveira, Co-fundador e Diretor Comercial, Bio3 PDI, Londrina\/PR<\/p>\n\n\n\n<p>11h00 \u2013 12h00<br>Palestra: \u201cComo a Biotecnologia impulsiona o desenvolvimento de produtos na ind\u00fastria.\u201d<br>Palestrante: Dr. Cassiano Forner, Pesquisador de Plant Health, FMC do Brasil \u2013 Paul\u00ednia\/SP<\/p>\n\n\n\n<h3 class=\"wp-block-heading\">Tarde<\/h3>\n\n\n\n<p>14h00 \u2013 14h45<br>Palestra: \u201cGest\u00e3o de Projetos de PD&amp;I e o laborat\u00f3rio na rela\u00e7\u00e3o universidade\u2013empresa\u201d<br>Palestrante: Marinno Arthur, Gestor de Projetos, LABIM\/UEL \u2013 Londrina\/PR<\/p>\n\n\n\n<p>14h45 \u2013 15h30<br>Palestra: \u201cSolu\u00e7\u00f5es biol\u00f3gicas aplicadas \u00e0 pesquisa de campo: valida\u00e7\u00e3o, efic\u00e1cia agron\u00f4mica e contribui\u00e7\u00f5es no manejo integrado.\u201d<br>Palestrante: Ronaldo Ortiz, Especialista de Pesquisa em Fitopatologia, Funda\u00e7\u00e3o ABC \u2013 Castro\/PR<\/p>\n\n\n\n<p>15h45 \u2013 17h30<br>Mesa-redonda: Experi\u00eancias no link universidade\u2013mercado<br>Mediador: Dr. Ulisses Nunes da Rocha (UFZ \u2013 Leipzig, Alemanha)<br><\/p>\n\n\n\n<p>&nbsp;Participantes:<\/p>\n\n\n\n<p>Me. Allan Higashi \u2013 Desenvolvimento de Mercado, Rizobacter \u2013 Londrina\/PR<br><\/p>\n\n\n\n<p>Prof. Dr. Jo\u00e3o Zequi \u2013 Diretor do CCB\/UEL<br><\/p>\n\n\n\n<p>Dr. Leonardo Alves \u2013 CEO, RNABio \u2013 Londrina\/PR<br><\/p>\n\n\n\n<p>Dra. Maria Luiza Abreu Nicoletto \u2013 CEO, Bio3 Biotecnologia \u2013 Londrina\/PR<br><\/p>\n\n\n\n<p>Messias Xavier Magalh\u00e3es \u2013 IA\u00b2GROMS \u2013 Corn\u00e9lio Proc\u00f3pio\/PR<br><\/p>\n\n\n\n<p>Paula de Oliveira Gouveia \u2013 Mestranda em Microbiologia, LABIM\/UEL \u2013 Londrina\/PR<\/p>\n\n\n\n<h2 class=\"wp-block-heading\"><strong>Dia 09 \u2013 Ter\u00e7a-feira<\/strong><\/h2>\n\n\n\n<p>Local: Universidade Tecnol\u00f3gica Federal do Paran\u00e1 (UTFPR) \u2013 Campus Corn\u00e9lio Proc\u00f3pio Sala: R304<\/p>\n\n\n\n<p>Tarde <\/p>\n\n\n\n<p>14h00<br>Palestrante: Dr. Ulisses Nunes da Rocha (UFZ \u2013 Leipzig, Alemanha)<br>T\u00edtulo da palestra<strong>:<\/strong> Da Ci\u00eancia de Dados para a Bioinform\u00e1tica \u2013 uso de casos em ecologia microbiana<\/p>\n\n\n\n<p>14h45<br>Palestrante: Dr. Matheus Henrique Pimenta (USP)<br>T\u00edtulo da palestra: GRAMEP: Uma Nova Abordagem para Identifica\u00e7\u00e3o de SNPs e Classifica\u00e7\u00e3o de Sequ\u00eancias<\/p>\n\n\n\n<h3 class=\"wp-block-heading\"><strong>15h45<\/strong><\/h3>\n\n\n\n<p><br>Apresenta\u00e7\u00f5es de estudantes dos programas PPGBIOINFO e PPGAB:<\/p>\n\n\n\n<p>Tatiana Saita (PPGAB)<\/p>\n\n\n\n<p>Ana Beatriz Valentin (PPGAB)<\/p>\n\n\n\n<p>Jamile Kellen de Souza (PPGBIOINFO)<\/p>\n\n\n\n<p>Lucas Otavio Leme Silva (PPGBIOINFO)<br><\/p>\n<\/div><\/div>\n\n\n\n<p>Programa\u00e7\u00e3o<\/p>\n\n\n\n<figure class=\"wp-block-gallery has-nested-images columns-default is-cropped wp-block-gallery-1 is-layout-flex wp-block-gallery-is-layout-flex\">\n<figure class=\"wp-block-image size-large\"><img loading=\"lazy\" decoding=\"async\" width=\"819\" height=\"1024\" data-id=\"821\" src=\"https:\/\/sites.uel.br\/labim\/wp-content\/uploads\/2025\/11\/3-2-819x1024.png\" alt=\"\" class=\"wp-image-821\" srcset=\"https:\/\/sites.uel.br\/labim\/wp-content\/uploads\/2025\/11\/3-2-819x1024.png 819w, https:\/\/sites.uel.br\/labim\/wp-content\/uploads\/2025\/11\/3-2-240x300.png 240w, https:\/\/sites.uel.br\/labim\/wp-content\/uploads\/2025\/11\/3-2-768x960.png 768w, https:\/\/sites.uel.br\/labim\/wp-content\/uploads\/2025\/11\/3-2-1228x1536.png 1228w, https:\/\/sites.uel.br\/labim\/wp-content\/uploads\/2025\/11\/3-2.png 1350w\" sizes=\"auto, (max-width: 819px) 100vw, 819px\" \/><\/figure>\n\n\n\n<figure class=\"wp-block-image size-large\"><img loading=\"lazy\" decoding=\"async\" width=\"819\" height=\"1024\" data-id=\"823\" src=\"https:\/\/sites.uel.br\/labim\/wp-content\/uploads\/2025\/11\/4-2-819x1024.png\" alt=\"\" class=\"wp-image-823\" srcset=\"https:\/\/sites.uel.br\/labim\/wp-content\/uploads\/2025\/11\/4-2-819x1024.png 819w, https:\/\/sites.uel.br\/labim\/wp-content\/uploads\/2025\/11\/4-2-240x300.png 240w, https:\/\/sites.uel.br\/labim\/wp-content\/uploads\/2025\/11\/4-2-768x960.png 768w, https:\/\/sites.uel.br\/labim\/wp-content\/uploads\/2025\/11\/4-2-1228x1536.png 1228w, https:\/\/sites.uel.br\/labim\/wp-content\/uploads\/2025\/11\/4-2.png 1350w\" sizes=\"auto, (max-width: 819px) 100vw, 819px\" \/><\/figure>\n\n\n\n<figure class=\"wp-block-image size-large\"><img loading=\"lazy\" decoding=\"async\" width=\"819\" height=\"1024\" data-id=\"822\" src=\"https:\/\/sites.uel.br\/labim\/wp-content\/uploads\/2025\/11\/5-2-819x1024.png\" alt=\"\" class=\"wp-image-822\" srcset=\"https:\/\/sites.uel.br\/labim\/wp-content\/uploads\/2025\/11\/5-2-819x1024.png 819w, https:\/\/sites.uel.br\/labim\/wp-content\/uploads\/2025\/11\/5-2-240x300.png 240w, https:\/\/sites.uel.br\/labim\/wp-content\/uploads\/2025\/11\/5-2-768x960.png 768w, https:\/\/sites.uel.br\/labim\/wp-content\/uploads\/2025\/11\/5-2-1228x1536.png 1228w, https:\/\/sites.uel.br\/labim\/wp-content\/uploads\/2025\/11\/5-2.png 1350w\" sizes=\"auto, (max-width: 819px) 100vw, 819px\" \/><\/figure>\n<\/figure>\n\n\n\n<p>Curr\u00edculos dos Palestrantes<\/p>\n\n\n\n<p><\/p>\n\n\n\n<figure class=\"wp-block-gallery has-nested-images columns-default is-cropped wp-block-gallery-2 is-layout-flex wp-block-gallery-is-layout-flex\">\n<figure class=\"wp-block-image size-large\"><img loading=\"lazy\" decoding=\"async\" width=\"819\" height=\"1024\" data-id=\"830\" src=\"https:\/\/sites.uel.br\/labim\/wp-content\/uploads\/2025\/11\/12-1-819x1024.png\" alt=\"\" class=\"wp-image-830\" srcset=\"https:\/\/sites.uel.br\/labim\/wp-content\/uploads\/2025\/11\/12-1-819x1024.png 819w, https:\/\/sites.uel.br\/labim\/wp-content\/uploads\/2025\/11\/12-1-240x300.png 240w, https:\/\/sites.uel.br\/labim\/wp-content\/uploads\/2025\/11\/12-1-768x960.png 768w, https:\/\/sites.uel.br\/labim\/wp-content\/uploads\/2025\/11\/12-1-1228x1536.png 1228w, https:\/\/sites.uel.br\/labim\/wp-content\/uploads\/2025\/11\/12-1.png 1350w\" sizes=\"auto, (max-width: 819px) 100vw, 819px\" \/><\/figure>\n\n\n\n<figure class=\"wp-block-image size-large\"><img loading=\"lazy\" decoding=\"async\" width=\"819\" height=\"1024\" data-id=\"831\" src=\"https:\/\/sites.uel.br\/labim\/wp-content\/uploads\/2025\/11\/13-1-819x1024.png\" alt=\"\" class=\"wp-image-831\" srcset=\"https:\/\/sites.uel.br\/labim\/wp-content\/uploads\/2025\/11\/13-1-819x1024.png 819w, https:\/\/sites.uel.br\/labim\/wp-content\/uploads\/2025\/11\/13-1-240x300.png 240w, https:\/\/sites.uel.br\/labim\/wp-content\/uploads\/2025\/11\/13-1-768x960.png 768w, https:\/\/sites.uel.br\/labim\/wp-content\/uploads\/2025\/11\/13-1-1228x1536.png 1228w, https:\/\/sites.uel.br\/labim\/wp-content\/uploads\/2025\/11\/13-1.png 1350w\" sizes=\"auto, (max-width: 819px) 100vw, 819px\" \/><\/figure>\n\n\n\n<figure class=\"wp-block-image size-large\"><img loading=\"lazy\" decoding=\"async\" width=\"819\" height=\"1024\" data-id=\"844\" src=\"https:\/\/sites.uel.br\/labim\/wp-content\/uploads\/2025\/11\/Forum-2-819x1024.png\" alt=\"\" class=\"wp-image-844\" srcset=\"https:\/\/sites.uel.br\/labim\/wp-content\/uploads\/2025\/11\/Forum-2-819x1024.png 819w, https:\/\/sites.uel.br\/labim\/wp-content\/uploads\/2025\/11\/Forum-2-240x300.png 240w, https:\/\/sites.uel.br\/labim\/wp-content\/uploads\/2025\/11\/Forum-2-768x960.png 768w, https:\/\/sites.uel.br\/labim\/wp-content\/uploads\/2025\/11\/Forum-2.png 1215w\" sizes=\"auto, (max-width: 819px) 100vw, 819px\" \/><\/figure>\n\n\n\n<figure class=\"wp-block-image size-large\"><img loading=\"lazy\" decoding=\"async\" width=\"819\" height=\"1024\" data-id=\"827\" src=\"https:\/\/sites.uel.br\/labim\/wp-content\/uploads\/2025\/11\/9-1-819x1024.png\" alt=\"\" class=\"wp-image-827\" srcset=\"https:\/\/sites.uel.br\/labim\/wp-content\/uploads\/2025\/11\/9-1-819x1024.png 819w, https:\/\/sites.uel.br\/labim\/wp-content\/uploads\/2025\/11\/9-1-240x300.png 240w, https:\/\/sites.uel.br\/labim\/wp-content\/uploads\/2025\/11\/9-1-768x960.png 768w, https:\/\/sites.uel.br\/labim\/wp-content\/uploads\/2025\/11\/9-1-1228x1536.png 1228w, https:\/\/sites.uel.br\/labim\/wp-content\/uploads\/2025\/11\/9-1.png 1350w\" sizes=\"auto, (max-width: 819px) 100vw, 819px\" \/><\/figure>\n\n\n\n<figure class=\"wp-block-image size-large\"><img loading=\"lazy\" decoding=\"async\" width=\"819\" height=\"1024\" data-id=\"828\" src=\"https:\/\/sites.uel.br\/labim\/wp-content\/uploads\/2025\/11\/10-1-819x1024.png\" alt=\"\" class=\"wp-image-828\" srcset=\"https:\/\/sites.uel.br\/labim\/wp-content\/uploads\/2025\/11\/10-1-819x1024.png 819w, https:\/\/sites.uel.br\/labim\/wp-content\/uploads\/2025\/11\/10-1-240x300.png 240w, https:\/\/sites.uel.br\/labim\/wp-content\/uploads\/2025\/11\/10-1-768x960.png 768w, https:\/\/sites.uel.br\/labim\/wp-content\/uploads\/2025\/11\/10-1-1228x1536.png 1228w, https:\/\/sites.uel.br\/labim\/wp-content\/uploads\/2025\/11\/10-1.png 1350w\" sizes=\"auto, (max-width: 819px) 100vw, 819px\" \/><\/figure>\n\n\n\n<figure class=\"wp-block-image size-large\"><img loading=\"lazy\" decoding=\"async\" width=\"819\" height=\"1024\" data-id=\"825\" src=\"https:\/\/sites.uel.br\/labim\/wp-content\/uploads\/2025\/11\/7-1-819x1024.png\" alt=\"\" class=\"wp-image-825\" srcset=\"https:\/\/sites.uel.br\/labim\/wp-content\/uploads\/2025\/11\/7-1-819x1024.png 819w, https:\/\/sites.uel.br\/labim\/wp-content\/uploads\/2025\/11\/7-1-240x300.png 240w, https:\/\/sites.uel.br\/labim\/wp-content\/uploads\/2025\/11\/7-1-768x960.png 768w, https:\/\/sites.uel.br\/labim\/wp-content\/uploads\/2025\/11\/7-1-1228x1536.png 1228w, https:\/\/sites.uel.br\/labim\/wp-content\/uploads\/2025\/11\/7-1.png 1350w\" sizes=\"auto, (max-width: 819px) 100vw, 819px\" \/><\/figure>\n\n\n\n<figure class=\"wp-block-image size-large\"><img loading=\"lazy\" decoding=\"async\" width=\"819\" height=\"1024\" data-id=\"824\" src=\"https:\/\/sites.uel.br\/labim\/wp-content\/uploads\/2025\/11\/6-1-819x1024.png\" alt=\"\" class=\"wp-image-824\" srcset=\"https:\/\/sites.uel.br\/labim\/wp-content\/uploads\/2025\/11\/6-1-819x1024.png 819w, https:\/\/sites.uel.br\/labim\/wp-content\/uploads\/2025\/11\/6-1-240x300.png 240w, https:\/\/sites.uel.br\/labim\/wp-content\/uploads\/2025\/11\/6-1-768x960.png 768w, https:\/\/sites.uel.br\/labim\/wp-content\/uploads\/2025\/11\/6-1-1228x1536.png 1228w, https:\/\/sites.uel.br\/labim\/wp-content\/uploads\/2025\/11\/6-1.png 1350w\" sizes=\"auto, (max-width: 819px) 100vw, 819px\" \/><\/figure>\n\n\n\n<figure class=\"wp-block-image size-large\"><img loading=\"lazy\" decoding=\"async\" width=\"819\" height=\"1024\" data-id=\"826\" src=\"https:\/\/sites.uel.br\/labim\/wp-content\/uploads\/2025\/11\/8-1-819x1024.png\" alt=\"\" class=\"wp-image-826\" srcset=\"https:\/\/sites.uel.br\/labim\/wp-content\/uploads\/2025\/11\/8-1-819x1024.png 819w, https:\/\/sites.uel.br\/labim\/wp-content\/uploads\/2025\/11\/8-1-240x300.png 240w, https:\/\/sites.uel.br\/labim\/wp-content\/uploads\/2025\/11\/8-1-768x960.png 768w, https:\/\/sites.uel.br\/labim\/wp-content\/uploads\/2025\/11\/8-1-1228x1536.png 1228w, https:\/\/sites.uel.br\/labim\/wp-content\/uploads\/2025\/11\/8-1.png 1350w\" sizes=\"auto, (max-width: 819px) 100vw, 819px\" \/><\/figure>\n\n\n\n<figure class=\"wp-block-image size-large\"><img loading=\"lazy\" decoding=\"async\" width=\"819\" height=\"1024\" data-id=\"835\" src=\"https:\/\/sites.uel.br\/labim\/wp-content\/uploads\/2025\/11\/Forum-1-1-819x1024.png\" alt=\"\" class=\"wp-image-835\" srcset=\"https:\/\/sites.uel.br\/labim\/wp-content\/uploads\/2025\/11\/Forum-1-1-819x1024.png 819w, https:\/\/sites.uel.br\/labim\/wp-content\/uploads\/2025\/11\/Forum-1-1-240x300.png 240w, https:\/\/sites.uel.br\/labim\/wp-content\/uploads\/2025\/11\/Forum-1-1-768x960.png 768w, https:\/\/sites.uel.br\/labim\/wp-content\/uploads\/2025\/11\/Forum-1-1.png 1080w\" sizes=\"auto, (max-width: 819px) 100vw, 819px\" \/><\/figure>\n\n\n\n<figure class=\"wp-block-image size-large is-style-default\"><img loading=\"lazy\" decoding=\"async\" width=\"819\" height=\"1024\" data-id=\"829\" src=\"https:\/\/sites.uel.br\/labim\/wp-content\/uploads\/2025\/11\/11-1-819x1024.png\" alt=\"\" class=\"wp-image-829\" srcset=\"https:\/\/sites.uel.br\/labim\/wp-content\/uploads\/2025\/11\/11-1-819x1024.png 819w, https:\/\/sites.uel.br\/labim\/wp-content\/uploads\/2025\/11\/11-1-240x300.png 240w, https:\/\/sites.uel.br\/labim\/wp-content\/uploads\/2025\/11\/11-1-768x960.png 768w, https:\/\/sites.uel.br\/labim\/wp-content\/uploads\/2025\/11\/11-1-1228x1536.png 1228w, https:\/\/sites.uel.br\/labim\/wp-content\/uploads\/2025\/11\/11-1.png 1350w\" sizes=\"auto, (max-width: 819px) 100vw, 819px\" \/><\/figure>\n<\/figure>\n\n\n\n<p><\/p>\n\n\n\n<p><\/p>\n\n\n\n<figure class=\"wp-block-image size-full is-resized\"><img loading=\"lazy\" decoding=\"async\" width=\"1080\" height=\"1350\" src=\"https:\/\/sites.uel.br\/labim\/wp-content\/uploads\/2025\/12\/WhatsApp-Image-2025-12-05-at-12.33.43.jpeg\" alt=\"\" class=\"wp-image-858\" style=\"width:677px;height:auto\" srcset=\"https:\/\/sites.uel.br\/labim\/wp-content\/uploads\/2025\/12\/WhatsApp-Image-2025-12-05-at-12.33.43.jpeg 1080w, https:\/\/sites.uel.br\/labim\/wp-content\/uploads\/2025\/12\/WhatsApp-Image-2025-12-05-at-12.33.43-240x300.jpeg 240w, https:\/\/sites.uel.br\/labim\/wp-content\/uploads\/2025\/12\/WhatsApp-Image-2025-12-05-at-12.33.43-819x1024.jpeg 819w, https:\/\/sites.uel.br\/labim\/wp-content\/uploads\/2025\/12\/WhatsApp-Image-2025-12-05-at-12.33.43-768x960.jpeg 768w\" sizes=\"auto, (max-width: 1080px) 100vw, 1080px\" \/><\/figure>\n\n\n\n<div class=\"wp-block-columns is-layout-flex wp-container-core-columns-is-layout-9d6595d7 wp-block-columns-is-layout-flex\">\n<div class=\"wp-block-column is-layout-flow wp-block-column-is-layout-flow\" style=\"flex-basis:100%\">\n<figure class=\"wp-block-image size-full is-resized\"><img loading=\"lazy\" decoding=\"async\" width=\"1080\" height=\"359\" src=\"https:\/\/sites.uel.br\/labim\/wp-content\/uploads\/2025\/12\/WhatsApp-Image-2025-12-05-at-12.32.45.jpeg\" alt=\"\" class=\"wp-image-857\" style=\"aspect-ratio:3.0611405692024674;width:659px;height:auto\" srcset=\"https:\/\/sites.uel.br\/labim\/wp-content\/uploads\/2025\/12\/WhatsApp-Image-2025-12-05-at-12.32.45.jpeg 1080w, https:\/\/sites.uel.br\/labim\/wp-content\/uploads\/2025\/12\/WhatsApp-Image-2025-12-05-at-12.32.45-300x100.jpeg 300w, https:\/\/sites.uel.br\/labim\/wp-content\/uploads\/2025\/12\/WhatsApp-Image-2025-12-05-at-12.32.45-1024x340.jpeg 1024w, https:\/\/sites.uel.br\/labim\/wp-content\/uploads\/2025\/12\/WhatsApp-Image-2025-12-05-at-12.32.45-768x255.jpeg 768w\" sizes=\"auto, (max-width: 1080px) 100vw, 1080px\" \/><\/figure>\n<\/div>\n<\/div>\n\n\n\n<p><\/p>\n\n\n\n<p><\/p>\n\n\n\n<p><\/p>\n\n\n\n<p><\/p>\n\n\n\n<p><\/p>\n\n\n\n<p><\/p>\n","protected":false},"excerpt":{"rendered":"<p>F\u00f3rum AgroBioLink O F\u00f3rum AgroBioLink 2025 tem como prop\u00f3sito promover a integra\u00e7\u00e3o entre a pesquisa acad\u00eamica e as demandas do setor produtivo, com foco nas \u00e1reas de Biotecnologia e Bioinform\u00e1tica. O evento busca discutir caminhos para fortalecer a transi\u00e7\u00e3o do conhecimento cient\u00edfico para aplica\u00e7\u00f5es reais na ind\u00fastria, ampliando a prepara\u00e7\u00e3o de pesquisadores e o potencial [&hellip;]<\/p>\n","protected":false},"author":9,"featured_media":801,"parent":0,"menu_order":0,"comment_status":"closed","ping_status":"closed","template":"","meta":{"footnotes":""},"class_list":["post-727","page","type-page","status-publish","has-post-thumbnail","hentry"],"acf":[],"_links":{"self":[{"href":"https:\/\/sites.uel.br\/labim\/wp-json\/wp\/v2\/pages\/727","targetHints":{"allow":["GET"]}}],"collection":[{"href":"https:\/\/sites.uel.br\/labim\/wp-json\/wp\/v2\/pages"}],"about":[{"href":"https:\/\/sites.uel.br\/labim\/wp-json\/wp\/v2\/types\/page"}],"author":[{"embeddable":true,"href":"https:\/\/sites.uel.br\/labim\/wp-json\/wp\/v2\/users\/9"}],"replies":[{"embeddable":true,"href":"https:\/\/sites.uel.br\/labim\/wp-json\/wp\/v2\/comments?post=727"}],"version-history":[{"count":37,"href":"https:\/\/sites.uel.br\/labim\/wp-json\/wp\/v2\/pages\/727\/revisions"}],"predecessor-version":[{"id":859,"href":"https:\/\/sites.uel.br\/labim\/wp-json\/wp\/v2\/pages\/727\/revisions\/859"}],"wp:featuredmedia":[{"embeddable":true,"href":"https:\/\/sites.uel.br\/labim\/wp-json\/wp\/v2\/media\/801"}],"wp:attachment":[{"href":"https:\/\/sites.uel.br\/labim\/wp-json\/wp\/v2\/media?parent=727"}],"curies":[{"name":"wp","href":"https:\/\/api.w.org\/{rel}","templated":true}]}}