{"id":164,"date":"2024-07-15T22:25:21","date_gmt":"2024-07-16T01:25:21","guid":{"rendered":"https:\/\/sites.uel.br\/labim\/?page_id=164"},"modified":"2026-03-09T09:25:23","modified_gmt":"2026-03-09T12:25:23","slug":"producoes","status":"publish","type":"page","link":"https:\/\/sites.uel.br\/labim\/producoes\/","title":{"rendered":"Atividades"},"content":{"rendered":"\n<p>O LABIM atua na interse\u00e7\u00e3o entre pesquisa cient\u00edfica e mercado. Nossas atividades cobrem desde a descoberta de microrganismos com potencial biotecnol\u00f3gico at\u00e9 o desenvolvimento de produtos registrados e comercializados \u2014 passando por gen\u00f4mica, bioprocessos, formula\u00e7\u00e3o e valida\u00e7\u00e3o agron\u00f4mica.<\/p>\n\n\n\n<p>Trabalhamos em tr\u00eas frentes complementares: pesquisa nas nossas linhas cient\u00edficas priorit\u00e1rias, projetos de P&amp;D contratados com parceiros da ind\u00fastria, e presta\u00e7\u00e3o de servi\u00e7os t\u00e9cnicos especializados para empresas e institui\u00e7\u00f5es.<\/p>\n\n\n\n<p>Todo o desenvolvimento \u00e9 conduzido com base no protocolo TRL, garantindo rastreabilidade da maturidade tecnol\u00f3gica e previsibilidade para os parceiros \u2014 do laborat\u00f3rio ao produto no campo.<\/p>\n\n\n\n<p><\/p>\n","protected":false},"excerpt":{"rendered":"<p>O LABIM atua na interse\u00e7\u00e3o entre pesquisa cient\u00edfica e mercado. Nossas atividades cobrem desde a descoberta de microrganismos com potencial biotecnol\u00f3gico at\u00e9 o desenvolvimento de produtos registrados e comercializados \u2014 passando por gen\u00f4mica, bioprocessos, formula\u00e7\u00e3o e valida\u00e7\u00e3o agron\u00f4mica. Trabalhamos em tr\u00eas frentes complementares: pesquisa nas nossas linhas cient\u00edficas priorit\u00e1rias, projetos de P&amp;D contratados com parceiros [&hellip;]<\/p>\n","protected":false},"author":5,"featured_media":0,"parent":0,"menu_order":0,"comment_status":"closed","ping_status":"closed","template":"","meta":{"footnotes":""},"class_list":["post-164","page","type-page","status-publish","hentry"],"acf":[],"_links":{"self":[{"href":"https:\/\/sites.uel.br\/labim\/wp-json\/wp\/v2\/pages\/164","targetHints":{"allow":["GET"]}}],"collection":[{"href":"https:\/\/sites.uel.br\/labim\/wp-json\/wp\/v2\/pages"}],"about":[{"href":"https:\/\/sites.uel.br\/labim\/wp-json\/wp\/v2\/types\/page"}],"author":[{"embeddable":true,"href":"https:\/\/sites.uel.br\/labim\/wp-json\/wp\/v2\/users\/5"}],"replies":[{"embeddable":true,"href":"https:\/\/sites.uel.br\/labim\/wp-json\/wp\/v2\/comments?post=164"}],"version-history":[{"count":4,"href":"https:\/\/sites.uel.br\/labim\/wp-json\/wp\/v2\/pages\/164\/revisions"}],"predecessor-version":[{"id":1007,"href":"https:\/\/sites.uel.br\/labim\/wp-json\/wp\/v2\/pages\/164\/revisions\/1007"}],"wp:attachment":[{"href":"https:\/\/sites.uel.br\/labim\/wp-json\/wp\/v2\/media?parent=164"}],"curies":[{"name":"wp","href":"https:\/\/api.w.org\/{rel}","templated":true}]}}